{"id":5971,"date":"2026-04-22T06:58:39","date_gmt":"2026-04-22T06:58:39","guid":{"rendered":""},"modified":"2026-04-22T06:58:43","modified_gmt":"2026-04-22T06:58:43","slug":"propecia-10","status":"publish","type":"product","link":"https:\/\/pharmacy-content.com\/?product=propecia-10&lang=cs","title":{"rendered":"Propecia"},"content":{"rendered":"<p>B\u011b\u017en\u00e9 pou\u017eit\u00ed<br \/>\nPropeciae se pou\u017e\u00edv\u00e1 k l\u00e9\u010db\u011b benign\u00ed hyperplazie prostaty (BPH), zn\u00e1m\u00e9 tak\u00e9 jako nezhoubn\u00e9 zv\u011bt\u0161en\u00ed prostaty (BEP). Tento l\u00e9k pom\u00e1h\u00e1 kontrolovat va\u0161e p\u0159\u00edznaky, sni\u017euje zadr\u017eov\u00e1n\u00ed mo\u010di a sni\u017euje riziko nutnosti chirurgick\u00e9ho z\u00e1kroku.<br \/>\nD\u00e1vkov\u00e1n\u00ed a sm\u011br<br \/>\nU\u017e\u00edvejte Propecii \u00fasty se sklenic\u00ed vody, s j\u00eddlem nebo bez j\u00eddla. Vyvarujte se \u0159ez\u00e1n\u00ed, drcen\u00ed nebo \u017ev\u00fdk\u00e1n\u00ed tohoto l\u00e9ku.<br \/>\nPora\u010fte se se sv\u00fdm l\u00e9ka\u0159em ohledn\u011b spr\u00e1vn\u00e9 d\u00e1vky pro v\u00e1s.<br \/>\nBezpe\u010dnostn\u00ed opat\u0159en\u00ed<br \/>\nP\u0159ed u\u017eit\u00edm p\u0159\u00edpravku Propecia informujte sv\u00e9ho l\u00e9ka\u0159e nebo l\u00e9k\u00e1rn\u00edka, pokud jste alergick\u00fd\/\u00e1 na p\u0159\u00edpravek Propeciae nebo Dutasterid; nebo pokud m\u00e1te jin\u00e9 alergie.<br \/>\nVzhledem k tomu, \u017ee tento l\u00e9k m\u016f\u017ee b\u00fdt absorbov\u00e1n k\u016f\u017e\u00ed, \u017eeny, kter\u00e9 jsou t\u011bhotn\u00e9 nebo mohou ot\u011bhotn\u011bt, by s t\u00edmto l\u00e9kem nem\u011bly manipulovat.<br \/>\nKontraindikace<br \/>\nPropecia by nem\u011bla b\u00fdt pou\u017e\u00edv\u00e1na \u017eenami a d\u011btmi, stejn\u011b jako pacienty prok\u00e1zali reakci p\u0159ecitliv\u011blosti na Propeciae.<br \/>\nMo\u017en\u00e9 vedlej\u0161\u00ed \u00fa\u010dinky<br \/>\nNej\u010dast\u011bj\u0161\u00edmi ne\u017e\u00e1douc\u00edmi \u00fa\u010dinky jsou z\u00e1vrat\u011b, neobvykl\u00e1 slabost, ospalost, pot\u00ed\u017ee se sp\u00e1nkem, rozmazan\u00e9 vid\u011bn\u00ed, r\u00fdma nebo probl\u00e9my s ejakulac\u00ed.<br \/>\nP\u0159esta\u0148te pou\u017e\u00edvat p\u0159\u00edpravek Propecia a ihned zavolejte sv\u00e9ho l\u00e9ka\u0159e jestli\u017ee m\u00e1te n\u011bkter\u00fd z t\u011bchto z\u00e1va\u017en\u00fdch ne\u017e\u00e1douc\u00edch \u00fa\u010dink\u016f: bolestivou nebo prodlou\u017eenou erekci penisu, siln\u00e9 z\u00e1vrat\u011b nebo mdloby.<br \/>\nVelmi z\u00e1va\u017en\u00e1 alergick\u00e1 reakce se vyskytuje z\u0159\u00eddka.<br \/>\nPokud zaznamen\u00e1te \u00fa\u010dinky, kter\u00e9 zde nejsou uvedeny, kontaktujte sv\u00e9ho l\u00e9ka\u0159e nebo l\u00e9k\u00e1rn\u00edka.<br \/>\nL\u00e9kov\u00e9 interakce<br \/>\nNebyly identifikov\u00e1ny \u017e\u00e1dn\u00e9 l\u00e9kov\u00e9 interakce s klinick\u00fdm v\u00fdznamem.<br \/>\nSd\u011blte sv\u00e9mu l\u00e9ka\u0159i nebo l\u00e9k\u00e1rn\u00edkovi o v\u0161ech l\u00e9\u010div\u00fdch p\u0159\u00edpravc\u00edch na p\u0159edpis i voln\u011b prodejn\u00fdch\/rostlinn\u00fdch produktech, kter\u00e9 m\u016f\u017eete u\u017e\u00edvat, ne\u017e za\u010dnete tento l\u00e9k u\u017e\u00edvat.<br \/>\nVynechan\u00e1 d\u00e1vka<br \/>\nPokud jste d\u00e1vku vynechali, berte ji jako jakmile si vzpomene\u0161. Pokud uvid\u00edte, \u017ee se bl\u00ed\u017e\u00ed \u010das na dal\u0161\u00ed d\u00e1vku, vynechejte vynechanou d\u00e1vku a pokra\u010dujte v obvykl\u00e9m d\u00e1vkovac\u00edm sch\u00e9matu. Neu\u017e\u00edvejte svou d\u00e1vku dvakr\u00e1t.<br \/>\nP\u0159ed\u00e1vkov\u00e1n\u00ed<br \/>\nPokud si mysl\u00edte, \u017ee jste u\u017eili p\u0159\u00edli\u0161 mnoho tohoto l\u00e9ku, okam\u017eit\u011b vyhledejte l\u00e9ka\u0159skou pomoc. P\u0159\u00edznaky p\u0159ed\u00e1vkov\u00e1n\u00ed obvykle zahrnuj\u00ed bolest na hrudi, nevolnost, nepravideln\u00fd srde\u010dn\u00ed tep a pocit to\u010den\u00ed hlavy nebo mdloby.<br \/>\nSkladujte<br \/>\nSv\u00e9 l\u00e9ky skladujte p\u0159i pokojov\u00e9 teplot\u011b mezi 20-25 \u00b0C, mimo dosah sv\u011btla a vlhkosti. Neskladujte je v koupeln\u011b. V\u0161echny drogy uchov\u00e1vejte mimo dosah d\u011bt\u00ed a dom\u00e1c\u00edch mazl\u00ed\u010dk\u016f.<br \/>\nOdm\u00edtnut\u00ed odpov\u011bdnosti<br \/>\nPoskytujeme pouze obecn\u00e9 informace o l\u00e9c\u00edch, kter\u00e9 nepokr\u00fdvaj\u00ed v\u0161echny pokyny, mo\u017en\u00e1 integrace l\u00e9k\u016f nebo preventivn\u00ed opat\u0159en\u00ed. Informace na str\u00e1nce nelze pou\u017e\u00edt pro samol\u00e9\u010dbu a autodiagnostiku. Jak\u00e9koli specifick\u00e9 pokyny pro konkr\u00e9tn\u00edho pacienta by m\u011bly b\u00fdt dohodnuty se sv\u00fdm zdravotn\u00edm poradcem nebo l\u00e9ka\u0159em, kter\u00fd m\u00e1 na starosti dan\u00fd p\u0159\u00edpad. Odm\u00edt\u00e1me spolehlivost t\u011bchto informac\u00ed a jak\u00e9koli chyby, kter\u00e9 by mohly obsahovat. Nejsme zodpov\u011bdn\u00ed za \u017e\u00e1dn\u00e9 p\u0159\u00edm\u00e9, nep\u0159\u00edm\u00e9, zvl\u00e1\u0161tn\u00ed nebo jin\u00e9 nep\u0159\u00edm\u00e9 \u0161kody v d\u016fsledku jak\u00e9hokoli pou\u017eit\u00ed informac\u00ed na t\u011bchto str\u00e1nk\u00e1ch a tak\u00e9 za n\u00e1sledky samol\u00e9\u010dby.<\/p>\n","protected":false},"excerpt":{"rendered":"<p>Propecia Generic se pou\u017e\u00edv\u00e1 k l\u00e9\u010db\u011b vypad\u00e1v\u00e1n\u00ed vlas\u016f (mu\u017esk\u00fd typ). Tak\u00e9 se pou\u017e\u00edv\u00e1 k l\u00e9\u010db\u011b rakoviny prostaty a benign\u00ed hyperplazie prostaty.<\/p>\n","protected":false},"featured_media":5872,"comment_status":"open","ping_status":"closed","template":"","meta":[],"product_brand":[],"product_cat":[201],"product_tag":[],"class_list":{"0":"post-5971","1":"product","2":"type-product","3":"status-publish","4":"has-post-thumbnail","6":"product_cat-vypadavani-vlasu-cs","7":"pa_active_substance-finasteride","9":"first","10":"instock","11":"shipping-taxable","12":"product-type-variable"},"jetpack_sharing_enabled":true,"_links":{"self":[{"href":"https:\/\/pharmacy-content.com\/index.php?rest_route=\/wp\/v2\/product\/5971","targetHints":{"allow":["GET"]}}],"collection":[{"href":"https:\/\/pharmacy-content.com\/index.php?rest_route=\/wp\/v2\/product"}],"about":[{"href":"https:\/\/pharmacy-content.com\/index.php?rest_route=\/wp\/v2\/types\/product"}],"replies":[{"embeddable":true,"href":"https:\/\/pharmacy-content.com\/index.php?rest_route=%2Fwp%2Fv2%2Fcomments&post=5971"}],"wp:featuredmedia":[{"embeddable":true,"href":"https:\/\/pharmacy-content.com\/index.php?rest_route=\/wp\/v2\/media\/5872"}],"wp:attachment":[{"href":"https:\/\/pharmacy-content.com\/index.php?rest_route=%2Fwp%2Fv2%2Fmedia&parent=5971"}],"wp:term":[{"taxonomy":"product_brand","embeddable":true,"href":"https:\/\/pharmacy-content.com\/index.php?rest_route=%2Fwp%2Fv2%2Fproduct_brand&post=5971"},{"taxonomy":"product_cat","embeddable":true,"href":"https:\/\/pharmacy-content.com\/index.php?rest_route=%2Fwp%2Fv2%2Fproduct_cat&post=5971"},{"taxonomy":"product_tag","embeddable":true,"href":"https:\/\/pharmacy-content.com\/index.php?rest_route=%2Fwp%2Fv2%2Fproduct_tag&post=5971"}],"curies":[{"name":"wp","href":"https:\/\/api.w.org\/{rel}","templated":true}]}}