{"id":6052,"date":"2026-04-22T07:00:04","date_gmt":"2026-04-22T07:00:04","guid":{"rendered":""},"modified":"2026-04-22T07:00:15","modified_gmt":"2026-04-22T07:00:15","slug":"dapoxy-2","status":"publish","type":"product","link":"https:\/\/pharmacy-content.com\/?product=dapoxy-2&lang=de","title":{"rendered":"Dapoxy"},"content":{"rendered":"<p>Allgemeine Anwendung<br \/>\nDapoxy geh\u00f6rt zu einer Klasse selektiver Serotonin-Wiederaufnahmehemmer (SSRIs). Dieser kurzwirksame Hemmer wird zur Behandlung der vorzeitigen Ejakulation bei M\u00e4nnern eingesetzt.<\/p>\n<p>Dosierung und Anwendung<br \/>\nNehmen Sie Dapoxye oral mit einem Glas Wasser ein, unabh\u00e4ngig von den Mahlzeiten. Vermeiden Sie es, dieses Arzneimittel zu schneiden, zu zerdr\u00fccken oder zu kauen.<br \/>\nNehmen Sie das Arzneimittel nicht h\u00e4ufiger als verordnet ein. Geben Sie die Einnahme nicht auf, au\u00dfer auf Anraten Ihres Arztes.<br \/>\nEs kann einige Zeit dauern, bis das Arzneimittel hilft.<br \/>\nFragen Sie Ihren Arzt bez\u00fcglich der richtigen Dosis f\u00fcr Sie.<\/p>\n<p>Vorsichtsma\u00dfnahmen<br \/>\nBevor Sie Dapoxy einnehmen, informieren Sie Ihren Arzt oder Apotheker, wenn Sie dies w\u00fcnschen darauf allergisch sind; oder wenn Sie andere Allergien haben.<br \/>\nInformieren Sie Ihren Arzt oder Apotheker, wenn Sie bipolare Verwirrung, Augen-, Leber- oder Nierenprobleme haben.<br \/>\n\u00c4ltere Menschen k\u00f6nnen empfindlicher auf Nebenwirkungen des Arzneimittels reagieren.<br \/>\nW\u00e4hrend der Schwangerschaft sollte diese Behandlung nur angewendet werden wenn dies unbedingt erforderlich ist.<br \/>\nDa dieses Arzneimittel von der Haut absorbiert werden kann, sollten schwangere oder schwangere Frauen dieses Arzneimittel nicht anwenden.<\/p>\n<p>Kontraindikationen<br \/>\nDapoxy sollte nicht von schwangeren\/stillenden Frauen oder Kindern sowie von anderen Personen angewendet werden Patienten, die eine \u00dcberempfindlichkeitsreaktion darauf gezeigt haben.<\/p>\n<p>M\u00f6gliche Nebenwirkungen<br \/>\nDie h\u00e4ufigsten Nebenwirkungen sind schneller und unregelm\u00e4\u00dfiger Puls, Zittern, Angstzust\u00e4nde, verschwommenes Sehen, Erbrechen, Fieber, Durchfall usw.<br \/>\nEine sehr schwere allergische Reaktion kommt selten vor tritt ein. Viele Menschen, die dieses Arzneimittel anwenden, haben keine schwerwiegenden Nebenwirkungen.<br \/>\nWenden Sie sich f\u00fcr weitere Einzelheiten an Ihren Arzt oder Apotheker.<br \/>\nFalls Sie hier nicht aufgef\u00fchrte Wirkungen bemerken, wenden Sie sich an Ihren Arzt oder Apotheker.<\/p>\n<p>Wechselwirkungen mit anderen Arzneimitteln<br \/>\nInformieren Sie Ihren Arzt oder Apotheker Apotheker aller verschreibungspflichtigen und nicht verschreibungspflichtigen\/pflanzlichen Produkte, die Sie m\u00f6glicherweise verwenden, bevor Sie dieses Medikament verwenden.<br \/>\nDapoxy kann interagieren mit:<br \/>\n* MAO-Hemmern: Furazolidon, Isocarboxazid, Linezolid, Moclobemid, Tranylcypromin usw.<br \/>\n* Antiarrhythmika: Propafenon, Chinidin, usw.<br \/>\n* Serotonin-Noradrenalin-Wiederaufnahmehemmer (SNRIs): Desvenlafaxin, Duloxetin, Milnacipram, Venlafaxin.<br \/>\n* Antipsychotika (auch Neuroleptika genannt): Fluphenazin usw.<br \/>\n* H2-Rezeptor-Antagonisten: Cimetidin, Ranitidin, Famotidin, Nizatidin usw.<br \/>\nWenden Sie sich f\u00fcr weitere Einzelheiten an Ihren Arzt oder Apotheker.<\/p>\n<p>Verpasste Dosis<br \/>\nWenn Sie die Dosis vergessen haben, nehmen Sie sie ein, sobald Sie sich daran erinnern. Wenn Sie sehen, dass es bald Zeit f\u00fcr die n\u00e4chste Dosis ist, lassen Sie die vergessene Dosis aus und fahren Sie mit Ihrem gewohnten Dosierungsplan fort. Nehmen Sie Ihre Dosis nicht zweimal ein.<\/p>\n<p>\u00dcberdosierung<br \/>\nWenn Sie glauben, zu viel von diesem Arzneimittel eingenommen zu haben, suchen Sie sofort einen Notarzt auf. Zu den Symptomen einer \u00dcberdosierung geh\u00f6ren normalerweise Brustschmerzen, \u00dcbelkeit, unregelm\u00e4\u00dfiger Herzschlag und Benommenheit oder Ohnmacht.<\/p>\n<p>Aufbewahrung<br \/>\nBewahren Sie Ihre Arzneimittel bei Raumtemperatur zwischen 20 und 25 \u00b0C (68\u201377 \u00b0F) und vor Licht gesch\u00fctzt auf Feuchtigkeit. Bewahren Sie Ihre Medikamente nicht im Badezimmer auf. Bewahren Sie alle Medikamente au\u00dferhalb der Reichweite von Kindern und Haustieren auf.<\/p>\n<p>Haftungsausschluss<br \/>\nWir stellen nur allgemeine Informationen zu Medikamenten zur Verf\u00fcgung, die nicht alle Anweisungen, m\u00f6gliche Medikamentenkombinationen oder Vorsichtsma\u00dfnahmen abdecken. Die Informationen auf der Website k\u00f6nnen nicht zur Selbstbehandlung und Selbstdiagnose verwendet werden. Spezifische Anweisungen f\u00fcr einen bestimmten Patienten sollten mit Ihrem Gesundheitsberater oder dem f\u00fcr den Fall zust\u00e4ndigen Arzt vereinbart werden. Wir lehnen die Zuverl\u00e4ssigkeit dieser Informationen und die darin enthaltenen Fehler ab. Wir haften nicht f\u00fcr direkte, indirekte, besondere oder sonstige indirekte Sch\u00e4den, die sich aus der Nutzung der Informationen auf dieser Website ergeben und auch nicht f\u00fcr Folgen der Selbstbehandlung.<\/p>\n","protected":false},"excerpt":{"rendered":"<p>Dapoxy ist ein Generikum des bekannten Markenprodukts Priligy. Priligy Generisches Dapoxetin ist ein Medikament zur Behandlung vorzeitiger Ejakulation und der dadurch verursachten Probleme. Der Wirkstoff des Arzneimittels ist Dapoxetin in einer Dosierung von 60 mg, genau wie das bekannte Originalprodukt. Zahlreiche klinische Studien belegen die Wirksamkeit von Dapoxetin bei der Behandlung vorzeitiger Ejakulation.<\/p>\n","protected":false},"featured_media":6046,"comment_status":"open","ping_status":"closed","template":"","meta":[],"product_brand":[],"product_cat":[207],"product_tag":[],"class_list":{"0":"post-6052","1":"product","2":"type-product","3":"status-publish","4":"has-post-thumbnail","6":"product_cat-vorzeitige-ejakulation-de","7":"pa_active_substance-dapoxetine","9":"first","10":"instock","11":"shipping-taxable","12":"product-type-simple"},"jetpack_sharing_enabled":true,"_links":{"self":[{"href":"https:\/\/pharmacy-content.com\/index.php?rest_route=\/wp\/v2\/product\/6052","targetHints":{"allow":["GET"]}}],"collection":[{"href":"https:\/\/pharmacy-content.com\/index.php?rest_route=\/wp\/v2\/product"}],"about":[{"href":"https:\/\/pharmacy-content.com\/index.php?rest_route=\/wp\/v2\/types\/product"}],"replies":[{"embeddable":true,"href":"https:\/\/pharmacy-content.com\/index.php?rest_route=%2Fwp%2Fv2%2Fcomments&post=6052"}],"wp:featuredmedia":[{"embeddable":true,"href":"https:\/\/pharmacy-content.com\/index.php?rest_route=\/wp\/v2\/media\/6046"}],"wp:attachment":[{"href":"https:\/\/pharmacy-content.com\/index.php?rest_route=%2Fwp%2Fv2%2Fmedia&parent=6052"}],"wp:term":[{"taxonomy":"product_brand","embeddable":true,"href":"https:\/\/pharmacy-content.com\/index.php?rest_route=%2Fwp%2Fv2%2Fproduct_brand&post=6052"},{"taxonomy":"product_cat","embeddable":true,"href":"https:\/\/pharmacy-content.com\/index.php?rest_route=%2Fwp%2Fv2%2Fproduct_cat&post=6052"},{"taxonomy":"product_tag","embeddable":true,"href":"https:\/\/pharmacy-content.com\/index.php?rest_route=%2Fwp%2Fv2%2Fproduct_tag&post=6052"}],"curies":[{"name":"wp","href":"https:\/\/api.w.org\/{rel}","templated":true}]}}