{"id":6058,"date":"2026-04-22T07:00:06","date_gmt":"2026-04-22T07:00:06","guid":{"rendered":""},"modified":"2026-04-22T07:00:15","modified_gmt":"2026-04-22T07:00:15","slug":"dapoxy-3","status":"publish","type":"product","link":"https:\/\/pharmacy-content.com\/?product=dapoxy-3&lang=fr","title":{"rendered":"Dapoxy"},"content":{"rendered":"<p>Usage g\u00e9n\u00e9ral<br \/>\nLa Dapoxye appartient \u00e0 une classe d&#8217;inhibiteurs s\u00e9lectifs du recaptage de la s\u00e9rotonine (ISRS). Cet inhibiteur \u00e0 courte dur\u00e9e d&#8217;action est utilis\u00e9 pour traiter l&#8217;\u00e9jaculation pr\u00e9coce chez l&#8217;homme.<\/p>\n<p>Dosage et administration<br \/>\nPrenez Dapoxye par voie orale avec un verre d&#8217;eau, avec ou sans nourriture. \u00c9vitez de couper, d&#8217;\u00e9craser ou de m\u00e2cher ce m\u00e9dicament.<br \/>\nNe prenez pas le m\u00e9dicament plus souvent que pr\u00e9vu. N&#8217;arr\u00eatez pas de le prendre, sauf sur l&#8217;avis de votre m\u00e9decin.<br \/>\nLe m\u00e9dicament peut avoir besoin de temps pour agir.<br \/>\nConsultez votre m\u00e9decin pour conna\u00eetre la posologie qui vous convient.<\/p>\n<p>Pr\u00e9cautions<br \/>\nAvant de prendre Dapoxye, informez votre m\u00e9decin ou votre pharmacien si vous y \u00eates allergique ; ou si vous avez d&#8217;autres allergies.<br \/>\nInformez votre m\u00e9decin ou pharmacien si vous souffrez de confusion bipolaire, de probl\u00e8mes oculaires, h\u00e9patiques ou r\u00e9naux.<br \/>\nLes personnes \u00e2g\u00e9es peuvent \u00eatre plus sensibles aux effets secondaires du m\u00e9dicament.<br \/>\nPendant la grossesse, ce traitement doit \u00eatre utilis\u00e9 uniquement lorsque cela est absolument n\u00e9cessaire.<br \/>\nComme ce m\u00e9dicament peut \u00eatre absorb\u00e9 par la peau, les femmes enceintes ou susceptibles de le devenir ne doivent pas manipuler ce m\u00e9dicament.<\/p>\n<p>Contre-indications<br \/>\nLa Dapoxye ne doit pas \u00eatre utilis\u00e9e par les femmes enceintes\/allaitantes ou les enfants, ni par les les patients ayant d\u00e9montr\u00e9 une r\u00e9action d&#8217;hypersensibilit\u00e9 \u00e0 ce produit.<\/p>\n<p>Effets secondaires possibles<br \/>\nLes effets secondaires les plus fr\u00e9quents sont un pouls rapide et irr\u00e9gulier, des tremblements, de l&#8217;anxi\u00e9t\u00e9, une vision floue, des vomissements, de la fi\u00e8vre, de la diarrh\u00e9e, etc.<br \/>\nUne r\u00e9action allergique tr\u00e8s grave rarement se produit. De nombreuses personnes utilisant ce m\u00e9dicament n&#8217;ont pas d&#8217;effets secondaires graves.<br \/>\nContactez votre m\u00e9decin ou votre pharmacien pour plus de d\u00e9tails.<br \/>\nSi vous remarquez des effets non r\u00e9pertori\u00e9s ici, contactez votre m\u00e9decin ou votre pharmacien.<\/p>\n<p>Interaction m\u00e9dicamenteuse<br \/>\nParlez-en \u00e0 votre m\u00e9decin ou \u00e0 votre pharmacien. pharmacien de tous les produits sur ordonnance et en vente libre\/\u00e0 base de plantes que vous pouvez utiliser avant d&#8217;utiliser ce m\u00e9dicament.<br \/>\nLa Dapoxye peut interagir avec :<br \/>\n* Les inhibiteurs de la MAO : furazolidone, isocarboxazide, lin\u00e9zolide, moclob\u00e9mide tranylcypromine, etc.<br \/>\n* M\u00e9dicaments antiarythmiques : propaf\u00e9none, quinidine, etc<br \/>\n* Inhibiteurs de la recapture de la s\u00e9rotonine et de la noradr\u00e9naline (IRSN) : Desvenlafaxine, Duloxetine, Milnacipram, Venlafaxine.<br \/>\n* Antipsychotiques (\u00e9galement appel\u00e9s neuroleptiques) : Fluph\u00e9nazine, etc.<br \/>\n* Antagonistes des r\u00e9cepteurs H2 : Cim\u00e9tidine, Ranitidine, Famotidine, Nizatidine , etc.<br \/>\nContactez votre m\u00e9decin ou votre pharmacien pour plus de d\u00e9tails.<\/p>\n<p>Dose oubli\u00e9e<br \/>\nSi vous avez oubli\u00e9 votre dose, prenez-la d\u00e8s que vous vous en souvenez. Si vous constatez que l\u2019heure de la dose suivante approche, sautez la dose oubli\u00e9e et reprenez votre programme de dosage habituel. Ne prenez pas votre dose deux fois.<\/p>\n<p>Surdosage<br \/>\nSi vous pensez avoir utilis\u00e9 trop de ce m\u00e9dicament, consultez imm\u00e9diatement un m\u00e9decin d&#8217;urgence. Les sympt\u00f4mes d&#8217;un surdosage comprennent g\u00e9n\u00e9ralement des douleurs thoraciques, des naus\u00e9es, un rythme cardiaque irr\u00e9gulier et une sensation d&#8217;\u00e9tourdissement ou d&#8217;\u00e9vanouissement.<\/p>\n<p>Conservation<br \/>\nConservez vos m\u00e9dicaments \u00e0 temp\u00e9rature ambiante entre 68 et 77 degr\u00e9s F (20 et 25 degr\u00e9s C), \u00e0 l&#8217;abri de la lumi\u00e8re et humidit\u00e9. Ne rangez pas vos m\u00e9dicaments dans la salle de bain. Gardez tous les m\u00e9dicaments hors de port\u00e9e des enfants et des animaux domestiques.<\/p>\n<p>Avis de non-responsabilit\u00e9<br \/>\nNous fournissons uniquement des informations g\u00e9n\u00e9rales sur les m\u00e9dicaments qui ne couvrent pas toutes les directions, les int\u00e9grations possibles de m\u00e9dicaments ou les pr\u00e9cautions. Les informations pr\u00e9sentes sur le site ne peuvent pas \u00eatre utilis\u00e9es pour l\u2019auto-traitement et l\u2019autodiagnostic. Toute instruction sp\u00e9cifique pour un patient particulier doit \u00eatre convenue avec votre conseiller en soins de sant\u00e9 ou votre m\u00e9decin en charge du cas. Nous d\u00e9clinons la fiabilit\u00e9 de ces informations et des erreurs qu&#8217;elles pourraient contenir. Nous ne sommes pas responsables de tout dommage direct, indirect, sp\u00e9cial ou autre indirect r\u00e9sultant de toute utilisation des informations pr\u00e9sentes sur ce site ainsi que des cons\u00e9quences de l&#8217;auto-traitement.<\/p>\n","protected":false},"excerpt":{"rendered":"<p>Dapoxy est un g\u00e9n\u00e9rique du produit de marque bien connu Priligy. Dapoxy est un m\u00e9dicament utilis\u00e9 pour traiter l&#8217;\u00e9jaculation pr\u00e9coce et les probl\u00e8mes qu&#8217;elle provoque. L&#8217;ingr\u00e9dient actif du m\u00e9dicament est la dapox\u00e9tine, dos\u00e9e \u00e0 60 mg, tout comme le produit original bien connu. De nombreuses \u00e9tudes cliniques d\u00e9montrent l&#8217;efficacit\u00e9 de la dapox\u00e9tine dans le traitement de l&#8217;\u00e9jaculation pr\u00e9coce.<\/p>\n","protected":false},"featured_media":6046,"comment_status":"open","ping_status":"closed","template":"","meta":[],"product_brand":[],"product_cat":[210],"product_tag":[],"class_list":{"0":"post-6058","1":"product","2":"type-product","3":"status-publish","4":"has-post-thumbnail","6":"product_cat-ejaculation-precoce-fr","7":"pa_active_substance-dapoxetine","9":"first","10":"instock","11":"shipping-taxable","12":"product-type-simple"},"jetpack_sharing_enabled":true,"_links":{"self":[{"href":"https:\/\/pharmacy-content.com\/index.php?rest_route=\/wp\/v2\/product\/6058","targetHints":{"allow":["GET"]}}],"collection":[{"href":"https:\/\/pharmacy-content.com\/index.php?rest_route=\/wp\/v2\/product"}],"about":[{"href":"https:\/\/pharmacy-content.com\/index.php?rest_route=\/wp\/v2\/types\/product"}],"replies":[{"embeddable":true,"href":"https:\/\/pharmacy-content.com\/index.php?rest_route=%2Fwp%2Fv2%2Fcomments&post=6058"}],"wp:featuredmedia":[{"embeddable":true,"href":"https:\/\/pharmacy-content.com\/index.php?rest_route=\/wp\/v2\/media\/6046"}],"wp:attachment":[{"href":"https:\/\/pharmacy-content.com\/index.php?rest_route=%2Fwp%2Fv2%2Fmedia&parent=6058"}],"wp:term":[{"taxonomy":"product_brand","embeddable":true,"href":"https:\/\/pharmacy-content.com\/index.php?rest_route=%2Fwp%2Fv2%2Fproduct_brand&post=6058"},{"taxonomy":"product_cat","embeddable":true,"href":"https:\/\/pharmacy-content.com\/index.php?rest_route=%2Fwp%2Fv2%2Fproduct_cat&post=6058"},{"taxonomy":"product_tag","embeddable":true,"href":"https:\/\/pharmacy-content.com\/index.php?rest_route=%2Fwp%2Fv2%2Fproduct_tag&post=6058"}],"curies":[{"name":"wp","href":"https:\/\/api.w.org\/{rel}","templated":true}]}}