{"id":6100,"date":"2026-04-22T07:00:11","date_gmt":"2026-04-22T07:00:11","guid":{"rendered":""},"modified":"2026-04-22T07:00:16","modified_gmt":"2026-04-22T07:00:16","slug":"dapoxy-10","status":"publish","type":"product","link":"https:\/\/pharmacy-content.com\/?product=dapoxy-10&lang=cs","title":{"rendered":"Dapoxy"},"content":{"rendered":"<p>B\u011b\u017en\u00e9 pou\u017eit\u00ed<br \/>\nDapoxye pat\u0159\u00ed do t\u0159\u00eddy selektivn\u00edch inhibitor\u016f zp\u011btn\u00e9ho vychyt\u00e1v\u00e1n\u00ed serotoninu (SSRI). Tento kr\u00e1tkodob\u011b p\u016fsob\u00edc\u00ed inhibitor se pou\u017e\u00edv\u00e1 k l\u00e9\u010db\u011b p\u0159ed\u010dasn\u00e9 ejakulace u mu\u017e\u016f.<\/p>\n<p>D\u00e1vkov\u00e1n\u00ed a sm\u011br<br \/>\nU\u017e\u00edvejte Dapoxye \u00fasty se sklenic\u00ed vody, s j\u00eddlem nebo bez j\u00eddla. Vyvarujte se \u0159ez\u00e1n\u00ed, drcen\u00ed nebo \u017ev\u00fdk\u00e1n\u00ed tohoto l\u00e9ku.<br \/>\nNeu\u017e\u00edvejte l\u00e9k \u010dast\u011bji, ne\u017e je p\u0159edeps\u00e1no. Nevzd\u00e1vejte se u\u017e\u00edv\u00e1n\u00ed, s v\u00fdjimkou doporu\u010den\u00ed sv\u00e9ho l\u00e9ka\u0159e.<br \/>\nM\u016f\u017ee trvat, ne\u017e l\u00e9k pom\u016f\u017ee.<br \/>\nPora\u010fte se se sv\u00fdm l\u00e9ka\u0159em ohledn\u011b spr\u00e1vn\u00e9 d\u00e1vky pro v\u00e1s.<\/p>\n<p>Bezpe\u010dnostn\u00ed opat\u0159en\u00ed<br \/>\nP\u0159ed u\u017eit\u00edm p\u0159\u00edpravku Dapoxye informujte sv\u00e9ho l\u00e9ka\u0159e nebo l\u00e9k\u00e1rn\u00edka, pokud jsou na n\u011bj alergi\u010dt\u00ed; nebo pokud m\u00e1te jin\u00e9 alergie.<br \/>\nInformujte sv\u00e9ho l\u00e9ka\u0159e nebo chemika, pokud m\u00e1te bipol\u00e1rn\u00ed zmatenost, probl\u00e9my s o\u010dima, j\u00e1try nebo ledvinami.<br \/>\nStar\u0161\u00ed lid\u00e9 mohou b\u00fdt citliv\u011bj\u0161\u00ed na ne\u017e\u00e1douc\u00ed \u00fa\u010dinky l\u00e9ku.<br \/>\nB\u011bhem t\u011bhotenstv\u00ed by se tato l\u00e9\u010dba m\u011bla pou\u017e\u00edvat pouze je-li to nezbytn\u011b nutn\u00e9.<br \/>\nVzhledem k tomu, \u017ee tento l\u00e9k m\u016f\u017ee b\u00fdt absorbov\u00e1n k\u016f\u017e\u00ed, \u017eeny, kter\u00e9 jsou t\u011bhotn\u00e9 nebo mohou ot\u011bhotn\u011bt, by s t\u00edmto l\u00e9kem nem\u011bly manipulovat.<\/p>\n<p>Kontraindikace<br \/>\nDapoxye by nem\u011bly pou\u017e\u00edvat t\u011bhotn\u00e9\/koj\u00edc\u00ed \u017eeny nebo d\u011bti, stejn\u011b jako pacienti, u kter\u00fdch byla prok\u00e1z\u00e1na reakce p\u0159ecitliv\u011blosti na ni.<\/p>\n<p>Mo\u017en\u00e9 vedlej\u0161\u00ed \u00fa\u010dinky<br \/>\nNej\u010dast\u011bj\u0161\u00edmi ne\u017e\u00e1douc\u00edmi \u00fa\u010dinky jsou rychl\u00fd a nepravideln\u00fd puls, t\u0159es, \u00fazkost, rozmazan\u00e9 vid\u011bn\u00ed, zvracen\u00ed, hore\u010dka, pr\u016fjem atd.<br \/>\nVelmi z\u00e1va\u017en\u00e1 alergick\u00e1 reakce vz\u00e1cn\u011b se vyskytuje. Mnoho lid\u00ed u\u017e\u00edvaj\u00edc\u00edch tento p\u0159\u00edpravek nem\u00e1 z\u00e1va\u017en\u00e9 ne\u017e\u00e1douc\u00ed \u00fa\u010dinky.<br \/>\nPro dal\u0161\u00ed podrobnosti se obra\u0165te na sv\u00e9ho l\u00e9ka\u0159e nebo l\u00e9k\u00e1rn\u00edka.<br \/>\nPokud zaznamen\u00e1te \u00fa\u010dinky, kter\u00e9 zde nejsou uvedeny, kontaktujte sv\u00e9ho l\u00e9ka\u0159e nebo l\u00e9k\u00e1rn\u00edka.<\/p>\n<p>L\u00e9kov\u00e1 interakce<br \/>\nSd\u011blte to sv\u00e9mu l\u00e9ka\u0159i nebo l\u00e9k\u00e1rn\u00edk v\u0161ech p\u0159\u00edpravk\u016f na p\u0159edpis i voln\u011b prodejn\u00fdch\/rostlinn\u00fdch produkt\u016f, kter\u00e9 m\u016f\u017eete p\u0159ed pou\u017eit\u00edm tohoto l\u00e9ku pou\u017e\u00edt.<br \/>\nDapoxye m\u016f\u017ee interagovat s:<br \/>\n* inhibitory MAO: Furazolidon, Isokarboxazid, Linezolid, Moclobemid Tranylcypromin atd.<br \/>\n* Antiarytmika: Propafenon, Chinidin, atd<br \/>\n* Inhibitory zp\u011btn\u00e9ho vychyt\u00e1v\u00e1n\u00ed serotoninu a norepinefrinu (SNRI): Desvenlafaxin, Duloxetin, Milnacipram, Venlafaxin.<br \/>\n* Antipsychotika (tak\u00e9 naz\u00fdvan\u00e1 neuroleptika): Flufenazin atd.<br \/>\n* Antagonist\u00e9 H2-receptor\u016f: Cimetidin, Ranitidin, Famotidin , atd.<br \/>\nObra\u0165te se na sv\u00e9ho l\u00e9ka\u0159e nebo l\u00e9k\u00e1rn\u00edka pro v\u00edce podrobnost\u00ed.<\/p>\n<p>Zapomenut\u00e1 d\u00e1vka<br \/>\nPokud jste zapomn\u011bli svou d\u00e1vku, vezm\u011bte si ji, jakmile si vzpomenete. Pokud uvid\u00edte, \u017ee se bl\u00ed\u017e\u00ed \u010das na dal\u0161\u00ed d\u00e1vku, vynechejte vynechanou d\u00e1vku a pokra\u010dujte v obvykl\u00e9m d\u00e1vkovac\u00edm sch\u00e9matu. Neu\u017e\u00edvejte svou d\u00e1vku dvakr\u00e1t.<\/p>\n<p>P\u0159ed\u00e1vkov\u00e1n\u00ed<br \/>\nPokud si mysl\u00edte, \u017ee jste u\u017eili p\u0159\u00edli\u0161 mnoho tohoto l\u00e9ku, okam\u017eit\u011b vyhledejte l\u00e9ka\u0159skou pomoc. P\u0159\u00edznaky p\u0159ed\u00e1vkov\u00e1n\u00ed obvykle zahrnuj\u00ed bolest na hrudi, nevolnost, nepravideln\u00fd srde\u010dn\u00ed tep a pocit to\u010den\u00ed hlavy nebo mdloby.<\/p>\n<p>Skladujte<br \/>\nL\u00e9ky skladujte p\u0159i pokojov\u00e9 teplot\u011b mezi 20-25 \u00b0C, mimo dosah sv\u011btla a vlhkost. Neskladujte sv\u00e9 drogy v koupeln\u011b. V\u0161echny drogy uchov\u00e1vejte mimo dosah d\u011bt\u00ed a dom\u00e1c\u00edch mazl\u00ed\u010dk\u016f.<\/p>\n<p>Odm\u00edtnut\u00ed odpov\u011bdnosti<br \/>\nPoskytujeme pouze obecn\u00e9 informace o l\u00e9c\u00edch, kter\u00e9 nepokr\u00fdvaj\u00ed v\u0161echny pokyny, mo\u017en\u00e1 integrace l\u00e9k\u016f nebo preventivn\u00ed opat\u0159en\u00ed. Informace na m\u00edst\u011b nelze pou\u017e\u00edt pro samol\u00e9\u010dbu a autodiagnostiku. Jak\u00e9koli specifick\u00e9 pokyny pro konkr\u00e9tn\u00edho pacienta by m\u011bly b\u00fdt dohodnuty se sv\u00fdm zdravotn\u00edm poradcem nebo l\u00e9ka\u0159em, kter\u00fd m\u00e1 na starosti dan\u00fd p\u0159\u00edpad. Odm\u00edt\u00e1me spolehlivost t\u011bchto informac\u00ed a chyby, kter\u00e9 by mohly obsahovat. Nejsme zodpov\u011bdn\u00ed za \u017e\u00e1dn\u00e9 p\u0159\u00edm\u00e9, nep\u0159\u00edm\u00e9, zvl\u00e1\u0161tn\u00ed nebo jin\u00e9 nep\u0159\u00edm\u00e9 \u0161kody v d\u016fsledku jak\u00e9hokoli pou\u017eit\u00ed informac\u00ed na t\u011bchto str\u00e1nk\u00e1ch a tak\u00e9 za n\u00e1sledky samol\u00e9\u010dby.<\/p>\n","protected":false},"excerpt":{"rendered":"<p>Dapoxy je generikum zn\u00e1m\u00e9ho zna\u010dkov\u00e9ho produktu Priligy. Dapoxy je l\u00e9k pou\u017e\u00edvan\u00fd k l\u00e9\u010db\u011b p\u0159ed\u010dasn\u00e9 ejakulace a probl\u00e9m\u016f, kter\u00e9 zp\u016fsobuje. \u00da\u010dinnou l\u00e1tkou l\u00e9\u010diva je stejn\u011b jako zn\u00e1m\u00fd origin\u00e1ln\u00ed p\u0159\u00edpravek dapoxetin v d\u00e1vce 60 mg. \u010cetn\u00e9 klinick\u00e9 studie prokazuj\u00ed \u00fa\u010dinnost dapoxetinu p\u0159i l\u00e9\u010db\u011b p\u0159ed\u010dasn\u00e9 ejakulace.<\/p>\n","protected":false},"featured_media":6046,"comment_status":"open","ping_status":"closed","template":"","meta":[],"product_brand":[],"product_cat":[231],"product_tag":[],"class_list":{"0":"post-6100","1":"product","2":"type-product","3":"status-publish","4":"has-post-thumbnail","6":"product_cat-predcasna-ejakulace-cs","7":"pa_active_substance-dapoxetine","9":"first","10":"instock","11":"shipping-taxable","12":"product-type-simple"},"jetpack_sharing_enabled":true,"_links":{"self":[{"href":"https:\/\/pharmacy-content.com\/index.php?rest_route=\/wp\/v2\/product\/6100","targetHints":{"allow":["GET"]}}],"collection":[{"href":"https:\/\/pharmacy-content.com\/index.php?rest_route=\/wp\/v2\/product"}],"about":[{"href":"https:\/\/pharmacy-content.com\/index.php?rest_route=\/wp\/v2\/types\/product"}],"replies":[{"embeddable":true,"href":"https:\/\/pharmacy-content.com\/index.php?rest_route=%2Fwp%2Fv2%2Fcomments&post=6100"}],"wp:featuredmedia":[{"embeddable":true,"href":"https:\/\/pharmacy-content.com\/index.php?rest_route=\/wp\/v2\/media\/6046"}],"wp:attachment":[{"href":"https:\/\/pharmacy-content.com\/index.php?rest_route=%2Fwp%2Fv2%2Fmedia&parent=6100"}],"wp:term":[{"taxonomy":"product_brand","embeddable":true,"href":"https:\/\/pharmacy-content.com\/index.php?rest_route=%2Fwp%2Fv2%2Fproduct_brand&post=6100"},{"taxonomy":"product_cat","embeddable":true,"href":"https:\/\/pharmacy-content.com\/index.php?rest_route=%2Fwp%2Fv2%2Fproduct_cat&post=6100"},{"taxonomy":"product_tag","embeddable":true,"href":"https:\/\/pharmacy-content.com\/index.php?rest_route=%2Fwp%2Fv2%2Fproduct_tag&post=6100"}],"curies":[{"name":"wp","href":"https:\/\/api.w.org\/{rel}","templated":true}]}}