{"id":6150,"date":"2026-04-22T07:00:49","date_gmt":"2026-04-22T07:00:49","guid":{"rendered":""},"modified":"2026-04-22T07:01:04","modified_gmt":"2026-04-22T07:01:04","slug":"priligy-4","status":"publish","type":"product","link":"https:\/\/pharmacy-content.com\/?product=priligy-4&lang=it","title":{"rendered":"Priligy"},"content":{"rendered":"<p>Uso comune<br \/>\nLa Poxeta appartiene a una classe di inibitori selettivi della ricaptazione della serotonina (SSRI). Questo inibitore a breve durata d&#8217;azione \u00e8 usato per trattare l&#8217;eiaculazione precoce negli uomini.<br \/>\nDosaggio e direzioni<br \/>\nPrendi Poxeta per via orale con un bicchiere d&#8217;acqua, con o senza cibo. Eviti di tagliare, frantumare o masticare questo medicinale.<br \/>\nNon prendere il medicinale pi\u00f9 spesso di quanto prescritto. Non smettere di prenderlo se non dietro consiglio del medico.<br \/>\nPotrebbe essere necessario del tempo perch\u00e9 il medicinale possa essere d&#8217;aiuto.<br \/>\nConsulta il tuo medico riguardo alla dose adeguata per te.<br \/>\nPrecauzioni<br \/>\nPrima di prendere Poxeta, informi il medico o il farmacista se \u00e8 allergico ad esso; o se soffri di altre allergie.<br \/>\nInforma il tuo medico o il tuo farmacista se soffri di confusione bipolare, problemi agli occhi, al fegato o ai reni.<br \/>\nLe persone anziane possono essere pi\u00f9 sensibili agli effetti collaterali del medicinale.<br \/>\nDurante la gravidanza, questo trattamento dovrebbe essere usato solo quando strettamente necessario.<br \/>\nPoich\u00e9 questo medicinale pu\u00f2 essere assorbito dalla pelle, le donne in gravidanza o che potrebbero rimanere incinte non devono manipolare questo medicinale.<br \/>\nControindicazioni<br \/>\nLa Poxeta non deve essere utilizzata da donne incinte\/che allattano o bambini cos\u00ec come dai pazienti avendo dimostrato una reazione di ipersensibilit\u00e0 ad esso.<br \/>\nPossibili effetti collaterali<br \/>\nGli effetti collaterali pi\u00f9 comuni sono polso rapido e irregolare, tremore, ansia, visione offuscata, vomito, febbre, diarrea, ecc.<br \/>\nRaramente si verifica una reazione allergica molto grave. Molte persone che usano questo medicinale non hanno effetti collaterali gravi.<br \/>\nRivolgiti al tuo medico o al farmacista per maggiori dettagli.<br \/>\nNel caso noti effetti non elencati qui, contatta il tuo medico o il farmacista.<\/p>\n<p>Interazione farmacologica<br \/>\nInformi il tuo medico o farmacista di tutti i prodotti a base di prescrizione e senza prescrizione medica\/a base di erbe che \u00e8 possibile utilizzare prima di utilizzare questo farmaco.<br \/>\nLa Poxeta pu\u00f2 interagire con:<br \/>\n* Inibitori MAO: furazolidone, isocarbossazide, linezolid, moclobemide tranilcipromina, ecc.<br \/>\n* Farmaci antiaritmici: propafenone, chinidina, ecc<br \/>\n* Inibitori della ricaptazione della serotonina-noradrenalina (SNRI): desvenlafaxina, duloxetina, milnacipram, venlafaxina.<br \/>\n* Antipsicotici (chiamati anche neurolettici): flufenazina, ecc.<br \/>\n* Antagonisti dei recettori H2: cimetidina, ranitidina, famotidina, nizatidina , ecc.<br \/>\nSi rivolga al medico o al farmacista per maggiori dettagli.<br \/>\nDose dimenticata<br \/>\nSe ha dimenticato la dose, la prenda non appena se ne ricorda. Se vede che \u00e8 quasi l&#8217;ora della dose successiva, salti la dose dimenticata e riprenda il consueto programma di dosaggio. Non prendere la dose due volte.<br \/>\nSovradosaggio<br \/>\nSe pensi di aver usato troppo di questo medicinale, cerca immediatamente assistenza medica di emergenza. I sintomi di sovradosaggio di solito includono dolore toracico, nausea, battito cardiaco irregolare e sensazione di stordimento o svenimento.<br \/>\nConservazione<br \/>\nConserva i medicinali a temperatura ambiente tra 68-77 gradi F (20-25 gradi C) lontano dalla luce e dall&#8217;umidit\u00e0. Non conservare i farmaci in bagno. Tenere tutti i farmaci lontano dalla portata dei bambini e degli animali domestici.<br \/>\nEsonero di responsabilit\u00e0<br \/>\nForniamo solo informazioni generali sui farmaci che non coprono tutte le indicazioni, possibili integrazioni farmacologiche o precauzioni. Le informazioni presenti sul sito non possono essere utilizzate per l&#8217;autotrattamento e l&#8217;autodiagnosi. Eventuali istruzioni specifiche per un particolare paziente devono essere concordate con il proprio consulente sanitario o medico responsabile del caso. Decliniamo l&#8217;affidabilit\u00e0 di queste informazioni e gli errori che potrebbero contenere. Non siamo responsabili per eventuali danni diretti, indiretti, speciali o altri danni indiretti derivanti dall&#8217;uso delle informazioni contenute in questo sito e anche per le conseguenze dell&#8217;autotrattamento.<\/p>\n","protected":false},"excerpt":{"rendered":"<p>L&#8217;eiaculazione precoce (EP) \u00e8 una disfunzione sessuale maschile molto sentita, di cui si pu\u00f3 soffrire a partire dal primo rapporto sessuale o svilupparsi pi\u00f9 tardi nella vita. Gli uomini, che soffrono di eiaculazione precoce, possiedono la stessa capacit\u00e1 di eiaculare degli altri uomini, ma ci\u00f2 accade pi\u00f9 rapidamente ed \u00e8 pi\u00f9 difficile avere il controllo volontario sull\u2019eiaculazione.<\/p>\n","protected":false},"featured_media":6108,"comment_status":"open","ping_status":"closed","template":"","meta":[],"product_brand":[],"product_cat":[213],"product_tag":[],"class_list":{"0":"post-6150","1":"product","2":"type-product","3":"status-publish","4":"has-post-thumbnail","6":"product_cat-eiaculazione-precoce-it","7":"pa_active_substance-dapoxetine","9":"first","10":"instock","11":"shipping-taxable","12":"product-type-variable"},"jetpack_sharing_enabled":true,"_links":{"self":[{"href":"https:\/\/pharmacy-content.com\/index.php?rest_route=\/wp\/v2\/product\/6150","targetHints":{"allow":["GET"]}}],"collection":[{"href":"https:\/\/pharmacy-content.com\/index.php?rest_route=\/wp\/v2\/product"}],"about":[{"href":"https:\/\/pharmacy-content.com\/index.php?rest_route=\/wp\/v2\/types\/product"}],"replies":[{"embeddable":true,"href":"https:\/\/pharmacy-content.com\/index.php?rest_route=%2Fwp%2Fv2%2Fcomments&post=6150"}],"wp:featuredmedia":[{"embeddable":true,"href":"https:\/\/pharmacy-content.com\/index.php?rest_route=\/wp\/v2\/media\/6108"}],"wp:attachment":[{"href":"https:\/\/pharmacy-content.com\/index.php?rest_route=%2Fwp%2Fv2%2Fmedia&parent=6150"}],"wp:term":[{"taxonomy":"product_brand","embeddable":true,"href":"https:\/\/pharmacy-content.com\/index.php?rest_route=%2Fwp%2Fv2%2Fproduct_brand&post=6150"},{"taxonomy":"product_cat","embeddable":true,"href":"https:\/\/pharmacy-content.com\/index.php?rest_route=%2Fwp%2Fv2%2Fproduct_cat&post=6150"},{"taxonomy":"product_tag","embeddable":true,"href":"https:\/\/pharmacy-content.com\/index.php?rest_route=%2Fwp%2Fv2%2Fproduct_tag&post=6150"}],"curies":[{"name":"wp","href":"https:\/\/api.w.org\/{rel}","templated":true}]}}