{"id":6192,"date":"2026-04-22T07:00:55","date_gmt":"2026-04-22T07:00:55","guid":{"rendered":""},"modified":"2026-04-22T07:01:04","modified_gmt":"2026-04-22T07:01:04","slug":"priligy-7","status":"publish","type":"product","link":"https:\/\/pharmacy-content.com\/?product=priligy-7&lang=pt","title":{"rendered":"Priligy"},"content":{"rendered":"<p>Uso comum<br \/>\nA Poxeta pertence a uma classe de inibidores seletivos da recapta\u00e7\u00e3o da serotonina (ISRS). Este inibidor de a\u00e7\u00e3o curta \u00e9 usado para tratar a ejacula\u00e7\u00e3o precoce em homens.<br \/>\nDosagem e orienta\u00e7\u00e3o<br \/>\nTome Poxeta por via oral com um copo de \u00e1gua, com ou sem alimentos. Evite cortar, esmagar ou mastigar este medicamento.<br \/>\nN\u00e3o tome o medicamento com mais frequ\u00eancia do que o prescrito. N\u00e3o desista de tom\u00e1-lo, exceto por recomenda\u00e7\u00e3o do seu m\u00e9dico.<br \/>\nPode ser necess\u00e1rio algum tempo para que o medicamento ajude.<br \/>\nConsulte o seu m\u00e9dico sobre a dose adequada para voc\u00ea.<br \/>\nPrecau\u00e7\u00f5es<br \/>\nAntes de tomar Poxeta, informe o seu m\u00e9dico ou farmac\u00eautico se voc\u00ea \u00e9 al\u00e9rgico para isso; ou se tiver outras alergias.<br \/>\nInforme o seu m\u00e9dico ou farmac\u00eautico se tiver confus\u00e3o bipolar, problemas oculares, hep\u00e1ticos ou renais.<br \/>\nPessoas idosas podem ser mais sens\u00edveis aos efeitos secund\u00e1rios do medicamento.<br \/>\nDurante a gravidez, este tratamento deve ser utilizado. apenas quando for fortemente necess\u00e1rio.<br \/>\nComo este medicamento pode ser absorvido pela pele, mulheres gr\u00e1vidas ou que possam engravidar n\u00e3o devem manipular este medicamento.<br \/>\nContra-indica\u00e7\u00f5es<br \/>\nA Poxeta n\u00e3o deve ser usada por mulheres gr\u00e1vidas\/lactantes ou crian\u00e7as, bem como pelos pacientes. tendo demonstrado uma rea\u00e7\u00e3o de hipersensibilidade a ele.<br \/>\nPoss\u00edveis efeitos colaterais<br \/>\nOs efeitos colaterais mais comuns s\u00e3o pulso r\u00e1pido e irregular, tremor, ansiedade, vis\u00e3o turva, v\u00f4mito, febre, diarr\u00e9ia, etc.<br \/>\nRaramente ocorre uma rea\u00e7\u00e3o al\u00e9rgica muito grave. Muitas pessoas que utilizam este medicamento n\u00e3o apresentam efeitos secund\u00e1rios graves.<br \/>\nConsulte o seu m\u00e9dico ou farmac\u00eautico para mais detalhes.<br \/>\nCaso note os efeitos n\u00e3o listados aqui, contacte o seu m\u00e9dico ou farmac\u00eautico.<\/p>\n<p>Intera\u00e7\u00e3o medicamentosa<br \/>\nInforme o seu m\u00e9dico ou farmac\u00eautico. farmac\u00eautico de todos os produtos fitoter\u00e1picos prescritos e n\u00e3o prescritos que voc\u00ea possa usar antes de usar este medicamento.<br \/>\nA Poxeta pode interagir com:<br \/>\n* Inibidores da MAO: Furazolidona, Isocarboxazida, Linezolida, Moclobemida Tranilcipromina, etc.<br \/>\n* Medicamentos antiarr\u00edtmicos: Propafenona, Quinidina, etc<br \/>\n* Inibidores da recapta\u00e7\u00e3o de serotonina-norepinefrina (SNRIs): Desvenlafaxina, Duloxetina, Milnacipram, Venlafaxina.<br \/>\n* Antipsic\u00f3ticos (tamb\u00e9m chamados de neurol\u00e9pticos): Flufenazina, etc.<br \/>\n* Antagonistas dos receptores H2: Cimetidina, Ranitidina, Famotidina, Nizatidina , etc.<br \/>\nConsulte o seu m\u00e9dico ou farmac\u00eautico para mais detalhes.<br \/>\nDose esquecida<br \/>\nSe voc\u00ea esqueceu a sua dose, tome-a assim que se lembrar. Se voc\u00ea perceber que est\u00e1 pr\u00f3ximo da hora da pr\u00f3xima dose, pule a dose esquecida e retome seu esquema posol\u00f3gico habitual. N\u00e3o tome a dose duas vezes.<br \/>\nSobredosagem<br \/>\nSe voc\u00ea acha que usou muito deste medicamento, procure atendimento m\u00e9dico de emerg\u00eancia imediatamente. Os sintomas de sobredosagem geralmente incluem dor no peito, n\u00e1useas, batimentos card\u00edacos irregulares e sensa\u00e7\u00e3o de tontura ou desmaio.<br \/>\nArmazenamento<br \/>\nGuarde os seus medicamentos \u00e0 temperatura ambiente entre 20-25 graus C (68-77 graus F), longe da luz e da humidade. N\u00e3o guarde seus medicamentos no banheiro. Mantenha todos os medicamentos longe do alcance de crian\u00e7as e animais de estima\u00e7\u00e3o.<br \/>\nIsen\u00e7\u00e3o de responsabilidade<br \/>\nFornecemos apenas informa\u00e7\u00f5es gerais sobre medicamentos que n\u00e3o cobrem todas as instru\u00e7\u00f5es, poss\u00edveis integra\u00e7\u00f5es de medicamentos ou precau\u00e7\u00f5es. As informa\u00e7\u00f5es do site n\u00e3o podem ser utilizadas para autotratamento e autodiagn\u00f3stico. Quaisquer instru\u00e7\u00f5es espec\u00edficas para um determinado paciente devem ser acordadas com o seu conselheiro de sa\u00fade ou m\u00e9dico respons\u00e1vel pelo caso. N\u00f3s nos isentamos da confiabilidade dessas informa\u00e7\u00f5es e dos erros que elas possam conter. N\u00e3o somos respons\u00e1veis por quaisquer danos diretos, indiretos, especiais ou outros danos indiretos resultantes de qualquer uso das informa\u00e7\u00f5es deste site e tamb\u00e9m pelas consequ\u00eancias do autotratamento.<\/p>\n","protected":false},"excerpt":{"rendered":"<p>Poxet \u00e9 um gen\u00e9rico do conhecido produto de marca Priligy. Priligy Dapoxetine Gen\u00e9rico \u00e9 um medicamento usado para tratar a ejacula\u00e7\u00e3o precoce e os problemas que ela causa. O princ\u00edpio ativo do medicamento \u00e9 a dapoxetina na dosagem de 60 mg, assim como o conhecido produto original. Numerosos estudos cl\u00ednicos demonstram a efic\u00e1cia da dapoxetina no tratamento da ejacula\u00e7\u00e3o precoce.<\/p>\n","protected":false},"featured_media":6108,"comment_status":"open","ping_status":"closed","template":"","meta":[],"product_brand":[],"product_cat":[222],"product_tag":[],"class_list":{"0":"post-6192","1":"product","2":"type-product","3":"status-publish","4":"has-post-thumbnail","6":"product_cat-ejaculacao-precoce-pt","7":"pa_active_substance-dapoxetine","9":"first","10":"instock","11":"shipping-taxable","12":"product-type-variable"},"jetpack_sharing_enabled":true,"_links":{"self":[{"href":"https:\/\/pharmacy-content.com\/index.php?rest_route=\/wp\/v2\/product\/6192","targetHints":{"allow":["GET"]}}],"collection":[{"href":"https:\/\/pharmacy-content.com\/index.php?rest_route=\/wp\/v2\/product"}],"about":[{"href":"https:\/\/pharmacy-content.com\/index.php?rest_route=\/wp\/v2\/types\/product"}],"replies":[{"embeddable":true,"href":"https:\/\/pharmacy-content.com\/index.php?rest_route=%2Fwp%2Fv2%2Fcomments&post=6192"}],"wp:featuredmedia":[{"embeddable":true,"href":"https:\/\/pharmacy-content.com\/index.php?rest_route=\/wp\/v2\/media\/6108"}],"wp:attachment":[{"href":"https:\/\/pharmacy-content.com\/index.php?rest_route=%2Fwp%2Fv2%2Fmedia&parent=6192"}],"wp:term":[{"taxonomy":"product_brand","embeddable":true,"href":"https:\/\/pharmacy-content.com\/index.php?rest_route=%2Fwp%2Fv2%2Fproduct_brand&post=6192"},{"taxonomy":"product_cat","embeddable":true,"href":"https:\/\/pharmacy-content.com\/index.php?rest_route=%2Fwp%2Fv2%2Fproduct_cat&post=6192"},{"taxonomy":"product_tag","embeddable":true,"href":"https:\/\/pharmacy-content.com\/index.php?rest_route=%2Fwp%2Fv2%2Fproduct_tag&post=6192"}],"curies":[{"name":"wp","href":"https:\/\/api.w.org\/{rel}","templated":true}]}}