{"id":6256,"date":"2026-04-22T07:01:56","date_gmt":"2026-04-22T07:01:56","guid":{"rendered":""},"modified":"2026-04-22T07:02:07","modified_gmt":"2026-04-22T07:02:07","slug":"abhiforce-fm-2","status":"publish","type":"product","link":"https:\/\/pharmacy-content.com\/?product=abhiforce-fm-2&lang=de","title":{"rendered":"Abhiforce-FM"},"content":{"rendered":"<p>Abhiforce FM ist ein Arzneimittel, das bei der Heilung sexueller Funktionsst\u00f6rungen bei Frauen helfen kann. Ein solches sexuelles Problem, das bei Frauen auftritt, wird als weibliche sexuelle Dysfunktion bezeichnet. <\/p>\n<p> Diese Medikamentenmarke kann bei Frauen zu einer viel h\u00f6heren Durchblutung im Vaginalbereich f\u00fchren, sodass sie bessere und hochwertigere ekstatische Orgasmen erreichen k\u00f6nnen. W\u00e4hrend der bevorstehenden Menopause nehmen bei Frauen die sexuellen Gef\u00fchle oder die F\u00e4higkeit, Orgasmen zu erreichen, allm\u00e4hlich ab.<\/p>\n<p> Denken Sie daran, dass jede Form von Missbrauch, wie z. B. eine m\u00f6gliche \u00dcberdosis des generischen Sildenafil f\u00fcr Frauen, zu einer \u00dcberdosierung f\u00fchren und letztendlich die mit dem Arzneimittel verbundenen Nebenwirkungen hervorrufen kann .<\/p>\n<p>Da es sich um eine allgemeine Pille handelt, m\u00fcssen Sie die Arzneimittel mit vorheriger Einnahme von Wasser schlucken, um eine reibungslose Passage in den Magen zu erm\u00f6glichen. Das Gute an diesem Arzneimittel ist, dass Sie es zu jeder Tageszeit einnehmen k\u00f6nnen, egal ob nachts oder tags\u00fcber, die Wirkung des Arzneimittels \u00e4ndert sich nicht. Sobald die Wirkung des Arzneimittels nachl\u00e4sst, genie\u00dfen Sie nicht mehr die gleichen Vorteile. Die Dosierung des Arzneimittels ist etwa 6 Stunden lang wirksam. <\/p>\n<p> \u00dcberdosieren Sie niemals und nehmen Sie niemals mehr als ein einzelnes Arzneimittel am selben Tag ein, an dem Sie das erste Arzneimittel einnehmen. Um Nebenwirkungen zu vermeiden, ist au\u00dferdem der Verzicht auf Alkohol w\u00e4hrend der gesamten Wirkdauer der Arzneimittel vorgeschrieben.<\/p>\n<p> Nebenwirkungen:<br \/>\nKopfschmerzen<br \/>\nSchwindel<br \/>\n\u00dcbelkeit<br \/>\nDurchfall<br \/>\nErbrechen<br \/>\nVerschwommenes Sehen<br \/>\nHerzklopfen<br \/>\nVerst\u00e4rktes Schwitzen<br \/>\nVerminderung des H\u00f6rverm\u00f6gens <\/p>\n<p> Lagerung<br \/>\n Lagern Sie Ihre Medikamente bei Temperaturen unter 30 Grad und einer nicht so feuchten Umgebung.<\/p>\n","protected":false},"excerpt":{"rendered":"<p>Abhiforce-FM Generisch verbessert die Sexualit\u00e4t der Frau, erh\u00f6ht die Stimulationsempfindlichkeit und erm\u00f6glicht eine intensive sexuelle Befriedigung.<\/p>\n","protected":false},"featured_media":6250,"comment_status":"open","ping_status":"closed","template":"","meta":[],"product_brand":[],"product_cat":[237],"product_tag":[],"class_list":{"0":"post-6256","1":"product","2":"type-product","3":"status-publish","4":"has-post-thumbnail","6":"product_cat-sexuelle-dysfunktion-de","7":"pa_active_substance-womensildenafil","9":"first","10":"instock","11":"shipping-taxable","12":"product-type-simple"},"jetpack_sharing_enabled":true,"_links":{"self":[{"href":"https:\/\/pharmacy-content.com\/index.php?rest_route=\/wp\/v2\/product\/6256","targetHints":{"allow":["GET"]}}],"collection":[{"href":"https:\/\/pharmacy-content.com\/index.php?rest_route=\/wp\/v2\/product"}],"about":[{"href":"https:\/\/pharmacy-content.com\/index.php?rest_route=\/wp\/v2\/types\/product"}],"replies":[{"embeddable":true,"href":"https:\/\/pharmacy-content.com\/index.php?rest_route=%2Fwp%2Fv2%2Fcomments&post=6256"}],"wp:featuredmedia":[{"embeddable":true,"href":"https:\/\/pharmacy-content.com\/index.php?rest_route=\/wp\/v2\/media\/6250"}],"wp:attachment":[{"href":"https:\/\/pharmacy-content.com\/index.php?rest_route=%2Fwp%2Fv2%2Fmedia&parent=6256"}],"wp:term":[{"taxonomy":"product_brand","embeddable":true,"href":"https:\/\/pharmacy-content.com\/index.php?rest_route=%2Fwp%2Fv2%2Fproduct_brand&post=6256"},{"taxonomy":"product_cat","embeddable":true,"href":"https:\/\/pharmacy-content.com\/index.php?rest_route=%2Fwp%2Fv2%2Fproduct_cat&post=6256"},{"taxonomy":"product_tag","embeddable":true,"href":"https:\/\/pharmacy-content.com\/index.php?rest_route=%2Fwp%2Fv2%2Fproduct_tag&post=6256"}],"curies":[{"name":"wp","href":"https:\/\/api.w.org\/{rel}","templated":true}]}}