{"id":6262,"date":"2026-04-22T07:01:56","date_gmt":"2026-04-22T07:01:56","guid":{"rendered":""},"modified":"2026-04-22T07:02:07","modified_gmt":"2026-04-22T07:02:07","slug":"abhiforce-fm-3","status":"publish","type":"product","link":"https:\/\/pharmacy-content.com\/?product=abhiforce-fm-3&lang=fr","title":{"rendered":"Abhiforce-FM"},"content":{"rendered":"<p>Abhiforce FM est un m\u00e9dicament qui peut aider \u00e0 gu\u00e9rir les probl\u00e8mes de dysfonctionnement sexuel chez la femme. Un tel probl\u00e8me sexuel survenant chez les femmes est connu sous le nom de dysfonctionnement sexuel f\u00e9minin. <\/p>\n<p> Cette marque de m\u00e9dicaments peut fournir aux femmes un flux sanguin beaucoup plus \u00e9lev\u00e9 dans la r\u00e9gion vaginale pour leur permettre d&#8217;obtenir des orgasmes extatiques de meilleure qualit\u00e9 et de meilleure qualit\u00e9. \u00c0 l&#8217;approche de la m\u00e9nopause chez la femme, les sensations sexuelles ou la capacit\u00e9 \u00e0 atteindre des orgasmes diminuent progressivement.<\/p>\n<p> N&#8217;oubliez pas que toute forme de mauvaise utilisation, telle qu&#8217;une surdose potentielle de Sild\u00e9nafil g\u00e9n\u00e9rique f\u00e9minin, peut provoquer une surdose et finalement produire les effets secondaires associ\u00e9s au m\u00e9dicament. .<\/p>\n<p>Comme il s&#8217;agit d&#8217;une pilule g\u00e9n\u00e9rale, vous devez avaler les m\u00e9dicaments avec un apport pr\u00e9alable d&#8217;eau pour permettre un passage en douceur vers l&#8217;estomac. L\u2019avantage de ce m\u00e9dicament est que vous pouvez le prendre \u00e0 tout moment de la journ\u00e9e, que ce soit la nuit ou le jour, les effets du m\u00e9dicament ne changent pas. Une fois les effets du m\u00e9dicament disparus, vous ne b\u00e9n\u00e9ficiez plus des m\u00eames bienfaits. Le dosage du m\u00e9dicament est actif pendant environ 6 heures. <\/p>\n<p> Ne faites jamais de surdosage et ne prenez jamais plus d\u2019un m\u00e9dicament dans la journ\u00e9e o\u00f9 vous prenez le premier. Il est \u00e9galement obligatoire d&#8217;\u00e9viter l&#8217;alcool pendant toute la dur\u00e9e d&#8217;activit\u00e9 des m\u00e9dicaments pour \u00e9viter les effets secondaires.<\/p>\n<p> Effets secondaires :<br \/>\nMaux de t\u00eate<br \/>\n\u00c9tourdissements<br \/>\nNaus\u00e9es<br \/>\nDiarrh\u00e9e<br \/>\nVomissements<br \/>\nVision floue<br \/>\nPalpitations<br \/>\nAugmentation de la transpiration<br \/>\nR\u00e9duction des sens auditifs <\/p>\n<p> Stockage<br \/>\n Conservez vos m\u00e9dicaments \u00e0 des temp\u00e9ratures inf\u00e9rieures \u00e0 30 degr\u00e9s et dans un environnement moins humide.<\/p>\n","protected":false},"excerpt":{"rendered":"<p>Le Abhiforce-FM G\u00e9n\u00e9rique melhora a sexualidade da mulher, aumenta a sensibilidade \u00e0 estimula\u00e7\u00e3o, permite atingir uma satisfa\u00e7\u00e3o intensa sexual.<\/p>\n","protected":false},"featured_media":6250,"comment_status":"open","ping_status":"closed","template":"","meta":[],"product_brand":[],"product_cat":[240],"product_tag":[],"class_list":{"0":"post-6262","1":"product","2":"type-product","3":"status-publish","4":"has-post-thumbnail","6":"product_cat-dysfonction-sexuelle-fr","7":"pa_active_substance-womensildenafil","9":"first","10":"instock","11":"shipping-taxable","12":"product-type-simple"},"jetpack_sharing_enabled":true,"_links":{"self":[{"href":"https:\/\/pharmacy-content.com\/index.php?rest_route=\/wp\/v2\/product\/6262","targetHints":{"allow":["GET"]}}],"collection":[{"href":"https:\/\/pharmacy-content.com\/index.php?rest_route=\/wp\/v2\/product"}],"about":[{"href":"https:\/\/pharmacy-content.com\/index.php?rest_route=\/wp\/v2\/types\/product"}],"replies":[{"embeddable":true,"href":"https:\/\/pharmacy-content.com\/index.php?rest_route=%2Fwp%2Fv2%2Fcomments&post=6262"}],"wp:featuredmedia":[{"embeddable":true,"href":"https:\/\/pharmacy-content.com\/index.php?rest_route=\/wp\/v2\/media\/6250"}],"wp:attachment":[{"href":"https:\/\/pharmacy-content.com\/index.php?rest_route=%2Fwp%2Fv2%2Fmedia&parent=6262"}],"wp:term":[{"taxonomy":"product_brand","embeddable":true,"href":"https:\/\/pharmacy-content.com\/index.php?rest_route=%2Fwp%2Fv2%2Fproduct_brand&post=6262"},{"taxonomy":"product_cat","embeddable":true,"href":"https:\/\/pharmacy-content.com\/index.php?rest_route=%2Fwp%2Fv2%2Fproduct_cat&post=6262"},{"taxonomy":"product_tag","embeddable":true,"href":"https:\/\/pharmacy-content.com\/index.php?rest_route=%2Fwp%2Fv2%2Fproduct_tag&post=6262"}],"curies":[{"name":"wp","href":"https:\/\/api.w.org\/{rel}","templated":true}]}}