{"id":6268,"date":"2026-04-22T07:01:57","date_gmt":"2026-04-22T07:01:57","guid":{"rendered":""},"modified":"2026-04-22T07:02:07","modified_gmt":"2026-04-22T07:02:07","slug":"abhiforce-fm-4","status":"publish","type":"product","link":"https:\/\/pharmacy-content.com\/it\/product\/abhiforce-fm-4\/","title":{"rendered":"Abhiforce-FM"},"content":{"rendered":"<p>Abhiforce FM \u00e8 un medicinale che pu\u00f2 aiutare a curare i problemi di disfunzione sessuale nelle donne. Un tale problema sessuale che si verifica nelle donne \u00e8 noto come disfunzione sessuale femminile. <\/p>\n<p> Questa marca di medicinali pu\u00f2 fornire alle donne un flusso sanguigno molto pi\u00f9 elevato nella regione della vagina per consentire loro di raggiungere orgasmi estatici migliori e di alta qualit\u00e0. Durante l&#8217;avvicinarsi della menopausa nelle donne, le sensazioni sessuali o la capacit\u00e0 di raggiungere l&#8217;orgasmo si riducono gradualmente.<\/p>\n<p> Ricordare che qualsiasi forma di uso improprio, come un potenziale sovradosaggio del Sildenafil generico femminile, pu\u00f2 causare un sovradosaggio e, infine, produrre gli effetti collaterali associati al medicinale .<\/p>\n<p>Poich\u00e9 si tratta di una pillola generica, \u00e8 necessario ingerire i medicinali previa assunzione di acqua per consentire un passaggio agevole allo stomaco. La cosa buona di questo medicinale \u00e8 che puoi prenderlo a qualsiasi ora del giorno, sia di notte che di giorno, gli effetti del medicinale non cambiano. Una volta scomparsi gli effetti del medicinale non si godranno pi\u00f9 gli stessi benefici. Il dosaggio del medicinale \u00e8 attivo per circa 6 ore. <\/p>\n<p>Non andare mai in overdose o assumere pi\u00f9 di un singolo medicinale nello stesso giorno in cui stai assumendo il primo. Inoltre, evitare l&#8217;alcol durante l&#8217;intera durata di attivit\u00e0 dei medicinali \u00e8 obbligatorio per evitare effetti collaterali.<\/p>\n<p> Effetti collaterali:<br \/>\nMal di testa<br \/>\nVertigini<br \/>\nNausea<br \/>\nDiarrea<br \/>\nVomito<br \/>\nVisione offuscata<br \/>\nPalpitazioni<br \/>\nAumento della sudorazione<br \/>\nRiduzione dell&#8217;udito<\/p>\n<p> Conservazione<br \/>\n Conserva i tuoi medicinali a temperature inferiori a 30 gradi e in un ambiente non troppo umido.<\/p>\n","protected":false},"excerpt":{"rendered":"<p>Abhiforce-FM Generico migliora la sessualit\u00e0 della donna, aumenta la sensibilit\u00e0 alla stimolazione, permette di raggiungere un&#8217;intensa soddisfazione sessuale.<\/p>\n","protected":false},"featured_media":6250,"comment_status":"open","ping_status":"closed","template":"","meta":[],"product_brand":[],"product_cat":[243],"product_tag":[],"class_list":{"0":"post-6268","1":"product","2":"type-product","3":"status-publish","4":"has-post-thumbnail","6":"product_cat-disfunzione-sessuale-it","7":"pa_active_substance-womensildenafil","9":"first","10":"instock","11":"shipping-taxable","12":"product-type-simple"},"jetpack_sharing_enabled":true,"_links":{"self":[{"href":"https:\/\/pharmacy-content.com\/wp-json\/wp\/v2\/product\/6268","targetHints":{"allow":["GET"]}}],"collection":[{"href":"https:\/\/pharmacy-content.com\/wp-json\/wp\/v2\/product"}],"about":[{"href":"https:\/\/pharmacy-content.com\/wp-json\/wp\/v2\/types\/product"}],"replies":[{"embeddable":true,"href":"https:\/\/pharmacy-content.com\/wp-json\/wp\/v2\/comments?post=6268"}],"wp:featuredmedia":[{"embeddable":true,"href":"https:\/\/pharmacy-content.com\/wp-json\/wp\/v2\/media\/6250"}],"wp:attachment":[{"href":"https:\/\/pharmacy-content.com\/wp-json\/wp\/v2\/media?parent=6268"}],"wp:term":[{"taxonomy":"product_brand","embeddable":true,"href":"https:\/\/pharmacy-content.com\/wp-json\/wp\/v2\/product_brand?post=6268"},{"taxonomy":"product_cat","embeddable":true,"href":"https:\/\/pharmacy-content.com\/wp-json\/wp\/v2\/product_cat?post=6268"},{"taxonomy":"product_tag","embeddable":true,"href":"https:\/\/pharmacy-content.com\/wp-json\/wp\/v2\/product_tag?post=6268"}],"curies":[{"name":"wp","href":"https:\/\/api.w.org\/{rel}","templated":true}]}}