{"id":6274,"date":"2026-04-22T07:01:58","date_gmt":"2026-04-22T07:01:58","guid":{"rendered":""},"modified":"2026-04-22T07:02:08","modified_gmt":"2026-04-22T07:02:08","slug":"abhiforce-fm-5","status":"publish","type":"product","link":"https:\/\/pharmacy-content.com\/?product=abhiforce-fm-5&lang=es","title":{"rendered":"Abhiforce-FM"},"content":{"rendered":"<p>Abhiforce FM es un medicamento que puede ayudar a curar problemas de disfunci\u00f3n sexual en las mujeres. Un problema sexual de este tipo que ocurre en las mujeres se conoce como disfunci\u00f3n sexual femenina. <\/p>\n<p> Esta marca de medicamentos puede proporcionar a las mujeres un flujo sangu\u00edneo mucho mayor en la regi\u00f3n de la vagina para permitirles alcanzar orgasmos ext\u00e1ticos mejores y de alta calidad. Durante la menopausia que se acerca en las mujeres, los sentimientos sexuales o la capacidad de alcanzar orgasmos se reducen gradualmente.<\/p>\n<p> Recuerde que cualquier forma de uso indebido, como una posible sobredosis de Sildenafil gen\u00e9rico femenino, puede causar una sobredosis y, en \u00faltima instancia, producir los efectos secundarios asociados con el medicamento. .<\/p>\n<p>Al ser una pastilla general hay que tragar los medicamentos con una ingesta previa de agua para permitir un paso suave al est\u00f3mago. Lo bueno de este medicamento es que puedes tomarlo en cualquier momento del d\u00eda ya sea de noche o de d\u00eda los efectos del medicamento no cambian. Una vez que los efectos del medicamento desaparecen, ya no disfrutas de los mismos beneficios. La dosis del medicamento es activa durante aproximadamente 6 horas. <\/p>\n<p> Nunca tome una sobredosis ni tome m\u00e1s de un medicamento en el mismo d\u00eda en que toma el primero. Tambi\u00e9n es obligatorio evitar el alcohol durante todo el per\u00edodo activo de los medicamentos para evitar efectos secundarios.<\/p>\n<p> Efectos secundarios:<br \/>\nDolor de cabeza<br \/>\nMareos<br \/>\nN\u00e1useas<br \/>\nDiarrea<br \/>\nV\u00f3mitos<br \/>\nVisi\u00f3n borrosa<br \/>\nPalpitaciones<br \/>\nAumento de la sudoraci\u00f3n<br \/>\nReducci\u00f3n de los sentidos auditivos <\/p>\n<p> Almacenamiento<br \/>\n Guarde sus medicamentos a temperaturas inferiores a 30 grados y en un ambiente no tan h\u00famedo.<\/p>\n","protected":false},"excerpt":{"rendered":"<p>Abhiforce-FM Gen\u00e9rico mejora la sexualidad de la mujer, aumenta la sensibilidad a la estimulaci\u00f3n y permite alcanzar una intensa satisfacci\u00f3n sexual.<\/p>\n","protected":false},"featured_media":6250,"comment_status":"open","ping_status":"closed","template":"","meta":[],"product_brand":[],"product_cat":[246],"product_tag":[],"class_list":{"0":"post-6274","1":"product","2":"type-product","3":"status-publish","4":"has-post-thumbnail","6":"product_cat-disfuncion-sexual-es","7":"pa_active_substance-womensildenafil","9":"first","10":"instock","11":"shipping-taxable","12":"product-type-simple"},"jetpack_sharing_enabled":true,"_links":{"self":[{"href":"https:\/\/pharmacy-content.com\/index.php?rest_route=\/wp\/v2\/product\/6274","targetHints":{"allow":["GET"]}}],"collection":[{"href":"https:\/\/pharmacy-content.com\/index.php?rest_route=\/wp\/v2\/product"}],"about":[{"href":"https:\/\/pharmacy-content.com\/index.php?rest_route=\/wp\/v2\/types\/product"}],"replies":[{"embeddable":true,"href":"https:\/\/pharmacy-content.com\/index.php?rest_route=%2Fwp%2Fv2%2Fcomments&post=6274"}],"wp:featuredmedia":[{"embeddable":true,"href":"https:\/\/pharmacy-content.com\/index.php?rest_route=\/wp\/v2\/media\/6250"}],"wp:attachment":[{"href":"https:\/\/pharmacy-content.com\/index.php?rest_route=%2Fwp%2Fv2%2Fmedia&parent=6274"}],"wp:term":[{"taxonomy":"product_brand","embeddable":true,"href":"https:\/\/pharmacy-content.com\/index.php?rest_route=%2Fwp%2Fv2%2Fproduct_brand&post=6274"},{"taxonomy":"product_cat","embeddable":true,"href":"https:\/\/pharmacy-content.com\/index.php?rest_route=%2Fwp%2Fv2%2Fproduct_cat&post=6274"},{"taxonomy":"product_tag","embeddable":true,"href":"https:\/\/pharmacy-content.com\/index.php?rest_route=%2Fwp%2Fv2%2Fproduct_tag&post=6274"}],"curies":[{"name":"wp","href":"https:\/\/api.w.org\/{rel}","templated":true}]}}