{"id":6280,"date":"2026-04-22T07:01:59","date_gmt":"2026-04-22T07:01:59","guid":{"rendered":""},"modified":"2026-04-22T07:02:08","modified_gmt":"2026-04-22T07:02:08","slug":"abhiforce-fm-6","status":"publish","type":"product","link":"https:\/\/pharmacy-content.com\/?product=abhiforce-fm-6&lang=pl","title":{"rendered":"Abhiforce-FM"},"content":{"rendered":"<p>Abhiforce FM to lek, kt\u00f3ry mo\u017ce pom\u00f3c w leczeniu problem\u00f3w zwi\u0105zanych z dysfunkcjami seksualnymi u kobiet. Taki problem seksualny wyst\u0119puj\u0105cy u kobiet nazywany jest dysfunkcj\u0105 seksualn\u0105 u kobiet. <\/p>\n<p> Leki tej marki mog\u0105 zapewni\u0107 kobietom znacznie wi\u0119kszy przep\u0142yw krwi w okolicy pochwy, co pozwala im osi\u0105gn\u0105\u0107 lepsze i wysokiej jako\u015bci ekstatyczne orgazmy. W okresie zbli\u017caj\u0105cej si\u0119 menopauzy u kobiet uczucia seksualne lub zdolno\u015b\u0107 osi\u0105gania orgazmu stopniowo si\u0119 zmniejszaj\u0105.<\/p>\n<p> Nale\u017cy pami\u0119ta\u0107, \u017ce ka\u017cda forma niew\u0142a\u015bciwego stosowania, taka jak potencjalne przedawkowanie generycznego leku Sildenafil dla kobiet, mo\u017ce spowodowa\u0107 przedawkowanie i ostatecznie wywo\u0142a\u0107 zwi\u0105zane z lekiem dzia\u0142ania niepo\u017c\u0105dane .<\/p>\n<p>Poniewa\u017c jest to tabletka o dzia\u0142aniu og\u00f3lnym, leki nale\u017cy po\u0142yka\u0107, popijaj\u0105c wcze\u015bniej wod\u0105, aby umo\u017cliwi\u0107 p\u0142ynne przedostanie si\u0119 do \u017co\u0142\u0105dka. Zalet\u0105 tego leku jest to, \u017ce mo\u017cna go przyjmowa\u0107 o ka\u017cdej porze dnia, niezale\u017cnie od tego, czy jest noc, czy dzie\u0144, a dzia\u0142anie leku nie ulega zmianie. Gdy skutki leku znikn\u0105, nie b\u0119dziesz ju\u017c m\u00f3g\u0142 cieszy\u0107 si\u0119 tymi samymi korzy\u015bciami. Dawka leku dzia\u0142a przez oko\u0142o 6 godzin. <\/p>\n<p> Nigdy nie przedawkuj ani nie przyjmuj wi\u0119cej ni\u017c jednego leku w tym samym dniu, w kt\u00f3rym przyjmujesz pierwszy. Aby unikn\u0105\u0107 skutk\u00f3w ubocznych, konieczne jest r\u00f3wnie\u017c unikanie alkoholu przez ca\u0142y okres dzia\u0142ania lek\u00f3w.<\/p>\n<p> Skutki uboczne:<br \/>\nB\u00f3l g\u0142owy<br \/>\nZawroty g\u0142owy<br \/>\nNddo\u015bci<br \/>\nBiegunka<br \/>\nWymioty<br \/>\nNiewyra\u017ane widzenie<br \/>\nKo\u0142atanie serca<br \/>\nWi\u0119ksza potliwo\u015b\u0107<br \/>\nOs\u0142abienie zmys\u0142u s\u0142uchu <\/p>\n<p> Przechowywanie<br \/>\n Leki nale\u017cy przechowywa\u0107 w temperaturze poni\u017cej 30 stopni i niezbyt wilgotnym \u015brodowisku.<\/p>\n","protected":false},"excerpt":{"rendered":"<p>Abhiforce-FM Generyczny poprawia seksualno\u015b\u0107 kobiety, zwi\u0119ksza wra\u017cliwo\u015b\u0107 na stymulacj\u0119, pozwala osi\u0105gn\u0105\u0107 intensywn\u0105 satysfakcj\u0119 seksualn\u0105.<\/p>\n","protected":false},"featured_media":6250,"comment_status":"open","ping_status":"closed","template":"","meta":[],"product_brand":[],"product_cat":[249],"product_tag":[],"class_list":{"0":"post-6280","1":"product","2":"type-product","3":"status-publish","4":"has-post-thumbnail","6":"product_cat-dysfunkcja-seksualna-pl","7":"pa_active_substance-womensildenafil","9":"first","10":"instock","11":"shipping-taxable","12":"product-type-simple"},"jetpack_sharing_enabled":true,"_links":{"self":[{"href":"https:\/\/pharmacy-content.com\/index.php?rest_route=\/wp\/v2\/product\/6280","targetHints":{"allow":["GET"]}}],"collection":[{"href":"https:\/\/pharmacy-content.com\/index.php?rest_route=\/wp\/v2\/product"}],"about":[{"href":"https:\/\/pharmacy-content.com\/index.php?rest_route=\/wp\/v2\/types\/product"}],"replies":[{"embeddable":true,"href":"https:\/\/pharmacy-content.com\/index.php?rest_route=%2Fwp%2Fv2%2Fcomments&post=6280"}],"wp:featuredmedia":[{"embeddable":true,"href":"https:\/\/pharmacy-content.com\/index.php?rest_route=\/wp\/v2\/media\/6250"}],"wp:attachment":[{"href":"https:\/\/pharmacy-content.com\/index.php?rest_route=%2Fwp%2Fv2%2Fmedia&parent=6280"}],"wp:term":[{"taxonomy":"product_brand","embeddable":true,"href":"https:\/\/pharmacy-content.com\/index.php?rest_route=%2Fwp%2Fv2%2Fproduct_brand&post=6280"},{"taxonomy":"product_cat","embeddable":true,"href":"https:\/\/pharmacy-content.com\/index.php?rest_route=%2Fwp%2Fv2%2Fproduct_cat&post=6280"},{"taxonomy":"product_tag","embeddable":true,"href":"https:\/\/pharmacy-content.com\/index.php?rest_route=%2Fwp%2Fv2%2Fproduct_tag&post=6280"}],"curies":[{"name":"wp","href":"https:\/\/api.w.org\/{rel}","templated":true}]}}