{"id":6286,"date":"2026-04-22T07:02:00","date_gmt":"2026-04-22T07:02:00","guid":{"rendered":""},"modified":"2026-04-22T07:02:08","modified_gmt":"2026-04-22T07:02:08","slug":"abhiforce-fm-7","status":"publish","type":"product","link":"https:\/\/pharmacy-content.com\/?product=abhiforce-fm-7&lang=pt","title":{"rendered":"Abhiforce-FM"},"content":{"rendered":"<p>Abhiforce FM \u00e9 um medicamento que pode ajudar a curar problemas de disfun\u00e7\u00e3o sexual em mulheres. Esse problema sexual que ocorre em mulheres \u00e9 conhecido como disfun\u00e7\u00e3o sexual feminina. <\/p>\n<p> Esta marca de medicamentos pode proporcionar \u00e0s mulheres um fluxo sangu\u00edneo muito maior na regi\u00e3o da vagina, permitindo-lhes atingir orgasmos ext\u00e1ticos melhores e de alta qualidade. Durante a aproxima\u00e7\u00e3o da menopausa nas mulheres, as sensa\u00e7\u00f5es sexuais ou a capacidade de atingir orgasmos diminuem gradualmente.<\/p>\n<p> Lembre-se de que qualquer forma de uso indevido, como uma poss\u00edvel overdose de Sildenafil gen\u00e9rico feminino, pode causar uma overdose e, em \u00faltima an\u00e1lise, produzir os efeitos colaterais associados ao medicamento. .<\/p>\n<p>Como se trata de uma p\u00edlula geral, deve-se engolir os medicamentos com uma ingest\u00e3o pr\u00e9via de \u00e1gua para permitir uma passagem suave at\u00e9 o est\u00f4mago. O bom deste medicamento \u00e9 que voc\u00ea pode tom\u00e1-lo a qualquer hora do dia, seja de dia ou de noite, os efeitos do medicamento n\u00e3o mudam. Depois que os efeitos do medicamento desaparecem, voc\u00ea n\u00e3o desfruta mais dos mesmos benef\u00edcios. A dosagem do medicamento fica ativa por cerca de 6 horas. <\/p>\n<p> Nunca tome uma overdose ou mais de um medicamento no mesmo dia em que tomou o primeiro. Tamb\u00e9m \u00e9 obrigat\u00f3rio evitar o \u00e1lcool durante todo o per\u00edodo ativo dos medicamentos para evitar efeitos colaterais.<\/p>\n<p> Efeitos colaterais:<br \/>\nDor de cabe\u00e7a<br \/>\nTonturas<br \/>\nN\u00e1useas<br \/>\nDiarr\u00e9ia<br \/>\nV\u00f4mitos<br \/>\nVis\u00e3o emba\u00e7ada<br \/>\nPalpita\u00e7\u00f5es<br \/>\nAumento da sudorese<br \/>\nRedu\u00e7\u00e3o dos sentidos auditivos <\/p>\n<p> Armazenamento<br \/>\n Armazene seus medicamentos em temperaturas inferiores a 30 graus e em um ambiente n\u00e3o t\u00e3o \u00famido.<\/p>\n","protected":false},"excerpt":{"rendered":"<p>O Abhiforce-FM Gen\u00e9rico melhora a sexualidade da mulher, aumenta a sensibilidade \u00e0 estimula\u00e7\u00e3o, permite alcan\u00e7ar uma intensa satisfa\u00e7\u00e3o sexual.<\/p>\n","protected":false},"featured_media":6250,"comment_status":"open","ping_status":"closed","template":"","meta":[],"product_brand":[],"product_cat":[252],"product_tag":[],"class_list":{"0":"post-6286","1":"product","2":"type-product","3":"status-publish","4":"has-post-thumbnail","6":"product_cat-disfuncao-sexual-pt","7":"pa_active_substance-womensildenafil","9":"first","10":"instock","11":"shipping-taxable","12":"product-type-simple"},"jetpack_sharing_enabled":true,"_links":{"self":[{"href":"https:\/\/pharmacy-content.com\/index.php?rest_route=\/wp\/v2\/product\/6286","targetHints":{"allow":["GET"]}}],"collection":[{"href":"https:\/\/pharmacy-content.com\/index.php?rest_route=\/wp\/v2\/product"}],"about":[{"href":"https:\/\/pharmacy-content.com\/index.php?rest_route=\/wp\/v2\/types\/product"}],"replies":[{"embeddable":true,"href":"https:\/\/pharmacy-content.com\/index.php?rest_route=%2Fwp%2Fv2%2Fcomments&post=6286"}],"wp:featuredmedia":[{"embeddable":true,"href":"https:\/\/pharmacy-content.com\/index.php?rest_route=\/wp\/v2\/media\/6250"}],"wp:attachment":[{"href":"https:\/\/pharmacy-content.com\/index.php?rest_route=%2Fwp%2Fv2%2Fmedia&parent=6286"}],"wp:term":[{"taxonomy":"product_brand","embeddable":true,"href":"https:\/\/pharmacy-content.com\/index.php?rest_route=%2Fwp%2Fv2%2Fproduct_brand&post=6286"},{"taxonomy":"product_cat","embeddable":true,"href":"https:\/\/pharmacy-content.com\/index.php?rest_route=%2Fwp%2Fv2%2Fproduct_cat&post=6286"},{"taxonomy":"product_tag","embeddable":true,"href":"https:\/\/pharmacy-content.com\/index.php?rest_route=%2Fwp%2Fv2%2Fproduct_tag&post=6286"}],"curies":[{"name":"wp","href":"https:\/\/api.w.org\/{rel}","templated":true}]}}