{"id":6304,"date":"2026-04-22T07:02:03","date_gmt":"2026-04-22T07:02:03","guid":{"rendered":""},"modified":"2026-04-22T07:02:08","modified_gmt":"2026-04-22T07:02:08","slug":"abhiforce-fm-10","status":"publish","type":"product","link":"https:\/\/pharmacy-content.com\/?product=abhiforce-fm-10&lang=cs","title":{"rendered":"Abhiforce-FM"},"content":{"rendered":"<p>Abhiforce FM je l\u00e9k, kter\u00fd m\u016f\u017ee pomoci vyl\u00e9\u010dit probl\u00e9my se sexu\u00e1ln\u00ed dysfunkc\u00ed u \u017een. Takov\u00fd sexu\u00e1ln\u00ed probl\u00e9m u \u017een je zn\u00e1m\u00fd jako \u017eensk\u00e1 sexu\u00e1ln\u00ed dysfunkce. <\/p>\n<p>Tato zna\u010dka l\u00e9k\u016f m\u016f\u017ee poskytnout \u017een\u00e1m mnohem vy\u0161\u0161\u00ed prokrven\u00ed v oblasti vag\u00edny, co\u017e jim umo\u017en\u00ed dos\u00e1hnout lep\u0161\u00edch a kvalitn\u011bj\u0161\u00edch extatick\u00fdch orgasm\u016f. B\u011bhem bl\u00ed\u017e\u00edc\u00ed se menopauzy u \u017een se sexu\u00e1ln\u00ed pocity nebo schopnost dos\u00e1hnout orgasm\u016f postupn\u011b sni\u017euj\u00ed.<\/p>\n<p>Pamatujte, \u017ee jak\u00e1koli forma zneu\u017eit\u00ed, jako je potenci\u00e1ln\u00ed p\u0159ed\u00e1vkov\u00e1n\u00ed \u017eensk\u00fdm generick\u00fdm Sildenafilem, m\u016f\u017ee zp\u016fsobit p\u0159ed\u00e1vkov\u00e1n\u00ed a nakonec vyprodukovat vedlej\u0161\u00ed \u00fa\u010dinky spojen\u00e9 s l\u00e9kem.<\/p>\n<p>Jeliko\u017e se jedn\u00e1 o b\u011b\u017enou pilulku, mus\u00edte l\u00e9ky spolknout s p\u0159edchoz\u00edm p\u0159\u00edjmem vody, aby se zajistil hladk\u00fd pr\u016fchod do \u017ealudku. Dobrou v\u011bc\u00ed na tomto l\u00e9ku je, \u017ee ho m\u016f\u017eete u\u017e\u00edvat kdykoli b\u011bhem dne, a\u0165 u\u017e v noci nebo p\u0159es den, \u00fa\u010dinky l\u00e9ku se nem\u011bn\u00ed. Jakmile \u00fa\u010dinky l\u00e9ku pominou, u\u017e nebudete m\u00edt stejn\u00e9 v\u00fdhody. D\u00e1vkov\u00e1n\u00ed l\u00e9ku je aktivn\u00ed p\u0159ibli\u017en\u011b 6 hodin. <\/p>\n<p>Nikdy nep\u0159ed\u00e1vkujte ani neu\u017e\u00edvejte v\u00edce ne\u017e jednu pilulku b\u011bhem t\u00e9ho\u017e dne, kdy u\u017e\u00edv\u00e1te prvn\u00ed. Tak\u00e9 se doporu\u010duje vyhnout se alkoholu b\u011bhem cel\u00e9 aktivn\u00ed doby \u00fa\u010dinnosti l\u00e9k\u016f, aby se p\u0159ede\u0161lo vedlej\u0161\u00edm \u00fa\u010dink\u016fm.<\/p>\n<p>Vedlej\u0161\u00ed \u00fa\u010dinky:<br \/>\nBolest hlavy<br \/>\nZ\u00e1vrat\u011b<br \/>\nNevolnost<br \/>\nPr\u016fjem<br \/>\nZvracen\u00ed<br \/>\nRozmazan\u00e9 vid\u011bn\u00ed<br \/>\nBu\u0161en\u00ed srdce<br \/>\nZv\u00fd\u0161en\u00e9 pocen\u00ed<br \/>\nSn\u00ed\u017een\u00ed sluchov\u00fdch smysl\u016f <\/p>\n<p>Skladov\u00e1n\u00ed<br \/>\nSkladujte sv\u00e9 l\u00e9ky p\u0159i teplot\u00e1ch ni\u017e\u0161\u00edch ne\u017e 30 stup\u0148\u016f a v m\u00e1lo vlhk\u00e9m prost\u0159ed\u00ed.<\/p>\n","protected":false},"excerpt":{"rendered":"<p>Abhiforce-FM Generic zlep\u0161uje \u017eenskou sexualitu, zvy\u0161uje citlivost na stimulaci, umo\u017e\u0148uje dos\u00e1hnout intenzivn\u00edho sexu\u00e1ln\u00edho uspokojen\u00ed.<\/p>\n","protected":false},"featured_media":6250,"comment_status":"open","ping_status":"closed","template":"","meta":[],"product_brand":[],"product_cat":[261],"product_tag":[],"class_list":{"0":"post-6304","1":"product","2":"type-product","3":"status-publish","4":"has-post-thumbnail","6":"product_cat-sexualni-dysfunkce-cs","7":"pa_active_substance-womensildenafil","9":"first","10":"instock","11":"shipping-taxable","12":"product-type-simple"},"jetpack_sharing_enabled":true,"_links":{"self":[{"href":"https:\/\/pharmacy-content.com\/index.php?rest_route=\/wp\/v2\/product\/6304","targetHints":{"allow":["GET"]}}],"collection":[{"href":"https:\/\/pharmacy-content.com\/index.php?rest_route=\/wp\/v2\/product"}],"about":[{"href":"https:\/\/pharmacy-content.com\/index.php?rest_route=\/wp\/v2\/types\/product"}],"replies":[{"embeddable":true,"href":"https:\/\/pharmacy-content.com\/index.php?rest_route=%2Fwp%2Fv2%2Fcomments&post=6304"}],"wp:featuredmedia":[{"embeddable":true,"href":"https:\/\/pharmacy-content.com\/index.php?rest_route=\/wp\/v2\/media\/6250"}],"wp:attachment":[{"href":"https:\/\/pharmacy-content.com\/index.php?rest_route=%2Fwp%2Fv2%2Fmedia&parent=6304"}],"wp:term":[{"taxonomy":"product_brand","embeddable":true,"href":"https:\/\/pharmacy-content.com\/index.php?rest_route=%2Fwp%2Fv2%2Fproduct_brand&post=6304"},{"taxonomy":"product_cat","embeddable":true,"href":"https:\/\/pharmacy-content.com\/index.php?rest_route=%2Fwp%2Fv2%2Fproduct_cat&post=6304"},{"taxonomy":"product_tag","embeddable":true,"href":"https:\/\/pharmacy-content.com\/index.php?rest_route=%2Fwp%2Fv2%2Fproduct_tag&post=6304"}],"curies":[{"name":"wp","href":"https:\/\/api.w.org\/{rel}","templated":true}]}}