{"id":6365,"date":"2026-04-22T07:02:21","date_gmt":"2026-04-22T07:02:21","guid":{"rendered":""},"modified":"2026-04-22T07:02:26","modified_gmt":"2026-04-22T07:02:26","slug":"cenforce-fm-10","status":"publish","type":"product","link":"https:\/\/pharmacy-content.com\/?product=cenforce-fm-10&lang=cs","title":{"rendered":"Cenforce-FM"},"content":{"rendered":"<p>Cenforce-FM je l\u00e9k, kter\u00fd m\u016f\u017ee pomoci vyl\u00e9\u010dit probl\u00e9my se sexu\u00e1ln\u00ed dysfunkc\u00ed u \u017een. Takov\u00fd sexu\u00e1ln\u00ed probl\u00e9m u \u017een se naz\u00fdv\u00e1 \u017eensk\u00e1 sexu\u00e1ln\u00ed dysfunkce. <\/p>\n<p> Tato zna\u010dka l\u00e9k\u016f m\u016f\u017ee \u017een\u00e1m poskytnout mnohem vy\u0161\u0161\u00ed pr\u016ftok krve v oblasti vag\u00edny, aby dos\u00e1hly lep\u0161\u00edch a kvalitn\u011bj\u0161\u00edch extatick\u00fdch orgasm\u016f. B\u011bhem bl\u00ed\u017e\u00edc\u00ed se menopauzy u \u017een se sexu\u00e1ln\u00ed pocity nebo schopnost dos\u00e1hnout orgasm\u016f postupn\u011b sni\u017euj\u00ed. <\/p>\n<p> Pamatujte, \u017ee jak\u00e1koliv forma zneu\u017eit\u00ed, jako je potenci\u00e1ln\u00ed p\u0159ed\u00e1vkov\u00e1n\u00ed \u017eensk\u00fdm generick\u00fdm Sildenafilem, m\u016f\u017ee zp\u016fsobit p\u0159ed\u00e1vkov\u00e1n\u00ed a nakonec vyprodukovat vedlej\u0161\u00ed \u00fa\u010dinky spojen\u00e9 s t\u00edmto l\u00e9kem. <\/p>\n<p>Jeliko\u017e je to obecn\u00e1 pilulka, mus\u00edte l\u00e9ky spolknout s p\u0159edchoz\u00edm p\u0159\u00edjmem vody, aby se zajistil hladk\u00fd pr\u016fchod do \u017ealudku. Dobrou v\u011bc\u00ed na tomto l\u00e9ku je, \u017ee jej m\u016f\u017eete u\u017e\u00edvat kdykoliv b\u011bhem dne, a\u0165 u\u017e v noci nebo p\u0159es den, \u00fa\u010dinky l\u00e9ku se nem\u011bn\u00ed. Jakmile \u00fa\u010dinky l\u00e9ku pominou, ji\u017e nebudete m\u00edt stejn\u00e9 v\u00fdhody. D\u00e1vkov\u00e1n\u00ed l\u00e9ku je \u00fa\u010dinn\u00e9 p\u0159ibli\u017en\u011b 6 hodin. <\/p>\n<p> Nikdy nep\u0159ed\u00e1vkujte ani neberte v\u00edce ne\u017e jednu pilulku ve stejn\u00fd den, kdy u\u017e\u00edv\u00e1te prvn\u00ed. Tak\u00e9 je nezbytn\u00e9 se b\u011bhem cel\u00e9 aktivn\u00ed doby l\u00e9ku vyhnout alkoholu, abyste se vyhnuli vedlej\u0161\u00edm \u00fa\u010dink\u016fm. <\/p>\n<p> Vedlej\u0161\u00ed \u00fa\u010dinky:<br \/>\nBolest hlavy<br \/>\nZ\u00e1vrat\u011b<br \/>\nNauzea<br \/>\nPr\u016fjem<br \/>\nZvracen\u00ed<br \/>\nRozmazan\u00e9 vid\u011bn\u00ed<br \/>\nBu\u0161en\u00ed srdce<br \/>\nZv\u00fd\u0161en\u00e9 pocen\u00ed<br \/>\nSn\u00ed\u017een\u00ed sluchu <\/p>\n<p> Skladov\u00e1n\u00ed<br \/>\n Uchov\u00e1vejte sv\u00e9 l\u00e9ky p\u0159i teplot\u00e1ch ni\u017e\u0161\u00edch ne\u017e 30 stup\u0148\u016f a v m\u00e9n\u011b vlhk\u00e9m prost\u0159ed\u00ed.<\/p>\n","protected":false},"excerpt":{"rendered":"<p>Cenforce-FM Generic obsahuje jako \u00fa\u010dinnou l\u00e1tku sildenafil. To umo\u017e\u0148uje op\u011bt dlouhotrvaj\u00edc\u00ed pot\u011b\u0161en\u00ed p\u0159i pohlavn\u00edm styku. Celosv\u011btov\u011b obl\u00edben\u00e1 droga pom\u00e1h\u00e1 na n\u011bkolika \u00farovn\u00edch.<\/p>\n","protected":false},"featured_media":6311,"comment_status":"open","ping_status":"closed","template":"","meta":[],"product_brand":[],"product_cat":[261],"product_tag":[],"class_list":{"0":"post-6365","1":"product","2":"type-product","3":"status-publish","4":"has-post-thumbnail","6":"product_cat-sexualni-dysfunkce-cs","7":"pa_active_substance-womensildenafil","9":"first","10":"instock","11":"shipping-taxable","12":"product-type-simple"},"jetpack_sharing_enabled":true,"_links":{"self":[{"href":"https:\/\/pharmacy-content.com\/index.php?rest_route=\/wp\/v2\/product\/6365","targetHints":{"allow":["GET"]}}],"collection":[{"href":"https:\/\/pharmacy-content.com\/index.php?rest_route=\/wp\/v2\/product"}],"about":[{"href":"https:\/\/pharmacy-content.com\/index.php?rest_route=\/wp\/v2\/types\/product"}],"replies":[{"embeddable":true,"href":"https:\/\/pharmacy-content.com\/index.php?rest_route=%2Fwp%2Fv2%2Fcomments&post=6365"}],"wp:featuredmedia":[{"embeddable":true,"href":"https:\/\/pharmacy-content.com\/index.php?rest_route=\/wp\/v2\/media\/6311"}],"wp:attachment":[{"href":"https:\/\/pharmacy-content.com\/index.php?rest_route=%2Fwp%2Fv2%2Fmedia&parent=6365"}],"wp:term":[{"taxonomy":"product_brand","embeddable":true,"href":"https:\/\/pharmacy-content.com\/index.php?rest_route=%2Fwp%2Fv2%2Fproduct_brand&post=6365"},{"taxonomy":"product_cat","embeddable":true,"href":"https:\/\/pharmacy-content.com\/index.php?rest_route=%2Fwp%2Fv2%2Fproduct_cat&post=6365"},{"taxonomy":"product_tag","embeddable":true,"href":"https:\/\/pharmacy-content.com\/index.php?rest_route=%2Fwp%2Fv2%2Fproduct_tag&post=6365"}],"curies":[{"name":"wp","href":"https:\/\/api.w.org\/{rel}","templated":true}]}}