{"id":6396,"date":"2026-04-22T07:02:33","date_gmt":"2026-04-22T07:02:33","guid":{"rendered":""},"modified":"2026-04-22T07:02:43","modified_gmt":"2026-04-22T07:02:43","slug":"clitoris-5","status":"publish","type":"product","link":"https:\/\/pharmacy-content.com\/es\/product\/clitoris-5\/","title":{"rendered":"Clitoris"},"content":{"rendered":"<p>Uso com\u00fan<br \/>\nLa disfunci\u00f3n sexual en la mujer se caracteriza por la falta de deseo, excitaci\u00f3n u orgasmo. Clitoris femenino ayuda a aumentar la libido en las mujeres, aumenta el recuerdo sexual, la sensibilidad a la estimulaci\u00f3n, promueve cl\u00edmax extraordinarios y m\u00faltiples y una perfecta lubricaci\u00f3n natural. Act\u00faa aumentando el flujo sangu\u00edneo genital requerido y la distensibilidad vaginal, lo que resulta en un placer intensificado durante el acto sexual.<\/p>\n<p>Dosis y direcci\u00f3n<br \/>\nT\u00f3melo por v\u00eda oral, el efecto aparece 45 minutos despu\u00e9s de la ingesta y contin\u00faa de 4 a 6 horas. No exceda la dosis recomendada para evitar el agravamiento de los efectos secundarios.<\/p>\n<p>Precauciones<br \/>\nEste medicamento es eficaz en mujeres menores de 50 a\u00f1os. tener una histerectom\u00eda y menopausia. Consulte a su m\u00e9dico si est\u00e1 embarazada o amamantando antes de tomar Clitoris femenina.<\/p>\n<p>Contraindicaci\u00f3n<br \/>\nNo tome este medicamento si es hipersensible a \u00e9l.<\/p>\n<p>Posibles efectos secundarios<br \/>\nEste medicamento generalmente se tolera bien, pero algunas personas pueden experimentarlo. enrojecimiento de la cara; dolor de barriga; sensibilidad a la luz; n\u00e1useas. Busque atenci\u00f3n m\u00e9dica de emergencia de inmediato si se produce cualquiera de los efectos secundarios graves.<\/p>\n<p>Interacci\u00f3n con otros medicamentos<br \/>\nSe ha demostrado que Clitoris femenino potencia los efectos hipotensores de los nitratos y su administraci\u00f3n a pacientes que usan nitratos org\u00e1nicos, ya sea de forma regular y\/o intermitente, en por lo tanto, cualquier forma est\u00e1 contraindicada.<\/p>\n<p>Dosis omitida<br \/>\nTome la dosis omitida tan pronto como se acuerde. Si es casi la hora de su siguiente dosis, om\u00edtala y vuelva a su horario habitual.<\/p>\n<p>Sobredosis<br \/>\nSe necesita atenci\u00f3n m\u00e9dica inmediata en caso de que haya sufrido una sobredosis del medicamento.<\/p>\n<p>Almacenamiento<br \/>\nEl Clitoris femenino debe almacenarse en una habitaci\u00f3n temperatura, entre 36 y 86 grados F en un recipiente cerrado.<\/p>\n<p>Descargo de responsabilidad<br \/>\nSolo proporcionamos informaci\u00f3n general sobre medicamentos que no cubre todas las direcciones, posibles integraciones de medicamentos o precauciones. La informaci\u00f3n contenida en el sitio no se puede utilizar para autotratamiento y autodiagn\u00f3stico. Cualquier instrucci\u00f3n espec\u00edfica para un paciente en particular debe acordarse con su asesor de atenci\u00f3n m\u00e9dica o m\u00e9dico a cargo del caso. Renunciamos a la fiabilidad de esta informaci\u00f3n y a los errores que pueda contener. No somos responsables de ning\u00fan da\u00f1o directo, indirecto, especial u otro da\u00f1o indirecto como resultado de cualquier uso de la informaci\u00f3n en este sitio y tampoco de las consecuencias del autotratamiento.<\/p>\n","protected":false},"excerpt":{"rendered":"<p>Este medicamento Generic es la versi\u00f3n femenina del que se usa para los hombres. Est\u00e1 espec\u00edficamente formulado para mujeres que quieren mejorar su placer sexual. Lo que hace es mejorar el flujo sangu\u00edneo a la vagina durante las relaciones sexuales. Es el principal responsable de iniciar el acto sexual, permiti\u00e9ndole experimentar una experiencia sexual m\u00e1s emocionante y maravillosa.<\/p>\n","protected":false},"featured_media":6372,"comment_status":"open","ping_status":"closed","template":"","meta":[],"product_brand":[],"product_cat":[246],"product_tag":[],"class_list":{"0":"post-6396","1":"product","2":"type-product","3":"status-publish","4":"has-post-thumbnail","6":"product_cat-disfuncion-sexual-es","7":"pa_active_substance-sildenafilcitrate","9":"first","10":"instock","11":"shipping-taxable","12":"product-type-simple"},"jetpack_sharing_enabled":true,"_links":{"self":[{"href":"https:\/\/pharmacy-content.com\/wp-json\/wp\/v2\/product\/6396","targetHints":{"allow":["GET"]}}],"collection":[{"href":"https:\/\/pharmacy-content.com\/wp-json\/wp\/v2\/product"}],"about":[{"href":"https:\/\/pharmacy-content.com\/wp-json\/wp\/v2\/types\/product"}],"replies":[{"embeddable":true,"href":"https:\/\/pharmacy-content.com\/wp-json\/wp\/v2\/comments?post=6396"}],"wp:featuredmedia":[{"embeddable":true,"href":"https:\/\/pharmacy-content.com\/wp-json\/wp\/v2\/media\/6372"}],"wp:attachment":[{"href":"https:\/\/pharmacy-content.com\/wp-json\/wp\/v2\/media?parent=6396"}],"wp:term":[{"taxonomy":"product_brand","embeddable":true,"href":"https:\/\/pharmacy-content.com\/wp-json\/wp\/v2\/product_brand?post=6396"},{"taxonomy":"product_cat","embeddable":true,"href":"https:\/\/pharmacy-content.com\/wp-json\/wp\/v2\/product_cat?post=6396"},{"taxonomy":"product_tag","embeddable":true,"href":"https:\/\/pharmacy-content.com\/wp-json\/wp\/v2\/product_tag?post=6396"}],"curies":[{"name":"wp","href":"https:\/\/api.w.org\/{rel}","templated":true}]}}