{"id":6402,"date":"2026-04-22T07:02:34","date_gmt":"2026-04-22T07:02:34","guid":{"rendered":""},"modified":"2026-04-22T07:02:43","modified_gmt":"2026-04-22T07:02:43","slug":"clitoris-6","status":"publish","type":"product","link":"https:\/\/pharmacy-content.com\/?product=clitoris-6&lang=pl","title":{"rendered":"Clitoris"},"content":{"rendered":"<p>Powszechne zastosowanie<br \/>\nZaburzenia seksualne u kobiet charakteryzuj\u0105 si\u0119 brakiem po\u017c\u0105dania, podniecenia i orgazmu. Clitoris dla kobiet pomaga zwi\u0119kszy\u0107 libido u kobiet, zwi\u0119ksza przypominanie sobie seksu, wra\u017cliwo\u015b\u0107 na stymulacj\u0119, sprzyja niezwyk\u0142ym i wielokrotnym orgazmom, doskona\u0142e naturalne nawil\u017cenie. Dzia\u0142a poprzez zwi\u0119kszenie wymaganego przep\u0142ywu krwi w narz\u0105dach p\u0142ciowych i podatno\u015bci pochwy, co skutkuje zwi\u0119kszon\u0105 przyjemno\u015bci\u0105 podczas stosunku p\u0142ciowego.<\/p>\n<p>Dawkowanie i spos\u00f3b u\u017cycia<br \/>\nPrzyjmowa\u0107 doustnie, efekt pojawia si\u0119 w ci\u0105gu 45 minut po za\u017cyciu i utrzymuje si\u0119 przez 4-6 godzin. Nie przekracza\u0107 zalecanej dawki, aby unikn\u0105\u0107 nasilenia dzia\u0142a\u0144 niepo\u017c\u0105danych.<\/p>\n<p>\u015arodki ostro\u017cno\u015bci<br \/>\nLek ten jest skuteczny u kobiet w wieku poni\u017cej 50 lat. po histerektomii i menopauzie. Je\u015bli jeste\u015b w ci\u0105\u017cy lub karmisz piersi\u0105, przed za\u017cyciem Viagry dla kobiet skonsultuj si\u0119 z lekarzem.<\/p>\n<p>Przeciwwskazania<br \/>\nNie nale\u017cy stosowa\u0107 tego leku, je\u015bli jeste\u015b na niego nadwra\u017cliwy.<\/p>\n<p>Mo\u017cliwe skutki uboczne<br \/>\nTen lek jest og\u00f3lnie dobrze tolerowany, ale u niekt\u00f3rych os\u00f3b mo\u017ce wyst\u0105pi\u0107 zaczerwienienie twarzy; rozstr\u00f3j \u017co\u0142\u0105dka; wra\u017cliwo\u015b\u0107 na \u015bwiat\u0142o; md\u0142o\u015bci. W przypadku wyst\u0105pienia jakichkolwiek powa\u017cnych dzia\u0142a\u0144 niepo\u017c\u0105danych nale\u017cy natychmiast zwr\u00f3ci\u0107 si\u0119 o pomoc lekarsk\u0105.<\/p>\n<p>Interakcje lek\u00f3w<br \/>\nWykazano, \u017ce Clitoris dla kobiet nasila hipotensyjne dzia\u0142anie azotan\u00f3w i jej podawanie pacjentom stosuj\u0105cym azotany organiczne regularnie i\/lub sporadycznie w dlatego ka\u017cda posta\u0107 jest przeciwwskazana.<\/p>\n<p>Pomini\u0119ta dawka<br \/>\nPrzyjmij pomini\u0119t\u0105 dawk\u0119, gdy tylko sobie o tym przypomnisz. Je\u015bli zbli\u017ca si\u0119 pora przyj\u0119cia kolejnej dawki, po prostu pomi\u0144 j\u0105 i wr\u00f3\u0107 do zwyk\u0142ego harmonogramu.<\/p>\n<p>Przedawkowanie<br \/>\nW przypadku przedawkowania leku konieczna jest natychmiastowa pomoc lekarska.<\/p>\n<p>Przechowywanie<br \/>\nClitoris dla kobiet powinna by\u0107 przechowywana w pomieszczeniu temperatura pomi\u0119dzy 36-86 stopni F w zamkni\u0119tym pojemniku.<\/p>\n<p>Zastrze\u017cenie<br \/>\nPodajemy jedynie og\u00f3lne informacje na temat lek\u00f3w, kt\u00f3re nie obejmuj\u0105 wszystkich wskaz\u00f3wek, mo\u017cliwych po\u0142\u0105cze\u0144 lek\u00f3w ani \u015brodk\u00f3w ostro\u017cno\u015bci. Informacje zawarte na stronie nie mog\u0105 by\u0107 wykorzystywane do samodzielnego leczenia i autodiagnozy. Wszelkie szczeg\u00f3\u0142owe instrukcje dla konkretnego pacjenta nale\u017cy uzgodni\u0107 z doradc\u0105 ds. opieki zdrowotnej lub lekarzem prowadz\u0105cym dany przypadek. Zrzekamy si\u0119 wiarygodno\u015bci tych informacji i b\u0142\u0119d\u00f3w, jakie mog\u0105 one zawiera\u0107. Nie ponosimy odpowiedzialno\u015bci za jakiekolwiek bezpo\u015brednie, po\u015brednie, szczeg\u00f3lne lub inne po\u015brednie szkody powsta\u0142e w wyniku wykorzystania informacji zawartych na tej stronie, a tak\u017ce za konsekwencje samoleczenia.<\/p>\n","protected":false},"excerpt":{"rendered":"<p>Lek ten Generic jest \u017ce\u0144sk\u0105 wersj\u0105 leku stosowan\u0105 dla m\u0119\u017cczyzn. Zosta\u0142 specjalnie opracowany dla kobiet, kt\u00f3re chc\u0105 poprawi\u0107 swoj\u0105 przyjemno\u015b\u0107 seksualn\u0105. Jego zadaniem jest zwi\u0119kszenie przep\u0142ywu krwi do pochwy podczas stosunku p\u0142ciowego. Odpowiada g\u0142\u00f3wnie za rozpalanie aktu seksualnego, dzi\u0119ki czemu mo\u017cesz do\u015bwiadczy\u0107 ekscytuj\u0105cych i wspanialszych do\u015bwiadcze\u0144 seksualnych.<\/p>\n","protected":false},"featured_media":6372,"comment_status":"open","ping_status":"closed","template":"","meta":[],"product_brand":[],"product_cat":[249],"product_tag":[],"class_list":{"0":"post-6402","1":"product","2":"type-product","3":"status-publish","4":"has-post-thumbnail","6":"product_cat-dysfunkcja-seksualna-pl","7":"pa_active_substance-sildenafilcitrate","9":"first","10":"instock","11":"shipping-taxable","12":"product-type-simple"},"jetpack_sharing_enabled":true,"_links":{"self":[{"href":"https:\/\/pharmacy-content.com\/index.php?rest_route=\/wp\/v2\/product\/6402","targetHints":{"allow":["GET"]}}],"collection":[{"href":"https:\/\/pharmacy-content.com\/index.php?rest_route=\/wp\/v2\/product"}],"about":[{"href":"https:\/\/pharmacy-content.com\/index.php?rest_route=\/wp\/v2\/types\/product"}],"replies":[{"embeddable":true,"href":"https:\/\/pharmacy-content.com\/index.php?rest_route=%2Fwp%2Fv2%2Fcomments&post=6402"}],"wp:featuredmedia":[{"embeddable":true,"href":"https:\/\/pharmacy-content.com\/index.php?rest_route=\/wp\/v2\/media\/6372"}],"wp:attachment":[{"href":"https:\/\/pharmacy-content.com\/index.php?rest_route=%2Fwp%2Fv2%2Fmedia&parent=6402"}],"wp:term":[{"taxonomy":"product_brand","embeddable":true,"href":"https:\/\/pharmacy-content.com\/index.php?rest_route=%2Fwp%2Fv2%2Fproduct_brand&post=6402"},{"taxonomy":"product_cat","embeddable":true,"href":"https:\/\/pharmacy-content.com\/index.php?rest_route=%2Fwp%2Fv2%2Fproduct_cat&post=6402"},{"taxonomy":"product_tag","embeddable":true,"href":"https:\/\/pharmacy-content.com\/index.php?rest_route=%2Fwp%2Fv2%2Fproduct_tag&post=6402"}],"curies":[{"name":"wp","href":"https:\/\/api.w.org\/{rel}","templated":true}]}}