{"id":6445,"date":"2026-04-22T07:02:49","date_gmt":"2026-04-22T07:02:49","guid":{"rendered":""},"modified":"2026-04-22T07:03:00","modified_gmt":"2026-04-22T07:03:00","slug":"lovegra-3","status":"publish","type":"product","link":"https:\/\/pharmacy-content.com\/?product=lovegra-3&lang=fr","title":{"rendered":"Lovegra"},"content":{"rendered":"<p>Utilisation courante<\/p>\n<p>Lovegra stimule la libido f\u00e9minine, am\u00e9liore la m\u00e9moire sexuelle et la sensibilit\u00e9 \u00e0 la stimulation, favorise des orgasmes extraordinaires et multiples et une lubrification naturelle parfaite. Il agit en augmentant le flux sanguin g\u00e9nital n\u00e9cessaire et la compliance vaginale, ce qui intensifie le plaisir pendant l&#8217;acte sexuel.<\/p>\n<p>Posologie et mode d&#8217;administration<\/p>\n<p>Par voie orale, l&#8217;effet appara\u00eet 45 minutes apr\u00e8s la prise et persiste 4 \u00e0 6 heures. Ne pas d\u00e9passer la dose recommand\u00e9e pour \u00e9viter l&#8217;aggravation des effets secondaires.<\/p>\n<p>Pr\u00e9cautions<\/p>\n<p>Ce m\u00e9dicament est efficace chez les femmes de moins de 50 ans ayant subi une hyst\u00e9rectomie et m\u00e9nopaus\u00e9es. Consultez votre m\u00e9decin si vous \u00eates enceinte ou si vous allaitez avant de prendre Lovegra.<\/p>\n<p>Contre-indications<\/p>\n<p>Ne prenez pas ce m\u00e9dicament en cas d&#8217;hypersensibilit\u00e9.<\/p>\n<p>Effets secondaires possibles<\/p>\n<p>Ce m\u00e9dicament est g\u00e9n\u00e9ralement bien tol\u00e9r\u00e9, mais certaines personnes peuvent pr\u00e9senter des bouff\u00e9es vasomotrices, des maux d&#8217;estomac, une sensibilit\u00e9 \u00e0 la lumi\u00e8re et des naus\u00e9es. Consultez imm\u00e9diatement un m\u00e9decin en cas d&#8217;effets secondaires graves.<\/p>\n<p>Interactions m\u00e9dicamenteuses<\/p>\n<p>Il a \u00e9t\u00e9 d\u00e9montr\u00e9 que Lovegra potentialise les effets hypotenseurs des nitrates. Son administration aux patients prenant des nitrates organiques, r\u00e9guli\u00e8rement et\/ou par intermittence, sous quelque forme que ce soit, est donc contre-indiqu\u00e9e.<\/p>\n<p>Oubli de dose<\/p>\n<p>Prenez la dose oubli\u00e9e d\u00e8s que vous vous en rendez compte. Si l&#8217;heure de la dose suivante est proche, sautez-la et reprenez votre sch\u00e9ma posologique habituel. Ne prenez pas deux doses \u00e0 la fois.<\/p>\n<p>Surdosage<\/p>\n<p>Consultez un m\u00e9decin en urgence en cas de surdosage.<\/p>\n<p>Conservation<\/p>\n<p>Tenir hors de port\u00e9e des enfants et des animaux. Conserver \u00e0 temp\u00e9rature ambiante entre 15 et 30 \u00b0C (59 et 86 \u00b0F). Jeter tout m\u00e9dicament non utilis\u00e9 apr\u00e8s la date de p\u00e9remption.<\/p>\n","protected":false},"excerpt":{"rendered":"<p>Lovegra est du Sild\u00e9nafil et est administr\u00e9 aux femmes pour augmenter le flux sanguin g\u00e9nital afin d\u2019obtenir une conformit\u00e9 vaginale et de stimuler la libido chez les femmes.<\/p>\n","protected":false},"featured_media":6433,"comment_status":"open","ping_status":"closed","template":"","meta":[],"product_brand":[],"product_cat":[240],"product_tag":[],"class_list":{"0":"post-6445","1":"product","2":"type-product","3":"status-publish","4":"has-post-thumbnail","6":"product_cat-dysfonction-sexuelle-fr","7":"pa_active_substance-sildenafil","9":"first","10":"instock","11":"shipping-taxable","12":"product-type-simple"},"jetpack_sharing_enabled":true,"_links":{"self":[{"href":"https:\/\/pharmacy-content.com\/index.php?rest_route=\/wp\/v2\/product\/6445","targetHints":{"allow":["GET"]}}],"collection":[{"href":"https:\/\/pharmacy-content.com\/index.php?rest_route=\/wp\/v2\/product"}],"about":[{"href":"https:\/\/pharmacy-content.com\/index.php?rest_route=\/wp\/v2\/types\/product"}],"replies":[{"embeddable":true,"href":"https:\/\/pharmacy-content.com\/index.php?rest_route=%2Fwp%2Fv2%2Fcomments&post=6445"}],"wp:featuredmedia":[{"embeddable":true,"href":"https:\/\/pharmacy-content.com\/index.php?rest_route=\/wp\/v2\/media\/6433"}],"wp:attachment":[{"href":"https:\/\/pharmacy-content.com\/index.php?rest_route=%2Fwp%2Fv2%2Fmedia&parent=6445"}],"wp:term":[{"taxonomy":"product_brand","embeddable":true,"href":"https:\/\/pharmacy-content.com\/index.php?rest_route=%2Fwp%2Fv2%2Fproduct_brand&post=6445"},{"taxonomy":"product_cat","embeddable":true,"href":"https:\/\/pharmacy-content.com\/index.php?rest_route=%2Fwp%2Fv2%2Fproduct_cat&post=6445"},{"taxonomy":"product_tag","embeddable":true,"href":"https:\/\/pharmacy-content.com\/index.php?rest_route=%2Fwp%2Fv2%2Fproduct_tag&post=6445"}],"curies":[{"name":"wp","href":"https:\/\/api.w.org\/{rel}","templated":true}]}}