{"id":6457,"date":"2026-04-22T07:02:51","date_gmt":"2026-04-22T07:02:51","guid":{"rendered":""},"modified":"2026-04-22T07:03:00","modified_gmt":"2026-04-22T07:03:00","slug":"lovegra-5","status":"publish","type":"product","link":"https:\/\/pharmacy-content.com\/?product=lovegra-5&lang=es","title":{"rendered":"Lovegra"},"content":{"rendered":"<p>Uso com\u00fan<\/p>\n<p>Lovegra ayuda a aumentar la libido en las mujeres, aumenta el deseo sexual, la sensibilidad a la estimulaci\u00f3n, promueve orgasmos extraordinarios y m\u00faltiples, y una lubricaci\u00f3n natural perfecta. Act\u00faa aumentando el flujo sangu\u00edneo genital y la distensibilidad vaginal, lo que resulta en un mayor placer durante el acto sexual.<\/p>\n<p>Dosis y administraci\u00f3n<\/p>\n<p>Se administra por v\u00eda oral; el efecto aparece 45 minutos despu\u00e9s de la ingesta y dura de 4 a 6 horas. No exceda la dosis recomendada para evitar el agravamiento de los efectos secundarios.<\/p>\n<p>Precauciones<\/p>\n<p>Este medicamento es eficaz en mujeres menores de 50 a\u00f1os que se hayan sometido a una histerectom\u00eda o hayan estado en la menopausia. Consulte a su m\u00e9dico si est\u00e1 embarazada o en per\u00edodo de lactancia antes de tomar Lovegra.<\/p>\n<p>Contraindicaciones<\/p>\n<p>No tome este medicamento si presenta hipersensibilidad a \u00e9l.<\/p>\n<p>Posibles efectos secundarios<\/p>\n<p>Este medicamento generalmente se tolera bien, pero algunas personas pueden experimentar enrojecimiento facial, malestar estomacal, sensibilidad a la luz y n\u00e1useas. Busque atenci\u00f3n m\u00e9dica de emergencia de inmediato si presenta alguno de los efectos secundarios graves.<\/p>\n<p>Interacci\u00f3n con otros medicamentos<\/p>\n<p>Se ha demostrado que Lovegra potencia los efectos hipotensores de los nitratos, por lo que su administraci\u00f3n a pacientes que utilizan nitratos org\u00e1nicos, ya sea de forma regular o intermitente, en cualquier forma, est\u00e1 contraindicada.<\/p>\n<p>Dosis olvidada<\/p>\n<p>Tome la dosis olvidada en cuanto se acuerde. Si ya casi es la hora de su siguiente dosis, simplemente om\u00edtala y retome su horario habitual. No tome dos dosis a la vez.<\/p>\n<p>Sobredosis<\/p>\n<p>Busque atenci\u00f3n m\u00e9dica de emergencia en caso de sobredosis.<\/p>\n<p>Almacenamiento<\/p>\n<p>Mantener fuera del alcance de los ni\u00f1os y las mascotas. Conservar a temperatura ambiente, entre 15 y 30 \u00b0C (59 y 86 \u00b0F). Deseche el medicamento no utilizado despu\u00e9s de la fecha de caducidad.<\/p>\n","protected":false},"excerpt":{"rendered":"<p>Lovegra es Sildenafil y se administra a mujeres para aumentar el flujo sangu\u00edneo genital con el fin de obtener cumplimiento vaginal y aumentar la libido en las mujeres.<\/p>\n","protected":false},"featured_media":6433,"comment_status":"open","ping_status":"closed","template":"","meta":[],"product_brand":[],"product_cat":[246],"product_tag":[],"class_list":{"0":"post-6457","1":"product","2":"type-product","3":"status-publish","4":"has-post-thumbnail","6":"product_cat-disfuncion-sexual-es","7":"pa_active_substance-sildenafil","9":"first","10":"instock","11":"shipping-taxable","12":"product-type-simple"},"jetpack_sharing_enabled":true,"_links":{"self":[{"href":"https:\/\/pharmacy-content.com\/index.php?rest_route=\/wp\/v2\/product\/6457","targetHints":{"allow":["GET"]}}],"collection":[{"href":"https:\/\/pharmacy-content.com\/index.php?rest_route=\/wp\/v2\/product"}],"about":[{"href":"https:\/\/pharmacy-content.com\/index.php?rest_route=\/wp\/v2\/types\/product"}],"replies":[{"embeddable":true,"href":"https:\/\/pharmacy-content.com\/index.php?rest_route=%2Fwp%2Fv2%2Fcomments&post=6457"}],"wp:featuredmedia":[{"embeddable":true,"href":"https:\/\/pharmacy-content.com\/index.php?rest_route=\/wp\/v2\/media\/6433"}],"wp:attachment":[{"href":"https:\/\/pharmacy-content.com\/index.php?rest_route=%2Fwp%2Fv2%2Fmedia&parent=6457"}],"wp:term":[{"taxonomy":"product_brand","embeddable":true,"href":"https:\/\/pharmacy-content.com\/index.php?rest_route=%2Fwp%2Fv2%2Fproduct_brand&post=6457"},{"taxonomy":"product_cat","embeddable":true,"href":"https:\/\/pharmacy-content.com\/index.php?rest_route=%2Fwp%2Fv2%2Fproduct_cat&post=6457"},{"taxonomy":"product_tag","embeddable":true,"href":"https:\/\/pharmacy-content.com\/index.php?rest_route=%2Fwp%2Fv2%2Fproduct_tag&post=6457"}],"curies":[{"name":"wp","href":"https:\/\/api.w.org\/{rel}","templated":true}]}}