{"id":6500,"date":"2026-04-22T07:03:07","date_gmt":"2026-04-22T07:03:07","guid":{"rendered":""},"modified":"2026-04-22T07:03:19","modified_gmt":"2026-04-22T07:03:19","slug":"lovegra-oral-jelly-2","status":"publish","type":"product","link":"https:\/\/pharmacy-content.com\/de\/product\/lovegra-oral-jelly-2\/","title":{"rendered":"Lovegra Oral Jelly"},"content":{"rendered":"<p>Allgemeine Anwendung<br \/>\nSexuelle Dysfunktion bei Frauen ist durch einen Mangel an Verlangen, Erregung oder Orgasmus gekennzeichnet. Lovegra tr\u00e4gt zur Steigerung der Libido bei Frauen bei, erh\u00f6ht die sexuelle Erinnerung und die Empfindlichkeit gegen\u00fcber Stimulation, f\u00f6rdert au\u00dfergew\u00f6hnliche und vielf\u00e4ltige H\u00f6hepunkte und sorgt f\u00fcr eine perfekte nat\u00fcrliche Befeuchtung. Es wirkt, indem es den erforderlichen genitalen Blutfluss und die vaginale Compliance erh\u00f6ht, was zu einem intensiveren Vergn\u00fcgen beim Geschlechtsakt f\u00fchrt.<\/p>\n<p>Dosierung und Anwendung<br \/>\nBei oraler Einnahme tritt die Wirkung 45 Minuten nach der Einnahme ein und h\u00e4lt 4\u20136 Stunden an. \u00dcberschreiten Sie nicht die empfohlene Dosis, um eine Verschlimmerung der Nebenwirkungen zu vermeiden.<\/p>\n<p>Vorsichtsma\u00dfnahmen<br \/>\nDieses Medikament ist bei Frauen unter 50 Jahren wirksam. eine Hysterektomie und Wechseljahre haben. Konsultieren Sie Ihren Arzt, wenn Sie schwanger sind oder stillen, bevor Sie Lovegra einnehmen.<\/p>\n<p>Kontraindikation<br \/>\nNehmen Sie dieses Medikament nicht ein, wenn Sie \u00fcberempfindlich darauf reagieren.<\/p>\n<p>M\u00f6gliche Nebenwirkungen<br \/>\nDieses Medikament wird im Allgemeinen gut vertragen, bei einigen Personen kann es jedoch zu einer Gesichtsr\u00f6tung kommen ; Bauchschmerzen; Lichtempfindlichkeit; Brechreiz. Suchen Sie sofort einen Notarzt auf, wenn schwerwiegende Nebenwirkungen auftreten.<\/p>\n<p>Wechselwirkungen mit anderen Arzneimitteln<br \/>\nEs wurde gezeigt, dass Lovegra die blutdrucksenkende Wirkung von Nitraten verst\u00e4rkt, und seine Verabreichung an Patienten, die regelm\u00e4\u00dfig und\/oder zeitweise organische Nitrate in irgendeiner Form verwenden ist daher kontraindiziert.<\/p>\n<p>Verpasste Dosis<br \/>\nNehmen Sie die vergessene Dosis ein, sobald Sie sich daran erinnern. Wenn es fast Zeit f\u00fcr Ihre n\u00e4chste Dosis ist, lassen Sie sie einfach aus und kehren Sie zu Ihrem normalen Zeitplan zur\u00fcck.<\/p>\n<p>\u00dcberdosierung<br \/>\nIm Falle einer \u00dcberdosis des Arzneimittels ist sofortige \u00e4rztliche Hilfe erforderlich.<\/p>\n<p>Aufbewahrung<br \/>\nLovegra sollte bei Raumtemperatur gelagert werden , zwischen 36 und 86 Grad F in einem geschlossenen Beh\u00e4lter.<\/p>\n<p>Haftungsausschluss<br \/>\nWir stellen nur allgemeine Informationen \u00fcber Medikamente zur Verf\u00fcgung, die nicht alle Anwendungsgebiete, m\u00f6gliche Arzneimittelkombinationen oder Vorsichtsma\u00dfnahmen abdecken. Die Informationen auf der Website k\u00f6nnen nicht zur Selbstbehandlung und Selbstdiagnose verwendet werden. Spezifische Anweisungen f\u00fcr einen bestimmten Patienten sollten mit Ihrem Gesundheitsberater oder dem f\u00fcr den Fall zust\u00e4ndigen Arzt vereinbart werden. Wir lehnen die Zuverl\u00e4ssigkeit dieser Informationen und die darin enthaltenen Fehler ab. Wir haften nicht f\u00fcr direkte, indirekte, besondere oder sonstige indirekte Sch\u00e4den, die sich aus der Nutzung der Informationen auf dieser Website ergeben und auch nicht f\u00fcr Folgen der Selbstbehandlung.<\/p>\n","protected":false},"excerpt":{"rendered":"<p>Lovegra Generic ist Sildenafil und wird Frauen verabreicht, um die genitale Durchblutung zu erh\u00f6hen, um die vaginale Compliance zu erreichen und die Libido bei Frauen zu steigern.<\/p>\n","protected":false},"featured_media":6494,"comment_status":"open","ping_status":"closed","template":"","meta":[],"product_brand":[],"product_cat":[237],"product_tag":[],"class_list":{"0":"post-6500","1":"product","2":"type-product","3":"status-publish","4":"has-post-thumbnail","6":"product_cat-sexuelle-dysfunktion-de","7":"pa_active_substance-sildenafil","9":"first","10":"instock","11":"shipping-taxable","12":"product-type-simple"},"jetpack_sharing_enabled":true,"_links":{"self":[{"href":"https:\/\/pharmacy-content.com\/wp-json\/wp\/v2\/product\/6500","targetHints":{"allow":["GET"]}}],"collection":[{"href":"https:\/\/pharmacy-content.com\/wp-json\/wp\/v2\/product"}],"about":[{"href":"https:\/\/pharmacy-content.com\/wp-json\/wp\/v2\/types\/product"}],"replies":[{"embeddable":true,"href":"https:\/\/pharmacy-content.com\/wp-json\/wp\/v2\/comments?post=6500"}],"wp:featuredmedia":[{"embeddable":true,"href":"https:\/\/pharmacy-content.com\/wp-json\/wp\/v2\/media\/6494"}],"wp:attachment":[{"href":"https:\/\/pharmacy-content.com\/wp-json\/wp\/v2\/media?parent=6500"}],"wp:term":[{"taxonomy":"product_brand","embeddable":true,"href":"https:\/\/pharmacy-content.com\/wp-json\/wp\/v2\/product_brand?post=6500"},{"taxonomy":"product_cat","embeddable":true,"href":"https:\/\/pharmacy-content.com\/wp-json\/wp\/v2\/product_cat?post=6500"},{"taxonomy":"product_tag","embeddable":true,"href":"https:\/\/pharmacy-content.com\/wp-json\/wp\/v2\/product_tag?post=6500"}],"curies":[{"name":"wp","href":"https:\/\/api.w.org\/{rel}","templated":true}]}}