{"id":6506,"date":"2026-04-22T07:03:08","date_gmt":"2026-04-22T07:03:08","guid":{"rendered":""},"modified":"2026-04-22T07:03:19","modified_gmt":"2026-04-22T07:03:19","slug":"lovegra-oral-jelly-3","status":"publish","type":"product","link":"https:\/\/pharmacy-content.com\/fr\/product\/lovegra-oral-jelly-3\/","title":{"rendered":"Lovegra Oral Jelly"},"content":{"rendered":"<p>Usage courant<br \/>\nLa dysfonction sexuelle chez les femmes est caract\u00e9ris\u00e9e par un manque de d\u00e9sir, d&#8217;excitation ou d&#8217;orgasme. Lovegra aide \u00e0 stimuler la libido chez la femme, augmente le rappel sexuel, la sensibilit\u00e9 \u00e0 la stimulation, favorise des climax extraordinaires et multiples, une lubrification naturelle parfaite. Il agit en augmentant le flux sanguin g\u00e9nital et la conformit\u00e9 vaginale requis, ce qui entra\u00eene un plaisir intensifi\u00e9 pendant l&#8217;acte sexuel.<\/p>\n<p>Dosage et administration<br \/>\nPrenez-le par voie orale, l&#8217;effet appara\u00eet 45 minutes apr\u00e8s la prise et dure 4 \u00e0 6 heures. Ne d\u00e9passez pas la dose recommand\u00e9e pour \u00e9viter l&#8217;aggravation des effets secondaires.<\/p>\n<p>Pr\u00e9cautions<br \/>\nCe m\u00e9dicament est efficace chez les femmes de moins de 50 ans. avoir une hyst\u00e9rectomie et une m\u00e9nopause. Consultez votre m\u00e9decin si vous \u00eates enceinte ou si vous allaitez avant de prendre Lovegra.<\/p>\n<p>Contre-indication<br \/>\nNe prenez pas ce m\u00e9dicament si vous y \u00eates hypersensible.<\/p>\n<p>Effets secondaires possibles<br \/>\nCe m\u00e9dicament est g\u00e9n\u00e9ralement bien tol\u00e9r\u00e9, mais certaines personnes peuvent ressentir des rougeurs au visage. ; maux d&#8217;estomac; sensibilit\u00e9 \u00e0 la lumi\u00e8re; naus\u00e9e. Consultez imm\u00e9diatement un m\u00e9decin d&#8217;urgence si des effets secondaires graves surviennent.<\/p>\n<p>Interaction m\u00e9dicamenteuse<br \/>\nIl a \u00e9t\u00e9 d\u00e9montr\u00e9 que Lovegra potentialise les effets hypotenseurs des nitrates et son administration \u00e0 des patients qui utilisent des nitrates organiques, de mani\u00e8re r\u00e9guli\u00e8re et\/ou intermittente, sous quelque forme que ce soit. est donc contre-indiqu\u00e9.<\/p>\n<p>Dose oubli\u00e9e<br \/>\nPrenez la dose oubli\u00e9e d\u00e8s que vous vous en souvenez. S&#8217;il est presque l&#8217;heure de votre prochaine dose, sautez-la et revenez \u00e0 votre horaire habituel.<\/p>\n<p>Surdosage<br \/>\nUne attention m\u00e9dicale imm\u00e9diate est n\u00e9cessaire en cas de surdosage du m\u00e9dicament.<\/p>\n<p>Conservation<br \/>\nLovegra doit \u00eatre conserv\u00e9 \u00e0 temp\u00e9rature ambiante. , entre 36 et 86 degr\u00e9s F dans un r\u00e9cipient ferm\u00e9.<\/p>\n<p>Avertissement<br \/>\nNous fournissons uniquement des informations g\u00e9n\u00e9rales sur les m\u00e9dicaments qui ne couvrent pas toutes les directions, les int\u00e9grations possibles de m\u00e9dicaments ou les pr\u00e9cautions. Les informations pr\u00e9sentes sur le site ne peuvent \u00eatre utilis\u00e9es \u00e0 des fins d&#8217;auto-traitement et d&#8217;autodiagnostic. Toute instruction sp\u00e9cifique pour un patient particulier doit \u00eatre convenue avec votre conseiller en soins de sant\u00e9 ou votre m\u00e9decin en charge du cas. Nous d\u00e9clinons la fiabilit\u00e9 de ces informations et des erreurs qu&#8217;elles pourraient contenir. Nous ne sommes pas responsables de tout dommage direct, indirect, sp\u00e9cial ou autre indirect r\u00e9sultant de toute utilisation des informations pr\u00e9sentes sur ce site ainsi que des cons\u00e9quences de l&#8217;auto-traitement.<\/p>\n","protected":false},"excerpt":{"rendered":"<p>Lovegra Generic est du Sild\u00e9nafil et est administr\u00e9 aux femmes pour augmenter le flux sanguin g\u00e9nital afin d&#8217;obtenir une conformit\u00e9 vaginale et de stimuler la libido chez les femmes.<\/p>\n","protected":false},"featured_media":6494,"comment_status":"open","ping_status":"closed","template":"","meta":[],"product_brand":[],"product_cat":[240],"product_tag":[],"class_list":{"0":"post-6506","1":"product","2":"type-product","3":"status-publish","4":"has-post-thumbnail","6":"product_cat-dysfonction-sexuelle-fr","7":"pa_active_substance-sildenafil","9":"first","10":"instock","11":"shipping-taxable","12":"product-type-simple"},"jetpack_sharing_enabled":true,"_links":{"self":[{"href":"https:\/\/pharmacy-content.com\/wp-json\/wp\/v2\/product\/6506","targetHints":{"allow":["GET"]}}],"collection":[{"href":"https:\/\/pharmacy-content.com\/wp-json\/wp\/v2\/product"}],"about":[{"href":"https:\/\/pharmacy-content.com\/wp-json\/wp\/v2\/types\/product"}],"replies":[{"embeddable":true,"href":"https:\/\/pharmacy-content.com\/wp-json\/wp\/v2\/comments?post=6506"}],"wp:featuredmedia":[{"embeddable":true,"href":"https:\/\/pharmacy-content.com\/wp-json\/wp\/v2\/media\/6494"}],"wp:attachment":[{"href":"https:\/\/pharmacy-content.com\/wp-json\/wp\/v2\/media?parent=6506"}],"wp:term":[{"taxonomy":"product_brand","embeddable":true,"href":"https:\/\/pharmacy-content.com\/wp-json\/wp\/v2\/product_brand?post=6506"},{"taxonomy":"product_cat","embeddable":true,"href":"https:\/\/pharmacy-content.com\/wp-json\/wp\/v2\/product_cat?post=6506"},{"taxonomy":"product_tag","embeddable":true,"href":"https:\/\/pharmacy-content.com\/wp-json\/wp\/v2\/product_tag?post=6506"}],"curies":[{"name":"wp","href":"https:\/\/api.w.org\/{rel}","templated":true}]}}