{"id":6518,"date":"2026-04-22T07:03:10","date_gmt":"2026-04-22T07:03:10","guid":{"rendered":""},"modified":"2026-04-22T07:03:19","modified_gmt":"2026-04-22T07:03:19","slug":"lovegra-oral-jelly-5","status":"publish","type":"product","link":"https:\/\/pharmacy-content.com\/es\/product\/lovegra-oral-jelly-5\/","title":{"rendered":"Lovegra Oral Jelly"},"content":{"rendered":"<p>Uso com\u00fan<br \/>\nLa disfunci\u00f3n sexual en la mujer se caracteriza por la falta de deseo, excitaci\u00f3n u orgasmo. Lovegra ayuda a aumentar la libido en las mujeres, aumenta el recuerdo sexual, la sensibilidad a la estimulaci\u00f3n, promueve cl\u00edmax extraordinarios y m\u00faltiples y una perfecta lubricaci\u00f3n natural. Act\u00faa aumentando el flujo sangu\u00edneo genital requerido y la distensibilidad vaginal, lo que resulta en un placer intensificado durante el acto sexual.<\/p>\n<p>Dosis y direcci\u00f3n<br \/>\nT\u00f3melo por v\u00eda oral, el efecto aparece 45 minutos despu\u00e9s de la ingesta y contin\u00faa de 4 a 6 horas. No exceda la dosis recomendada para evitar el agravamiento de los efectos secundarios.<\/p>\n<p>Precauciones<br \/>\nEste medicamento es eficaz en mujeres menores de 50 a\u00f1os. tener una histerectom\u00eda y menopausia. Consulte a su m\u00e9dico si est\u00e1 embarazada o amamantando antes de tomar Lovegra.<\/p>\n<p>Contraindicaci\u00f3n<br \/>\nNo tome este medicamento si es hipersensible a \u00e9l.<\/p>\n<p>Posibles efectos secundarios<br \/>\nEste medicamento generalmente se tolera bien, pero algunas personas pueden experimentar enrojecimiento facial ; dolor de barriga; sensibilidad a la luz; n\u00e1useas. Busque atenci\u00f3n m\u00e9dica de emergencia de inmediato si se produce alg\u00fan efecto secundario grave.<\/p>\n<p>Interacci\u00f3n con otros medicamentos<br \/>\nSe ha demostrado que Lovegra potencia los efectos hipotensores de los nitratos y su administraci\u00f3n a pacientes que usan nitratos org\u00e1nicos, ya sea de forma regular y\/o intermitente, en cualquier forma. por lo tanto, est\u00e1 contraindicado.<\/p>\n<p>Dosis omitida<br \/>\nTome la dosis omitida tan pronto como se acuerde. Si es casi la hora de su siguiente dosis, om\u00edtala y vuelva a su horario habitual.<\/p>\n<p>Sobredosis<br \/>\nSe necesita atenci\u00f3n m\u00e9dica inmediata en caso de sobredosis del medicamento.<\/p>\n<p>Almacenamiento<br \/>\nLovegra debe almacenarse a temperatura ambiente , entre 36 y 86 grados F en un recipiente cerrado.<\/p>\n<p>Descargo de responsabilidad<br \/>\nSolo proporcionamos informaci\u00f3n general sobre medicamentos que no cubre todas las direcciones, posibles integraciones de medicamentos ni precauciones. La informaci\u00f3n contenida en el sitio no se puede utilizar para autotratamiento y autodiagn\u00f3stico. Cualquier instrucci\u00f3n espec\u00edfica para un paciente en particular debe acordarse con su asesor de atenci\u00f3n m\u00e9dica o m\u00e9dico a cargo del caso. Renunciamos a la fiabilidad de esta informaci\u00f3n y a los errores que pueda contener. No somos responsables de ning\u00fan da\u00f1o directo, indirecto, especial u otro da\u00f1o indirecto como resultado de cualquier uso de la informaci\u00f3n en este sitio y tampoco de las consecuencias del autotratamiento.<\/p>\n","protected":false},"excerpt":{"rendered":"<p>Lovegra Generic es Sildenafil y se administra a mujeres para aumentar el flujo sangu\u00edneo genital con el fin de obtener cumplimiento vaginal y aumentar la libido en las mujeres.<\/p>\n","protected":false},"featured_media":6494,"comment_status":"open","ping_status":"closed","template":"","meta":[],"product_brand":[],"product_cat":[246],"product_tag":[],"class_list":{"0":"post-6518","1":"product","2":"type-product","3":"status-publish","4":"has-post-thumbnail","6":"product_cat-disfuncion-sexual-es","7":"pa_active_substance-sildenafil","9":"first","10":"instock","11":"shipping-taxable","12":"product-type-simple"},"jetpack_sharing_enabled":true,"_links":{"self":[{"href":"https:\/\/pharmacy-content.com\/wp-json\/wp\/v2\/product\/6518","targetHints":{"allow":["GET"]}}],"collection":[{"href":"https:\/\/pharmacy-content.com\/wp-json\/wp\/v2\/product"}],"about":[{"href":"https:\/\/pharmacy-content.com\/wp-json\/wp\/v2\/types\/product"}],"replies":[{"embeddable":true,"href":"https:\/\/pharmacy-content.com\/wp-json\/wp\/v2\/comments?post=6518"}],"wp:featuredmedia":[{"embeddable":true,"href":"https:\/\/pharmacy-content.com\/wp-json\/wp\/v2\/media\/6494"}],"wp:attachment":[{"href":"https:\/\/pharmacy-content.com\/wp-json\/wp\/v2\/media?parent=6518"}],"wp:term":[{"taxonomy":"product_brand","embeddable":true,"href":"https:\/\/pharmacy-content.com\/wp-json\/wp\/v2\/product_brand?post=6518"},{"taxonomy":"product_cat","embeddable":true,"href":"https:\/\/pharmacy-content.com\/wp-json\/wp\/v2\/product_cat?post=6518"},{"taxonomy":"product_tag","embeddable":true,"href":"https:\/\/pharmacy-content.com\/wp-json\/wp\/v2\/product_tag?post=6518"}],"curies":[{"name":"wp","href":"https:\/\/api.w.org\/{rel}","templated":true}]}}