{"id":6536,"date":"2026-04-22T07:03:13","date_gmt":"2026-04-22T07:03:13","guid":{"rendered":""},"modified":"2026-04-22T07:03:20","modified_gmt":"2026-04-22T07:03:20","slug":"lovegra-oral-jelly-8","status":"publish","type":"product","link":"https:\/\/pharmacy-content.com\/sv\/product\/lovegra-oral-jelly-8\/","title":{"rendered":"Lovegra Oral Jelly"},"content":{"rendered":"<p>Vanlig anv\u00e4ndning<br \/>\nSexuell dysfunktion hos kvinnor k\u00e4nnetecknas av brist p\u00e5 lust, upphetsning eller orgasm. Lovegra hj\u00e4lper till att \u00f6ka libido hos kvinnor, \u00f6kar sexuellt minne, k\u00e4nslighet f\u00f6r stimulering, fr\u00e4mjar extraordin\u00e4ra och flera klimax, perfekt naturlig sm\u00f6rjning. Det verkar genom att \u00f6ka det n\u00f6dv\u00e4ndiga genitalblodfl\u00f6det och vaginal compliance vilket resulterar i intensifierad njutning under sexuell handling.<\/p>\n<p>Dosering och riktning<br \/>\nTa det oralt, effekten upptr\u00e4der 45 minuter efter intag och forts\u00e4tter 4-6 timmar. \u00d6verskrid inte den rekommenderade dosen f\u00f6r att undvika f\u00f6rv\u00e4rring av biverkningar.<\/p>\n<p>F\u00f6rsiktighets\u00e5tg\u00e4rder<br \/>\nDetta l\u00e4kemedel \u00e4r effektivt f\u00f6r kvinnor yngre \u00e4n 50 \u00e5r. har en hysterektomi och klimakteriet. R\u00e5dg\u00f6r med din l\u00e4kare om du \u00e4r gravid eller ammar innan du tar Lovegra.<\/p>\n<p>Kontraindikation<br \/>\nTa inte detta l\u00e4kemedel om du \u00e4r \u00f6verk\u00e4nslig mot det.<\/p>\n<p>M\u00f6jlig biverkning<br \/>\nDenna medicin tolereras i allm\u00e4nhet v\u00e4l men vissa individer kan uppleva rodnad i ansiktet ; orolig mage; k\u00e4nslighet f\u00f6r ljus; illam\u00e5ende. S\u00f6k omedelbart akut l\u00e4karv\u00e5rd om n\u00e5gra allvarliga biverkningar uppst\u00e5r.<\/p>\n<p>L\u00e4kemedelsinteraktion<br \/>\nLovegra visade sig f\u00f6rst\u00e4rka de hypotensiva effekterna av nitrater och dess administrering till patienter som anv\u00e4nder organiska nitrater, antingen regelbundet och\/eller intermittent, i n\u00e5gon form \u00e4r d\u00e4rf\u00f6r kontraindicerat.<\/p>\n<p>Mistad dos<br \/>\nTa den missade dosen s\u00e5 snart du kommer ih\u00e5g det. Om det n\u00e4stan \u00e4r dags f\u00f6r din n\u00e4sta dos \u00e4r det bara att hoppa \u00f6ver den och \u00e5terg\u00e5 till ditt vanliga schema.<\/p>\n<p>\u00d6verdosering<br \/>\nOmedelbar l\u00e4karv\u00e5rd beh\u00f6vs om du \u00f6verdoserar l\u00e4kemedlet.<\/p>\n<p>F\u00f6rvaring<br \/>\nLovegra b\u00f6r f\u00f6rvaras i rumstemperatur , mellan 36-86 grader F i en sluten beh\u00e5llare.<\/p>\n<p>Ansvarsfriskrivning<br \/>\nVi tillhandah\u00e5ller endast allm\u00e4n information om mediciner som inte t\u00e4cker alla riktningar, m\u00f6jliga l\u00e4kemedelsintegrationer eller f\u00f6rsiktighets\u00e5tg\u00e4rder. Information p\u00e5 sidan kan inte anv\u00e4ndas f\u00f6r sj\u00e4lvbehandling och sj\u00e4lvdiagnos. Alla specifika instruktioner f\u00f6r en viss patient b\u00f6r \u00f6verenskommas med din h\u00e4lsor\u00e5dgivare eller l\u00e4kare som \u00e4r ansvarig f\u00f6r \u00e4rendet. Vi fr\u00e5ns\u00e4ger oss tillf\u00f6rlitligheten av denna information och misstag den kan inneh\u00e5lla. Vi ansvarar inte f\u00f6r n\u00e5gra direkta, indirekta, speciella eller andra indirekta skador till f\u00f6ljd av n\u00e5gon anv\u00e4ndning av informationen p\u00e5 denna webbplats och \u00e4ven f\u00f6r konsekvenser av egenbehandling.<\/p>\n","protected":false},"excerpt":{"rendered":"<p>Lovegra Generic \u00e4r Sildenafil och ges till kvinnor f\u00f6r att \u00f6ka genitalblodfl\u00f6det f\u00f6r att uppn\u00e5 vaginal compliance och \u00f6ka libido hos kvinnor.<\/p>\n","protected":false},"featured_media":6494,"comment_status":"open","ping_status":"closed","template":"","meta":[],"product_brand":[],"product_cat":[255],"product_tag":[],"class_list":{"0":"post-6536","1":"product","2":"type-product","3":"status-publish","4":"has-post-thumbnail","6":"product_cat-sexuell-dysfunktion-sv","7":"pa_active_substance-sildenafil","9":"first","10":"instock","11":"shipping-taxable","12":"product-type-simple"},"jetpack_sharing_enabled":true,"_links":{"self":[{"href":"https:\/\/pharmacy-content.com\/wp-json\/wp\/v2\/product\/6536","targetHints":{"allow":["GET"]}}],"collection":[{"href":"https:\/\/pharmacy-content.com\/wp-json\/wp\/v2\/product"}],"about":[{"href":"https:\/\/pharmacy-content.com\/wp-json\/wp\/v2\/types\/product"}],"replies":[{"embeddable":true,"href":"https:\/\/pharmacy-content.com\/wp-json\/wp\/v2\/comments?post=6536"}],"wp:featuredmedia":[{"embeddable":true,"href":"https:\/\/pharmacy-content.com\/wp-json\/wp\/v2\/media\/6494"}],"wp:attachment":[{"href":"https:\/\/pharmacy-content.com\/wp-json\/wp\/v2\/media?parent=6536"}],"wp:term":[{"taxonomy":"product_brand","embeddable":true,"href":"https:\/\/pharmacy-content.com\/wp-json\/wp\/v2\/product_brand?post=6536"},{"taxonomy":"product_cat","embeddable":true,"href":"https:\/\/pharmacy-content.com\/wp-json\/wp\/v2\/product_cat?post=6536"},{"taxonomy":"product_tag","embeddable":true,"href":"https:\/\/pharmacy-content.com\/wp-json\/wp\/v2\/product_tag?post=6536"}],"curies":[{"name":"wp","href":"https:\/\/api.w.org\/{rel}","templated":true}]}}