{"id":6548,"date":"2026-04-22T07:03:15","date_gmt":"2026-04-22T07:03:15","guid":{"rendered":""},"modified":"2026-04-22T07:03:20","modified_gmt":"2026-04-22T07:03:20","slug":"lovegra-oral-jelly-10","status":"publish","type":"product","link":"https:\/\/pharmacy-content.com\/cs\/product\/lovegra-oral-jelly-10\/","title":{"rendered":"Lovegra Oral Jelly"},"content":{"rendered":"<p>B\u011b\u017en\u00e9 pou\u017eit\u00ed<br \/>\nSexu\u00e1ln\u00ed dysfunkce u \u017een je charakterizov\u00e1na nedostatkem touhy, vzru\u0161en\u00ed nebo orgasmu. Lovegra pom\u00e1h\u00e1 zv\u00fd\u0161it libido u \u017een, zvy\u0161uje sexu\u00e1ln\u00ed vzpom\u00ednku, citlivost na stimulaci, podporuje mimo\u0159\u00e1dn\u00e9 a mnohon\u00e1sobn\u00e9 vyvrcholen\u00ed, dokonalou p\u0159irozenou lubrikaci. P\u016fsob\u00ed tak, \u017ee zvy\u0161uje po\u017eadovan\u00e9 prokrven\u00ed genit\u00e1li\u00ed a vagin\u00e1ln\u00ed poddajnost, co\u017e vede k intenzivn\u011bj\u0161\u00edmu pot\u011b\u0161en\u00ed b\u011bhem sexu\u00e1ln\u00edho aktu.<\/p>\n<p>D\u00e1vkov\u00e1n\u00ed a sm\u011br<br \/>\nU\u017e\u00edvejte peror\u00e1ln\u011b, \u00fa\u010dinek se dostavuje za 45 minut po po\u017eit\u00ed a trv\u00e1 4-6 hodin. Nep\u0159ekra\u010dujte doporu\u010denou d\u00e1vku, abyste p\u0159ede\u0161li zhor\u0161en\u00ed ne\u017e\u00e1douc\u00edch \u00fa\u010dink\u016f.<\/p>\n<p>Bezpe\u010dnostn\u00ed opat\u0159en\u00ed<br \/>\nTento l\u00e9k je \u00fa\u010dinn\u00fd u \u017een mlad\u0161\u00edch 50 let. po hysterektomii a menopauze. Pokud jste t\u011bhotn\u00e1 nebo koj\u00edte, ne\u017e za\u010dnete Lovegra u\u017e\u00edvat, pora\u010fte se se sv\u00fdm l\u00e9ka\u0159em.<\/p>\n<p>Kontraindikace<br \/>\nNeu\u017e\u00edvejte tento l\u00e9k, pokud jste na n\u011bj p\u0159ecitliv\u011bl\u00ed.<\/p>\n<p>Mo\u017en\u00e9 ne\u017e\u00e1douc\u00ed \u00fa\u010dinky<br \/>\nTento l\u00e9k je obecn\u011b dob\u0159e sn\u00e1\u0161en, ale u n\u011bkter\u00fdch jedinc\u016f m\u016f\u017ee doj\u00edt k zarudnut\u00ed obli\u010deje ; \u017ealude\u010dn\u00ed nevolnost; citlivost na sv\u011btlo; nevolnost. Pokud se vyskytnou z\u00e1va\u017en\u00e9 ne\u017e\u00e1douc\u00ed \u00fa\u010dinky, okam\u017eit\u011b vyhledejte l\u00e9ka\u0159skou pomoc.<\/p>\n<p>L\u00e9kov\u00e9 interakce<br \/>\nBylo prok\u00e1z\u00e1no, \u017ee Lovegra zesiluje hypotenzn\u00ed \u00fa\u010dinky nitr\u00e1t\u016f a jej\u00ed pod\u00e1v\u00e1n\u00ed pacient\u016fm, kte\u0159\u00ed u\u017e\u00edvaj\u00ed organick\u00e9 nitr\u00e1ty, bu\u010f pravideln\u011b nebo p\u0159eru\u0161ovan\u011b, v jak\u00e9koli form\u011b je proto kontraindikov\u00e1n.<\/p>\n<p>Vynechan\u00e1 d\u00e1vka<br \/>\nU\u017eijte vynechanou d\u00e1vku, jakmile si na ni vzpomenete. Pokud je t\u00e9m\u011b\u0159 \u010das na dal\u0161\u00ed d\u00e1vku, jednodu\u0161e ji p\u0159esko\u010dte a vra\u0165te se ke sv\u00e9mu pravideln\u00e9mu rozvrhu.<\/p>\n<p>P\u0159ed\u00e1vkov\u00e1n\u00ed<br \/>\nV p\u0159\u00edpad\u011b p\u0159ed\u00e1vkov\u00e1n\u00ed l\u00e9kem je nutn\u00e1 okam\u017eit\u00e1 l\u00e9ka\u0159sk\u00e1 pomoc.<\/p>\n<p>Uchov\u00e1v\u00e1n\u00ed<br \/>\nLovegra by m\u011bla b\u00fdt uchov\u00e1v\u00e1na p\u0159i pokojov\u00e9 teplot\u011b , mezi 36-86 stupni F v uzav\u0159en\u00e9 n\u00e1dob\u011b.<\/p>\n<p>Z\u0159eknut\u00ed se odpov\u011bdnosti<br \/>\nPoskytujeme pouze obecn\u00e9 informace o l\u00e9c\u00edch, kter\u00e9 nepokr\u00fdvaj\u00ed v\u0161echny pokyny, mo\u017en\u00e9 integrace l\u00e9k\u016f nebo preventivn\u00ed opat\u0159en\u00ed. Informace na str\u00e1nce nelze pou\u017e\u00edt pro samol\u00e9\u010dbu a autodiagnostiku. Jak\u00e9koli specifick\u00e9 pokyny pro konkr\u00e9tn\u00edho pacienta by m\u011bly b\u00fdt dohodnuty se sv\u00fdm zdravotn\u00edm poradcem nebo l\u00e9ka\u0159em, kter\u00fd m\u00e1 na starosti dan\u00fd p\u0159\u00edpad. Odm\u00edt\u00e1me spolehlivost t\u011bchto informac\u00ed a chyby, kter\u00e9 by mohly obsahovat. Nejsme zodpov\u011bdn\u00ed za \u017e\u00e1dn\u00e9 p\u0159\u00edm\u00e9, nep\u0159\u00edm\u00e9, zvl\u00e1\u0161tn\u00ed nebo jin\u00e9 nep\u0159\u00edm\u00e9 \u0161kody v d\u016fsledku jak\u00e9hokoli pou\u017eit\u00ed informac\u00ed na t\u011bchto str\u00e1nk\u00e1ch a tak\u00e9 za n\u00e1sledky samol\u00e9\u010dby.<\/p>\n","protected":false},"excerpt":{"rendered":"<p>Lovegra Generic je sildenafil a pod\u00e1v\u00e1 se \u017een\u00e1m ke zv\u00fd\u0161en\u00ed prokrven\u00ed genit\u00e1li\u00ed za \u00fa\u010delem dosa\u017een\u00ed vagin\u00e1ln\u00ed poddajnosti a zv\u00fd\u0161en\u00ed libida u \u017een.<\/p>\n","protected":false},"featured_media":6494,"comment_status":"open","ping_status":"closed","template":"","meta":[],"product_brand":[],"product_cat":[261],"product_tag":[],"class_list":{"0":"post-6548","1":"product","2":"type-product","3":"status-publish","4":"has-post-thumbnail","6":"product_cat-sexualni-dysfunkce-cs","7":"pa_active_substance-sildenafil","9":"first","10":"instock","11":"shipping-taxable","12":"product-type-simple"},"jetpack_sharing_enabled":true,"_links":{"self":[{"href":"https:\/\/pharmacy-content.com\/wp-json\/wp\/v2\/product\/6548","targetHints":{"allow":["GET"]}}],"collection":[{"href":"https:\/\/pharmacy-content.com\/wp-json\/wp\/v2\/product"}],"about":[{"href":"https:\/\/pharmacy-content.com\/wp-json\/wp\/v2\/types\/product"}],"replies":[{"embeddable":true,"href":"https:\/\/pharmacy-content.com\/wp-json\/wp\/v2\/comments?post=6548"}],"wp:featuredmedia":[{"embeddable":true,"href":"https:\/\/pharmacy-content.com\/wp-json\/wp\/v2\/media\/6494"}],"wp:attachment":[{"href":"https:\/\/pharmacy-content.com\/wp-json\/wp\/v2\/media?parent=6548"}],"wp:term":[{"taxonomy":"product_brand","embeddable":true,"href":"https:\/\/pharmacy-content.com\/wp-json\/wp\/v2\/product_brand?post=6548"},{"taxonomy":"product_cat","embeddable":true,"href":"https:\/\/pharmacy-content.com\/wp-json\/wp\/v2\/product_cat?post=6548"},{"taxonomy":"product_tag","embeddable":true,"href":"https:\/\/pharmacy-content.com\/wp-json\/wp\/v2\/product_tag?post=6548"}],"curies":[{"name":"wp","href":"https:\/\/api.w.org\/{rel}","templated":true}]}}