{"id":6568,"date":"2026-04-22T07:03:25","date_gmt":"2026-04-22T07:03:25","guid":{"rendered":""},"modified":"2026-04-22T07:03:44","modified_gmt":"2026-04-22T07:03:44","slug":"amoxil-2","status":"publish","type":"product","link":"https:\/\/pharmacy-content.com\/de\/product\/amoxil-2\/","title":{"rendered":"Amoxil"},"content":{"rendered":"<p>Allgemeine Anwendung<br \/>\nAmoxil ist ein Breitbandantibiotikum aus der Aminopenicillin-Gruppe. Sein Wirkungsmechanismus ist antibakteriell und besteht in der Hemmung des Aufbaus bakterieller Zellw\u00e4nde, die gegen\u00fcber Amoxicillin empfindlich sind. Zellw\u00e4nde dienen dazu, Bakterien vor der Umwelt zu sch\u00fctzen, und die Wirkung von Amoxicillin verhindert ihre Vermehrung. Amoxicillin kann gegen H. influenzae, N. gonorrhoe, E. coli, Pneumokokken, Streptokokken und bestimmte Staphylokokkenst\u00e4mme wirksam sein. Penicillase produzierende Mikroorganismen sind gegen Amoxicillin resistent. Das Medikament ist nicht wirksam gegen Mykobakterien, Mykoplasmen, die Gattung Rickettsia, Pilze, Am\u00f6ben, Plasmodium, Viren sowie Pseudomonas aeruginosa und Proteus spp. (ausgenommen P. mirabilis).<\/p>\n<p>Dosierung und Anwendung<br \/>\nNehmen Sie es genau nach Anweisung Ihres Arztes ein. Informieren Sie Ihren Arzt vor der Einnahme dieses Medikaments, wenn Sie allergisch gegen Cephalosporine (Ceclor, Ceftin, Duricef, Keflex) sind, in der Vergangenheit Asthma, eine schwere Leber- oder Nierenfunktionsst\u00f6rung, Blutungen oder Blutgerinnungsst\u00f6rungen, Mononukleose oder irgendeine Art von allergischer Reaktion hatten. Sie k\u00f6nnen Amoxillin mit oder ohne Nahrung einnehmen. Die Kautablette sollte gekaut werden, bevor Sie sie schlucken. Schlucken Sie Amoxillin-Kapseln im Ganzen mit einem Glas Wasser.<\/p>\n<p>Vorsichtsma\u00dfnahmen<br \/>\nDieses Medikament verringert die Wirkung bestimmter Verh\u00fctungsmittel. Nehmen Sie dieses Medikament weiterhin ein, auch wenn Sie sich gut f\u00fchlen, da der Lebenszyklus von Bakterien bestimmte Besonderheiten aufweist. Wenn Sie die Einnahme des Arzneimittels abbrechen, ohne die Behandlung abgeschlossen zu haben, kann es zu einer weiteren Vermehrung und Bildung von St\u00e4mmen kommen, die gegen dieses Arzneimittel resistent sind. Geben Sie dieses Medikament nicht an kranke Personen mit \u00e4hnlichen Symptomen, da ihre Krankheit durch andere Arten von Mikroorganismen hervorgerufen werden kann. Antibiotika k\u00f6nnen Durchfall verursachen; Informieren Sie Ihren Arzt, wenn Sie es haben. Wenn Sie stillen und Amoxicillin einnehmen, kann das Medikament in die Muttermilch \u00fcbergehen und bei Ihrem Baby Durchfall verursachen. Informieren Sie Ihren Arzt, wenn Sie an Asthma leiden.<\/p>\n<p>Kontraindikationen<br \/>\nAllergie gegen Amoxicillin oder ein anderes Penicillin-Antibiotikum.<\/p>\n<p>M\u00f6gliche Nebenwirkungen<br \/>\nNeben allergischen Symptomen (Nesselsucht, Schwellung, Hautausschlag) k\u00f6nnen m\u00f6gliche Reaktionen auf Amoxicillin Durchfall, Schwindel, Sodbrennen, Schlaflosigkeit, \u00dcbelkeit, Juckreiz, Erbrechen, Verwirrtheit, Bauchschmerzen und leichte Bluterg\u00fcsse.<\/p>\n<p>Wechselwirkungen mit anderen Arzneimitteln<br \/>\nEs ist nicht bekannt, dass Amoxicillin die Wirksamkeit von Antibabypillen verringert. Es erh\u00f6ht die Absorption von Digoxin und die Toxizit\u00e4t von Methotrexat. Die Ausscheidung von Amoxicillin \u00fcber die Nieren wird durch Aspirin verlangsamt.<\/p>\n<p>Verpasste Dosis<br \/>\nNehmen Sie niemals die doppelte Dosis dieses Medikaments ein. Wenn es fast Zeit f\u00fcr die n\u00e4chste Dosis ist, lassen Sie einfach die vergessene Portion aus und nehmen Sie das Arzneimittel gem\u00e4\u00df dem Zeitplan weiter ein.<\/p>\n<p>\u00dcberdosierung<br \/>\nZu den Symptomen einer \u00dcberdosierung mit Amoxicillin k\u00f6nnen Erbrechen, \u00dcbelkeit, Durchfall und St\u00f6rungen des Wasser- und Elektrolythaushalts geh\u00f6ren . Wenden Sie sich an Ihren Arzt, um Hilfe zu erhalten.<\/p>\n<p>Lagerung<br \/>\nBei Raumtemperatur zwischen 15 und 30 \u00b0C (59 und 86 \u00b0F) lagern, vor Licht und Feuchtigkeit sch\u00fctzen.<\/p>\n<p>Haftungsausschluss<br \/>\nWir stellen nur allgemeine Informationen \u00fcber Medikamente zur Verf\u00fcgung, bei denen dies nicht der Fall ist decken alle Anweisungen, m\u00f6gliche Arzneimittelwechselwirkungen oder Vorsichtsma\u00dfnahmen ab. Die Informationen auf der Website k\u00f6nnen nicht zur Selbstbehandlung und Selbstdiagnose verwendet werden. Spezifische Anweisungen f\u00fcr einen bestimmten Patienten sollten mit Ihrem Gesundheitsberater oder dem f\u00fcr den Fall zust\u00e4ndigen Arzt vereinbart werden. Wir lehnen die Zuverl\u00e4ssigkeit dieser Informationen und etwaige darin enthaltene Fehler ab. Wir haften nicht f\u00fcr direkte, indirekte, besondere oder sonstige indirekte Sch\u00e4den, die sich aus der Nutzung der Informationen auf dieser Website ergeben, sowie f\u00fcr die Folgen einer Selbstbehandlung.<\/p>\n","protected":false},"excerpt":{"rendered":"<p>Amoxil Generisch ist ein Antibiotikum aus der Penicillin-Gruppe, das zur Behandlung von Infektionen wie Lungenentz\u00fcndung, Gonorrhoe durch E. coli, Salmonellen usw. eingesetzt wird.<\/p>\n","protected":false},"featured_media":6555,"comment_status":"open","ping_status":"closed","template":"","meta":[],"product_brand":[],"product_cat":[297],"product_tag":[],"class_list":{"0":"post-6568","1":"product","2":"type-product","3":"status-publish","4":"has-post-thumbnail","6":"product_cat-antibiotika-de","7":"pa_active_substance-amoxil","9":"first","10":"instock","11":"shipping-taxable","12":"product-type-variable"},"jetpack_sharing_enabled":true,"_links":{"self":[{"href":"https:\/\/pharmacy-content.com\/wp-json\/wp\/v2\/product\/6568","targetHints":{"allow":["GET"]}}],"collection":[{"href":"https:\/\/pharmacy-content.com\/wp-json\/wp\/v2\/product"}],"about":[{"href":"https:\/\/pharmacy-content.com\/wp-json\/wp\/v2\/types\/product"}],"replies":[{"embeddable":true,"href":"https:\/\/pharmacy-content.com\/wp-json\/wp\/v2\/comments?post=6568"}],"wp:featuredmedia":[{"embeddable":true,"href":"https:\/\/pharmacy-content.com\/wp-json\/wp\/v2\/media\/6555"}],"wp:attachment":[{"href":"https:\/\/pharmacy-content.com\/wp-json\/wp\/v2\/media?parent=6568"}],"wp:term":[{"taxonomy":"product_brand","embeddable":true,"href":"https:\/\/pharmacy-content.com\/wp-json\/wp\/v2\/product_brand?post=6568"},{"taxonomy":"product_cat","embeddable":true,"href":"https:\/\/pharmacy-content.com\/wp-json\/wp\/v2\/product_cat?post=6568"},{"taxonomy":"product_tag","embeddable":true,"href":"https:\/\/pharmacy-content.com\/wp-json\/wp\/v2\/product_tag?post=6568"}],"curies":[{"name":"wp","href":"https:\/\/api.w.org\/{rel}","templated":true}]}}