{"id":6581,"date":"2026-04-22T07:03:27","date_gmt":"2026-04-22T07:03:27","guid":{"rendered":""},"modified":"2026-04-22T07:03:44","modified_gmt":"2026-04-22T07:03:44","slug":"amoxil-3","status":"publish","type":"product","link":"https:\/\/pharmacy-content.com\/?product=amoxil-3&lang=fr","title":{"rendered":"Amoxil"},"content":{"rendered":"<p>Usage courant<br \/>\nAmoxil est un antibiotique \u00e0 large spectre du groupe des aminop\u00e9nicillines. Son m\u00e9canisme d&#8217;action est antibact\u00e9rien et consiste en l&#8217;inhibition de la construction de parois cellulaires bact\u00e9riennes sensibles \u00e0 l&#8217;amoxicilline. Les parois cellulaires servent \u00e0 prot\u00e9ger les bact\u00e9ries de l\u2019environnement et l\u2019action de l\u2019amoxicilline emp\u00eache leur propagation. L&#8217;amoxicilline peut \u00eatre efficace contre H. influenzae, N. gonorrh\u00e9e, E. coli, les pneumocoques, les streptocoques et certaines souches de staphylocoques. Les micro-organismes produisant la p\u00e9nicillase sont r\u00e9sistants \u00e0 l&#8217;amoxicilline. Le m\u00e9dicament n&#8217;est pas actif contre les mycobact\u00e9ries, les mycoplasmes, le genre Rickettsia, les champignons, les amibes, le plasmodium, les virus, ainsi que Pseudomonas aeruginosa et Proteus spp. (\u00e0 l&#8217;exclusion de P. mirabilis).<\/p>\n<p>Dosage et mode d&#8217;emploi<br \/>\nPrendre exactement comme prescrit par votre m\u00e9decin. Informez votre m\u00e9decin avant de prendre ce m\u00e9dicament si vous \u00eates allergique aux c\u00e9phalosporines (Ceclor, Ceftin, Duricef, Keflex), si vous avez souffert d&#8217;asthme, d&#8217;insuffisance h\u00e9patique ou r\u00e9nale grave, de troubles h\u00e9morragiques ou de coagulation sanguine, de mononucl\u00e9ose ou de tout type de r\u00e9action allergique dans vos ant\u00e9c\u00e9dents. Vous pouvez prendre Amoxilline avec ou sans nourriture. Le comprim\u00e9 \u00e0 croquer doit \u00eatre m\u00e2ch\u00e9 avant de l&#8217;avaler. Avalez les g\u00e9lules d&#8217;Amoxilline enti\u00e8res avec un verre d&#8217;eau.<\/p>\n<p>Pr\u00e9cautions<br \/>\nCe m\u00e9dicament diminue l&#8217;effet de certains m\u00e9dicaments contraceptifs. Continuez \u00e0 prendre ce m\u00e9dicament m\u00eame si vous vous sentez bien, car le cycle de vie des bact\u00e9ries pr\u00e9sente certaines particularit\u00e9s. Si vous arr\u00eatez de prendre le m\u00e9dicament sans avoir termin\u00e9 le traitement, cela peut entra\u00eener leur propagation et la production de souches r\u00e9sistantes \u00e0 ce m\u00e9dicament. Ne donnez pas ce m\u00e9dicament \u00e0 des personnes malades et pr\u00e9sentant des sympt\u00f4mes similaires, car leur maladie peut \u00eatre provoqu\u00e9e par d&#8217;autres types de micro-organismes. Les m\u00e9dicaments antibiotiques peuvent provoquer de la diarrh\u00e9e ; informez votre m\u00e9decin si vous en souffrez. Si vous allaitez et prenez de l&#8217;amoxicilline, le m\u00e9dicament peut \u00eatre excr\u00e9t\u00e9 dans le lait et provoquer de la diarrh\u00e9e chez votre b\u00e9b\u00e9. Informez votre m\u00e9decin si vous souffrez d&#8217;asthme.<\/p>\n<p>Contre-indications<br \/>\nAllergie \u00e0 l&#8217;amoxicilline ou \u00e0 tout autre antibiotique p\u00e9nicilline.<\/p>\n<p>Effets secondaires possibles<br \/>\nOutre les sympt\u00f4mes d&#8217;allergie (urticaire, gonflement, \u00e9ruption cutan\u00e9e), les r\u00e9actions possibles \u00e0 l&#8217;amoxicilline peuvent inclure la diarrh\u00e9e, \u00e9tourdissements, br\u00fblures d&#8217;estomac, insomnie, naus\u00e9es, d\u00e9mangeaisons, vomissements, confusion, douleurs abdominales et ecchymoses faciles.<\/p>\n<p>Interaction m\u00e9dicamenteuse<br \/>\nL&#8217;amoxicilline n&#8217;est pas connue pour diminuer l&#8217;efficacit\u00e9 des pilules contraceptives. Il augmente l&#8217;absorption de la digoxine et la toxicit\u00e9 du m\u00e9thotrexate. L&#8217;excr\u00e9tion de l&#8217;amoxicilline par les reins est ralentie par l&#8217;aspirine.<\/p>\n<p>Dose oubli\u00e9e<br \/>\nNe prenez jamais une double dose de ce m\u00e9dicament. S&#8217;il est presque l&#8217;heure de la dose suivante, sautez simplement la dose oubli\u00e9e et continuez \u00e0 prendre le m\u00e9dicament conform\u00e9ment au programme.<\/p>\n<p>Surdosage<br \/>\nLes sympt\u00f4mes d&#8217;un surdosage d&#8217;amoxicilline peuvent inclure des vomissements, des naus\u00e9es, de la diarrh\u00e9e et des troubles de l&#8217;\u00e9quilibre hydrique et \u00e9lectrolytique. . Contactez votre m\u00e9decin pour obtenir de l&#8217;aide.<\/p>\n<p>Conservation<br \/>\nConserver \u00e0 temp\u00e9rature ambiante entre 59 et 86\u00b0F (15-30\u00b0C) \u00e0 l&#8217;abri de la lumi\u00e8re et de l&#8217;humidit\u00e9.<\/p>\n<p>Avis de non-responsabilit\u00e9<br \/>\nNous fournissons uniquement des informations g\u00e9n\u00e9rales sur les m\u00e9dicaments, qui ne couvrent toutes les directions, les interactions m\u00e9dicamenteuses possibles ou les pr\u00e9cautions. Les informations pr\u00e9sentes sur le site ne peuvent \u00eatre utilis\u00e9es \u00e0 des fins d&#8217;auto-traitement et d&#8217;autodiagnostic. Toute instruction sp\u00e9cifique pour un patient particulier doit \u00eatre convenue avec votre conseiller en soins de sant\u00e9 ou votre m\u00e9decin en charge du cas. Nous d\u00e9clinons la fiabilit\u00e9 de ces informations ainsi que les erreurs qu&#8217;elles pourraient contenir. Nous ne sommes pas responsables de tout dommage direct, indirect, sp\u00e9cial ou autre indirect r\u00e9sultant de toute utilisation des informations pr\u00e9sentes sur ce site ainsi que des cons\u00e9quences d&#8217;un auto-traitement.<\/p>\n","protected":false},"excerpt":{"rendered":"<p>Amoxil G\u00e9n\u00e9rique est un antibiotique du groupe des p\u00e9nicillines utilis\u00e9 pour traiter des infections telles que la pneumonie, la gonorrh\u00e9e caus\u00e9e par E. coli, la salmonelle, etc.<\/p>\n","protected":false},"featured_media":6555,"comment_status":"open","ping_status":"closed","template":"","meta":[],"product_brand":[],"product_cat":[300],"product_tag":[],"class_list":{"0":"post-6581","1":"product","2":"type-product","3":"status-publish","4":"has-post-thumbnail","6":"product_cat-antibiotiques-fr","7":"pa_active_substance-amoxil","9":"first","10":"instock","11":"shipping-taxable","12":"product-type-variable"},"jetpack_sharing_enabled":true,"_links":{"self":[{"href":"https:\/\/pharmacy-content.com\/index.php?rest_route=\/wp\/v2\/product\/6581","targetHints":{"allow":["GET"]}}],"collection":[{"href":"https:\/\/pharmacy-content.com\/index.php?rest_route=\/wp\/v2\/product"}],"about":[{"href":"https:\/\/pharmacy-content.com\/index.php?rest_route=\/wp\/v2\/types\/product"}],"replies":[{"embeddable":true,"href":"https:\/\/pharmacy-content.com\/index.php?rest_route=%2Fwp%2Fv2%2Fcomments&post=6581"}],"wp:featuredmedia":[{"embeddable":true,"href":"https:\/\/pharmacy-content.com\/index.php?rest_route=\/wp\/v2\/media\/6555"}],"wp:attachment":[{"href":"https:\/\/pharmacy-content.com\/index.php?rest_route=%2Fwp%2Fv2%2Fmedia&parent=6581"}],"wp:term":[{"taxonomy":"product_brand","embeddable":true,"href":"https:\/\/pharmacy-content.com\/index.php?rest_route=%2Fwp%2Fv2%2Fproduct_brand&post=6581"},{"taxonomy":"product_cat","embeddable":true,"href":"https:\/\/pharmacy-content.com\/index.php?rest_route=%2Fwp%2Fv2%2Fproduct_cat&post=6581"},{"taxonomy":"product_tag","embeddable":true,"href":"https:\/\/pharmacy-content.com\/index.php?rest_route=%2Fwp%2Fv2%2Fproduct_tag&post=6581"}],"curies":[{"name":"wp","href":"https:\/\/api.w.org\/{rel}","templated":true}]}}