{"id":6594,"date":"2026-04-22T07:03:28","date_gmt":"2026-04-22T07:03:28","guid":{"rendered":""},"modified":"2026-04-22T07:03:44","modified_gmt":"2026-04-22T07:03:44","slug":"amoxil-4","status":"publish","type":"product","link":"https:\/\/pharmacy-content.com\/?product=amoxil-4&lang=it","title":{"rendered":"Amoxil"},"content":{"rendered":"<p>Uso comune<br \/>\nAmoxil \u00e8 un antibiotico ad ampio spettro del gruppo delle aminopenicilline. Il suo meccanismo d&#8217;azione \u00e8 antibatterico e consiste nell&#8217;inibizione della costruzione delle pareti cellulari batteriche sensibili all&#8217;amoxicillina. Le pareti cellulari servono a proteggere i batteri dall&#8217;ambiente e l&#8217;azione dell&#8217;amoxicillina ne impedisce la propagazione. L&#8217;amoxicillina pu\u00f2 essere efficace contro H. influenzae, N. gonorrea, E. coli, pneumococchi, streptococchi e alcuni ceppi di stafilococchi. I microrganismi che producono penicillasi sono resistenti all&#8217;amoxicillina. Il farmaco non \u00e8 attivo contro micobatteri, micoplasmi, genere Rickettsia, funghi, amebe, plasmodium, virus e anche Pseudomonas aeruginosa e Proteus spp. (escluso P. mirabilis).<\/p>\n<p>Dosaggio e indicazioni<br \/>\nPrendi esattamente come prescritto dal tuo medico. Informi il medico prima di prendere questo farmaco se \u00e8 allergico alle cefalosporine (Ceclor, Ceftin, Duricef, Keflex), ha avuto asma, grave insufficienza epatica o renale, disturbi emorragici o della coagulazione del sangue, mononucleosi o qualsiasi tipo di reazione allergica nella storia. Puoi prendere Amoxillina con o senza cibo. La compressa masticabile deve essere masticata prima di deglutirla. Deglutire le capsule di Amoxillina intere con un bicchiere d&#8217;acqua.<\/p>\n<p>Precauzioni<br \/>\nQuesto farmaco diminuisce l&#8217;effetto di alcuni farmaci contraccettivi. Continuate a prendere questo farmaco anche se vi sentite bene, poich\u00e9 il ciclo vitale dei batteri presenta alcune peculiarit\u00e0. Se si interrompe l&#8217;assunzione del farmaco senza completare il ciclo di trattamento, ci\u00f2 potrebbe provocare un&#8217;ulteriore propagazione e la produzione di ceppi resistenti a questo farmaco. Non somministrare questo farmaco a persone malate e che presentano sintomi simili, poich\u00e9 la loro malattia potrebbe essere provocata da altri tipi di microrganismi. I medicinali antibiotici possono causare diarrea; informa il tuo medico se ce l&#8217;hai. Se allatti al seno e prendi amoxicillina, il farmaco pu\u00f2 essere escreto nel latte e causare diarrea nel bambino. Informa il tuo medico se soffri di asma.<\/p>\n<p>Controindicazioni<br \/>\nAllergia all&#8217;amoxicillina o a qualsiasi altro antibiotico penicillinico.<\/p>\n<p>Possibili effetti collaterali<br \/>\nOltre ai sintomi allergici (orticaria, gonfiore, eruzione cutanea), le possibili reazioni all&#8217;amoxicillina possono includere diarrea, vertigini, bruciore di stomaco, insonnia, nausea, prurito, vomito, confusione, dolore addominale e facile formazione di lividi.<\/p>\n<p>Interazione farmacologica<br \/>\nNon \u00e8 noto che l&#8217;amoxicillina riduca l&#8217;efficacia della pillola anticoncezionale. Aumenta l&#8217;assorbimento della digossina e la tossicit\u00e0 del metotrexato. L&#8217;escrezione di amoxicillina da parte dei reni \u00e8 rallentata dall&#8217;aspirina.<\/p>\n<p>Dose mancata<br \/>\nNon prendere mai una dose doppia di questo farmaco. Se \u00e8 quasi l&#8217;ora della dose successiva, salta semplicemente la porzione dimenticata e continua a prendere il medicinale secondo il programma.<\/p>\n<p>Sovradosaggio<br \/>\nI sintomi del sovradosaggio di amoxicillina possono includere vomito, nausea, diarrea e disturbi dell&#8217;equilibrio idrico ed elettrolitico . Rivolgiti al tuo medico per assistenza.<\/p>\n<p>Conservazione<br \/>\nConservare a temperatura ambiente tra 59 e 86\u00b0F (15-30\u00b0C) lontano dalla luce e dall&#8217;umidit\u00e0.<\/p>\n<p>Esonero di responsabilit\u00e0<br \/>\nForniamo solo informazioni generali sui farmaci, che non coprire tutte le indicazioni, possibili interazioni farmacologiche o precauzioni. Le informazioni presenti sul sito non possono essere utilizzate per l&#8217;autotrattamento e l&#8217;autodiagnosi. Eventuali istruzioni specifiche per un particolare paziente devono essere concordate con il proprio consulente sanitario o medico incaricato del caso. Decliniamo l&#8217;affidabilit\u00e0 di queste informazioni e gli eventuali errori che potrebbero contenere. Non siamo responsabili per eventuali danni diretti, indiretti, speciali o altri danni indiretti derivanti dall&#8217;uso delle informazioni contenute in questo sito e anche per le conseguenze dell&#8217;autotrattamento.<\/p>\n","protected":false},"excerpt":{"rendered":"<p>Amoxil Generico \u00e8 un antibiotico del gruppo delle penicilline usato per trattare infezioni come polmonite, gonorrea causata da E. coli, salmonella, ecc.<\/p>\n","protected":false},"featured_media":6555,"comment_status":"open","ping_status":"closed","template":"","meta":[],"product_brand":[],"product_cat":[303],"product_tag":[],"class_list":{"0":"post-6594","1":"product","2":"type-product","3":"status-publish","4":"has-post-thumbnail","6":"product_cat-antibiotici-it","7":"pa_active_substance-amoxil","9":"first","10":"instock","11":"shipping-taxable","12":"product-type-variable"},"jetpack_sharing_enabled":true,"_links":{"self":[{"href":"https:\/\/pharmacy-content.com\/index.php?rest_route=\/wp\/v2\/product\/6594","targetHints":{"allow":["GET"]}}],"collection":[{"href":"https:\/\/pharmacy-content.com\/index.php?rest_route=\/wp\/v2\/product"}],"about":[{"href":"https:\/\/pharmacy-content.com\/index.php?rest_route=\/wp\/v2\/types\/product"}],"replies":[{"embeddable":true,"href":"https:\/\/pharmacy-content.com\/index.php?rest_route=%2Fwp%2Fv2%2Fcomments&post=6594"}],"wp:featuredmedia":[{"embeddable":true,"href":"https:\/\/pharmacy-content.com\/index.php?rest_route=\/wp\/v2\/media\/6555"}],"wp:attachment":[{"href":"https:\/\/pharmacy-content.com\/index.php?rest_route=%2Fwp%2Fv2%2Fmedia&parent=6594"}],"wp:term":[{"taxonomy":"product_brand","embeddable":true,"href":"https:\/\/pharmacy-content.com\/index.php?rest_route=%2Fwp%2Fv2%2Fproduct_brand&post=6594"},{"taxonomy":"product_cat","embeddable":true,"href":"https:\/\/pharmacy-content.com\/index.php?rest_route=%2Fwp%2Fv2%2Fproduct_cat&post=6594"},{"taxonomy":"product_tag","embeddable":true,"href":"https:\/\/pharmacy-content.com\/index.php?rest_route=%2Fwp%2Fv2%2Fproduct_tag&post=6594"}],"curies":[{"name":"wp","href":"https:\/\/api.w.org\/{rel}","templated":true}]}}