{"id":6620,"date":"2026-04-22T07:03:32","date_gmt":"2026-04-22T07:03:32","guid":{"rendered":""},"modified":"2026-04-22T07:03:44","modified_gmt":"2026-04-22T07:03:44","slug":"amoxil-6","status":"publish","type":"product","link":"https:\/\/pharmacy-content.com\/?product=amoxil-6&lang=pl","title":{"rendered":"Amoxil"},"content":{"rendered":"<p>Powszechne zastosowanie<br \/>\nAmoxil to antybiotyk o szerokim spektrum dzia\u0142ania z grupy aminopenicylin. Jego mechanizm dzia\u0142ania jest antybakteryjny i polega na hamowaniu budowy \u015bcian kom\u00f3rkowych bakterii wra\u017cliwych na amoksycylin\u0119. \u015aciany kom\u00f3rkowe s\u0142u\u017c\u0105 ochronie bakterii przed \u015brodowiskiem, a dzia\u0142anie amoksycyliny zapobiega ich namna\u017caniu. Amoksycylina mo\u017ce by\u0107 skuteczna wobec H. influenzae, N. gonorrhoea, E. coli, Pneumokok\u00f3w, Streptococci i niekt\u00f3rych szczep\u00f3w gronkowc\u00f3w. Mikroorganizmy wytwarzaj\u0105ce penicylaz\u0119 s\u0105 oporne na amoksycylin\u0119. Lek nie jest aktywny wobec pr\u0105tk\u00f3w, mykoplazm, rodzaju Rickettsia, grzyb\u00f3w, ameby, Plasmodium, wirus\u00f3w, a tak\u017ce Pseudomonas aeruginosa i Proteus spp. (z wyj\u0105tkiem P. mirabilis).<\/p>\n<p>Dawkowanie i spos\u00f3b u\u017cycia<br \/>\nPrzyjmuj dok\u0142adnie zgodnie z zaleceniami lekarza. Przed zastosowaniem tego leku nale\u017cy powiedzie\u0107 lekarzowi, je\u015bli pacjent ma uczulenie na cefalosporyny (Ceclor, Ceftin, Duricef, Keflex), mia\u0142 astm\u0119, powa\u017cne zaburzenia czynno\u015bci w\u0105troby lub nerek, zaburzenia krwawienia lub krzepni\u0119cia krwi, mononukleoz\u0119 lub jakikolwiek rodzaj reakcji alergicznej w historii. Lek Amoxillin mo\u017cna przyjmowa\u0107 z posi\u0142kiem lub bez posi\u0142ku. Tabletk\u0119 do \u017cucia nale\u017cy prze\u017cu\u0107 przed po\u0142kni\u0119ciem. Kapsu\u0142ki Amoxillin nale\u017cy po\u0142yka\u0107 w ca\u0142o\u015bci, popijaj\u0105c szklank\u0105 wody.<\/p>\n<p>\u015arodki ostro\u017cno\u015bci<br \/>\nLek ten os\u0142abia dzia\u0142anie niekt\u00f3rych lek\u00f3w antykoncepcyjnych. Kontynuuj przyjmowanie tego leku, nawet je\u015bli czujesz si\u0119 dobrze, poniewa\u017c cykl \u017cyciowy bakterii ma pewne cechy szczeg\u00f3lne. Przerwanie stosowania leku przed zako\u0144czeniem leczenia mo\u017ce skutkowa\u0107 ich dalszym namna\u017caniem i wytwarzaniem szczep\u00f3w opornych na ten lek. Nie nale\u017cy podawa\u0107 tego leku osobom chorym i maj\u0105cym podobne objawy, poniewa\u017c ich chorob\u0119 mog\u0105 wywo\u0142a\u0107 inne rodzaje mikroorganizm\u00f3w. Antybiotyki mog\u0105 powodowa\u0107 biegunk\u0119; poinformuj swojego lekarza, je\u015bli takowe posiadasz. Je\u015bli karmisz piersi\u0105 i stosujesz amoksycylin\u0119, lek mo\u017ce przenika\u0107 do mleka i powodowa\u0107 biegunk\u0119 u dziecka. Poinformuj swojego lekarza, je\u015bli cierpisz na astm\u0119.<\/p>\n<p>Przeciwwskazania<br \/>\nUczulenie na amoksycylin\u0119 lub inny antybiotyk penicylinowy.<\/p>\n<p>Mo\u017cliwe skutki uboczne<br \/>\nOpr\u00f3cz objaw\u00f3w alergii (pokrzywka, obrz\u0119k, wysypka), mo\u017cliwe reakcje na amoksycylin\u0119 mog\u0105 obejmowa\u0107 biegunk\u0119, zawroty g\u0142owy, zgaga, bezsenno\u015b\u0107, nudno\u015bci, sw\u0119dzenie, wymioty, dezorientacja, b\u00f3l brzucha i \u0142atwe powstawanie siniak\u00f3w.<\/p>\n<p>Interakcje lek\u00f3w<br \/>\nNie wiadomo, czy amoksycylina zmniejsza skuteczno\u015b\u0107 tabletek antykoncepcyjnych. Zwi\u0119ksza wch\u0142anianie digoksyny i toksyczno\u015b\u0107 metotreksatu. Aspiryna spowalnia wydalanie amoksycyliny przez nerki.<\/p>\n<p>Pomini\u0119ta dawka<br \/>\nNigdy nie nale\u017cy stosowa\u0107 podw\u00f3jnej dawki tego leku. Je\u015bli zbli\u017ca si\u0119 pora przyj\u0119cia kolejnej dawki, po prostu pomi\u0144 pomini\u0119t\u0105 porcj\u0119 i kontynuuj przyjmowanie leku zgodnie ze schematem.<\/p>\n<p>Przedawkowanie<br \/>\nObjawy przedawkowania amoksycyliny mog\u0105 obejmowa\u0107 wymioty, nudno\u015bci, biegunk\u0119 oraz zaburzenia r\u00f3wnowagi wodno-elektrolitowej . Aby uzyska\u0107 pomoc, skontaktuj si\u0119 ze swoim lekarzem.<\/p>\n<p>Przechowywanie<br \/>\nPrzechowuj w temperaturze pokojowej od 15 do 30\u00b0C, z dala od \u015bwiat\u0142a i wilgoci.<\/p>\n<p>Zastrze\u017cenie<br \/>\nPrzekazujemy jedynie og\u00f3lne informacje na temat lek\u00f3w, kt\u00f3re nie obejmuj\u0105 wszystkie wskaz\u00f3wki, mo\u017cliwe interakcje lek\u00f3w lub \u015brodki ostro\u017cno\u015bci. Informacje zawarte na stronie nie mog\u0105 by\u0107 wykorzystywane do samodzielnego leczenia i autodiagnozy. Wszelkie szczeg\u00f3\u0142owe instrukcje dla konkretnego pacjenta nale\u017cy uzgodni\u0107 z doradc\u0105 ds. opieki zdrowotnej lub lekarzem prowadz\u0105cym dany przypadek. Zrzekamy si\u0119 wiarygodno\u015bci tych informacji i wszelkich b\u0142\u0119d\u00f3w, jakie mog\u0105 one zawiera\u0107. Nie ponosimy odpowiedzialno\u015bci za jakiekolwiek bezpo\u015brednie, po\u015brednie, szczeg\u00f3lne lub inne po\u015brednie szkody powsta\u0142e w wyniku wykorzystania informacji zawartych na tej stronie, a tak\u017ce za konsekwencje samodzielnego leczenia.<\/p>\n","protected":false},"excerpt":{"rendered":"<p>Amoxil Generyczny to antybiotyk z grupy penicylin stosowany w leczeniu takich infekcji jak zapalenie p\u0142uc, rze\u017c\u0105czka wywo\u0142ana przez E. coli, salmonell\u0119 itp.<\/p>\n","protected":false},"featured_media":6555,"comment_status":"open","ping_status":"closed","template":"","meta":[],"product_brand":[],"product_cat":[309],"product_tag":[],"class_list":{"0":"post-6620","1":"product","2":"type-product","3":"status-publish","4":"has-post-thumbnail","6":"product_cat-antybiotyki-pl","7":"pa_active_substance-amoxil","9":"first","10":"instock","11":"shipping-taxable","12":"product-type-variable"},"jetpack_sharing_enabled":true,"_links":{"self":[{"href":"https:\/\/pharmacy-content.com\/index.php?rest_route=\/wp\/v2\/product\/6620","targetHints":{"allow":["GET"]}}],"collection":[{"href":"https:\/\/pharmacy-content.com\/index.php?rest_route=\/wp\/v2\/product"}],"about":[{"href":"https:\/\/pharmacy-content.com\/index.php?rest_route=\/wp\/v2\/types\/product"}],"replies":[{"embeddable":true,"href":"https:\/\/pharmacy-content.com\/index.php?rest_route=%2Fwp%2Fv2%2Fcomments&post=6620"}],"wp:featuredmedia":[{"embeddable":true,"href":"https:\/\/pharmacy-content.com\/index.php?rest_route=\/wp\/v2\/media\/6555"}],"wp:attachment":[{"href":"https:\/\/pharmacy-content.com\/index.php?rest_route=%2Fwp%2Fv2%2Fmedia&parent=6620"}],"wp:term":[{"taxonomy":"product_brand","embeddable":true,"href":"https:\/\/pharmacy-content.com\/index.php?rest_route=%2Fwp%2Fv2%2Fproduct_brand&post=6620"},{"taxonomy":"product_cat","embeddable":true,"href":"https:\/\/pharmacy-content.com\/index.php?rest_route=%2Fwp%2Fv2%2Fproduct_cat&post=6620"},{"taxonomy":"product_tag","embeddable":true,"href":"https:\/\/pharmacy-content.com\/index.php?rest_route=%2Fwp%2Fv2%2Fproduct_tag&post=6620"}],"curies":[{"name":"wp","href":"https:\/\/api.w.org\/{rel}","templated":true}]}}