{"id":6692,"date":"2026-04-22T07:03:50","date_gmt":"2026-04-22T07:03:50","guid":{"rendered":""},"modified":"2026-04-22T07:04:00","modified_gmt":"2026-04-22T07:04:00","slug":"augmentin-2","status":"publish","type":"product","link":"https:\/\/pharmacy-content.com\/?product=augmentin-2&lang=de","title":{"rendered":"Augmentin"},"content":{"rendered":"<p>Allgemeine Anwendung<br \/>\nEs ist ein Breitbandantibiotikum, das Bakterien zerst\u00f6rt. Es wirkt gegen viele aerobe (solche, die sich in Gegenwart von Sauerstoff entwickeln) und anaerobe (solche, die sich in Abwesenheit von Sauerstoff entwickeln) grampositive und aerobe gramnegative Mikroorganismen, einschlie\u00dflich St\u00e4mmen, die Beta-Lactamase (das Enzym, das Penicillin zerst\u00f6rt) produzieren. . Clavulanat-Kalium, das im Inhalt dieses Medikaments enthalten ist, verleiht Augmentin Resistenz gegen die Aktivit\u00e4t bakterieller Beta-Lactamasen. Dieses Medikament wird zur Behandlung von Lungenentz\u00fcndung und anderen Infektionskrankheiten der Atemwege, des Magen-Darm-Systems, des Urogenitalsystems, von Infektionen, die nach Operationen auftreten, und anderen verwendet.<\/p>\n<p>Dosierung und Anwendung<br \/>\nDie Dosierung wird individuell abh\u00e4ngig von Ihrem Zustand und der Lokalisation der Erkrankung verabreicht Infektion und Anf\u00e4lligkeit des Erregers. Nehmen Sie es nicht in gr\u00f6\u00dferen Mengen oder l\u00e4nger als empfohlen ein. Schlucken Sie die ganze Tablette. Wenn es sich um die Augmentin-Kautablette handelt, kauen Sie diese vor dem Schlucken. Augmentin sollte in gleichm\u00e4\u00dfigen Abst\u00e4nden eingenommen werden.<\/p>\n<p>Vorsichtsma\u00dfnahmen<br \/>\nVerwenden Sie das Arzneimittel nicht, wenn Sie gegen ein anderes Penicillin-Antibiotikum allergisch sind, an Leber- oder Nierenversagen oder Mononukleose leiden.<\/p>\n<p>Gegenanzeigen<br \/>\nVerwenden Sie das Arzneimittel nicht, wenn Sie an einer Sie haben eine Allergie gegen seine Bestandteile oder ein anderes Penicillin-Antibiotikum, Sie leiden an infekti\u00f6ser Mononukleose, haben in der Vergangenheit Leberprobleme oder eine durch Augmentin verursachte Gelbf\u00e4rbung der Augen oder der Haut.<\/p>\n<p>M\u00f6gliche Nebenwirkungen<br \/>\nDyspepsie, Bauchbeschwerden, Bl\u00e4hungen, Bl\u00e4hungen, \u00dcbelkeit, Erbrechen , Leberfunktionsst\u00f6rungen, Hepatitis, Gelbsucht durch Gallenstau, vaginaler Juckreiz sowie allergische Symptome (Nesselsucht, Hautausschlag, Schwellung). Bei Patienten mit Leberversagen ist Vorsicht geboten. Das Medikament wird schwangeren (insbesondere im dritten Trimester) und stillenden Frauen nicht empfohlen.<\/p>\n<p>Arzneimittelwechselwirkung<br \/>\nDie Behandlung mit Augmentin und anderen Antibiotika kann die normale Bakterienflora des Dickdarms ver\u00e4ndern und ein \u00fcberm\u00e4\u00dfiges Wachstum von C. difficile erm\u00f6glichen, einem Bakterium, das verursacht pseudomembran\u00f6se Kolitis. Probenecid, das zur Behandlung von Gicht eingesetzt wird, kann die Ausscheidung von Augmentin durch die Nieren verlangsamen und zu einer Erh\u00f6hung seiner Toxizit\u00e4t f\u00fchren.<\/p>\n<p>Verpasste Dosis<br \/>\nWenn Sie eine Dosis vergessen haben, nehmen Sie sie ein, sobald Sie daran denken, aber nicht, wenn Sie es bemerken Es ist bald Zeit f\u00fcr die n\u00e4chste Einnahme gem\u00e4\u00df Ihrem Zeitplan. Wenn ja, lassen Sie die vergessene Dosis aus. Versuchen Sie nicht, eine vergessene Dosis durch die Einnahme einer zus\u00e4tzlichen Dosis auszugleichen.<\/p>\n<p>\u00dcberdosierung<br \/>\nWenn Sie vermuten, dass Sie zu viel Augmentin eingenommen haben und Symptome wie \u00dcbelkeit, Erbrechen, Magenschmerzen, Durchfall, Hautausschlag, Schl\u00e4frigkeit usw. auftreten Bei Hyperaktivit\u00e4t suchen Sie sofort einen Arzt auf.<\/p>\n<p>Lagerung<br \/>\nBei Raumtemperatur von 15\u201330 \u00b0C (59\u201386 \u00b0F) lagern, vor Licht und Feuchtigkeit sch\u00fctzen.<\/p>\n<p>Haftungsausschluss<br \/>\nWir stellen nur allgemeine Informationen \u00fcber Medikamente zur Verf\u00fcgung, die dies tun decken nicht alle Anweisungen, m\u00f6gliche Arzneimittelwechselwirkungen oder Vorsichtsma\u00dfnahmen ab. Die Informationen auf der Website k\u00f6nnen nicht zur Selbstbehandlung und Selbstdiagnose verwendet werden. Spezifische Anweisungen f\u00fcr einen bestimmten Patienten sollten mit Ihrem Gesundheitsberater oder dem f\u00fcr den Fall zust\u00e4ndigen Arzt vereinbart werden. Wir lehnen die Zuverl\u00e4ssigkeit dieser Informationen und etwaige darin enthaltene Fehler ab. Wir haften nicht f\u00fcr direkte, indirekte, besondere oder sonstige indirekte Sch\u00e4den, die sich aus der Nutzung der Informationen auf dieser Website ergeben und auch nicht f\u00fcr Folgen der Selbstbehandlung.<\/p>\n","protected":false},"excerpt":{"rendered":"<p>Augmentin Generisch ist zur Behandlung von bakteriellen Infektionen der unteren Atemwege, Mittelohrentz\u00fcndung, Sinusitis-Hautinfektionen und Harnwegsinfektionen indiziert.<\/p>\n","protected":false},"featured_media":6686,"comment_status":"open","ping_status":"closed","template":"","meta":[],"product_brand":[],"product_cat":[297],"product_tag":[],"class_list":{"0":"post-6692","1":"product","2":"type-product","3":"status-publish","4":"has-post-thumbnail","6":"product_cat-antibiotika-de","7":"pa_active_substance-amoxicillin","8":"pa_active_substance-clavulanate","10":"first","11":"instock","12":"shipping-taxable","13":"product-type-variable"},"jetpack_sharing_enabled":true,"_links":{"self":[{"href":"https:\/\/pharmacy-content.com\/index.php?rest_route=\/wp\/v2\/product\/6692","targetHints":{"allow":["GET"]}}],"collection":[{"href":"https:\/\/pharmacy-content.com\/index.php?rest_route=\/wp\/v2\/product"}],"about":[{"href":"https:\/\/pharmacy-content.com\/index.php?rest_route=\/wp\/v2\/types\/product"}],"replies":[{"embeddable":true,"href":"https:\/\/pharmacy-content.com\/index.php?rest_route=%2Fwp%2Fv2%2Fcomments&post=6692"}],"wp:featuredmedia":[{"embeddable":true,"href":"https:\/\/pharmacy-content.com\/index.php?rest_route=\/wp\/v2\/media\/6686"}],"wp:attachment":[{"href":"https:\/\/pharmacy-content.com\/index.php?rest_route=%2Fwp%2Fv2%2Fmedia&parent=6692"}],"wp:term":[{"taxonomy":"product_brand","embeddable":true,"href":"https:\/\/pharmacy-content.com\/index.php?rest_route=%2Fwp%2Fv2%2Fproduct_brand&post=6692"},{"taxonomy":"product_cat","embeddable":true,"href":"https:\/\/pharmacy-content.com\/index.php?rest_route=%2Fwp%2Fv2%2Fproduct_cat&post=6692"},{"taxonomy":"product_tag","embeddable":true,"href":"https:\/\/pharmacy-content.com\/index.php?rest_route=%2Fwp%2Fv2%2Fproduct_tag&post=6692"}],"curies":[{"name":"wp","href":"https:\/\/api.w.org\/{rel}","templated":true}]}}