{"id":6698,"date":"2026-04-22T07:03:51","date_gmt":"2026-04-22T07:03:51","guid":{"rendered":""},"modified":"2026-04-22T07:04:00","modified_gmt":"2026-04-22T07:04:00","slug":"augmentin-3","status":"publish","type":"product","link":"https:\/\/pharmacy-content.com\/?product=augmentin-3&lang=fr","title":{"rendered":"Augmentin"},"content":{"rendered":"<p>Usage courant<br \/>\nC&#8217;est un antibiotique \u00e0 large spectre qui d\u00e9truit les bact\u00e9ries. Il est actif contre de nombreux micro-organismes a\u00e9robies (ceux se d\u00e9veloppant en pr\u00e9sence d&#8217;oxyg\u00e8ne) et ana\u00e9robies (ceux se d\u00e9veloppant en l&#8217;absence d&#8217;oxyg\u00e8ne), Gram-positifs et a\u00e9robies Gram-n\u00e9gatifs, y compris les souches qui produisent de la b\u00eata-lactamase (l&#8217;enzyme qui d\u00e9truit la p\u00e9nicilline). . Le clavulanate de potassium, compris dans le contenu de ce m\u00e9dicament, conf\u00e8re \u00e0 Augmentin une r\u00e9sistance \u00e0 l&#8217;activit\u00e9 des b\u00eata-lactamases bact\u00e9riennes. Ce m\u00e9dicament est utilis\u00e9 pour traiter la pneumonie et d&#8217;autres maladies infectieuses des syst\u00e8mes respiratoire, gastro-intestinal, urog\u00e9nital, les infections qui apparaissent apr\u00e8s une intervention chirurgicale et autres.<\/p>\n<p>Posologie et mode d&#8217;emploi<br \/>\nLes doses sont administr\u00e9es individuellement en fonction de votre \u00e9tat, de la localisation de la l\u2019infection et la sensibilit\u00e9 de l\u2019agent pathog\u00e8ne. Ne le prenez pas en plus grande quantit\u00e9 ou pendant une dur\u00e9e plus longue que celle recommand\u00e9e. Avalez le comprim\u00e9 en entier. S\u2019il s\u2019agit du comprim\u00e9 \u00e0 croquer Augmentin, m\u00e2chez-le avant de l\u2019avaler. Augmentin doit \u00eatre pris \u00e0 intervalles r\u00e9guliers.<\/p>\n<p>Pr\u00e9cautions<br \/>\nNe pas utiliser si vous \u00eates allergique \u00e0 un autre antibiotique p\u00e9nicilline, si vous souffrez d&#8217;insuffisance h\u00e9patique ou r\u00e9nale, ou de mononucl\u00e9ose.<\/p>\n<p>Contre-indications<br \/>\nN&#8217;utilisez pas ce m\u00e9dicament si vous avez un allergie \u00e0 ses composants ou \u00e0 un autre antibiotique p\u00e9nicilline, vous avez une mononucl\u00e9ose infectieuse, des ant\u00e9c\u00e9dents de probl\u00e8mes h\u00e9patiques ou un jaunissement des yeux ou de la peau provoqu\u00e9 par Augmentin.<\/p>\n<p>Effets secondaires possibles<br \/>\nDyspepsie, g\u00eane abdominale, ballonnements, gaz, naus\u00e9es, vomissements , troubles de la fonction h\u00e9patique, h\u00e9patite, ict\u00e8re provoqu\u00e9 par la stagnation de la bile, d\u00e9mangeaisons vaginales, ainsi que des sympt\u00f4mes d&#8217;allergie (urticaire, \u00e9ruption cutan\u00e9e, gonflement). La prudence est de mise chez les patients pr\u00e9sentant une insuffisance h\u00e9patique. Le m\u00e9dicament n&#8217;est pas recommand\u00e9 aux femmes enceintes (en particulier au troisi\u00e8me trimestre) et aux femmes qui allaitent.<\/p>\n<p>Interaction m\u00e9dicamenteuse<br \/>\nLe traitement par Augmentin et d&#8217;autres antibiotiques peut modifier la flore bact\u00e9rienne normale du c\u00f4lon et permettre la prolif\u00e9ration de C. difficile, une bact\u00e9rie qui provoque une colite pseudomembraneuse. Le prob\u00e9n\u00e9cide, utilis\u00e9 pour traiter la goutte, peut ralentir l&#8217;excr\u00e9tion d&#8217;Augmentin par les reins et entra\u00eener une augmentation de sa toxicit\u00e9.<\/p>\n<p>Dose oubli\u00e9e<br \/>\nSi vous avez oubli\u00e9 une dose, prenez-la d\u00e8s que vous vous en souvenez, mais pas si elle Il est presque temps de passer \u00e0 la prochaine prise selon votre emploi du temps. Si tel est le cas, sautez la dose oubli\u00e9e. N&#8217;essayez pas de compenser une dose oubli\u00e9e en en prenant une suppl\u00e9mentaire.<\/p>\n<p>Surdosage<br \/>\nSi vous pensez avoir pris trop d&#8217;Augmentin et que vous ressentez des sympt\u00f4mes tels que naus\u00e9es, vomissements, douleurs \u00e0 l&#8217;estomac, diarrh\u00e9e, \u00e9ruption cutan\u00e9e, somnolence et hyperactivit\u00e9, consultez imm\u00e9diatement un m\u00e9decin.<\/p>\n<p>Conservation<br \/>\nConserver \u00e0 temp\u00e9rature ambiante de 59 \u00e0 86 \u00b0F (15 \u00e0 30 \u00b0C) \u00e0 l&#8217;abri de la lumi\u00e8re et de l&#8217;humidit\u00e9.<\/p>\n<p>Avis de non-responsabilit\u00e9<br \/>\nNous fournissons uniquement des informations g\u00e9n\u00e9rales sur les m\u00e9dicaments, qui ne ne couvre pas toutes les directions, les interactions m\u00e9dicamenteuses possibles ou les pr\u00e9cautions. Les informations pr\u00e9sentes sur le site ne peuvent \u00eatre utilis\u00e9es \u00e0 des fins d&#8217;auto-traitement et d&#8217;autodiagnostic. Toute instruction sp\u00e9cifique pour un patient particulier doit \u00eatre convenue avec votre conseiller en soins de sant\u00e9 ou votre m\u00e9decin en charge du cas. Nous d\u00e9clinons la fiabilit\u00e9 de ces informations ainsi que les erreurs qu&#8217;elles pourraient contenir. Nous ne sommes pas responsables de tout dommage direct, indirect, sp\u00e9cial ou autre indirect r\u00e9sultant de toute utilisation des informations pr\u00e9sentes sur ce site ainsi que des cons\u00e9quences de l&#8217;auto-traitement.<\/p>\n","protected":false},"excerpt":{"rendered":"<p>Augmentin G\u00e9n\u00e9rique est indiqu\u00e9 pour traiter les infections bact\u00e9riennes des voies respiratoires inf\u00e9rieures, l&#8217;otite moyenne, les infections cutan\u00e9es de sinusite et les infections des voies urinaires.<\/p>\n","protected":false},"featured_media":6686,"comment_status":"open","ping_status":"closed","template":"","meta":[],"product_brand":[],"product_cat":[300],"product_tag":[],"class_list":{"0":"post-6698","1":"product","2":"type-product","3":"status-publish","4":"has-post-thumbnail","6":"product_cat-antibiotiques-fr","7":"pa_active_substance-amoxicillin","8":"pa_active_substance-clavulanate","10":"first","11":"instock","12":"shipping-taxable","13":"product-type-variable"},"jetpack_sharing_enabled":true,"_links":{"self":[{"href":"https:\/\/pharmacy-content.com\/index.php?rest_route=\/wp\/v2\/product\/6698","targetHints":{"allow":["GET"]}}],"collection":[{"href":"https:\/\/pharmacy-content.com\/index.php?rest_route=\/wp\/v2\/product"}],"about":[{"href":"https:\/\/pharmacy-content.com\/index.php?rest_route=\/wp\/v2\/types\/product"}],"replies":[{"embeddable":true,"href":"https:\/\/pharmacy-content.com\/index.php?rest_route=%2Fwp%2Fv2%2Fcomments&post=6698"}],"wp:featuredmedia":[{"embeddable":true,"href":"https:\/\/pharmacy-content.com\/index.php?rest_route=\/wp\/v2\/media\/6686"}],"wp:attachment":[{"href":"https:\/\/pharmacy-content.com\/index.php?rest_route=%2Fwp%2Fv2%2Fmedia&parent=6698"}],"wp:term":[{"taxonomy":"product_brand","embeddable":true,"href":"https:\/\/pharmacy-content.com\/index.php?rest_route=%2Fwp%2Fv2%2Fproduct_brand&post=6698"},{"taxonomy":"product_cat","embeddable":true,"href":"https:\/\/pharmacy-content.com\/index.php?rest_route=%2Fwp%2Fv2%2Fproduct_cat&post=6698"},{"taxonomy":"product_tag","embeddable":true,"href":"https:\/\/pharmacy-content.com\/index.php?rest_route=%2Fwp%2Fv2%2Fproduct_tag&post=6698"}],"curies":[{"name":"wp","href":"https:\/\/api.w.org\/{rel}","templated":true}]}}