{"id":6716,"date":"2026-04-22T07:03:54","date_gmt":"2026-04-22T07:03:54","guid":{"rendered":""},"modified":"2026-04-22T07:04:01","modified_gmt":"2026-04-22T07:04:01","slug":"augmentin-6","status":"publish","type":"product","link":"https:\/\/pharmacy-content.com\/?product=augmentin-6&lang=pl","title":{"rendered":"Augmentin"},"content":{"rendered":"<p>Powszechne zastosowanie<br \/>\nJest to antybiotyk o szerokim spektrum dzia\u0142ania, kt\u00f3ry niszczy bakterie. Jest aktywny wobec wielu tlenowych (rozwijaj\u0105cych si\u0119 w obecno\u015bci tlenu) i beztlenowych (rozwijaj\u0105cych si\u0119 w nieobecno\u015bci tlenu) mikroorganizm\u00f3w Gram-dodatnich i tlenowych Gram-ujemnych, w tym szczep\u00f3w wytwarzaj\u0105cych beta-laktamaz\u0119 (enzym niszcz\u0105cy penicylin\u0119). . Klawulanian potasu zawarty w leku zapewnia oporno\u015b\u0107 preparatu Augmentin na dzia\u0142anie beta-laktamaz bakteryjnych. Lek ten stosowany jest w leczeniu zapalenia p\u0142uc i innych chor\u00f3b zaka\u017anych dr\u00f3g oddechowych, przewodu pokarmowego, uk\u0142adu moczowo-p\u0142ciowego, infekcji pojawiaj\u0105cych si\u0119 po operacjach chirurgicznych i innych.<\/p>\n<p>Dawkowanie i spos\u00f3b u\u017cycia<br \/>\nDawki podaje si\u0119 indywidualnie w zale\u017cno\u015bci od stanu pacjenta, lokalizacji infekcji i podatno\u015bci patogenu. Nie nale\u017cy przyjmowa\u0107 go w wi\u0119kszych ilo\u015bciach ani d\u0142u\u017cej ni\u017c jest to zalecane. Po\u0142kn\u0105\u0107 ca\u0142\u0105 tabletk\u0119. Je\u015bli jest to tabletka do \u017cucia Augmentin, nale\u017cy j\u0105 prze\u017cu\u0107 przed po\u0142kni\u0119ciem. Preparat Augmentin nale\u017cy przyjmowa\u0107 w r\u00f3wnych odst\u0119pach czasu.<\/p>\n<p>\u015arodki ostro\u017cno\u015bci<br \/>\nNie stosowa\u0107 leku w przypadku uczulenia na inny antybiotyk penicylinowy, niewydolno\u015bci w\u0105troby lub nerek albo mononukleozy.<\/p>\n<p>Przeciwwskazania<br \/>\nNie stosowa\u0107 leku w przypadku: uczulenie na jego sk\u0142adniki lub inny antybiotyk penicylinowy, u pacjenta wyst\u0119puje mononukleoza zaka\u017ana, problemy z w\u0105trob\u0105 w przesz\u0142o\u015bci lub za\u017c\u00f3\u0142cenie oczu lub sk\u00f3ry spowodowane lekiem Augmentin.<\/p>\n<p>Mo\u017cliwe dzia\u0142ania niepo\u017c\u0105dane<br \/>\nNiestrawno\u015b\u0107, dyskomfort w jamie brzusznej, wzd\u0119cia, gazy, nudno\u015bci, wymioty , zaburzenia czynno\u015bci w\u0105troby, zapalenie w\u0105troby, \u017c\u00f3\u0142taczka spowodowana zastojem \u017c\u00f3\u0142ci, sw\u0119dzenie pochwy, a tak\u017ce objawy alergii (pokrzywka, wysypka, obrz\u0119k). Nale\u017cy zachowa\u0107 ostro\u017cno\u015b\u0107 u pacjent\u00f3w z niewydolno\u015bci\u0105 w\u0105troby. Nie zaleca si\u0119 stosowania leku u kobiet w ci\u0105\u017cy (szczeg\u00f3lnie w trzecim trymestrze) i karmi\u0105cych piersi\u0105.<\/p>\n<p>Interakcje lek\u00f3w<br \/>\nLeczenie preparatem Augmentin i innymi antybiotykami mo\u017ce zmieni\u0107 prawid\u0142ow\u0105 flor\u0119 bakteryjn\u0105 jelita grubego i spowodowa\u0107 nadmierny wzrost C. difficile, bakterii, kt\u00f3ra powoduje rzekomob\u0142oniaste zapalenie jelita grubego. Probenecyd, stosowany w leczeniu dny moczanowej, mo\u017ce spowolni\u0107 wydalanie leku Augmentin przez nerki i spowodowa\u0107 zwi\u0119kszenie jego toksyczno\u015bci.<\/p>\n<p>Pomini\u0119ta dawka<br \/>\nW przypadku pomini\u0119cia dawki nale\u017cy przyj\u0105\u0107 j\u0105 tak szybko, jak to mo\u017cliwe, ale nie w przypadku ju\u017c prawie czas na kolejn\u0105 porcj\u0119 zgodnie z Twoim harmonogramem. Je\u015bli tak, pomi\u0144 pomini\u0119t\u0105 dawk\u0119. Nie pr\u00f3buj kompensowa\u0107 pomini\u0119tej dawki, przyjmuj\u0105c dodatkow\u0105.<\/p>\n<p>Przedawkowanie<br \/>\nJe\u015bli podejrzewasz, \u017ce przyj\u0105\u0142e\u015b zbyt du\u017c\u0105 dawk\u0119 leku Augmentin i odczuwasz takie objawy, jak nudno\u015bci, wymioty, b\u00f3l brzucha, biegunka, wysypka sk\u00f3rna, senno\u015b\u0107 i nadpobudliwo\u015b\u0107, nale\u017cy natychmiast zwr\u00f3ci\u0107 si\u0119 o pomoc lekarsk\u0105.<\/p>\n<p>Przechowywanie<br \/>\nPrzechowywa\u0107 w temperaturze pokojowej 15-30\u00b0C, z dala od \u015bwiat\u0142a i wilgoci.<\/p>\n<p>Zastrze\u017cenie<br \/>\nPrzekazujemy jedynie og\u00f3lne informacje na temat lek\u00f3w, kt\u00f3re nie dzia\u0142aj\u0105 nie obejmuj\u0105 wszystkich wskaz\u00f3wek, mo\u017cliwych interakcji lek\u00f3w ani \u015brodk\u00f3w ostro\u017cno\u015bci. Informacje zawarte na stronie nie mog\u0105 by\u0107 wykorzystywane do samodzielnego leczenia i autodiagnozy. Wszelkie szczeg\u00f3\u0142owe instrukcje dla konkretnego pacjenta nale\u017cy uzgodni\u0107 z doradc\u0105 ds. opieki zdrowotnej lub lekarzem prowadz\u0105cym dany przypadek. Zrzekamy si\u0119 wiarygodno\u015bci tych informacji i wszelkich b\u0142\u0119d\u00f3w, jakie mog\u0105 one zawiera\u0107. Nie ponosimy odpowiedzialno\u015bci za jakiekolwiek bezpo\u015brednie, po\u015brednie, specjalne lub inne po\u015brednie szkody powsta\u0142e w wyniku wykorzystania informacji zawartych na tej stronie, a tak\u017ce za konsekwencje samoleczenia.<\/p>\n","protected":false},"excerpt":{"rendered":"<p>Augmentin Generyczny jest wskazany w leczeniu infekcji bakteryjnych dolnych dr\u00f3g oddechowych, zapalenia ucha \u015brodkowego, zapalenia zatok, infekcji sk\u00f3ry i infekcji dr\u00f3g moczowych.<\/p>\n","protected":false},"featured_media":6686,"comment_status":"open","ping_status":"closed","template":"","meta":[],"product_brand":[],"product_cat":[309],"product_tag":[],"class_list":{"0":"post-6716","1":"product","2":"type-product","3":"status-publish","4":"has-post-thumbnail","6":"product_cat-antybiotyki-pl","7":"pa_active_substance-amoxicillin","8":"pa_active_substance-clavulanate","10":"first","11":"instock","12":"shipping-taxable","13":"product-type-variable"},"jetpack_sharing_enabled":true,"_links":{"self":[{"href":"https:\/\/pharmacy-content.com\/index.php?rest_route=\/wp\/v2\/product\/6716","targetHints":{"allow":["GET"]}}],"collection":[{"href":"https:\/\/pharmacy-content.com\/index.php?rest_route=\/wp\/v2\/product"}],"about":[{"href":"https:\/\/pharmacy-content.com\/index.php?rest_route=\/wp\/v2\/types\/product"}],"replies":[{"embeddable":true,"href":"https:\/\/pharmacy-content.com\/index.php?rest_route=%2Fwp%2Fv2%2Fcomments&post=6716"}],"wp:featuredmedia":[{"embeddable":true,"href":"https:\/\/pharmacy-content.com\/index.php?rest_route=\/wp\/v2\/media\/6686"}],"wp:attachment":[{"href":"https:\/\/pharmacy-content.com\/index.php?rest_route=%2Fwp%2Fv2%2Fmedia&parent=6716"}],"wp:term":[{"taxonomy":"product_brand","embeddable":true,"href":"https:\/\/pharmacy-content.com\/index.php?rest_route=%2Fwp%2Fv2%2Fproduct_brand&post=6716"},{"taxonomy":"product_cat","embeddable":true,"href":"https:\/\/pharmacy-content.com\/index.php?rest_route=%2Fwp%2Fv2%2Fproduct_cat&post=6716"},{"taxonomy":"product_tag","embeddable":true,"href":"https:\/\/pharmacy-content.com\/index.php?rest_route=%2Fwp%2Fv2%2Fproduct_tag&post=6716"}],"curies":[{"name":"wp","href":"https:\/\/api.w.org\/{rel}","templated":true}]}}