{"id":6760,"date":"2026-04-22T07:04:07","date_gmt":"2026-04-22T07:04:07","guid":{"rendered":""},"modified":"2026-04-22T07:04:25","modified_gmt":"2026-04-22T07:04:25","slug":"bactrim-2","status":"publish","type":"product","link":"https:\/\/pharmacy-content.com\/?product=bactrim-2&lang=de","title":{"rendered":"Bactrim"},"content":{"rendered":"<p>Allgemeine Anwendung<br \/>\nBactrim besteht aus zwei Medikamenten: Sulfamethoxazol und Trimethoprim. Ersteres hemmt die Synthese von Dihydrofols\u00e4ure (der f\u00fcr den menschlichen und bakteriellen Stoffwechsel wichtigen Substanz), w\u00e4hrend letzteres die n\u00e4chste Stufe seines biochemischen Zyklus blockiert: die Bildung von Tetrahydrofols\u00e4ure, die nur in Mikroorganismen vorkommt. Dieses Medikament ist wirksam gegen Streptokokken, Staphylokokken, Pneumokokken, Bacillus-Ruhr, Typhus, E. coli und Proteus und unwirksam gegen Mycobacterium tuberculosis, Spiroch\u00e4ten und Pseudomonas aeruginosa. Bactrim wird zur Behandlung von Lungenentz\u00fcndung und anderen Erkrankungen der Atemwege, des Magen-Darm-Trakts, des Urogenitalsystems, die durch bakterielle Infektionen verursacht werden, die sich nach einer Operation entwickeln, und anderen eingesetzt.<br \/>\nDosierung und Anwendung<br \/>\nBactrim kann zwei- oder dreimal t\u00e4glich mit oder eingenommen werden ohne eine Mahlzeit. Die Dosierung richtet sich nach der Art und Schwere der Infektion. Mit einem Glas Wasser einnehmen. Patienten mit schwerer Niereninsuffizienz ben\u00f6tigen eine Korrektur der Bactrim-Dosierung.<br \/>\nVorsichtsma\u00dfnahmen<br \/>\nVermeiden Sie Sonneneinstrahlung oder Sonnenbr\u00e4une. Antibiotika k\u00f6nnen Durchfall verursachen; Informieren Sie Ihren Arzt, wenn Sie davon betroffen sind, da es andere Infektionen verschleiern kann. Informieren Sie Ihren Arzt, wenn Sie an Asthma leiden oder schwere Nieren- oder Lebererkrankungen haben.<br \/>\nGegenanzeigen<br \/>\nNehmen Sie Bactrim nicht ein, wenn Sie allergisch gegen die Bestandteile des Medikaments sind, schwanger sind, stillen oder an einer durch Fols\u00e4uremangel verursachten An\u00e4mie leiden. Dieses Medikament sollte Fr\u00fchgeborenen und Neugeborenen nicht verabreicht werden.<br \/>\nM\u00f6gliche Nebenwirkung<br \/>\nWenn Sie Anzeichen einer allergischen Reaktion haben, wie z. B. Nesselsucht, Atembeschwerden, Schwellungen im Gesicht, der Lippen, der Zunge oder des Rachens oder schwerwiegendere Anzeichen einer solchen schlechter Gesundheitszustand, wie Fieber, Halsschmerzen, Kopfschmerzen mit starker Blasenbildung, blasse Haut, leichte Bluterg\u00fcsse oder Blutungen, w\u00e4ssriger oder blutiger Durchfall, Halluzinationen, langsamer Herzschlag, schwacher Puls, \u00dcbelkeit, Magenschmerzen, selteneres oder gar kein Wasserlassen , dann suchen Sie sofort einen Arzt auf.<br \/>\nArzneimittelwechselwirkung<br \/>\nBactrim sollte zusammen mit Dofetilid oder Methenamin verabreicht werden. Bactrim ist in der Lage, die Wirkung bestimmter Antidiabetika, \u201eBlutverd\u00fcnner\u201c, Ciclosporin, Digoxin, Arzneimittel, die den Kaliumspiegel erh\u00f6hen k\u00f6nnen, Lebendimpfstoffe, trizyklische Antidepressiva und einige \u201eEntw\u00e4sserungstabletten\u201c zu ver\u00e4ndern. Informieren Sie daher Ihren Arzt Informieren Sie Ihren Arzt \u00fcber alle verschreibungspflichtigen und nicht verschreibungspflichtigen\/pflanzlichen Produkte, die Sie m\u00f6glicherweise verwenden.<br \/>\nVerpasste Dosis<br \/>\nNehmen Sie niemals die doppelte Dosis dieses Medikaments ein. Wenn es fast Zeit f\u00fcr die n\u00e4chste Dosis ist, lassen Sie einfach die vergessene Portion aus und nehmen Sie das Arzneimittel gem\u00e4\u00df dem Zeitplan weiter ein.<br \/>\n\u00dcberdosis<br \/>\nWenn Sie zu viel Bactrim eingenommen haben, k\u00f6nnen Schwindel, Schl\u00e4frigkeit, \u00dcbelkeit, Erbrechen und Appetitlosigkeit auftreten , Magenschmerzen, Kopfschmerzen, Gelbf\u00e4rbung Ihrer Haut oder Augen, Blut im Urin, Ohnmacht. Bei schwerwiegenden Nebenwirkungen suchen Sie sofort einen Arzt auf.<br \/>\nLagerung<br \/>\nBei Raumtemperatur zwischen 15 und 25 \u00b0C (59\u201377 \u00b0F) lagern, fern von Licht und Feuchtigkeit, Kindern und Haustieren.<br \/>\nHaftungsausschluss<br \/>\nWir bieten nur allgemeine Informationen an Informationen zu Medikamenten, die nicht alle Anwendungsgebiete, m\u00f6gliche Arzneimittelwechselwirkungen oder Vorsichtsma\u00dfnahmen abdecken. Die Informationen auf der Website k\u00f6nnen nicht zur Selbstbehandlung und Selbstdiagnose verwendet werden. Spezifische Anweisungen f\u00fcr einen bestimmten Patienten sollten mit Ihrem Gesundheitsberater oder dem f\u00fcr den Fall zust\u00e4ndigen Arzt vereinbart werden. Wir lehnen die Zuverl\u00e4ssigkeit dieser Informationen und etwaige darin enthaltene Fehler ab. Wir haften nicht f\u00fcr direkte, indirekte, besondere oder sonstige indirekte Sch\u00e4den, die sich aus der Nutzung der Informationen auf dieser Website ergeben, sowie f\u00fcr die Folgen einer Selbstbehandlung.<\/p>\n","protected":false},"excerpt":{"rendered":"<p>Bactrim Generisch ist ein synthetisches antibakterielles Produkt zur Behandlung von Ohrenentz\u00fcndungen, akuten Verschlimmerungen chronischer Bronchitis und Harnwegsinfektionen.<\/p>\n","protected":false},"featured_media":6747,"comment_status":"open","ping_status":"closed","template":"","meta":[],"product_brand":[],"product_cat":[297],"product_tag":[],"class_list":{"0":"post-6760","1":"product","2":"type-product","3":"status-publish","4":"has-post-thumbnail","6":"product_cat-antibiotika-de","7":"pa_active_substance-trimethoprim","9":"first","10":"instock","11":"shipping-taxable","12":"product-type-variable"},"jetpack_sharing_enabled":true,"_links":{"self":[{"href":"https:\/\/pharmacy-content.com\/index.php?rest_route=\/wp\/v2\/product\/6760","targetHints":{"allow":["GET"]}}],"collection":[{"href":"https:\/\/pharmacy-content.com\/index.php?rest_route=\/wp\/v2\/product"}],"about":[{"href":"https:\/\/pharmacy-content.com\/index.php?rest_route=\/wp\/v2\/types\/product"}],"replies":[{"embeddable":true,"href":"https:\/\/pharmacy-content.com\/index.php?rest_route=%2Fwp%2Fv2%2Fcomments&post=6760"}],"wp:featuredmedia":[{"embeddable":true,"href":"https:\/\/pharmacy-content.com\/index.php?rest_route=\/wp\/v2\/media\/6747"}],"wp:attachment":[{"href":"https:\/\/pharmacy-content.com\/index.php?rest_route=%2Fwp%2Fv2%2Fmedia&parent=6760"}],"wp:term":[{"taxonomy":"product_brand","embeddable":true,"href":"https:\/\/pharmacy-content.com\/index.php?rest_route=%2Fwp%2Fv2%2Fproduct_brand&post=6760"},{"taxonomy":"product_cat","embeddable":true,"href":"https:\/\/pharmacy-content.com\/index.php?rest_route=%2Fwp%2Fv2%2Fproduct_cat&post=6760"},{"taxonomy":"product_tag","embeddable":true,"href":"https:\/\/pharmacy-content.com\/index.php?rest_route=%2Fwp%2Fv2%2Fproduct_tag&post=6760"}],"curies":[{"name":"wp","href":"https:\/\/api.w.org\/{rel}","templated":true}]}}