{"id":6773,"date":"2026-04-22T07:04:09","date_gmt":"2026-04-22T07:04:09","guid":{"rendered":""},"modified":"2026-04-22T07:04:26","modified_gmt":"2026-04-22T07:04:26","slug":"bactrim-3","status":"publish","type":"product","link":"https:\/\/pharmacy-content.com\/?product=bactrim-3&lang=fr","title":{"rendered":"Bactrim"},"content":{"rendered":"<p>Usage g\u00e9n\u00e9ral<\/p>\n<p>Bactrim se compose de deux m\u00e9dicaments : le sulfam\u00e9thoxazole et le trim\u00e9thoprim. Le premier inhibe la synth\u00e8se d&#8217;acide de dihydrofolate (substance importante pour le m\u00e9tabolisme humain et bact\u00e9rien) pendant que le deuxi\u00e8me bloque le stade suivant de son cycle biochimique : la formation d&#8217;acide de t\u00e9trahydrofolate qui est s\u00e9cr\u00e9t\u00e9 seulement dans les micro-organismes. Ce m\u00e9dicament est efficace contre les streptocoques, les staphylocoques, les pneumocoques, la dysenterie des bacilles, la fi\u00e8vre typho\u00efde, E. coli, Proteus, mais inefficace contre la tuberculose des mycobact\u00e9ries, les spiroch\u00e8tes, Pseudomonas aeruginosa. Bactrim est administr\u00e9 dans le traitement de pneumonie et d&#8217;autres maladies respiratoires, gastro-intestinales, des syst\u00e8mes urog\u00e9nitaux provoqu\u00e9s par les infections bact\u00e9riennes survenant apr\u00e8s une op\u00e9ration chirurgicale et d&#8217;autres.<\/p>\n<p>Dosage et administration<\/p>\n<p>Bactrim peut \u00eatre pris deux ou trois fois par jour avec ou sans repas. Le dosage d\u00e9pend du type et de la gravit\u00e9e de l&#8217;infection. Prenez le m\u00e9dicament avec un verre d&#8217;eau. Les patients souffrant d\u2019insuffisance grave du rein ont besoin de rectification de dosage de Bactrim.<\/p>\n<p>Pr\u00e9cautions<\/p>\n<p>Evitez l&#8217;exposition \u00e0 la lumi\u00e8re du soleil ou le bronzage. Les m\u00e9dicaments antibiotiques peuvent provoquer la diarrh\u00e9e, informer votre m\u00e9decin, puisqu\u2019elle peut masquer d&#8217;autres infections. Pr\u00e9venez votre m\u00e9decin si vous souffrez d&#8217;asthme ou avez des troubles graves de foie ou de rein.<\/p>\n<p>Contre-indications<\/p>\n<p>Ne prenez pas Bactim si vous \u00eates allergiques aux composantes du m\u00e9dicament, enceinte, si vous allaitez, ou avez une an\u00e9mie due au d\u00e9ficit d\u2019acide folique. Ce m\u00e9dicament ne devrait pas \u00eatre administr\u00e9 aux b\u00e9b\u00e9s pr\u00e9matur\u00e9s et aux nouveau-n\u00e9s.<\/p>\n<p>Effets secondaires possibles possibles<\/p>\n<p>Si vous avez des signes de r\u00e9action allergique tels que les \u00e9ruptions, les probl\u00e8mes de respiration, l&#8217;enflure du visage, des l\u00e8vres, de la langue, ou de la gorge ou des signes plus s\u00e9rieux d\u2019aggravation de la sant\u00e9 comme la fi\u00e8vre, les maux de gorge et les maux de t\u00eate avec pomphos sur la peau, le visage p\u00e2le, l\u2019apparition facile d\u2019h\u00e9matomes ou de saignement, la diarrh\u00e9e satur\u00e9e d&#8217;eau ou saignante, les hallucinations, le ralentissement du rythme du c\u0153ur, le pouls faible, la naus\u00e9e, les douleurs \u00e0 l&#8217;estomac, la r\u00e9tention ou l\u2019absence d\u2019urine, contactez alors l&#8217;assistance m\u00e9dicale urgente.<\/p>\n<p>Interaction des m\u00e9dicaments<\/p>\n<p>Bactim devrait \u00eatre administr\u00e9 avec du dof\u00e9tilide ou de la m\u00e9th\u00e9namine. Bactrim est capable de modifier les effets de certains m\u00e9dicaments antidiab\u00e9tiques, les anticoagulants \u00abraffineurs de sang\u00bb, la cyclosporine, la digoxine, les m\u00e9dicaments capables d\u2019augmenter le niveau de potassium dans le sang, les vaccins vivants, les antid\u00e9presseurs tricycliques, quelques diur\u00e9tiques \u00abpilules d&#8217;eau\u00bb. Informez ainsi votre m\u00e9decin de tous les produits prescrits et non prescrits \/ produits \u00e0 base d\u2019herbes que vous utilisez.<\/p>\n<p>Omission de dose<\/p>\n<p>Ne prenez jamais une double dose de ce m\u00e9dicament. Si l\u2019heure de la dose suivante est proche, sautez simplement la dose omise et continuez \u00e0 prendre le m\u00e9dicament selon votre programme.<\/p>\n<p>Surdosage<\/p>\n<p>Si vous avez pris trop de Bactim, vous pouvez constater le vertige, la somnolence, la naus\u00e9e, le vomissement, la perte d&#8217;app\u00e9tit, les douleurs \u00e0 l\u2019estomac, les maux de t\u00eate, le jaunissement de votre peau ou de vos yeux, du sang dans votre urine, l&#8217;\u00e9vanouissement. En cas d\u2019effets secondaires s\u00e9rieux, contactez l&#8217;assistance m\u00e9dicale d\u2019urgence.<\/p>\n<p>Conservation<\/p>\n<p>Conserver \u00e0 la temp\u00e9rature de chambre entre 59-77 F (15-25 oC) \u00e0 l\u2019abri de la lumi\u00e8re et de l&#8217;humidit\u00e9, hors de port\u00e9e des enfants et des animaux de compagnie.<\/p>\n<p>Disclaimer (avis de non responsabilit\u00e9)<\/p>\n<p>Nous fournissons des renseignements \u00e0 caract\u00e8res uniquement g\u00e9n\u00e9raux sur les m\u00e9dicaments qui n\u2019englobent pas tous les domaines, les polyvalences possibles du m\u00e9dicament, ou les pr\u00e9cautions. Les renseignements sur le site ne peuvent \u00eatre utilis\u00e9s pour un traitement personnel et un diagnostic personnel. Toute instruction sp\u00e9cifique pour un patient particulier devrait \u00eatre consult\u00e9e avec votre conseiller de soins de sant\u00e9 ou votre m\u00e9decin responsable du cas. Nous refusons toute r\u00e9f\u00e9rence au caract\u00e8re ind\u00e9niable de ces renseignements et des erreurs qu&#8217;ils pourraient contenir. Nous ne sommes pas responsables de tout dommage direct ou indirect, sp\u00e9cial ou d\u2019autre dommage \u00e0 la suite de toute utilisation des renseignements sur ce site et \u00e9galement pour les cons\u00e9quences de l\u2019auto-traitement.<\/p>\n","protected":false},"excerpt":{"rendered":"<p>Bactrim est un traitement antibact\u00e9rien synth\u00e9tique utilis\u00e9 dans le traitement des infections de l&#8217;oreille, des exacerbations aigu\u00ebs de la bronchite chronique et des infections des voies urinaires.<\/p>\n","protected":false},"featured_media":6747,"comment_status":"open","ping_status":"closed","template":"","meta":[],"product_brand":[],"product_cat":[300],"product_tag":[],"class_list":{"0":"post-6773","1":"product","2":"type-product","3":"status-publish","4":"has-post-thumbnail","6":"product_cat-antibiotiques-fr","7":"pa_active_substance-trimethoprim","9":"first","10":"instock","11":"shipping-taxable","12":"product-type-variable"},"jetpack_sharing_enabled":true,"_links":{"self":[{"href":"https:\/\/pharmacy-content.com\/index.php?rest_route=\/wp\/v2\/product\/6773","targetHints":{"allow":["GET"]}}],"collection":[{"href":"https:\/\/pharmacy-content.com\/index.php?rest_route=\/wp\/v2\/product"}],"about":[{"href":"https:\/\/pharmacy-content.com\/index.php?rest_route=\/wp\/v2\/types\/product"}],"replies":[{"embeddable":true,"href":"https:\/\/pharmacy-content.com\/index.php?rest_route=%2Fwp%2Fv2%2Fcomments&post=6773"}],"wp:featuredmedia":[{"embeddable":true,"href":"https:\/\/pharmacy-content.com\/index.php?rest_route=\/wp\/v2\/media\/6747"}],"wp:attachment":[{"href":"https:\/\/pharmacy-content.com\/index.php?rest_route=%2Fwp%2Fv2%2Fmedia&parent=6773"}],"wp:term":[{"taxonomy":"product_brand","embeddable":true,"href":"https:\/\/pharmacy-content.com\/index.php?rest_route=%2Fwp%2Fv2%2Fproduct_brand&post=6773"},{"taxonomy":"product_cat","embeddable":true,"href":"https:\/\/pharmacy-content.com\/index.php?rest_route=%2Fwp%2Fv2%2Fproduct_cat&post=6773"},{"taxonomy":"product_tag","embeddable":true,"href":"https:\/\/pharmacy-content.com\/index.php?rest_route=%2Fwp%2Fv2%2Fproduct_tag&post=6773"}],"curies":[{"name":"wp","href":"https:\/\/api.w.org\/{rel}","templated":true}]}}