{"id":6825,"date":"2026-04-22T07:04:16","date_gmt":"2026-04-22T07:04:16","guid":{"rendered":""},"modified":"2026-04-22T07:04:26","modified_gmt":"2026-04-22T07:04:26","slug":"bactrim-7","status":"publish","type":"product","link":"https:\/\/pharmacy-content.com\/?product=bactrim-7&lang=pt","title":{"rendered":"Bactrim"},"content":{"rendered":"<p>Uso comum<br \/>\nBactrim consiste em dois medicamentos: sulfametoxazol e trimetoprim. O primeiro inibe a s\u00edntese do \u00e1cido diidrof\u00f3lico (subst\u00e2ncia importante para o metabolismo humano e bacteriano), enquanto o \u00faltimo bloqueia a pr\u00f3xima etapa do seu ciclo bioqu\u00edmico: a forma\u00e7\u00e3o do \u00e1cido tetrahidrof\u00f3lico, que ocorre apenas nos microrganismos. Este medicamento \u00e9 eficaz contra estreptococos, estafilococos, pneumococos, disenteria Bacillus, febre tif\u00f3ide, E. coli, Proteus e ineficaz contra Mycobacterium tuberculosis, espiroquetas, Pseudomonas aeruginosa. Bactrim \u00e9 aplicado no tratamento de pneumonia e outras doen\u00e7as do aparelho respirat\u00f3rio, gastrointestinal, aparelho urogenital causadas por infec\u00e7\u00f5es bacterianas, que se desenvolvem ap\u00f3s cirurgia, entre outras.<br \/>\nPosologia e orienta\u00e7\u00f5es<br \/>\nBactrim pode ser tomado duas ou tr\u00eas vezes ao dia com ou sem uma refei\u00e7\u00e3o. A dosagem depende do tipo e gravidade da infec\u00e7\u00e3o. Tomar com um copo de \u00e1gua. Pacientes com insufici\u00eancia renal grave necessitam de corre\u00e7\u00e3o da dosagem de Bactrim.<br \/>\nPrecau\u00e7\u00f5es<br \/>\nEvitar exposi\u00e7\u00e3o ao sol ou bronzeamento. Os medicamentos antibi\u00f3ticos podem causar diarreia; informe o seu m\u00e9dico se tiver, pois pode mascarar outras infec\u00e7\u00f5es. Avise seu m\u00e9dico se voc\u00ea sofre de asma ou tem dist\u00farbios renais ou hep\u00e1ticos graves.<br \/>\nContra-indica\u00e7\u00f5es<br \/>\nN\u00e3o tome Bactrim se voc\u00ea \u00e9 al\u00e9rgico aos componentes do medicamento, est\u00e1 gr\u00e1vida, amamentando ou tem anemia causada por defici\u00eancia de \u00e1cido f\u00f3lico. Este medicamento n\u00e3o deve ser administrado a beb\u00eas prematuros e rec\u00e9m-nascidos.<br \/>\nPoss\u00edvel efeito colateral<br \/>\nSe voc\u00ea tiver sinais de rea\u00e7\u00e3o al\u00e9rgica, como urtic\u00e1ria, dificuldade em respirar, incha\u00e7o do rosto, l\u00e1bios, l\u00edngua ou garganta, ou sinais mais graves de problemas de sa\u00fade, como febre, dor de garganta, dor de cabe\u00e7a com bolhas intensas, pele p\u00e1lida, hematomas ou sangramentos f\u00e1ceis, diarr\u00e9ia aquosa ou com sangue, alucina\u00e7\u00f5es, frequ\u00eancia card\u00edaca lenta, pulso fraco, n\u00e1usea, dor de est\u00f4mago, urinar menos do que o normal ou n\u00e3o urinar , procure atendimento m\u00e9dico imediato.<br \/>\nIntera\u00e7\u00e3o medicamentosa<br \/>\nBactrim deve ser coadministrado com dofetilida ou metenamina. Bactrim \u00e9 capaz de alterar os efeitos de certos medicamentos antidiab\u00e9ticos, \u2018anticoagulantes\u2019, ciclosporina, digoxina, medicamentos que podem aumentar os n\u00edveis de pot\u00e1ssio, vacinas vivas, antidepressivos tric\u00edclicos, algumas \u2018p\u00edlulas de \u00e1gua\u2019. m\u00e9dico sobre todos os produtos fitoter\u00e1picos prescritos e n\u00e3o prescritos que voc\u00ea possa usar.<br \/>\nDose esquecida<br \/>\nNunca tome uma dose dupla deste medicamento. Se estiver quase na hora da pr\u00f3xima dose, basta pular a por\u00e7\u00e3o esquecida e continuar a tomar o medicamento de acordo com o cronograma.<br \/>\nSobredosagem<br \/>\nSe voc\u00ea tomou Bactrim em excesso, poder\u00e1 sentir tonturas, sonol\u00eancia, n\u00e1useas, v\u00f4mitos, perda de apetite , dor de est\u00f4mago, dor de cabe\u00e7a, amarelecimento da pele ou dos olhos, sangue na urina, desmaios. Em caso de efeitos colaterais graves, procure ajuda m\u00e9dica imediata.<br \/>\nArmazenamento<br \/>\nArmazene em temperatura ambiente entre 15 e 25 graus C (59-77 graus F), longe da luz e da umidade, de crian\u00e7as e animais de estima\u00e7\u00e3o.<br \/>\nIsen\u00e7\u00e3o de responsabilidade<br \/>\nFornecemos apenas informa\u00e7\u00f5es gerais informa\u00e7\u00f5es sobre medicamentos, que n\u00e3o cobrem todas as instru\u00e7\u00f5es, poss\u00edveis intera\u00e7\u00f5es medicamentosas ou precau\u00e7\u00f5es. As informa\u00e7\u00f5es do site n\u00e3o podem ser utilizadas para autotratamento e autodiagn\u00f3stico. Quaisquer instru\u00e7\u00f5es espec\u00edficas para um determinado paciente devem ser acordadas com o seu consultor de sa\u00fade ou m\u00e9dico respons\u00e1vel pelo caso. N\u00f3s nos isentamos da confiabilidade desta informa\u00e7\u00e3o e de quaisquer erros que ela possa conter. N\u00e3o somos respons\u00e1veis por quaisquer danos diretos, indiretos, especiais ou outros danos indiretos resultantes de qualquer uso das informa\u00e7\u00f5es deste site e tamb\u00e9m pelas consequ\u00eancias do autotratamento.<\/p>\n","protected":false},"excerpt":{"rendered":"<p>Bactrim Gen\u00e9rico \u00e9 um produto antibacteriano sint\u00e9tico para tratar infec\u00e7\u00f5es de ouvido, exacerba\u00e7\u00f5es agudas de bronquite cr\u00f4nica e infec\u00e7\u00f5es do trato urin\u00e1rio.<\/p>\n","protected":false},"featured_media":6747,"comment_status":"open","ping_status":"closed","template":"","meta":[],"product_brand":[],"product_cat":[312],"product_tag":[],"class_list":{"0":"post-6825","1":"product","2":"type-product","3":"status-publish","4":"has-post-thumbnail","6":"product_cat-antibioticos-pt","7":"pa_active_substance-trimethoprim","9":"first","10":"instock","11":"shipping-taxable","12":"product-type-variable"},"jetpack_sharing_enabled":true,"_links":{"self":[{"href":"https:\/\/pharmacy-content.com\/index.php?rest_route=\/wp\/v2\/product\/6825","targetHints":{"allow":["GET"]}}],"collection":[{"href":"https:\/\/pharmacy-content.com\/index.php?rest_route=\/wp\/v2\/product"}],"about":[{"href":"https:\/\/pharmacy-content.com\/index.php?rest_route=\/wp\/v2\/types\/product"}],"replies":[{"embeddable":true,"href":"https:\/\/pharmacy-content.com\/index.php?rest_route=%2Fwp%2Fv2%2Fcomments&post=6825"}],"wp:featuredmedia":[{"embeddable":true,"href":"https:\/\/pharmacy-content.com\/index.php?rest_route=\/wp\/v2\/media\/6747"}],"wp:attachment":[{"href":"https:\/\/pharmacy-content.com\/index.php?rest_route=%2Fwp%2Fv2%2Fmedia&parent=6825"}],"wp:term":[{"taxonomy":"product_brand","embeddable":true,"href":"https:\/\/pharmacy-content.com\/index.php?rest_route=%2Fwp%2Fv2%2Fproduct_brand&post=6825"},{"taxonomy":"product_cat","embeddable":true,"href":"https:\/\/pharmacy-content.com\/index.php?rest_route=%2Fwp%2Fv2%2Fproduct_cat&post=6825"},{"taxonomy":"product_tag","embeddable":true,"href":"https:\/\/pharmacy-content.com\/index.php?rest_route=%2Fwp%2Fv2%2Fproduct_tag&post=6825"}],"curies":[{"name":"wp","href":"https:\/\/api.w.org\/{rel}","templated":true}]}}