{"id":6838,"date":"2026-04-22T07:04:18","date_gmt":"2026-04-22T07:04:18","guid":{"rendered":""},"modified":"2026-04-22T07:04:26","modified_gmt":"2026-04-22T07:04:26","slug":"bactrim-8","status":"publish","type":"product","link":"https:\/\/pharmacy-content.com\/?product=bactrim-8&lang=sv","title":{"rendered":"Bactrim"},"content":{"rendered":"<p>Vanlig anv\u00e4ndning<br \/>\nBactrim best\u00e5r av tv\u00e5 mediciner: sulfametoxazol och trimetoprim. Den f\u00f6rsta h\u00e4mmar syntesen av dihydrofolsyra (\u00e4mnet som \u00e4r viktigt f\u00f6r m\u00e4nsklig och bakteriell metabolism), medan den sista blockerar n\u00e4sta steg i dess biokemiska cykel: bildandet av tetrahydrofolsyra, som endast f\u00f6rekommer i mikroorganismer. Denna medicin \u00e4r effektiv mot streptokocker, stafylokocker, pneumokocker, Bacillus dysenteri, tyfoidfeber, E. coli, Proteus och ineffektiv mot Mycobacterium tuberculosis, spirochetes, Pseudomonas aeruginosa. Bactrim anv\u00e4nds vid behandling av lunginflammation och andra sjukdomar i luftv\u00e4garna, gastrointestinala system, urogenitala system orsakade av bakteriella infektioner, som utvecklas efter operation, och andra.<br \/>\nDosering och anvisningar<br \/>\nBactrim kan tas tv\u00e5 eller tre g\u00e5nger om dagen med eller utan m\u00e5ltid. Doseringen beror p\u00e5 infektionens typ och sv\u00e5righetsgrad. Ta med ett glas vatten. Patienter med allvarlig njursvikt kr\u00e4ver korrigering av Bactrim-dosen.<br \/>\nF\u00f6rsiktighets\u00e5tg\u00e4rder<br \/>\nUndvik exponering f\u00f6r solljus eller att bli solbr\u00e4nd. Antibiotiska l\u00e4kemedel kan orsaka diarr\u00e9; informera din l\u00e4kare om du har det, eftersom det kan maskera andra infektioner. Varna din l\u00e4kare om du lider av astma eller har allvarliga njur- eller leversjukdomar.<br \/>\nKontraindikationer<br \/>\nTa inte Bactrim om du \u00e4r allergisk mot komponenterna i l\u00e4kemedlet, gravid, ammar eller har anemi orsakad av folsyrabrist. Detta l\u00e4kemedel ska inte ges till f\u00f6r tidigt f\u00f6dda barn och nyf\u00f6dda.<br \/>\nM\u00f6jliga biverkningar<br \/>\nOm du har tecken p\u00e5 en allergisk reaktion, s\u00e5som n\u00e4sselfeber, andningssv\u00e5righeter, svullnad av ansikte, l\u00e4ppar, tunga eller svalg, eller allvarligare tecken p\u00e5 d\u00e5lig h\u00e4lsa, s\u00e5som feber, ont i halsen, huvudv\u00e4rk med kraftiga bl\u00e5sor, blek hud, l\u00e4tta bl\u00e5m\u00e4rken eller bl\u00f6dningar, vattnig eller blodig diarr\u00e9, hallucinationer, l\u00e5ngsam puls, svag puls, illam\u00e5ende, magsm\u00e4rtor, urinering mindre \u00e4n vanligt eller inte alls , s\u00f6k sedan omedelbar l\u00e4karv\u00e5rd.<br \/>\nL\u00e4kemedelsinteraktion<br \/>\nBactrim b\u00f6r administreras samtidigt med dofetilid eller metenamin. Bactrim kan \u00e4ndra effekterna av vissa antidiabetiska l\u00e4kemedel, &#8221;blodf\u00f6rtunnare&#8221;, ciklosporin, digoxin, l\u00e4kemedel som kan \u00f6ka kaliumniv\u00e5erna, levande vacciner, tricykliska antidepressiva medel, n\u00e5gra &#8221;vattenpiller&#8221;. S\u00e5 informera dina l\u00e4kare om alla receptbelagda och receptfria\/v\u00e4xtbaserade produkter du kan anv\u00e4nda.<br \/>\nMissad dos<br \/>\nTa aldrig en dubbel dos av detta l\u00e4kemedel. Om det n\u00e4stan \u00e4r dags f\u00f6r n\u00e4sta dos, hoppa \u00f6ver den missade portionen och forts\u00e4tt att ta l\u00e4kemedlet enligt schemat.<br \/>\n\u00d6verdosering<br \/>\nOm du tagit f\u00f6r mycket Bactrim kan du k\u00e4nna yrsel, d\u00e5sighet, illam\u00e5ende, kr\u00e4kningar, aptitl\u00f6shet , magsm\u00e4rtor, huvudv\u00e4rk, gulf\u00e4rgning av hud eller \u00f6gon, blod i urinen, svimning. Vid allvarliga biverkningar, s\u00f6k omedelbart medicinsk hj\u00e4lp.<br \/>\nF\u00f6rvaring<br \/>\nF\u00f6rvaras i rumstemperatur mellan 59-77 grader F (15-25 grader C) borta fr\u00e5n ljus och fukt, barn och husdjur.<br \/>\nFriskrivningsfriskrivning<br \/>\nVi tillhandah\u00e5ller endast allm\u00e4nna information om mediciner, som inte t\u00e4cker alla riktningar, m\u00f6jliga l\u00e4kemedelsinteraktioner eller f\u00f6rsiktighets\u00e5tg\u00e4rder. Information p\u00e5 sidan kan inte anv\u00e4ndas f\u00f6r sj\u00e4lvbehandling och sj\u00e4lvdiagnos. Alla specifika instruktioner f\u00f6r en viss patient b\u00f6r \u00f6verenskommas med din v\u00e5rdr\u00e5dgivare eller l\u00e4kare som \u00e4r ansvarig f\u00f6r \u00e4rendet. Vi fr\u00e5ns\u00e4ger oss tillf\u00f6rlitligheten av denna information och eventuella misstag den kan inneh\u00e5lla. Vi \u00e4r inte ansvariga f\u00f6r n\u00e5gra direkta, indirekta, speciella eller andra indirekta skador till f\u00f6ljd av n\u00e5gon anv\u00e4ndning av informationen p\u00e5 denna webbplats och \u00e4ven f\u00f6r konsekvenserna av egenbehandling.<\/p>\n","protected":false},"excerpt":{"rendered":"<p>Bactrim Generisk \u00e4r en syntetisk antibakteriell produkt f\u00f6r att behandla \u00f6roninfektioner, akuta exacerbationer av kronisk bronkit, urinv\u00e4gsinfektioner.<\/p>\n","protected":false},"featured_media":6747,"comment_status":"open","ping_status":"closed","template":"","meta":[],"product_brand":[],"product_cat":[315],"product_tag":[],"class_list":{"0":"post-6838","1":"product","2":"type-product","3":"status-publish","4":"has-post-thumbnail","6":"product_cat-antibiotika-sv","7":"pa_active_substance-trimethoprim","9":"first","10":"instock","11":"shipping-taxable","12":"product-type-variable"},"jetpack_sharing_enabled":true,"_links":{"self":[{"href":"https:\/\/pharmacy-content.com\/index.php?rest_route=\/wp\/v2\/product\/6838","targetHints":{"allow":["GET"]}}],"collection":[{"href":"https:\/\/pharmacy-content.com\/index.php?rest_route=\/wp\/v2\/product"}],"about":[{"href":"https:\/\/pharmacy-content.com\/index.php?rest_route=\/wp\/v2\/types\/product"}],"replies":[{"embeddable":true,"href":"https:\/\/pharmacy-content.com\/index.php?rest_route=%2Fwp%2Fv2%2Fcomments&post=6838"}],"wp:featuredmedia":[{"embeddable":true,"href":"https:\/\/pharmacy-content.com\/index.php?rest_route=\/wp\/v2\/media\/6747"}],"wp:attachment":[{"href":"https:\/\/pharmacy-content.com\/index.php?rest_route=%2Fwp%2Fv2%2Fmedia&parent=6838"}],"wp:term":[{"taxonomy":"product_brand","embeddable":true,"href":"https:\/\/pharmacy-content.com\/index.php?rest_route=%2Fwp%2Fv2%2Fproduct_brand&post=6838"},{"taxonomy":"product_cat","embeddable":true,"href":"https:\/\/pharmacy-content.com\/index.php?rest_route=%2Fwp%2Fv2%2Fproduct_cat&post=6838"},{"taxonomy":"product_tag","embeddable":true,"href":"https:\/\/pharmacy-content.com\/index.php?rest_route=%2Fwp%2Fv2%2Fproduct_tag&post=6838"}],"curies":[{"name":"wp","href":"https:\/\/api.w.org\/{rel}","templated":true}]}}