{"id":6922,"date":"2026-04-22T07:04:37","date_gmt":"2026-04-22T07:04:37","guid":{"rendered":""},"modified":"2026-04-22T07:04:49","modified_gmt":"2026-04-22T07:04:49","slug":"cipro-5","status":"publish","type":"product","link":"https:\/\/pharmacy-content.com\/?product=cipro-5&lang=es","title":{"rendered":"Cipro"},"content":{"rendered":"<p>\u00bfQu\u00e9 es este medicamento?<\/p>\n<p>La CIPROFLOXACINA es un antibi\u00f3tico de quinol\u00f3n. Este medicamento mata las bacterias o detiene su crecimiento. Este medicamento es utilizado para tratar muchos tipos de infecciones, como la urinaria, la respiratoria, de la piel, gastrointestinal, e infecciones \u00f3seas. No funciona en resfriados, la gripe, u otras infecciones v\u00edricas.<\/p>\n<p>\u00bfQu\u00e9 le deber\u00eda decir a mi m\u00e9dico antes de tomar esta medicaci\u00f3n?<\/p>\n<p>Necesita saber si usted tiene cualquiera de estas enfermedades: ni\u00f1o con problemas en las articulaciones enfermedad cardiaca enfermedad renal enfermedad hep\u00e1tica trastorno convulsivo una reacci\u00f3n inusual o al\u00e9rgica a la ciprofloxacina, a otros antibi\u00f3ticos o medicamentos, a alimentos, a colorantes, o a conservantes s\u00ed est\u00e1 embarazada o est\u00e1 tratando de quedarse s\u00ed est\u00e1 dando el pecho<\/p>\n<p>\u00bfC\u00f3mo debo de tomar este medicamento?<\/p>\n<p>Tome este medicamento por v\u00eda oral con un vaso de agua. Tome su medicamento a intervalos regulares. No tome su medicamento m\u00e1s seguido de lo indicado. Tome todo su medicamento incluso s\u00ed piensa que ya est\u00e1 mejor. No se salte ninguna dosis o deje de utilizar este medicamento antes de lo indicado.<\/p>\n<p>Puede tomar este medicamento con comida o con el estomago vac\u00edo. Se puede tomar con un alimento que contenga l\u00e1cteos o calcio, pero no lo tome solo con un producto l\u00e1cteo, como la leche o el yogurt o un zumo fortificado con calcio.<\/p>\n<p>Hable con su pediatra sobre la utilizaci\u00f3n de este medicamento en ni\u00f1os. Se podr\u00edan necesitar cuidados especiales.<\/p>\n<p>Sobredosis:<\/p>\n<p>Si piensa que ha tomado demasiada medicaci\u00f3n, p\u00f3ngase en contacto con el Servicio de Informaci\u00f3n Toxicol\u00f3gica o dir\u00edjase de inmediato a urgencias.<\/p>\n<p>NOTA:<\/p>\n<p>Este medicamento es s\u00f3lo suyo. No comparta este medicamento con otros.<\/p>\n<p>\u00bfQu\u00e9 pasa si me olvido una dosis?<\/p>\n<p>S\u00ed se le olvid\u00f3 tomar su dosis, tome la dosis tan pronto como se recuerde. Si es casi la hora de su siguiente dosis, tome solamente esa dosis. No tome una dosis doble o extra.<\/p>\n<p>\u00bfQu\u00e9 puede interactuar con este medicamento?<\/p>\n<p>No tome este medicamento con ninguna de las siguientes medicaciones: cisaprida droperidol terfenadina tizanidina<\/p>\n<p>Este medicamento tambi\u00e9n puede interactuar con los siguientes medicamentos: anti\u00e1cidos cafe\u00edna ciclosporina pastillas de didanosina (ddl) con capa ent\u00e9rica o polvos medicamentos para la diabetes antiinflamatorios como el ibuprofeno, naproxeno metotrexato multivitaminas omeprazol fenito\u00edna probenecid sucralfato teofilina warfarina<\/p>\n<p>Es posible que este listado no describa todas las posibles interacciones. Dele a su m\u00e9dico un listado con todos los medicamentos, hierbas, medicamentos sin receta, o suplementos diet\u00e9ticos, que est\u00e9 tomando. Tambi\u00e9n inf\u00f3rmeles s\u00ed fuma, bebe alcohol, o usa drogas ilegales. Algunas cosas pueden interactuar con su medicamento.<\/p>\n<p>\u00bfQu\u00e9 debo de tener en cuenta mientras tomo este medicamento?<\/p>\n<p>Comente con su m\u00e9dico s\u00ed sus s\u00edntomas no mejoran.<\/p>\n<p>No trate la diarrea con productos sin receta. P\u00f3ngase en contacto con su m\u00e9dico s\u00ed tiene diarrea que dura m\u00e1s de 2 d\u00edas o s\u00ed es severa y acuosa.<\/p>\n<p>Le puede dar sue\u00f1o o mareos. Hasta que no sepa c\u00f3mo le afecta esta medicaci\u00f3n no conduzca, ni utilice maquinaria, o haga nada que requiera agudeza mental. S\u00ed usted es un paciente mayor, no se ponga de pie ni se siente r\u00e1pidamente. Esto reduce el riesgo de marearse o de desmayarse.<\/p>\n<p>Este medicamento le puede volver m\u00e1s sensible al sol. Mant\u00e9ngase apartado del sol. S\u00ed no puede evitar estar en el sol, p\u00f3ngase ropa protectora y use protector solar. No utilice l\u00e1mparas de rayos ultravioletas o camas o cabinas bronceadoras.<\/p>\n<p>Evite los anti\u00e1cidos, los productos que contengan aluminio, calcio, magnesio, y zinc por lo menos 6 horas antes o 2 horas despu\u00e9s de haber tomado una dosis de este medicamento.<\/p>\n<p>\u00bfQu\u00e9 efectos secundarios puede causar este medicamento?<\/p>\n<p>Avise a su m\u00e9dico o profesional de la salud lo antes posible s\u00ed observa alguno de estos efectos secundarios: reacciones al\u00e9rgicas como erupciones en la piel, picaz\u00f3n o urticaria, inflamaci\u00f3n de la cara, de los labios, o de la lengua problemas respiratorios confusi\u00f3n, pesadillas o alucinaciones mareo, ca\u00eddas ritmo cardiaco irregular dolor o inflamaci\u00f3n en las articulaciones, los m\u00fasculos o los tendones dolor o dificultad para orinar enrojecimiento, ampollas, exfoliaci\u00f3n o desprendimiento de la piel, inclusive en el interior de la boca convulsi\u00f3n dolor inusual, entumecimiento, hormigueo, o debilidad<\/p>\n<p>Estos son los efectos secundarios que normalmente no requieren atenci\u00f3n m\u00e9dica (inf\u00f3rmele a su m\u00e9dico o profesional de la salud si contin\u00faan o son molestos): diarrea n\u00e1usea o molestias estomacales llagas o p\u00fastulas blancas en la boca<\/p>\n<p>Es posible que en este listado no est\u00e9n todos los efectos secundarios.<\/p>\n<p>\u00bfD\u00f3nde puedo guardar mi medicaci\u00f3n?<\/p>\n<p>Mantenga este medicamento fuera del alcance de los ni\u00f1os.<\/p>\n<p>Cons\u00e9rvelo a temperatura ambiente inferior a 30\u00ba grados C (86\u00ba grados F). Mantenga el recipiente herm\u00e9ticamente cerrado. Tire a la basura cualquier medicamento sin usar pasada la fecha de caducidad.<\/p>\n","protected":false},"excerpt":{"rendered":"<p>Cipro es un antibi\u00f3tico del grupo de las fluoroquinolonas. Se utiliza para tratar distintos tipos de infecciones bacterianas, por ejemplo la inflamaci\u00f3n de la vejiga.<\/p>\n","protected":false},"featured_media":6878,"comment_status":"open","ping_status":"closed","template":"","meta":[],"product_brand":[],"product_cat":[306],"product_tag":[],"class_list":{"0":"post-6922","1":"product","2":"type-product","3":"status-publish","4":"has-post-thumbnail","6":"product_cat-antibioticos-es","7":"pa_active_substance-ciprofloxacin","9":"first","10":"instock","11":"shipping-taxable","12":"product-type-variable"},"jetpack_sharing_enabled":true,"_links":{"self":[{"href":"https:\/\/pharmacy-content.com\/index.php?rest_route=\/wp\/v2\/product\/6922","targetHints":{"allow":["GET"]}}],"collection":[{"href":"https:\/\/pharmacy-content.com\/index.php?rest_route=\/wp\/v2\/product"}],"about":[{"href":"https:\/\/pharmacy-content.com\/index.php?rest_route=\/wp\/v2\/types\/product"}],"replies":[{"embeddable":true,"href":"https:\/\/pharmacy-content.com\/index.php?rest_route=%2Fwp%2Fv2%2Fcomments&post=6922"}],"wp:featuredmedia":[{"embeddable":true,"href":"https:\/\/pharmacy-content.com\/index.php?rest_route=\/wp\/v2\/media\/6878"}],"wp:attachment":[{"href":"https:\/\/pharmacy-content.com\/index.php?rest_route=%2Fwp%2Fv2%2Fmedia&parent=6922"}],"wp:term":[{"taxonomy":"product_brand","embeddable":true,"href":"https:\/\/pharmacy-content.com\/index.php?rest_route=%2Fwp%2Fv2%2Fproduct_brand&post=6922"},{"taxonomy":"product_cat","embeddable":true,"href":"https:\/\/pharmacy-content.com\/index.php?rest_route=%2Fwp%2Fv2%2Fproduct_cat&post=6922"},{"taxonomy":"product_tag","embeddable":true,"href":"https:\/\/pharmacy-content.com\/index.php?rest_route=%2Fwp%2Fv2%2Fproduct_tag&post=6922"}],"curies":[{"name":"wp","href":"https:\/\/api.w.org\/{rel}","templated":true}]}}