{"id":6944,"date":"2026-04-22T07:04:41","date_gmt":"2026-04-22T07:04:41","guid":{"rendered":""},"modified":"2026-04-22T07:04:49","modified_gmt":"2026-04-22T07:04:49","slug":"cipro-7","status":"publish","type":"product","link":"https:\/\/pharmacy-content.com\/?product=cipro-7&lang=pt","title":{"rendered":"Cipro"},"content":{"rendered":"<p>Uso comum<br \/>\nCipro \u00e9 um antibi\u00f3tico antimicrobiano de amplo espectro relacionado ao grupo das fluoroquinolonas. Este medicamento inibe a DNA-girase, enzima das bact\u00e9rias respons\u00e1vel pela replica\u00e7\u00e3o do DNA e s\u00edntese de prote\u00ednas celulares bacterianas, causando sua morte e realizando atividade bactericida. O Cipro \u00e9 ativo contra bact\u00e9rias em propaga\u00e7\u00e3o e quando elas est\u00e3o em estado de repouso. Cipro \u00e9 usado para tratar diferentes condi\u00e7\u00f5es e doen\u00e7as causadas por infec\u00e7\u00e3o bacteriana do sistema pulmonar, rim e sistema urogenital, sistema gastrointestinal (boca, dentes, mand\u00edbulas, bexiga e vias biliares), pele, membranas mucosas, tecidos moles e outros. \u00c9 ativo contra muitas bact\u00e9rias gram-negativas aer\u00f3bicas e gram-positivas, como Salmonella, Shigella, Proteus, Chlamydia, Streptococcus e algumas esp\u00e9cies do g\u00eanero Sraphybcoccus.<br \/>\nPosologia e instru\u00e7\u00f5es<br \/>\nTome Cipro exatamente como prescrito pelo seu m\u00e9dico com um copo grande de \u00e1gua com ou sem comida, em intervalos regulares. Beba mais \u00e1gua do que o habitual durante o tratamento com este medicamento. N\u00e3o tome junto com nenhum produto l\u00e1cteo, pois diminui a atividade do Cipro. N\u00e3o esmague, mastigue ou quebre o comprimido de libera\u00e7\u00e3o prolongada; engula o comprimido inteiro. Ao tomar o l\u00edquido oral, engula-o sem mastigar o medicamento.<br \/>\nPrecau\u00e7\u00f5es<br \/>\nAntes de tomar Cipro, converse com seu m\u00e9dico se voc\u00ea sofre de alguma doen\u00e7a renal ou hep\u00e1tica, miastenia gravis, problemas nas articula\u00e7\u00f5es, diabetes, hist\u00f3rico de convuls\u00f5es, n\u00edveis baixos de pot\u00e1ssio no sangue ou dist\u00farbio do ritmo card\u00edaco. Evite a exposi\u00e7\u00e3o prolongada do seu corpo \u00e0 radia\u00e7\u00e3o UV.<br \/>\nContra-indica\u00e7\u00f5es<br \/>\nGravidez, amamenta\u00e7\u00e3o, epilepsia, beb\u00eas e adolescentes com menos de 18 anos, hipersensibilidade ao Cipro e outros medicamentos do grupo das fluoroquinolonas.<br \/>\nPoss\u00edveis efeitos colaterais<br \/>\nOs efeitos colaterais podem incluir n\u00e1usea, v\u00f4mito, diarr\u00e9ia, dor abdominal, erup\u00e7\u00e3o cut\u00e2nea, dor de cabe\u00e7a, inquieta\u00e7\u00e3o, confus\u00e3o, alucina\u00e7\u00f5es, pele p\u00e1lida ou amarelada, urina de cor escura, f\u00e1cil forma\u00e7\u00e3o de hematomas ou sangramento. Se voc\u00ea tiver os sinais listados acima, pare de tomar Cipro e entre em contato com seu m\u00e9dico.<br \/>\nIntera\u00e7\u00e3o medicamentosa<br \/>\nCipro n\u00e3o \u00e9 recomendado para tomar com medicamentos que diminuem a acidez do est\u00f4mago e quaisquer \u00e1guas minerais alcalinas, e tamb\u00e9m medicamentos que contenham \u00edons de alum\u00ednio, zinco, ferro , ou magn\u00e9sio devido \u00e0 sua capacidade de diminuir a absor\u00e7\u00e3o de Cipro.<br \/>\nDose esquecida<br \/>\nNunca tome uma dose dupla deste medicamento. Se estiver quase na hora da pr\u00f3xima dose, simplesmente pule a por\u00e7\u00e3o esquecida e continue a tomar o medicamento de acordo com o cronograma.<br \/>\nSobredosagem<br \/>\nOs sinais de sobredosagem podem incluir convuls\u00f5es, dificuldade em urinar, fraqueza ou uma combina\u00e7\u00e3o de l\u00e1bios azuis e p\u00e1lidos. pele. Se voc\u00ea acha que tomou muito deste medicamento, entre em contato com seu m\u00e9dico para obter ajuda.<br \/>\nArmazenamento<br \/>\nArmazene em temperatura ambiente entre 15 e 25 graus C (59-77 graus F), longe da luz e umidade, de crian\u00e7as e animais de estima\u00e7\u00e3o. N\u00e3o congele o Cipro se voc\u00ea tom\u00e1-lo na forma l\u00edquida e guard\u00e1-lo na geladeira.<br \/>\nIsen\u00e7\u00e3o de responsabilidade<br \/>\nFornecemos apenas informa\u00e7\u00f5es gerais sobre medicamentos, que n\u00e3o cobrem todas as instru\u00e7\u00f5es, poss\u00edveis intera\u00e7\u00f5es medicamentosas ou precau\u00e7\u00f5es. As informa\u00e7\u00f5es do site n\u00e3o podem ser utilizadas para autotratamento e autodiagn\u00f3stico. Quaisquer instru\u00e7\u00f5es espec\u00edficas para um determinado paciente devem ser acordadas com o seu consultor de sa\u00fade ou m\u00e9dico respons\u00e1vel pelo caso. N\u00f3s nos isentamos da confiabilidade desta informa\u00e7\u00e3o e de quaisquer erros que ela possa conter. N\u00e3o somos respons\u00e1veis por quaisquer danos diretos, indiretos, especiais ou outros danos indiretos resultantes de qualquer uso das informa\u00e7\u00f5es deste site e tamb\u00e9m pelas consequ\u00eancias do autotratamento.<\/p>\n","protected":false},"excerpt":{"rendered":"<p>Cipro \u00e9 um antibi\u00f3tico fluoroquinolona usado para tratar infec\u00e7\u00f5es do trato urin\u00e1rio (cistite aguda n\u00e3o complicada, pielonefrite e prostatite bacteriana cr\u00f4nica).<\/p>\n","protected":false},"featured_media":6878,"comment_status":"open","ping_status":"closed","template":"","meta":[],"product_brand":[],"product_cat":[312],"product_tag":[],"class_list":{"0":"post-6944","1":"product","2":"type-product","3":"status-publish","4":"has-post-thumbnail","6":"product_cat-antibioticos-pt","7":"pa_active_substance-ciprofloxacin","9":"first","10":"instock","11":"shipping-taxable","12":"product-type-variable"},"jetpack_sharing_enabled":true,"_links":{"self":[{"href":"https:\/\/pharmacy-content.com\/index.php?rest_route=\/wp\/v2\/product\/6944","targetHints":{"allow":["GET"]}}],"collection":[{"href":"https:\/\/pharmacy-content.com\/index.php?rest_route=\/wp\/v2\/product"}],"about":[{"href":"https:\/\/pharmacy-content.com\/index.php?rest_route=\/wp\/v2\/types\/product"}],"replies":[{"embeddable":true,"href":"https:\/\/pharmacy-content.com\/index.php?rest_route=%2Fwp%2Fv2%2Fcomments&post=6944"}],"wp:featuredmedia":[{"embeddable":true,"href":"https:\/\/pharmacy-content.com\/index.php?rest_route=\/wp\/v2\/media\/6878"}],"wp:attachment":[{"href":"https:\/\/pharmacy-content.com\/index.php?rest_route=%2Fwp%2Fv2%2Fmedia&parent=6944"}],"wp:term":[{"taxonomy":"product_brand","embeddable":true,"href":"https:\/\/pharmacy-content.com\/index.php?rest_route=%2Fwp%2Fv2%2Fproduct_brand&post=6944"},{"taxonomy":"product_cat","embeddable":true,"href":"https:\/\/pharmacy-content.com\/index.php?rest_route=%2Fwp%2Fv2%2Fproduct_cat&post=6944"},{"taxonomy":"product_tag","embeddable":true,"href":"https:\/\/pharmacy-content.com\/index.php?rest_route=%2Fwp%2Fv2%2Fproduct_tag&post=6944"}],"curies":[{"name":"wp","href":"https:\/\/api.w.org\/{rel}","templated":true}]}}