{"id":6955,"date":"2026-04-22T07:04:42","date_gmt":"2026-04-22T07:04:42","guid":{"rendered":""},"modified":"2026-04-22T07:04:49","modified_gmt":"2026-04-22T07:04:49","slug":"cipro-8","status":"publish","type":"product","link":"https:\/\/pharmacy-content.com\/?product=cipro-8&lang=sv","title":{"rendered":"Cipro"},"content":{"rendered":"<p>Vanlig anv\u00e4ndning<br \/>\nCipro \u00e4r ett antimikrobiellt bredspektrumantibiotikum relaterat till gruppen fluorokinoloner. Denna medicin h\u00e4mmar DNA-gyras, enzymet hos bakterier som ansvarar f\u00f6r DNA-replikation och syntes av bakteriella cellul\u00e4ra proteiner, vilket orsakar deras d\u00f6d och utf\u00f6r bakteried\u00f6dande aktivitet. Cipro \u00e4r aktivt mot f\u00f6r\u00f6kande bakterier och n\u00e4r de \u00e4r i vila. Cipro anv\u00e4nds f\u00f6r att behandla olika tillst\u00e5nd och sjukdomar orsakade av bakteriell infektion i lungsystemet, njurarna och urogenitala systemet, mag-tarmsystemet (mun, bucklor, k\u00e4kar, urinbl\u00e5sa och gallv\u00e4gar), hud, slemhinnor, mjuka v\u00e4vnader och andra. Det \u00e4r aktivt mot m\u00e5nga olika gramnegativa aeroba och grampositiva bakterier som Salmonella, Shigella, Proteus, Chlamydia, Streptococcus och vissa arter av Sraphybcoccus-sl\u00e4ktet.<br \/>\nDosering och anvisningar<br \/>\nTa Cipro exakt som din l\u00e4kare har ordinerat med en stort glas vatten med eller utan mat, med j\u00e4mna tidsintervall. Drick mer vatten \u00e4n vanligt under behandling med detta l\u00e4kemedel. Ta det inte tillsammans med n\u00e5gra mj\u00f6lkprodukter eftersom det minskar Cipros aktivitet. Krossa, tugga eller bryt inte tabletten med f\u00f6rl\u00e4ngd fris\u00e4ttning; sv\u00e4lja tabletten hel. N\u00e4r du tar munv\u00e4tskan, sv\u00e4lj den utan att tugga l\u00e4kemedlet.<br \/>\nF\u00f6rsiktighets\u00e5tg\u00e4rder<br \/>\nInnan du tar Cipro, diskutera med din l\u00e4kare om du lider av n\u00e5gon njur- eller leversjukdom, myasthenia gravis, ledproblem, diabetes, en historia av kramper, l\u00e5ga niv\u00e5er av kalium i ditt blod eller en hj\u00e4rtrytmrubbning. Undvik l\u00e5ngvarig exponering av din kropp f\u00f6r UV-str\u00e5lning.<br \/>\nKontraindikationer<br \/>\nGraviditet, amning, epilepsi, sp\u00e4dbarn och ton\u00e5ringar yngre \u00e4n 18 \u00e5r, \u00f6verk\u00e4nslighet mot Cipro och andra l\u00e4kemedel i fluorokinolongruppen.<br \/>\nM\u00f6jliga biverkningar<br \/>\nBiverkningar kan vara illam\u00e5ende, kr\u00e4kningar, diarr\u00e9, buksm\u00e4rtor, utslag, huvudv\u00e4rk, rastl\u00f6shet, f\u00f6rvirring, hallucinationer, blek eller gulf\u00e4rgad hud, m\u00f6rkf\u00e4rgad urin, l\u00e4tta bl\u00e5m\u00e4rken eller bl\u00f6dningar. Om du har tecken som anges ovan, sluta ta Cipro och kontakta din l\u00e4kare.<br \/>\nL\u00e4kemedelsinteraktion<br \/>\nCipro rekommenderas inte att ta med mediciner som minskar surheten i magen och eventuellt alkaliskt mineralvatten, och \u00e4ven mediciner som inneh\u00e5ller joner av aluminium, zink, j\u00e4rn , eller magnesium p\u00e5 grund av deras f\u00f6rm\u00e5ga att minska absorptionen av Cipro.<br \/>\nMissad dos<br \/>\nTa aldrig en dubbel dos av detta l\u00e4kemedel. Om det n\u00e4stan \u00e4r dags f\u00f6r n\u00e4sta dos \u00e4r det bara att hoppa \u00f6ver den missade portionen och forts\u00e4tta att ta medicinen enligt schemat.<br \/>\n\u00d6verdosering<br \/>\nTecken p\u00e5 \u00f6verdosering kan vara kramper, problem med att urinera, svaghet eller en kombination av bl\u00e5a l\u00e4ppar och bleka l\u00e4ppar hud. Om du antar att du tagit f\u00f6r mycket av denna medicin, kontakta din l\u00e4kare f\u00f6r hj\u00e4lp.<br \/>\nF\u00f6rvaring<br \/>\nF\u00f6rvara i rumstemperatur mellan 59-77 grader F (15-25 grader C), borta fr\u00e5n ljus och fukt, barn och husdjur. Frys inte Cipro om du tar det som en v\u00e4tska och f\u00f6rvarar det i ett kylsk\u00e5p.<br \/>\nFriskrivningsfriskrivning<br \/>\nVi tillhandah\u00e5ller endast allm\u00e4n information om mediciner, som inte t\u00e4cker alla riktningar, m\u00f6jliga l\u00e4kemedelsinteraktioner eller f\u00f6rsiktighets\u00e5tg\u00e4rder. Information p\u00e5 sidan kan inte anv\u00e4ndas f\u00f6r sj\u00e4lvbehandling och sj\u00e4lvdiagnos. Alla specifika instruktioner f\u00f6r en viss patient b\u00f6r \u00f6verenskommas med din h\u00e4lsor\u00e5dgivare eller l\u00e4kare som \u00e4r ansvarig f\u00f6r \u00e4rendet. Vi fr\u00e5ns\u00e4ger oss tillf\u00f6rlitligheten av denna information och eventuella misstag den kan inneh\u00e5lla. Vi \u00e4r inte ansvariga f\u00f6r n\u00e5gra direkta, indirekta, speciella eller andra indirekta skador till f\u00f6ljd av n\u00e5gon anv\u00e4ndning av informationen p\u00e5 denna webbplats och \u00e4ven f\u00f6r konsekvenserna av egenbehandling.<\/p>\n","protected":false},"excerpt":{"rendered":"<p>Cipro \u00e4r ett fluorokinolonantibiotikum som anv\u00e4nds f\u00f6r att behandla urinv\u00e4gsinfektioner (akut okomplicerad cystit, pyelonefrit och kronisk bakteriell prostatit).<\/p>\n","protected":false},"featured_media":6878,"comment_status":"open","ping_status":"closed","template":"","meta":[],"product_brand":[],"product_cat":[315],"product_tag":[],"class_list":{"0":"post-6955","1":"product","2":"type-product","3":"status-publish","4":"has-post-thumbnail","6":"product_cat-antibiotika-sv","7":"pa_active_substance-ciprofloxacin","9":"first","10":"instock","11":"shipping-taxable","12":"product-type-variable"},"jetpack_sharing_enabled":true,"_links":{"self":[{"href":"https:\/\/pharmacy-content.com\/index.php?rest_route=\/wp\/v2\/product\/6955","targetHints":{"allow":["GET"]}}],"collection":[{"href":"https:\/\/pharmacy-content.com\/index.php?rest_route=\/wp\/v2\/product"}],"about":[{"href":"https:\/\/pharmacy-content.com\/index.php?rest_route=\/wp\/v2\/types\/product"}],"replies":[{"embeddable":true,"href":"https:\/\/pharmacy-content.com\/index.php?rest_route=%2Fwp%2Fv2%2Fcomments&post=6955"}],"wp:featuredmedia":[{"embeddable":true,"href":"https:\/\/pharmacy-content.com\/index.php?rest_route=\/wp\/v2\/media\/6878"}],"wp:attachment":[{"href":"https:\/\/pharmacy-content.com\/index.php?rest_route=%2Fwp%2Fv2%2Fmedia&parent=6955"}],"wp:term":[{"taxonomy":"product_brand","embeddable":true,"href":"https:\/\/pharmacy-content.com\/index.php?rest_route=%2Fwp%2Fv2%2Fproduct_brand&post=6955"},{"taxonomy":"product_cat","embeddable":true,"href":"https:\/\/pharmacy-content.com\/index.php?rest_route=%2Fwp%2Fv2%2Fproduct_cat&post=6955"},{"taxonomy":"product_tag","embeddable":true,"href":"https:\/\/pharmacy-content.com\/index.php?rest_route=%2Fwp%2Fv2%2Fproduct_tag&post=6955"}],"curies":[{"name":"wp","href":"https:\/\/api.w.org\/{rel}","templated":true}]}}