{"id":6995,"date":"2026-04-22T07:04:55","date_gmt":"2026-04-22T07:04:55","guid":{"rendered":""},"modified":"2026-04-22T07:05:07","modified_gmt":"2026-04-22T07:05:07","slug":"doxycycline-2","status":"publish","type":"product","link":"https:\/\/pharmacy-content.com\/?product=doxycycline-2&lang=de","title":{"rendered":"Doxycycline"},"content":{"rendered":"<p>Allgemeine Anwendung<br \/>\nDoxycyclin ist ein synthetisches Breitbandantibiotikum, das aus Tetracyclin gewonnen wird und zur Behandlung vieler verschiedener bakterieller Infektionen wie Harnwegsinfektionen, Akne, Gonorrhoe, Chlamydiose, Parodontitis (Zahnfleischerkrankung), Hautunreinheiten, Beulen und Akne eingesetzt wird. wie durch Rosacea verursachte L\u00e4sionen.<\/p>\n<p>Dosierung und Anwendung<br \/>\nDieses Medikament sollte nach einer Mahlzeit mit einem gro\u00dfen Glas Wasser eingenommen werden, um Reizungen der Speiser\u00f6hre zu lindern. Die Tagesdosis sollte als Einzeldosis eingenommen oder in zwei Dosen aufgeteilt werden (jeweils 12 Stunden dazwischen). Nehmen Sie es nicht in gr\u00f6\u00dferen Mengen ein oder setzen Sie die Einnahme nach Ablauf der verabreichten Zeit fort. Bestimmte Marken dieses Medikaments k\u00f6nnen nicht mit Milchprodukten verwendet werden. Zerdr\u00fccken, brechen oder \u00f6ffnen Sie eine Kapsel mit verz\u00f6gerter Freisetzung nicht. Essen Sie die Pille im Ganzen. Wenn es sich um eine Suspension zum Einnehmen handelt, sch\u00fctteln Sie diese vor Gebrauch und messen Sie sie mit einem speziellen Messl\u00f6ffel ab. Nehmen Sie dieses Medikament niemals ein, wenn das Verfallsdatum abgelaufen ist, da es Ihre Nieren sch\u00e4digen kann.<\/p>\n<p>Vorsichtsma\u00dfnahmen<br \/>\nDie Verwendung von Doxycyclin w\u00e4hrend des Zahnwachstums kann zu einer dauerhaften Farbver\u00e4nderung f\u00fchren. Infektionen durch Staphylococcus, Escherichia, Shigella sind nur m\u00f6glich, nachdem die Empfindlichkeit gegen\u00fcber dem Medikament festgestellt wurde. Vermeiden Sie, dass Ihr K\u00f6rper w\u00e4hrend der Behandlung und 4\u20135 Tage danach l\u00e4ngerer UV-Strahlung ausgesetzt wird. Wenn eine Langzeitbehandlung mit diesem Medikament verordnet wird, \u00fcberwachen Sie regelm\u00e4\u00dfig den Gehalt an peripheren Blutzellen, f\u00fchren Sie Leberfunktionstests durch und bestimmen Sie Stickstoff und Harnstoff im Serum.<\/p>\n<p>Kontraindikationen<br \/>\n\u00dcberempfindlichkeit gegen Doxycyclin und Tetracycline, Schwangerschaft (zweite H\u00e4lfte der Schwangerschaft), Stillzeit , S\u00e4uglingsalter (f\u00fcr Kinder unter 9 Jahren), Leukopenie, Porphyrie, schweres Leberversagen.<\/p>\n<p>M\u00f6gliche Nebenwirkungen<br \/>\nDurch Doxycyclin verursachte Nebenwirkungen k\u00f6nnen in Form von Kopfschmerzen, Schwindel, verschwommenem Sehen, Fieber, Sch\u00fcttelfrost, Gliederschmerzen und R\u00f6tung auftreten Hautausschlag, blasse oder gelbliche Haut, dunkel gef\u00e4rbter Urin, starke Schmerzen im Oberbauch, Appetitlosigkeit, Gelbsucht, leichte Bluterg\u00fcsse oder Blutungen. Wenden Sie sich an Ihren Arzt, wenn bei Ihnen die oben aufgef\u00fchrten schwerwiegenden Nebenwirkungen auftreten.<\/p>\n<p>Wechselwirkungen mit anderen Arzneimitteln<br \/>\nDie gleichzeitige Anwendung mit Antazida auf Aluminium-, Magnesium- oder Kalziumbasis wird nicht empfohlen, da die Absorption von Doxycyclin verlangsamt werden kann. Den gleichen Effekt haben Mineralien (wie Kalzium oder Eisen) oder Wismutsubsalicylat. Es wird berichtet, dass Doxycyclin die Aktivit\u00e4t von Warfarin verst\u00e4rkt. Phenytoin (Dilantin), Carbamazepin (Tegretol) und Barbiturate (wie Phenobarbital) k\u00f6nnen den Metabolismus von Doxycyclin verst\u00e4rken.<\/p>\n<p>Verpasste Dosis<br \/>\nNehmen Sie niemals die doppelte Dosis dieses Arzneimittels ein. Wenn es fast Zeit f\u00fcr die n\u00e4chste Dosis ist, lassen Sie einfach die vergessene Portion aus und nehmen Sie das Arzneimittel gem\u00e4\u00df dem Zeitplan weiter ein.<\/p>\n<p>\u00dcberdosierung<br \/>\nBei schwerer und anhaltender \u00dcbelkeit, Erbrechen und Durchfall wenden Sie sich an Ihren Arzt.<\/p>\n<p>Lagerung<br \/>\nBei Raumtemperatur zwischen 15 und 25 Grad Celsius lagern, fern von Licht, Feuchtigkeit, Kindern und Haustieren. Nach Ablauf des Verfallsdatums nicht mehr verwenden.<\/p>\n<p>Haftungsausschluss<br \/>\nWir stellen nur allgemeine Informationen zu Medikamenten zur Verf\u00fcgung, die nicht alle Anweisungen, m\u00f6gliche Wechselwirkungen mit anderen Arzneimitteln oder Vorsichtsma\u00dfnahmen abdecken. Die Informationen auf der Website k\u00f6nnen nicht zur Selbstbehandlung und Selbstdiagnose verwendet werden. Spezifische Anweisungen f\u00fcr einen bestimmten Patienten sollten mit Ihrem Gesundheitsberater oder dem f\u00fcr den Fall zust\u00e4ndigen Arzt vereinbart werden. Wir lehnen die Zuverl\u00e4ssigkeit dieser Informationen und etwaige darin enthaltene Fehler ab. Wir haften nicht f\u00fcr direkte, indirekte, besondere oder sonstige indirekte Sch\u00e4den, die sich aus der Nutzung der Informationen auf dieser Website ergeben und auch nicht f\u00fcr Folgen der Selbstbehandlung.<\/p>\n","protected":false},"excerpt":{"rendered":"<p>Doxycyclin Generic ist ein Tetracyclin-Antibiotikum zur Behandlung von Harnwegsinfektionen, Akne, Gonorrhoe, Chlamydiose, Parodontitis usw.<\/p>\n","protected":false},"featured_media":6989,"comment_status":"open","ping_status":"closed","template":"","meta":[],"product_brand":[],"product_cat":[297],"product_tag":[],"class_list":{"0":"post-6995","1":"product","2":"type-product","3":"status-publish","4":"has-post-thumbnail","6":"product_cat-antibiotika-de","7":"pa_active_substance-doxycycline","9":"first","10":"instock","11":"shipping-taxable","12":"product-type-variable"},"jetpack_sharing_enabled":true,"_links":{"self":[{"href":"https:\/\/pharmacy-content.com\/index.php?rest_route=\/wp\/v2\/product\/6995","targetHints":{"allow":["GET"]}}],"collection":[{"href":"https:\/\/pharmacy-content.com\/index.php?rest_route=\/wp\/v2\/product"}],"about":[{"href":"https:\/\/pharmacy-content.com\/index.php?rest_route=\/wp\/v2\/types\/product"}],"replies":[{"embeddable":true,"href":"https:\/\/pharmacy-content.com\/index.php?rest_route=%2Fwp%2Fv2%2Fcomments&post=6995"}],"wp:featuredmedia":[{"embeddable":true,"href":"https:\/\/pharmacy-content.com\/index.php?rest_route=\/wp\/v2\/media\/6989"}],"wp:attachment":[{"href":"https:\/\/pharmacy-content.com\/index.php?rest_route=%2Fwp%2Fv2%2Fmedia&parent=6995"}],"wp:term":[{"taxonomy":"product_brand","embeddable":true,"href":"https:\/\/pharmacy-content.com\/index.php?rest_route=%2Fwp%2Fv2%2Fproduct_brand&post=6995"},{"taxonomy":"product_cat","embeddable":true,"href":"https:\/\/pharmacy-content.com\/index.php?rest_route=%2Fwp%2Fv2%2Fproduct_cat&post=6995"},{"taxonomy":"product_tag","embeddable":true,"href":"https:\/\/pharmacy-content.com\/index.php?rest_route=%2Fwp%2Fv2%2Fproduct_tag&post=6995"}],"curies":[{"name":"wp","href":"https:\/\/api.w.org\/{rel}","templated":true}]}}