{"id":7007,"date":"2026-04-22T07:04:57","date_gmt":"2026-04-22T07:04:57","guid":{"rendered":""},"modified":"2026-04-22T07:05:07","modified_gmt":"2026-04-22T07:05:07","slug":"doxycycline-4","status":"publish","type":"product","link":"https:\/\/pharmacy-content.com\/?product=doxycycline-4&lang=it","title":{"rendered":"Doxycycline"},"content":{"rendered":"<p>Uso comune<br \/>\nLa doxiciclina \u00e8 un antibiotico sintetico ad ampio spettro derivato dalla tetraciclina e usato per trattare molte diverse infezioni batteriche, come infezioni del tratto urinario, acne, gonorrea, clamidiosi, parodontite (malattia gengivale), imperfezioni, protuberanze e acne- come lesioni causate dalla rosacea.<\/p>\n<p>Dosaggio e indicazioni<br \/>\nQuesto farmaco deve essere assunto dopo un pasto con un grande bicchiere d&#8217;acqua per ridurre l&#8217;irritazione dell&#8217;esofago. La dose giornaliera deve essere assunta come dose singola o divisa in due (12 ore tra ciascuna). Non prenderlo in quantit\u00e0 maggiori o continuare a prenderlo dopo il periodo somministrato. Alcune marche di questo farmaco non possono essere utilizzate con i latticini. Non frantumare, rompere o aprire una capsula a rilascio ritardato; mangiare la pillola intera. Se si tratta di sospensione orale agitarla prima dell&#8217;uso e dosare con l&#8217;apposito misurino. Non assumere mai questo farmaco se \u00e8 scaduto, poich\u00e9 potrebbe danneggiare i reni.<\/p>\n<p>Precauzioni<br \/>\nL&#8217;uso della doxiciclina durante la crescita dei denti pu\u00f2 comportare il loro cambiamento di colore permanente. Le infezioni causate da stafilococco, Escherichia, Shigella sono possibili solo dopo aver determinato la sensibilit\u00e0 al farmaco. Evitare l&#8217;esposizione prolungata del corpo ai raggi UV durante il trattamento e nei 4-5 giorni successivi. Se viene prescritto un trattamento prolungato con questo farmaco, monitorare regolarmente il contenuto delle cellule del sangue periferico, i test di funzionalit\u00e0 epatica e determinare l&#8217;azoto e l&#8217;urea nel siero.<\/p>\n<p>Controindicazioni<br \/>\nIpersensibilit\u00e0 alla doxiciclina e alle tetracicline, gravidanza (seconda met\u00e0 del termine), allattamento al seno , infanzia (per bambini di et\u00e0 inferiore a 9 anni), leucopenia, porfiria, grave insufficienza epatica.<\/p>\n<p>Possibili effetti collaterali<br \/>\nGli effetti collaterali causati dalla doxiciclina possono manifestarsi come mal di testa, vertigini, visione offuscata, febbre, brividi, dolori muscolari, rossore eruzione cutanea, pelle pallida o ingiallita, urine di colore scuro, forte dolore alla parte superiore dello stomaco, perdita di appetito, ittero, facile formazione di lividi o sanguinamento. Rivolgersi al proprio medico se si verificano gli effetti gravi elencati sopra.<\/p>\n<p>Interazione farmacologica<br \/>\nLa co-somministrazione con antiacidi a base di alluminio, magnesio o calcio non \u00e8 consigliata, poich\u00e9 l&#8217;assorbimento della doxiciclina pu\u00f2 essere rallentato. I minerali (come calcio o ferro) o il subsalicilato di bismuto hanno lo stesso effetto. \u00c8 stato riportato che la doxiciclina potenzia l\u2019attivit\u00e0 del warfarin. La fenitoina (Dilantin), la carbamazepina (Tegretol) e i barbiturici (come il fenobarbital) possono aumentare il metabolismo della doxiciclina.<\/p>\n<p>Dose mancata<br \/>\nNon assumere mai una dose doppia di questo farmaco. Se \u00e8 quasi l&#8217;ora della dose successiva, salti semplicemente la porzione dimenticata e continui a prendere il medicinale secondo il programma.<\/p>\n<p>Sovradosaggio<br \/>\nIn caso di nausea, vomito e diarrea grave e persistente, consultare il medico.<\/p>\n<p>Conservazione<br \/>\nConservare a temperatura ambiente tra 59-77 gradi Fahrenheit (15-25 gradi Celsius), lontano dalla luce, dall&#8217;umidit\u00e0, dai bambini e dagli animali domestici. Non utilizzare dopo la data di scadenza.<\/p>\n<p>Esonero di responsabilit\u00e0<br \/>\nForniamo solo informazioni generali sui farmaci, che non coprono tutte le indicazioni, possibili interazioni farmacologiche o precauzioni. Le informazioni presenti sul sito non possono essere utilizzate per l&#8217;autotrattamento e l&#8217;autodiagnosi. Eventuali istruzioni specifiche per un particolare paziente devono essere concordate con il proprio consulente sanitario o medico incaricato del caso. Decliniamo l&#8217;affidabilit\u00e0 di queste informazioni e gli eventuali errori che potrebbero contenere. Non siamo responsabili per eventuali danni diretti, indiretti, speciali o altri danni indiretti derivanti dall&#8217;uso delle informazioni contenute in questo sito e anche per le conseguenze dell&#8217;autotrattamento.<\/p>\n","protected":false},"excerpt":{"rendered":"<p>La doxiciclina Generic \u00e8 un antibiotico tetraciclico usato per trattare le infezioni del tratto urinario, l&#8217;acne, la gonorrea, la clamidiosi, la parodontite, ecc.<\/p>\n","protected":false},"featured_media":6989,"comment_status":"open","ping_status":"closed","template":"","meta":[],"product_brand":[],"product_cat":[303],"product_tag":[],"class_list":{"0":"post-7007","1":"product","2":"type-product","3":"status-publish","4":"has-post-thumbnail","6":"product_cat-antibiotici-it","7":"pa_active_substance-doxycycline","9":"first","10":"instock","11":"shipping-taxable","12":"product-type-variable"},"jetpack_sharing_enabled":true,"_links":{"self":[{"href":"https:\/\/pharmacy-content.com\/index.php?rest_route=\/wp\/v2\/product\/7007","targetHints":{"allow":["GET"]}}],"collection":[{"href":"https:\/\/pharmacy-content.com\/index.php?rest_route=\/wp\/v2\/product"}],"about":[{"href":"https:\/\/pharmacy-content.com\/index.php?rest_route=\/wp\/v2\/types\/product"}],"replies":[{"embeddable":true,"href":"https:\/\/pharmacy-content.com\/index.php?rest_route=%2Fwp%2Fv2%2Fcomments&post=7007"}],"wp:featuredmedia":[{"embeddable":true,"href":"https:\/\/pharmacy-content.com\/index.php?rest_route=\/wp\/v2\/media\/6989"}],"wp:attachment":[{"href":"https:\/\/pharmacy-content.com\/index.php?rest_route=%2Fwp%2Fv2%2Fmedia&parent=7007"}],"wp:term":[{"taxonomy":"product_brand","embeddable":true,"href":"https:\/\/pharmacy-content.com\/index.php?rest_route=%2Fwp%2Fv2%2Fproduct_brand&post=7007"},{"taxonomy":"product_cat","embeddable":true,"href":"https:\/\/pharmacy-content.com\/index.php?rest_route=%2Fwp%2Fv2%2Fproduct_cat&post=7007"},{"taxonomy":"product_tag","embeddable":true,"href":"https:\/\/pharmacy-content.com\/index.php?rest_route=%2Fwp%2Fv2%2Fproduct_tag&post=7007"}],"curies":[{"name":"wp","href":"https:\/\/api.w.org\/{rel}","templated":true}]}}