{"id":7013,"date":"2026-04-22T07:04:58","date_gmt":"2026-04-22T07:04:58","guid":{"rendered":""},"modified":"2026-04-22T07:05:07","modified_gmt":"2026-04-22T07:05:07","slug":"doxycycline-5","status":"publish","type":"product","link":"https:\/\/pharmacy-content.com\/?product=doxycycline-5&lang=es","title":{"rendered":"Doxycycline"},"content":{"rendered":"<p>Uso com\u00fan<br \/>\nLa doxiciclina es un antibi\u00f3tico sint\u00e9tico de amplio espectro derivado de la tetraciclina y se usa para tratar muchas infecciones bacterianas diferentes, como infecciones del tracto urinario, acn\u00e9, gonorrea, clamidiosis, periodontitis (enfermedad de las enc\u00edas), imperfecciones, protuberancias y acn\u00e9. como lesiones causadas por la ros\u00e1cea.<\/p>\n<p>Dosis y direcciones<br \/>\nEste medicamento debe tomarse despu\u00e9s de una comida con un vaso grande de agua para disminuir la irritaci\u00f3n del es\u00f3fago. La dosis diaria debe tomarse como dosis \u00fanica o dividida en dos (12 horas entre cada una). No lo tome en cantidades mayores ni contin\u00fae tom\u00e1ndolo despu\u00e9s del per\u00edodo administrado. Ciertas marcas de este medicamento no se pueden usar con productos l\u00e1cteos. No triture, rompa ni abra una c\u00e1psula de liberaci\u00f3n retardada; c\u00f3mete la pastilla entera. Si se trata de una suspensi\u00f3n oral, ag\u00edtela antes de usarla y mida con una cuchara dosificadora especial. Nunca tome este medicamento si est\u00e1 vencido, ya que puede da\u00f1ar sus ri\u00f1ones.<\/p>\n<p>Precauciones<br \/>\nEl uso de doxiciclina durante el crecimiento de los dientes puede provocar un cambio de color permanente. Las infecciones causadas por estafilococos, Escherichia, Shigella son posibles solo despu\u00e9s de que se determina la sensibilidad al medicamento. Evite la exposici\u00f3n de su cuerpo a la radiaci\u00f3n UV prolongada durante el tratamiento y 4-5 d\u00edas despu\u00e9s del mismo. Si se prescribe un tratamiento prolongado con este medicamento, controle peri\u00f3dicamente el contenido de c\u00e9lulas de la sangre perif\u00e9rica, realice pruebas de funci\u00f3n hep\u00e1tica y determine el nitr\u00f3geno y la urea en el suero.<\/p>\n<p>Contraindicaciones<br \/>\nHipersensibilidad a la doxiciclina y las tetraciclinas, embarazo (segunda mitad del embarazo), lactancia , infancia (para ni\u00f1os menores de 9 a\u00f1os), leucopenia, porfiria, insuficiencia hep\u00e1tica grave.<\/p>\n<p>Posibles efectos secundarios<br \/>\nLos efectos secundarios causados por la doxiciclina pueden aparecer como dolor de cabeza, mareos, visi\u00f3n borrosa, fiebre, escalofr\u00edos, dolores corporales, enrojecimiento. erupci\u00f3n cut\u00e1nea, piel p\u00e1lida o amarillenta, orina de color oscuro, dolor intenso en la parte superior del est\u00f3mago, p\u00e9rdida de apetito, ictericia, aparici\u00f3n de moretones con facilidad o sangrado. Comun\u00edquese con su m\u00e9dico si experimenta los efectos graves enumerados anteriormente.<\/p>\n<p>Interacci\u00f3n con otros medicamentos<br \/>\nNo se recomienda la coadministraci\u00f3n con anti\u00e1cidos a base de aluminio, magnesio o calcio, ya que la absorci\u00f3n de doxiciclina puede disminuir. Los minerales (como el calcio o el hierro) o el subsalicilato de bismuto tienen el mismo efecto. Se informa que la doxiciclina mejora la actividad de la warfarina. La fenito\u00edna (Dilantin), la carbamazepina (Tegretol) y los barbit\u00faricos (como el fenobarbital) pueden mejorar el metabolismo de la doxiciclina.<\/p>\n<p>Dosis omitida<br \/>\nNunca tome una dosis doble de este medicamento. Si es casi la hora de la siguiente dosis, simplemente omita la porci\u00f3n olvidada y contin\u00fae tomando el medicamento seg\u00fan el horario.<\/p>\n<p>Sobredosis<br \/>\nEn caso de n\u00e1useas, v\u00f3mitos y diarrea graves y persistentes, consulte a su m\u00e9dico.<\/p>\n<p>Almacenamiento<br \/>\nAlmacenar a temperatura ambiente entre 59 y 77 grados Fahrenheit (15 y 25 grados Celsius), lejos de la luz, la humedad, los ni\u00f1os y las mascotas. No lo use despu\u00e9s de la fecha de vencimiento.<\/p>\n<p>Descargo de responsabilidad<br \/>\nSolo proporcionamos informaci\u00f3n general sobre los medicamentos, que no cubre todas las instrucciones, posibles interacciones entre medicamentos ni precauciones. La informaci\u00f3n contenida en el sitio no se puede utilizar para autotratamiento y autodiagn\u00f3stico. Cualquier instrucci\u00f3n espec\u00edfica para un paciente en particular debe acordarse con su asesor sanitario o m\u00e9dico a cargo del caso. Renunciamos a la fiabilidad de esta informaci\u00f3n y a cualquier error que pueda contener. No somos responsables de ning\u00fan da\u00f1o directo, indirecto, especial u otro da\u00f1o indirecto como resultado de cualquier uso de la informaci\u00f3n en este sitio y tampoco de las consecuencias del autotratamiento.<\/p>\n","protected":false},"excerpt":{"rendered":"<p>La doxiciclina Generic es un antibi\u00f3tico de tetraciclina que se utiliza para tratar infecciones del tracto urinario, acn\u00e9, gonorrea, clamidiosis, periodontitis, etc.<\/p>\n","protected":false},"featured_media":6989,"comment_status":"open","ping_status":"closed","template":"","meta":[],"product_brand":[],"product_cat":[306],"product_tag":[],"class_list":{"0":"post-7013","1":"product","2":"type-product","3":"status-publish","4":"has-post-thumbnail","6":"product_cat-antibioticos-es","7":"pa_active_substance-doxycycline","9":"first","10":"instock","11":"shipping-taxable","12":"product-type-variable"},"jetpack_sharing_enabled":true,"_links":{"self":[{"href":"https:\/\/pharmacy-content.com\/index.php?rest_route=\/wp\/v2\/product\/7013","targetHints":{"allow":["GET"]}}],"collection":[{"href":"https:\/\/pharmacy-content.com\/index.php?rest_route=\/wp\/v2\/product"}],"about":[{"href":"https:\/\/pharmacy-content.com\/index.php?rest_route=\/wp\/v2\/types\/product"}],"replies":[{"embeddable":true,"href":"https:\/\/pharmacy-content.com\/index.php?rest_route=%2Fwp%2Fv2%2Fcomments&post=7013"}],"wp:featuredmedia":[{"embeddable":true,"href":"https:\/\/pharmacy-content.com\/index.php?rest_route=\/wp\/v2\/media\/6989"}],"wp:attachment":[{"href":"https:\/\/pharmacy-content.com\/index.php?rest_route=%2Fwp%2Fv2%2Fmedia&parent=7013"}],"wp:term":[{"taxonomy":"product_brand","embeddable":true,"href":"https:\/\/pharmacy-content.com\/index.php?rest_route=%2Fwp%2Fv2%2Fproduct_brand&post=7013"},{"taxonomy":"product_cat","embeddable":true,"href":"https:\/\/pharmacy-content.com\/index.php?rest_route=%2Fwp%2Fv2%2Fproduct_cat&post=7013"},{"taxonomy":"product_tag","embeddable":true,"href":"https:\/\/pharmacy-content.com\/index.php?rest_route=%2Fwp%2Fv2%2Fproduct_tag&post=7013"}],"curies":[{"name":"wp","href":"https:\/\/api.w.org\/{rel}","templated":true}]}}