{"id":7019,"date":"2026-04-22T07:04:59","date_gmt":"2026-04-22T07:04:59","guid":{"rendered":""},"modified":"2026-04-22T07:05:07","modified_gmt":"2026-04-22T07:05:07","slug":"doxycycline-6","status":"publish","type":"product","link":"https:\/\/pharmacy-content.com\/?product=doxycycline-6&lang=pl","title":{"rendered":"Doxycycline"},"content":{"rendered":"<p>Powszechnie stosowane<br \/>\nDoksycyklina to syntetyczny antybiotyk o szerokim spektrum dzia\u0142ania, pochodny tetracykliny i stosowany w leczeniu wielu r\u00f3\u017cnych infekcji bakteryjnych, takich jak infekcje dr\u00f3g moczowych, tr\u0105dzik, rze\u017c\u0105czka, chlamydioza, zapalenie przyz\u0119bia (choroba dzi\u0105se\u0142), przebarwienia, guzki i tr\u0105dzik- podobne do zmian wywo\u0142anych tr\u0105dzikiem r\u00f3\u017cowatym.<\/p>\n<p>Dawkowanie i spos\u00f3b u\u017cycia<br \/>\nLek nale\u017cy przyjmowa\u0107 po posi\u0142ku, popijaj\u0105c du\u017c\u0105 szklank\u0105 wody, aby zmniejszy\u0107 podra\u017cnienie prze\u0142yku. Dawk\u0119 dobow\u0105 nale\u017cy przyjmowa\u0107 jednorazowo lub podzieli\u0107 na dwie dawki (pomi\u0119dzy ka\u017cd\u0105 porcj\u0105 12 godzin). Nie nale\u017cy przyjmowa\u0107 go w wi\u0119kszych ilo\u015bciach ani kontynuowa\u0107 przyjmowania po up\u0142ywie podanego okresu. Niekt\u00f3rych marek tego leku nie mo\u017cna stosowa\u0107 z produktami mlecznymi. Nie kruszy\u0107, nie \u0142ama\u0107 ani nie otwiera\u0107 kapsu\u0142ki o op\u00f3\u017anionym uwalnianiu; zje\u015b\u0107 tabletk\u0119 w ca\u0142o\u015bci. Je\u017celi jest to zawiesina doustna, przed u\u017cyciem nale\u017cy j\u0105 wstrz\u0105sn\u0105\u0107 i odmierzy\u0107 specjaln\u0105 \u0142y\u017ck\u0105 miarow\u0105. Nigdy nie bierz tego leku po up\u0142ywie terminu wa\u017cno\u015bci, poniewa\u017c mo\u017ce to spowodowa\u0107 uszkodzenie nerek.<\/p>\n<p>\u015arodki ostro\u017cno\u015bci<br \/>\nStosowanie doksycykliny w okresie wzrostu z\u0119b\u00f3w mo\u017ce spowodowa\u0107 ich trwa\u0142\u0105 zmian\u0119 koloru. Zaka\u017cenia wywo\u0142ane przez gronkowce, Escherichia, Shigella s\u0105 mo\u017cliwe dopiero po ustaleniu wra\u017cliwo\u015bci na lek. Unikaj ekspozycji cia\u0142a na d\u0142ugotrwa\u0142e promieniowanie UV w trakcie kuracji i 4-5 dni po niej. W przypadku przepisania d\u0142ugotrwa\u0142ego leczenia tym lekiem nale\u017cy regularnie monitorowa\u0107 zawarto\u015b\u0107 krwinek obwodowych, badania czynno\u015bci w\u0105troby oraz oznacza\u0107 azot i mocznik w surowicy.<\/p>\n<p>Przeciwwskazania<br \/>\nNadwra\u017cliwo\u015b\u0107 na doksycyklin\u0119 i tetracykliny, ci\u0105\u017ca (druga po\u0142owa okresu), karmienie piersi\u0105 , niemowl\u0119ctwo (dla dzieci poni\u017cej 9 roku \u017cycia), leukopenia, porfiria, ci\u0119\u017cka niewydolno\u015b\u0107 w\u0105troby.<\/p>\n<p>Mo\u017cliwe skutki uboczne<br \/>\nSkutki uboczne powodowane przez doksycyklin\u0119 mog\u0105 objawia\u0107 si\u0119 b\u00f3lami g\u0142owy, zawrotami g\u0142owy, niewyra\u017anym widzeniem, gor\u0105czk\u0105, dreszczami, b\u00f3lami cia\u0142a, zaczerwienieniem wysypka sk\u00f3rna, blada lub po\u017c\u00f3\u0142k\u0142a sk\u00f3ra, ciemny kolor moczu, silny b\u00f3l w g\u00f3rnej cz\u0119\u015bci brzucha, utrata apetytu, \u017c\u00f3\u0142taczka, \u0142atwe powstawanie siniak\u00f3w lub krwawienie. W przypadku wyst\u0105pienia wymienionych powy\u017cej ci\u0119\u017ckich objaw\u00f3w nale\u017cy skontaktowa\u0107 si\u0119 z lekarzem.<\/p>\n<p>Interakcje lek\u00f3w<br \/>\nNie zaleca si\u0119 jednoczesnego stosowania lek\u00f3w zoboj\u0119tniaj\u0105cych na bazie glinu, magnezu lub wapnia, poniewa\u017c wch\u0142anianie doksycykliny mo\u017ce by\u0107 spowolnione. Minera\u0142y (takie jak wap\u0144 lub \u017celazo) lub salicylan bizmutu maj\u0105 ten sam efekt. Donoszono, \u017ce doksycyklina nasila dzia\u0142anie warfaryny. Fenytoina (Dilantin), karbamazepina (Tegretol) i barbiturany (takie jak fenobarbital) mog\u0105 zwi\u0119ksza\u0107 metabolizm doksycykliny.<\/p>\n<p>Pomini\u0119ta dawka<br \/>\nNigdy nie nale\u017cy stosowa\u0107 podw\u00f3jnej dawki tego leku. Je\u015bli zbli\u017ca si\u0119 pora przyj\u0119cia kolejnej dawki, po prostu pomi\u0144 pomini\u0119t\u0105 porcj\u0119 i kontynuuj przyjmowanie leku zgodnie ze schematem.<\/p>\n<p>Przedawkowanie<br \/>\nW przypadku powa\u017cnych i utrzymuj\u0105cych si\u0119 nudno\u015bci, wymiot\u00f3w i biegunki nale\u017cy skonsultowa\u0107 si\u0119 z lekarzem.<\/p>\n<p>Przechowywanie<br \/>\nPrzechowywa\u0107 w temperaturze pokojowej od 15 do 25 stopni Celsjusza, z dala od \u015bwiat\u0142a, wilgoci, dzieci i zwierz\u0105t. Nie stosowa\u0107 po up\u0142ywie daty wa\u017cno\u015bci.<\/p>\n<p>Zastrze\u017cenie<br \/>\nPodajemy jedynie og\u00f3lne informacje na temat lek\u00f3w, kt\u00f3re nie obejmuj\u0105 wszystkich wskaz\u00f3wek, mo\u017cliwych interakcji lek\u00f3w ani \u015brodk\u00f3w ostro\u017cno\u015bci. Informacje zawarte na stronie nie mog\u0105 by\u0107 wykorzystywane do samodzielnego leczenia i autodiagnozy. Wszelkie szczeg\u00f3\u0142owe instrukcje dla konkretnego pacjenta nale\u017cy uzgodni\u0107 z doradc\u0105 ds. opieki zdrowotnej lub lekarzem prowadz\u0105cym dany przypadek. Zrzekamy si\u0119 wiarygodno\u015bci tych informacji i wszelkich b\u0142\u0119d\u00f3w, jakie mog\u0105 one zawiera\u0107. Nie ponosimy odpowiedzialno\u015bci za jakiekolwiek bezpo\u015brednie, po\u015brednie, specjalne lub inne po\u015brednie szkody powsta\u0142e w wyniku wykorzystania informacji zawartych na tej stronie, a tak\u017ce za konsekwencje samoleczenia.<\/p>\n","protected":false},"excerpt":{"rendered":"<p>Doksycyklina Generic jest antybiotykiem tetracyklinowym stosowanym w leczeniu infekcji dr\u00f3g moczowych, tr\u0105dziku, rze\u017c\u0105czki, chlamydiozy, zapalenia przyz\u0119bia itp.<\/p>\n","protected":false},"featured_media":6989,"comment_status":"open","ping_status":"closed","template":"","meta":[],"product_brand":[],"product_cat":[309],"product_tag":[],"class_list":{"0":"post-7019","1":"product","2":"type-product","3":"status-publish","4":"has-post-thumbnail","6":"product_cat-antybiotyki-pl","7":"pa_active_substance-doxycycline","9":"first","10":"instock","11":"shipping-taxable","12":"product-type-variable"},"jetpack_sharing_enabled":true,"_links":{"self":[{"href":"https:\/\/pharmacy-content.com\/index.php?rest_route=\/wp\/v2\/product\/7019","targetHints":{"allow":["GET"]}}],"collection":[{"href":"https:\/\/pharmacy-content.com\/index.php?rest_route=\/wp\/v2\/product"}],"about":[{"href":"https:\/\/pharmacy-content.com\/index.php?rest_route=\/wp\/v2\/types\/product"}],"replies":[{"embeddable":true,"href":"https:\/\/pharmacy-content.com\/index.php?rest_route=%2Fwp%2Fv2%2Fcomments&post=7019"}],"wp:featuredmedia":[{"embeddable":true,"href":"https:\/\/pharmacy-content.com\/index.php?rest_route=\/wp\/v2\/media\/6989"}],"wp:attachment":[{"href":"https:\/\/pharmacy-content.com\/index.php?rest_route=%2Fwp%2Fv2%2Fmedia&parent=7019"}],"wp:term":[{"taxonomy":"product_brand","embeddable":true,"href":"https:\/\/pharmacy-content.com\/index.php?rest_route=%2Fwp%2Fv2%2Fproduct_brand&post=7019"},{"taxonomy":"product_cat","embeddable":true,"href":"https:\/\/pharmacy-content.com\/index.php?rest_route=%2Fwp%2Fv2%2Fproduct_cat&post=7019"},{"taxonomy":"product_tag","embeddable":true,"href":"https:\/\/pharmacy-content.com\/index.php?rest_route=%2Fwp%2Fv2%2Fproduct_tag&post=7019"}],"curies":[{"name":"wp","href":"https:\/\/api.w.org\/{rel}","templated":true}]}}