{"id":7061,"date":"2026-04-22T07:05:13","date_gmt":"2026-04-22T07:05:13","guid":{"rendered":""},"modified":"2026-04-22T07:05:29","modified_gmt":"2026-04-22T07:05:29","slug":"flagyl-2","status":"publish","type":"product","link":"https:\/\/pharmacy-content.com\/?product=flagyl-2&lang=de","title":{"rendered":"Flagyl"},"content":{"rendered":"<p>Allgemeine Verwendung<br \/>\nFlagyl ist ein Antibiotikum, das gegen die anaeroben Bakterien Peptostreptococcus, Clostridium sp., Bacteroides sp., Prevotella, Fusobacterium, Veillonella und bestimmte Parasiten wie Trichomonas vaginalis (Vaginitis), Giardia intestinalis (Lambliose von Darm und Leber) und Entamoeba histolytica eingesetzt wird . Dieses Medikament wird zur Behandlung folgender Erkrankungen eingesetzt: bakterielle Peritonitis, Leberabszesse, Abszesse der Eierst\u00f6cke und der Eileiter.<\/p>\n<p>Dosierung und Anwendung<br \/>\nIhre Dosis sollte von Ihrem Arzt abh\u00e4ngig von Ihrem Zustand, Ihrer Krankheit und Ihrem Alter verabreicht werden. Flagyl kann oral mit oder ohne Nahrung eingenommen werden. Im Krankenhaus wird Flagyl manchmal intraven\u00f6s verschrieben, um schwere Infektionen zu behandeln. Nehmen Sie die Flagyl-Retardtabletten mindestens 1\u20132 Stunden vor oder nach einer Mahlzeit (auf n\u00fcchternen Magen) ein. Kauen, zerbrechen oder zerdr\u00fccken Sie die Retardtabletten nicht und schlucken Sie sie nicht im Ganzen. Brechen Sie die Einnahme dieses Arzneimittels nicht ab, auch wenn Sie sich gut f\u00fchlen und Ihre Symptome verschwunden sind, es sei denn, Ihr Arzt hat es Ihnen empfohlen.<\/p>\n<p>Vorsichtsma\u00dfnahmen<br \/>\nEine lange Behandlung erfordert ein regelm\u00e4\u00dfiges gro\u00dfes Blutbild. Vermeiden Sie Alkohol. Von der Einnahme von Flagyl bei Patienten im ersten Schwangerschaftstrimester wird abgeraten. Informieren Sie Ihren Arzt, wenn Sie schwanger sind oder eine Schwangerschaft planen, an einer Lebererkrankung, einer Magen- oder Darmerkrankung wie Morbus Crohn, einer Blutzellerkrankung wie An\u00e4mie oder Leukopenie, Epilepsie oder anderen Anf\u00e4llen und Nervenst\u00f6rungen leiden.<\/p>\n<p>Kontraindikationen<br \/>\n\u00dcberempfindlichkeit.<\/p>\n<p>M\u00f6gliche Nebenwirkung<br \/>\n\u00dcbelkeit, Metallgeschmack im Mund, Anorexie, Bauchschmerzen, Erbrechen, Durchfall, Kopfschmerzen, Schwindel, Allergie (Hautausschlag, Nesselsucht), Leukopenie und braunrote Farbe des Urins bei Patienten lange Zeit mit diesem Medikament behandelt. Zu den schwerwiegenden Nebenwirkungen geh\u00f6ren Krampfanf\u00e4lle und Nervensch\u00e4den, die zu Taubheitsgef\u00fchl und Kribbeln in den Extremit\u00e4ten f\u00fchren. Wenn dies bei Ihnen auftritt, ben\u00f6tigen Sie sofortige Hilfe von Ihrem Arzt.<\/p>\n<p>Wechselwirkungen mit anderen Arzneimitteln<br \/>\nFlagyl ist mit Sulfanilamiden und Antibiotika kompatibel. Eine Kombination mit Disulfiram, indirekt wirkenden Gerinnungshemmern und bestimmten Muskelrelaxantien ist nicht erw\u00fcnscht. Nicht kompatibel mit alkoholischen Getr\u00e4nken. Flagyl erh\u00f6ht den Lithiumspiegel im Blutserum. Flagyl sollte nicht zusammen mit Amprenavir zur Behandlung der menschlichen Immunschw\u00e4chekrankheit verabreicht werden.<\/p>\n<p>Verpasste Dosis<br \/>\nWenn Sie eine Dosis vergessen haben, nehmen Sie sie ein, sobald Sie sich daran erinnern. Wenn es fast Zeit f\u00fcr Ihre n\u00e4chste Dosis ist, lassen Sie sie einfach aus und kehren Sie zu Ihrem regul\u00e4ren Zeitplan zur\u00fcck. Dosis dieses Arzneimittels niemals verdoppeln.<\/p>\n<p>\u00dcberdosierung<br \/>\nBei schwerer und anhaltender \u00dcbelkeit, Erbrechen, Schwindel, Gleichgewichts- oder Koordinationsverlust, Taubheitsgef\u00fchl und Kribbeln oder Krampfanf\u00e4llen wenden Sie sich an Ihren Arzt, um \u00e4rztliche Hilfe zu erhalten.<\/p>\n<p>Aufbewahrung<br \/>\nAufbewahren bei Raumtemperatur zwischen 15 und 25 \u00b0C (59\u201377 \u00b0F), fern von Licht und Feuchtigkeit, Kindern und Haustieren. Nach Ablauf des Verfallsdatums nicht mehr verwenden.<\/p>\n<p>Haftungsausschluss<br \/>\nWir stellen nur allgemeine Informationen zu Medikamenten zur Verf\u00fcgung, die nicht alle Anwendungsgebiete, m\u00f6gliche Wechselwirkungen mit anderen Arzneimitteln oder Vorsichtsma\u00dfnahmen abdecken. Die Informationen auf der Website k\u00f6nnen nicht zur Selbstbehandlung und Selbstdiagnose verwendet werden. Spezifische Anweisungen f\u00fcr einen bestimmten Patienten sollten mit Ihrem Gesundheitsberater oder dem f\u00fcr den Fall zust\u00e4ndigen Arzt vereinbart werden. Wir lehnen die Zuverl\u00e4ssigkeit dieser Informationen und etwaige darin enthaltene Fehler ab. Wir haften nicht f\u00fcr direkte, indirekte, besondere oder sonstige indirekte Sch\u00e4den, die sich aus der Nutzung der Informationen auf dieser Website ergeben, sowie f\u00fcr die Folgen einer Selbstbehandlung.<\/p>\n","protected":false},"excerpt":{"rendered":"<p>Flagyl Generic ist ein antiprotozoisches und antibakterielles Medikament zur Behandlung von Infektionen, die durch anaerobe Bakterien und bestimmte Parasiten wie Giardien und Am\u00f6ben verursacht werden.<\/p>\n","protected":false},"featured_media":7050,"comment_status":"open","ping_status":"closed","template":"","meta":[],"product_brand":[],"product_cat":[297],"product_tag":[],"class_list":{"0":"post-7061","1":"product","2":"type-product","3":"status-publish","4":"has-post-thumbnail","6":"product_cat-antibiotika-de","7":"pa_active_substance-metronidazole","9":"first","10":"instock","11":"shipping-taxable","12":"product-type-variable"},"jetpack_sharing_enabled":true,"_links":{"self":[{"href":"https:\/\/pharmacy-content.com\/index.php?rest_route=\/wp\/v2\/product\/7061","targetHints":{"allow":["GET"]}}],"collection":[{"href":"https:\/\/pharmacy-content.com\/index.php?rest_route=\/wp\/v2\/product"}],"about":[{"href":"https:\/\/pharmacy-content.com\/index.php?rest_route=\/wp\/v2\/types\/product"}],"replies":[{"embeddable":true,"href":"https:\/\/pharmacy-content.com\/index.php?rest_route=%2Fwp%2Fv2%2Fcomments&post=7061"}],"wp:featuredmedia":[{"embeddable":true,"href":"https:\/\/pharmacy-content.com\/index.php?rest_route=\/wp\/v2\/media\/7050"}],"wp:attachment":[{"href":"https:\/\/pharmacy-content.com\/index.php?rest_route=%2Fwp%2Fv2%2Fmedia&parent=7061"}],"wp:term":[{"taxonomy":"product_brand","embeddable":true,"href":"https:\/\/pharmacy-content.com\/index.php?rest_route=%2Fwp%2Fv2%2Fproduct_brand&post=7061"},{"taxonomy":"product_cat","embeddable":true,"href":"https:\/\/pharmacy-content.com\/index.php?rest_route=%2Fwp%2Fv2%2Fproduct_cat&post=7061"},{"taxonomy":"product_tag","embeddable":true,"href":"https:\/\/pharmacy-content.com\/index.php?rest_route=%2Fwp%2Fv2%2Fproduct_tag&post=7061"}],"curies":[{"name":"wp","href":"https:\/\/api.w.org\/{rel}","templated":true}]}}