{"id":7094,"date":"2026-04-22T07:05:18","date_gmt":"2026-04-22T07:05:18","guid":{"rendered":""},"modified":"2026-04-22T07:05:30","modified_gmt":"2026-04-22T07:05:30","slug":"flagyl-5","status":"publish","type":"product","link":"https:\/\/pharmacy-content.com\/?product=flagyl-5&lang=es","title":{"rendered":"Flagyl"},"content":{"rendered":"<p>Uso com\u00fan<br \/>\nFlagyl es un antibi\u00f3tico utilizado contra las bacterias anaer\u00f3bicas Peptostreptococcus, Clostridium sp., Bacteroides sp., Prevotella, Fusobacterium, Veillonella y ciertos par\u00e1sitos como Trichomonas vaginalis (vaginitis), Giardia intestinalis (lamblosis de intestinos y h\u00edgado), Entamoeba histolytica. . Este medicamento se usa para tratar tales afecciones: peritonitis bacteriana, abscesos hep\u00e1ticos, abscesos de los ovarios y las trompas de Falopio.<\/p>\n<p>Dosis e instrucciones<br \/>\nSu m\u00e9dico debe administrarle la dosis seg\u00fan su afecci\u00f3n, enfermedad y edad. Flagyl se puede tomar por v\u00eda oral con o sin alimentos. En el hospital, a veces, se prescribe Flagyl por v\u00eda intravenosa para tratar infecciones graves. Tome las pastillas de liberaci\u00f3n prolongada de Flagyl al menos 1 o 2 horas antes o despu\u00e9s de una comida (con el est\u00f3mago vac\u00edo). No mastique, rompa ni triture las pastillas de liberaci\u00f3n prolongada y tr\u00e1guelas enteras. No deje de tomar este medicamento incluso si se siente bien y sus s\u00edntomas han desaparecido, a menos que su m\u00e9dico se lo recomiende.<\/p>\n<p>Precauciones<br \/>\nEl tratamiento prolongado requiere un hemograma completo de forma regular. Evite beber alcohol. No se recomienda la ingesta de Flagyl en pacientes durante el primer trimestre del embarazo. Informe a su m\u00e9dico si est\u00e1 embarazada o planea quedar embarazada, si tiene una enfermedad hep\u00e1tica, estomacal o intestinal como la enfermedad de Crohn, un trastorno de las c\u00e9lulas sangu\u00edneas como anemia o leucopenia, epilepsia u otras convulsiones y trastornos nerviosos.<\/p>\n<p>Contraindicaciones<br \/>\nHipersensibilidad.<\/p>\n<p>Posibles efectos secundarios<br \/>\nN\u00e1useas, sabor a metal en la boca, anorexia, dolor abdominal, v\u00f3mito, diarrea, dolor de cabeza, mareos, alergia (erupci\u00f3n cut\u00e1nea, urticaria), leucopenia y color marr\u00f3n rojizo de la orina en pacientes tratado durante mucho tiempo con este medicamento. Los efectos secundarios graves incluyen convulsiones y da\u00f1o a los nervios, lo que resulta en entumecimiento y hormigueo en las extremidades; si experimenta esto, necesita ayuda inmediata de su m\u00e9dico.<\/p>\n<p>Interacci\u00f3n con otros medicamentos<br \/>\nFlagyl es compatible con sulfanilamidas y antibi\u00f3ticos. No es deseable su combinaci\u00f3n con disulfiram, inhibidores de la coagulaci\u00f3n de acci\u00f3n indirecta y ciertos miorrelajantes. No compatible con bebidas alcoh\u00f3licas. Flagyl aumenta los niveles de litio en el suero sangu\u00edneo. Flagyl no debe administrarse conjuntamente con amprenavir para tratar la enfermedad de inmunodeficiencia humana.<\/p>\n<p>Dosis omitida<br \/>\nSi omiti\u00f3 una dosis, t\u00f3mela tan pronto como se acuerde. Si es casi la hora de su siguiente dosis, om\u00edtala y vuelva a su horario habitual. Nunca duplique la dosis de este medicamento.<\/p>\n<p>Sobredosis<br \/>\nEn caso de n\u00e1useas, v\u00f3mitos, mareos, p\u00e9rdida de equilibrio o coordinaci\u00f3n, entumecimiento y hormigueo o convulsiones graves y persistentes, consulte a su m\u00e9dico acerca de atenci\u00f3n m\u00e9dica.<\/p>\n<p>Almacenamiento<br \/>\nAlmacenar en temperatura ambiente entre 59 y 77 grados F (15 y 25 grados C), lejos de la luz y la humedad, ni\u00f1os y mascotas. No lo use despu\u00e9s del plazo de vencimiento.<\/p>\n<p>Descargo de responsabilidad<br \/>\nSolo proporcionamos informaci\u00f3n general sobre medicamentos, que no cubre todas las instrucciones, posibles interacciones entre medicamentos ni precauciones. La informaci\u00f3n contenida en el sitio no se puede utilizar para autotratamiento y autodiagn\u00f3stico. Cualquier instrucci\u00f3n espec\u00edfica para un paciente en particular debe acordarse con su asesor de atenci\u00f3n m\u00e9dica o m\u00e9dico a cargo del caso. Renunciamos a la fiabilidad de esta informaci\u00f3n y a cualquier error que pueda contener. No somos responsables de ning\u00fan da\u00f1o directo, indirecto, especial u otro da\u00f1o indirecto como resultado de cualquier uso de la informaci\u00f3n en este sitio y tampoco de las consecuencias del autotratamiento.<\/p>\n","protected":false},"excerpt":{"rendered":"<p>Flagyl Generic es un f\u00e1rmaco antiprotozoario y antibacteriano para tratar infecciones causadas por bacterias anaer\u00f3bicas y ciertos par\u00e1sitos como giardia y ameba.<\/p>\n","protected":false},"featured_media":7050,"comment_status":"open","ping_status":"closed","template":"","meta":[],"product_brand":[],"product_cat":[306],"product_tag":[],"class_list":{"0":"post-7094","1":"product","2":"type-product","3":"status-publish","4":"has-post-thumbnail","6":"product_cat-antibioticos-es","7":"pa_active_substance-metronidazole","9":"first","10":"instock","11":"shipping-taxable","12":"product-type-variable"},"jetpack_sharing_enabled":true,"_links":{"self":[{"href":"https:\/\/pharmacy-content.com\/index.php?rest_route=\/wp\/v2\/product\/7094","targetHints":{"allow":["GET"]}}],"collection":[{"href":"https:\/\/pharmacy-content.com\/index.php?rest_route=\/wp\/v2\/product"}],"about":[{"href":"https:\/\/pharmacy-content.com\/index.php?rest_route=\/wp\/v2\/types\/product"}],"replies":[{"embeddable":true,"href":"https:\/\/pharmacy-content.com\/index.php?rest_route=%2Fwp%2Fv2%2Fcomments&post=7094"}],"wp:featuredmedia":[{"embeddable":true,"href":"https:\/\/pharmacy-content.com\/index.php?rest_route=\/wp\/v2\/media\/7050"}],"wp:attachment":[{"href":"https:\/\/pharmacy-content.com\/index.php?rest_route=%2Fwp%2Fv2%2Fmedia&parent=7094"}],"wp:term":[{"taxonomy":"product_brand","embeddable":true,"href":"https:\/\/pharmacy-content.com\/index.php?rest_route=%2Fwp%2Fv2%2Fproduct_brand&post=7094"},{"taxonomy":"product_cat","embeddable":true,"href":"https:\/\/pharmacy-content.com\/index.php?rest_route=%2Fwp%2Fv2%2Fproduct_cat&post=7094"},{"taxonomy":"product_tag","embeddable":true,"href":"https:\/\/pharmacy-content.com\/index.php?rest_route=%2Fwp%2Fv2%2Fproduct_tag&post=7094"}],"curies":[{"name":"wp","href":"https:\/\/api.w.org\/{rel}","templated":true}]}}