{"id":7127,"date":"2026-04-22T07:05:23","date_gmt":"2026-04-22T07:05:23","guid":{"rendered":""},"modified":"2026-04-22T07:05:30","modified_gmt":"2026-04-22T07:05:30","slug":"flagyl-8","status":"publish","type":"product","link":"https:\/\/pharmacy-content.com\/?product=flagyl-8&lang=sv","title":{"rendered":"Flagyl"},"content":{"rendered":"<p>Vanlig anv\u00e4ndning<br \/>\nFlagyl \u00e4r ett antibiotikum som anv\u00e4nds mot anaeroba bakterier Peptostreptokocker, Clostridium sp., Bacteroides sp., Prevotella, Fusobacterium, Veillonella och vissa parasiter s\u00e5som Trichomonas vaginalis (vaginit), Giardia intestinalis (lamblios i tarmarna och levern), Enhistotamoe. . Detta l\u00e4kemedel anv\u00e4nds f\u00f6r att behandla s\u00e5dana tillst\u00e5nd: bakteriell peritonit, leverb\u00f6lder, b\u00f6lder p\u00e5 \u00e4ggstockarna och \u00e4ggledarna.<\/p>\n<p>Dosering och anvisningar<br \/>\nDin dos b\u00f6r administreras av din l\u00e4kare beroende p\u00e5 ditt tillst\u00e5nd, sjukdom och \u00e5lder. Flagyl kan tas oralt med eller utan mat. P\u00e5 sjukhuset ordineras ibland Flagyl intraven\u00f6st f\u00f6r att behandla allvarliga infektioner. Ta Flagyls flikar med f\u00f6rl\u00e4ngd fris\u00e4ttning minst 1-2 timmar f\u00f6re eller efter en m\u00e5ltid (p\u00e5 fastande mage). Tugga, bryt eller krossa inte flikar med f\u00f6rl\u00e4ngd fris\u00e4ttning och sv\u00e4lj dem hela. Sluta inte ta detta l\u00e4kemedel \u00e4ven om du m\u00e5r bra och dina symtom har f\u00f6rsvunnit om inte din l\u00e4kare rekommenderat det.<\/p>\n<p>F\u00f6rsiktighets\u00e5tg\u00e4rder<br \/>\nL\u00e5ng behandling kr\u00e4ver ett fullst\u00e4ndigt blodv\u00e4rde p\u00e5 en regelbunden basis. Undvik att dricka alkohol. Intag av Flagyl till patienter rekommenderas inte under graviditetens f\u00f6rsta trimester. L\u00e5t din l\u00e4kare veta om du \u00e4r gravid eller planerar att bli gravid, har en leversjukdom, en mag- eller tarmsjukdom som Crohns sjukdom, en blodcellssjukdom som anemi eller leukopeni, epilepsi eller andra anfall och nervsjukdomar.<\/p>\n<p>Kontraindikationer<br \/>\n\u00d6verk\u00e4nslighet.<\/p>\n<p>M\u00f6jlig biverkning<br \/>\nIllam\u00e5ende, metallsmak i munnen, anorexi, buksm\u00e4rtor, kr\u00e4kningar, diarr\u00e9, huvudv\u00e4rk, yrsel, allergi (utslag, n\u00e4sselfeber), leukopeni och brunr\u00f6d f\u00e4rg p\u00e5 urinen hos patienter behandlats under l\u00e5ng tid med denna medicin. Allvarliga biverkningar inkluderar kramper och skador p\u00e5 nerver som resulterar i domningar och stickningar i extremiteter, om du upplever detta beh\u00f6ver du omedelbar hj\u00e4lp fr\u00e5n din l\u00e4kare.<\/p>\n<p>L\u00e4kemedelsinteraktion<br \/>\nFlagyl \u00e4r kompatibelt med sulfanilamider och antibiotika. Dess kombination med disulfiram, indirekt verkande h\u00e4mmare av koagulering och vissa myorelaxanter \u00e4r inte \u00f6nskv\u00e4rd. Ej kompatibel med alkoholhaltiga drycker. Flagyl \u00f6kar niv\u00e5erna av litium i blodserum. Flagyl ska inte administreras samtidigt med amprenavir f\u00f6r behandling av human immunbristsjukdom.<\/p>\n<p>Missad dos<br \/>\nOm du har missat en dos, ta den s\u00e5 snart du kommer ih\u00e5g. Om det n\u00e4stan \u00e4r dags f\u00f6r din n\u00e4sta dos, hoppa \u00f6ver den och \u00e5terg\u00e5 till ditt vanliga schema. Dubbeldosera aldrig detta l\u00e4kemedel.<\/p>\n<p>\u00d6verdosering<br \/>\nVid allvarligt och ih\u00e5llande illam\u00e5ende, kr\u00e4kningar, yrsel, f\u00f6rlust av balans eller koordination, domningar och stickningar eller kramper, kontakta din l\u00e4kare om l\u00e4karv\u00e5rd.<\/p>\n<p>F\u00f6rvaring<br \/>\nF\u00f6rvara p\u00e5 rumstemperatur mellan 59-77 grader F (15-25 grader C) borta fr\u00e5n ljus och fukt, barn och husdjur. Anv\u00e4nd inte efter utg\u00e5ngstiden.<\/p>\n<p>Ansvarsfriskrivning<br \/>\nVi tillhandah\u00e5ller endast allm\u00e4n information om mediciner, som inte t\u00e4cker alla riktningar, m\u00f6jliga l\u00e4kemedelsinteraktioner eller f\u00f6rsiktighets\u00e5tg\u00e4rder. Information p\u00e5 sidan kan inte anv\u00e4ndas f\u00f6r sj\u00e4lvbehandling och sj\u00e4lvdiagnos. Eventuella specifika instruktioner f\u00f6r en viss patient b\u00f6r \u00f6verenskommas med din h\u00e4lsor\u00e5dgivare eller l\u00e4kare som \u00e4r ansvarig f\u00f6r \u00e4rendet. Vi fr\u00e5ns\u00e4ger oss tillf\u00f6rlitligheten av denna information och eventuella misstag den kan inneh\u00e5lla. Vi \u00e4r inte ansvariga f\u00f6r n\u00e5gra direkta, indirekta, speciella eller andra indirekta skador till f\u00f6ljd av n\u00e5gon anv\u00e4ndning av informationen p\u00e5 denna webbplats och \u00e4ven f\u00f6r konsekvenserna av egenbehandling.<\/p>\n","protected":false},"excerpt":{"rendered":"<p>Flagyl Generic \u00e4r ett antiprotozoiskt och antibakteriellt l\u00e4kemedel f\u00f6r att behandla infektioner orsakade av anaeroba bakterier och vissa parasiter som giardia och ameba.<\/p>\n","protected":false},"featured_media":7050,"comment_status":"open","ping_status":"closed","template":"","meta":[],"product_brand":[],"product_cat":[315],"product_tag":[],"class_list":{"0":"post-7127","1":"product","2":"type-product","3":"status-publish","4":"has-post-thumbnail","6":"product_cat-antibiotika-sv","7":"pa_active_substance-metronidazole","9":"first","10":"instock","11":"shipping-taxable","12":"product-type-variable"},"jetpack_sharing_enabled":true,"_links":{"self":[{"href":"https:\/\/pharmacy-content.com\/index.php?rest_route=\/wp\/v2\/product\/7127","targetHints":{"allow":["GET"]}}],"collection":[{"href":"https:\/\/pharmacy-content.com\/index.php?rest_route=\/wp\/v2\/product"}],"about":[{"href":"https:\/\/pharmacy-content.com\/index.php?rest_route=\/wp\/v2\/types\/product"}],"replies":[{"embeddable":true,"href":"https:\/\/pharmacy-content.com\/index.php?rest_route=%2Fwp%2Fv2%2Fcomments&post=7127"}],"wp:featuredmedia":[{"embeddable":true,"href":"https:\/\/pharmacy-content.com\/index.php?rest_route=\/wp\/v2\/media\/7050"}],"wp:attachment":[{"href":"https:\/\/pharmacy-content.com\/index.php?rest_route=%2Fwp%2Fv2%2Fmedia&parent=7127"}],"wp:term":[{"taxonomy":"product_brand","embeddable":true,"href":"https:\/\/pharmacy-content.com\/index.php?rest_route=%2Fwp%2Fv2%2Fproduct_brand&post=7127"},{"taxonomy":"product_cat","embeddable":true,"href":"https:\/\/pharmacy-content.com\/index.php?rest_route=%2Fwp%2Fv2%2Fproduct_cat&post=7127"},{"taxonomy":"product_tag","embeddable":true,"href":"https:\/\/pharmacy-content.com\/index.php?rest_route=%2Fwp%2Fv2%2Fproduct_tag&post=7127"}],"curies":[{"name":"wp","href":"https:\/\/api.w.org\/{rel}","templated":true}]}}