{"id":7149,"date":"2026-04-22T07:05:27","date_gmt":"2026-04-22T07:05:27","guid":{"rendered":""},"modified":"2026-04-22T07:05:30","modified_gmt":"2026-04-22T07:05:30","slug":"flagyl-10","status":"publish","type":"product","link":"https:\/\/pharmacy-content.com\/?product=flagyl-10&lang=cs","title":{"rendered":"Flagyl"},"content":{"rendered":"<p>B\u011b\u017en\u00e9 pou\u017eit\u00ed<br \/>\nFlagyl je antibiotikum pou\u017e\u00edvan\u00e9 proti anaerobn\u00edm bakteri\u00edm Peptostreptococcus, Clostridium sp., Bacteroides sp., Prevotella, Fusobacterium, Veillonella a n\u011bkter\u00fdm parazit\u016fm, jako je Trichomonas vaginalis (vagin\u00e1ln\u00ed z\u00e1n\u011bt), Giardia intestinalis (lambli\u00e1za st\u0159ev a jater), Entamoeba histolytica. Tento l\u00e9k se pou\u017e\u00edv\u00e1 k l\u00e9\u010db\u011b t\u011bchto stav\u016f: bakteri\u00e1ln\u00ed peritonitida, jatern\u00ed abscesy, abscesy vaje\u010dn\u00edk\u016f a vejcovod\u016f.<\/p>\n<p>D\u00e1vkov\u00e1n\u00ed a sm\u011brnice<br \/>\nVa\u0161i d\u00e1vku by m\u011bl stanovit v\u00e1\u0161 l\u00e9ka\u0159 v z\u00e1vislosti na va\u0161em stavu, onemocn\u011bn\u00ed a v\u011bku. Flagyl lze u\u017e\u00edvat peror\u00e1ln\u011b s j\u00eddlem nebo bez j\u00eddla. V nemocnici se n\u011bkdy Flagyl pod\u00e1v\u00e1 intraven\u00f3zn\u011b k l\u00e9\u010db\u011b z\u00e1va\u017en\u00fdch infekc\u00ed. U\u017e\u00edvejte tablety s prodlou\u017een\u00fdm uvol\u0148ov\u00e1n\u00edm Flagyl alespo\u0148 1-2 hodiny p\u0159ed nebo po j\u00eddle (na la\u010dno). Ne\u017ev\u00fdkejte, nel\u00e1mejte ani nedr\u0165te tablety s prodlou\u017een\u00fdm uvol\u0148ov\u00e1n\u00edm a polkn\u011bte je cel\u00e9. Nep\u0159est\u00e1vejte u\u017e\u00edvat tento l\u00e9k, i kdy\u017e se c\u00edt\u00edte dob\u0159e a va\u0161e p\u0159\u00edznaky vymizely, pokud v\u00e1m to l\u00e9ka\u0159 nedoporu\u010dil.<\/p>\n<p>Opat\u0159en\u00ed<br \/>\nDlouhodob\u00e1 l\u00e9\u010dba vy\u017eaduje pravideln\u00e9 kontroly krevn\u00edho obrazu. Vyhn\u011bte se pit\u00ed alkoholu. U\u017e\u00edv\u00e1n\u00ed Flagylu u pacient\u016f se nedoporu\u010duje b\u011bhem prvn\u00edho trimestru t\u011bhotenstv\u00ed. Informujte sv\u00e9ho l\u00e9ka\u0159e, pokud jste t\u011bhotn\u00e1 nebo pl\u00e1nujete ot\u011bhotn\u011bt, m\u00e1te onemocn\u011bn\u00ed jater, \u017ealude\u010dn\u00ed nebo st\u0159evn\u00ed onemocn\u011bn\u00ed, jako je Crohnova nemoc, poruchy krevn\u00edch bun\u011bk, jako je an\u00e9mie nebo leukopenie, epilepsii nebo jin\u00e9 z\u00e1chvaty a nervov\u00e9 poruchy.<\/p>\n<p>Kontraindikace<br \/>\nHypersenzitivita.<\/p>\n<p>Mo\u017en\u00e9 vedlej\u0161\u00ed \u00fa\u010dinky<br \/>\nNevolnost, kovov\u00e1 chu\u0165 v \u00fastech, anorexie, bolest b\u0159icha, zvracen\u00ed, pr\u016fjem, bolest hlavy, z\u00e1vrat\u011b, alergie (vyr\u00e1\u017eka, kop\u0159ivka), leukopenie a hn\u011bdo\u010derven\u00e1 barva mo\u010di u pacient\u016f l\u00e9\u010den\u00fdch t\u00edmto l\u00e9kem dlouhou dobu. Z\u00e1va\u017en\u00e9 vedlej\u0161\u00ed \u00fa\u010dinky zahrnuj\u00ed z\u00e1chvaty a po\u0161kozen\u00ed nerv\u016f vedouc\u00ed k znecitliv\u011bn\u00ed a brn\u011bn\u00ed kon\u010detin, v p\u0159\u00edpad\u011b, \u017ee to za\u017eijete, pot\u0159ebujete okam\u017eitou pomoc od sv\u00e9ho l\u00e9ka\u0159e.<\/p>\n<p>Interakce s l\u00e9ky<br \/>\nFlagyl je kompatibiln\u00ed se sulfanilamidy a antibiotiky. Jeho kombinace s disulfiramem, nep\u0159\u00edmo p\u016fsob\u00edc\u00edmi inhibitory sr\u00e1\u017een\u00ed a n\u011bkter\u00fdmi myorelaxanty nen\u00ed \u017e\u00e1douc\u00ed. Nen\u00ed kompatibiln\u00ed s alkoholick\u00fdmi n\u00e1poji. Flagyl zvy\u0161uje hladiny lithia v s\u00e9ru. Flagyl by nem\u011bl b\u00fdt pod\u00e1v\u00e1n spole\u010dn\u011b s amprenavirem p\u0159i l\u00e9\u010db\u011b lidsk\u00e9 imunodeficience.<\/p>\n<p>Zme\u0161kan\u00e1 d\u00e1vka<br \/>\nPokud zme\u0161k\u00e1te d\u00e1vku, u\u017eijte ji, jakmile si vzpomenete. Pokud se bl\u00ed\u017e\u00ed \u010das na va\u0161i dal\u0161\u00ed d\u00e1vku, vynechte zme\u0161kanou d\u00e1vku a vra\u0165te se k b\u011b\u017en\u00e9mu d\u00e1vkovac\u00edmu pl\u00e1nu. Nikdy nezdvojujte d\u00e1vku tohoto l\u00e9ku.<\/p>\n<p>P\u0159ed\u00e1vkov\u00e1n\u00ed<br \/>\nV p\u0159\u00edpad\u011b v\u00e1\u017en\u00e9 a p\u0159etrv\u00e1vaj\u00edc\u00ed nevolnosti, zvracen\u00ed, z\u00e1vrat\u00ed, ztr\u00e1ty rovnov\u00e1hy nebo koordinace, znecitliv\u011bn\u00ed a brn\u011bn\u00ed, nebo z\u00e1chvat\u016f se obra\u0165te na sv\u00e9ho l\u00e9ka\u0159e ohledn\u011b l\u00e9ka\u0159sk\u00e9 pomoci.<\/p>\n<p>Skladov\u00e1n\u00ed<br \/>\nUchov\u00e1vejte p\u0159i pokojov\u00e9 teplot\u011b mezi 15-25 \u00b0C (59-77 \u00b0F) mimo sv\u011btlo a vlhkost, d\u011bti a dom\u00e1c\u00ed zv\u00ed\u0159ata. Nepou\u017e\u00edvejte po datu expirace.<\/p>\n<p>Upozorn\u011bn\u00ed<br \/>\nPoskytujeme pouze obecn\u00e9 informace o l\u00e9c\u00edch, kter\u00e9 nezahrnuj\u00ed v\u0161echny pokyny, mo\u017en\u00e9 interakce s l\u00e9ky nebo opat\u0159en\u00ed. Informace na webu nelze pou\u017e\u00edt pro samol\u00e9\u010dbu a samodiagn\u00f3zu. Jak\u00e9koli konkr\u00e9tn\u00ed pokyny pro konkr\u00e9tn\u00edho pacienta by m\u011bly b\u00fdt dohodnuty s va\u0161\u00edm zdravotn\u00edm poradcem nebo l\u00e9ka\u0159em odpov\u011bdn\u00fdm za v\u00e1\u0161 p\u0159\u00edpad. Odpov\u011bdnost za spolehlivost t\u011bchto informac\u00ed a chyby, kter\u00e9 mohou obsahovat, vylu\u010dujeme. Nejsme odpov\u011bdn\u00ed za \u017e\u00e1dn\u00e9 p\u0159\u00edm\u00e9, nep\u0159\u00edm\u00e9, zvl\u00e1\u0161tn\u00ed nebo jin\u00e9 vedlej\u0161\u00ed \u0161kody v d\u016fsledku jak\u00e9hokoli pou\u017eit\u00ed informac\u00ed na t\u00e9to str\u00e1nce a tak\u00e9 za n\u00e1sledky samol\u00e9\u010dby.<\/p>\n","protected":false},"excerpt":{"rendered":"<p>Flagyl Generic je antiprotozo\u00e1ln\u00ed a antibakteri\u00e1ln\u00ed l\u00e9k k l\u00e9\u010db\u011b infekc\u00ed zp\u016fsoben\u00fdch anaerobn\u00edmi bakteriemi a n\u011bkter\u00fdmi parazity, jako je Giardia a ameba.<\/p>\n","protected":false},"featured_media":7050,"comment_status":"open","ping_status":"closed","template":"","meta":[],"product_brand":[],"product_cat":[321],"product_tag":[],"class_list":{"0":"post-7149","1":"product","2":"type-product","3":"status-publish","4":"has-post-thumbnail","6":"product_cat-antibiotika-cs","7":"pa_active_substance-metronidazole","9":"first","10":"instock","11":"shipping-taxable","12":"product-type-variable"},"jetpack_sharing_enabled":true,"_links":{"self":[{"href":"https:\/\/pharmacy-content.com\/index.php?rest_route=\/wp\/v2\/product\/7149","targetHints":{"allow":["GET"]}}],"collection":[{"href":"https:\/\/pharmacy-content.com\/index.php?rest_route=\/wp\/v2\/product"}],"about":[{"href":"https:\/\/pharmacy-content.com\/index.php?rest_route=\/wp\/v2\/types\/product"}],"replies":[{"embeddable":true,"href":"https:\/\/pharmacy-content.com\/index.php?rest_route=%2Fwp%2Fv2%2Fcomments&post=7149"}],"wp:featuredmedia":[{"embeddable":true,"href":"https:\/\/pharmacy-content.com\/index.php?rest_route=\/wp\/v2\/media\/7050"}],"wp:attachment":[{"href":"https:\/\/pharmacy-content.com\/index.php?rest_route=%2Fwp%2Fv2%2Fmedia&parent=7149"}],"wp:term":[{"taxonomy":"product_brand","embeddable":true,"href":"https:\/\/pharmacy-content.com\/index.php?rest_route=%2Fwp%2Fv2%2Fproduct_brand&post=7149"},{"taxonomy":"product_cat","embeddable":true,"href":"https:\/\/pharmacy-content.com\/index.php?rest_route=%2Fwp%2Fv2%2Fproduct_cat&post=7149"},{"taxonomy":"product_tag","embeddable":true,"href":"https:\/\/pharmacy-content.com\/index.php?rest_route=%2Fwp%2Fv2%2Fproduct_tag&post=7149"}],"curies":[{"name":"wp","href":"https:\/\/api.w.org\/{rel}","templated":true}]}}