{"id":7177,"date":"2026-04-22T07:05:37","date_gmt":"2026-04-22T07:05:37","guid":{"rendered":""},"modified":"2026-04-22T07:05:59","modified_gmt":"2026-04-22T07:05:59","slug":"zithromax-2","status":"publish","type":"product","link":"https:\/\/pharmacy-content.com\/?product=zithromax-2&lang=de","title":{"rendered":"Zithromax"},"content":{"rendered":"<p>Allgemeine Verwendung<br \/>\nZithromax ist ein halbsynthetisches Makrolid-Antibiotikum, das chemisch mit Erythromycin verwandt ist und gegen die meisten Arten grampositiver und gramnegativer Mikroorganismen wirksam ist, wie z. B. die Gattung Staphylococcus; S. aureus, S. pneumoniae, S. pyogenes, S. agalactiae, Haemophilus influenzae und parainfluenzae, Moraxela catarrhalis, Bacteroides fragilis, Escherichia coli, Bordetella spp., Borrelia burgdorferi, Haemophilus ducreui, Nisseria gonorrhoeae, Chlamidia trachomati. In vitro zeigte es Aktivit\u00e4t gegen Legionella pneumophila, Mycoplasma pneumoniae hominis, Helicobacter pylori, Toxoplasma gondii und Ureaplasma urealyticum. Als Makrolid-Antibiotikum hemmt Zithromax die bakterielle Proteinsynthese und verhindert das Wachstum und die Vermehrung von Bakterien. Es wird zur Behandlung von Infektionen der oberen und unteren Atmungsorgane (Mandelentz\u00fcndung, Otitis, Sinusitis, Lungenentz\u00fcndung), urogenitalen Infektionen (Urethritis, Prostatitis, Zervizitis, Adnexitis durch Chlamydien, Gonorrhoe, fr\u00fche Syphilis), Darminfektionen, Magengeschw\u00fcren usw. angewendet Zw\u00f6lffingerdarm.<\/p>\n<p>Dosierung und Anwendung<br \/>\nNehmen Sie es genau wie verordnet ein und brechen Sie die Behandlung nicht ab, auch wenn Sie sich ohne Erlaubnis Ihres Arztes gut f\u00fchlen und sich Ihre Symptome gebessert haben. Nehmen Sie Zithromax-Tabletten mit einem gro\u00dfen Glas Wasser ein. Um eine fl\u00fcssige Suspension herzustellen, formen Sie ein Dosispaket, mischen Sie ein Paket mit 2 Unzen Wasser, sch\u00fctteln Sie es und trinken Sie es auf einmal. Verwenden Sie die Suspension nicht, wenn sie vor mehr als 12 Stunden zubereitet wurde. Tabletten und Suspension k\u00f6nnen mit oder ohne Nahrung eingenommen werden, w\u00e4hrend Kapseln auf n\u00fcchternen Magen 2 Stunden vor oder nach einer Mahlzeit eingenommen werden sollten.<\/p>\n<p>Vorsichtsma\u00dfnahmen<br \/>\nEs gibt keine Hinweise darauf, dass Zithromax Auswirkungen auf das ungeborene Kind hat oder in die Muttermilch \u00fcbergeht. Dieses Medikament sollte bei schwangeren und stillenden Frauen nur dann angewendet werden, wenn der erwartete Nutzen das potenzielle Risiko f\u00fcr das Baby \u00fcberwiegt.<\/p>\n<p>Kontraindikationen<br \/>\n\u00dcberempfindlichkeit gegen Zithromax und verwandte Medikamente wie Azithromycin oder Erythromycin.<\/p>\n<p>M\u00f6gliche Nebenwirkungen<br \/>\nUnter anderem Nebenwirkungen k\u00f6nnen Durchfall oder weicher Stuhl, \u00dcbelkeit, Bauchschmerzen, Erbrechen, unregelm\u00e4\u00dfiger Herzschlag, Appetitlosigkeit, dunkler Urin, lehmfarbener Stuhl, Gelbsucht, Fieber, Hautausschlag, rote Haut, Kopfschmerzen sein. Sie sollten Ihren Arzt anrufen und ihn \u00fcber solche Symptome informieren oder sofort einen Arzt aufsuchen.<\/p>\n<p>Arzneimittelwechselwirkung<br \/>\nEs wird nicht empfohlen, Zithromax zusammen mit Antazida auf Aluminium- oder Magnesiumbasis wie Mylanta oder Maalox einzunehmen, da diese die Absorption im Blut verringern Darm.<\/p>\n<p>Verpasste Dosis<br \/>\nNehmen Sie die vergessene Dosis ein, wenn Sie sich daran erinnern. Wenn es fast Zeit f\u00fcr die n\u00e4chste Einnahme ist, lassen Sie sie einfach aus und kehren Sie zu Ihrem Zeitplan zur\u00fcck.<\/p>\n<p>\u00dcberdosierung<br \/>\nSymptome einer \u00dcberdosierung k\u00f6nnen \u00dcbelkeit, Erbrechen, Durchfall und Magenbeschwerden sein. Suchen Sie in diesem Fall sofort einen Arzt auf.<\/p>\n<p>Lagerung<br \/>\nBei Raumtemperatur zwischen 15 und 25 \u00b0C (59\u201377 \u00b0F) lagern, fern von Licht und Feuchtigkeit, Kindern und Haustieren. Bewahren Sie die Fl\u00fcssigkeit nicht l\u00e4nger als 10 Tage auf.<\/p>\n<p>Haftungsausschluss<br \/>\nWir stellen nur allgemeine Informationen zu Medikamenten zur Verf\u00fcgung, die nicht alle Anwendungsgebiete, m\u00f6gliche Wechselwirkungen mit anderen Arzneimitteln oder Vorsichtsma\u00dfnahmen abdecken. Die Informationen auf der Website k\u00f6nnen nicht zur Selbstbehandlung und Selbstdiagnose verwendet werden. Spezifische Anweisungen f\u00fcr einen bestimmten Patienten sollten mit Ihrem Gesundheitsberater oder dem f\u00fcr den Fall zust\u00e4ndigen Arzt vereinbart werden. Wir lehnen die Zuverl\u00e4ssigkeit dieser Informationen und etwaige darin enthaltene Fehler ab. Wir haften nicht f\u00fcr direkte, indirekte, besondere oder sonstige indirekte Sch\u00e4den, die sich aus der Nutzung der Informationen auf dieser Website ergeben und auch nicht f\u00fcr Folgen der Selbstbehandlung.<\/p>\n","protected":false},"excerpt":{"rendered":"<p>Zithromax Generic ist ein Makrolid-Antibiotikum zur Behandlung von Infektionen der oberen und unteren Atemwege, insbesondere Ohrenentz\u00fcndungen und Lungenentz\u00fcndung.<\/p>\n","protected":false},"featured_media":7161,"comment_status":"open","ping_status":"closed","template":"","meta":[],"product_brand":[],"product_cat":[297],"product_tag":[],"class_list":{"0":"post-7177","1":"product","2":"type-product","3":"status-publish","4":"has-post-thumbnail","6":"product_cat-antibiotika-de","7":"pa_active_substance-azithromycin","9":"first","10":"instock","11":"shipping-taxable","12":"product-type-variable"},"jetpack_sharing_enabled":true,"_links":{"self":[{"href":"https:\/\/pharmacy-content.com\/index.php?rest_route=\/wp\/v2\/product\/7177","targetHints":{"allow":["GET"]}}],"collection":[{"href":"https:\/\/pharmacy-content.com\/index.php?rest_route=\/wp\/v2\/product"}],"about":[{"href":"https:\/\/pharmacy-content.com\/index.php?rest_route=\/wp\/v2\/types\/product"}],"replies":[{"embeddable":true,"href":"https:\/\/pharmacy-content.com\/index.php?rest_route=%2Fwp%2Fv2%2Fcomments&post=7177"}],"wp:featuredmedia":[{"embeddable":true,"href":"https:\/\/pharmacy-content.com\/index.php?rest_route=\/wp\/v2\/media\/7161"}],"wp:attachment":[{"href":"https:\/\/pharmacy-content.com\/index.php?rest_route=%2Fwp%2Fv2%2Fmedia&parent=7177"}],"wp:term":[{"taxonomy":"product_brand","embeddable":true,"href":"https:\/\/pharmacy-content.com\/index.php?rest_route=%2Fwp%2Fv2%2Fproduct_brand&post=7177"},{"taxonomy":"product_cat","embeddable":true,"href":"https:\/\/pharmacy-content.com\/index.php?rest_route=%2Fwp%2Fv2%2Fproduct_cat&post=7177"},{"taxonomy":"product_tag","embeddable":true,"href":"https:\/\/pharmacy-content.com\/index.php?rest_route=%2Fwp%2Fv2%2Fproduct_tag&post=7177"}],"curies":[{"name":"wp","href":"https:\/\/api.w.org\/{rel}","templated":true}]}}