{"id":7241,"date":"2026-04-22T07:05:46","date_gmt":"2026-04-22T07:05:46","guid":{"rendered":""},"modified":"2026-04-22T07:06:00","modified_gmt":"2026-04-22T07:06:00","slug":"zithromax-6","status":"publish","type":"product","link":"https:\/\/pharmacy-content.com\/?product=zithromax-6&lang=pl","title":{"rendered":"Zithromax"},"content":{"rendered":"<p>Powszechnie stosowane<br \/>\nZithromax to p\u00f3\u0142syntetyczny antybiotyk makrolidowy, chemicznie spokrewniony z erytromycyn\u0105, kt\u00f3ry jest aktywny przeciwko wi\u0119kszo\u015bci gatunk\u00f3w mikroorganizm\u00f3w Gram-dodatnich i Gram-ujemnych, takich jak rodzaj Staphylococcus; S. aureus, S. pneumoniae, S. pyogenes, S. agalactiae, Haemophilus influenzae i parainfluenzae, Moraxela catarrhalis, Bacteroides fragilis, Escherichia coli, Bordetella spp., Borrelia burgdorferi, Haemophilus ducreui, Nisseria gonorrhoeae, Chlamidia trachomati. In vitro wykazywa\u0142 dzia\u0142anie przeciwko Legionella pneumophila, Mycoplasma pneumoniae hominis, Helicobacter pylori, Toxoplasma gondii, Ureaplasma urealyticum. Jako antybiotyk makrolidowy, Zithromax hamuje syntez\u0119 bia\u0142ek bakteryjnych i zapobiega wzrostowi i namna\u017caniu si\u0119 bakterii. Stosowany jest w leczeniu infekcji g\u00f3rnych i dolnych dr\u00f3g oddechowych (zapalenie migda\u0142k\u00f3w, zapalenie ucha, zapalenie zatok, zapalenie p\u0142uc), infekcji uk\u0142adu moczowo-p\u0142ciowego (zapalenie cewki moczowej, zapalenie gruczo\u0142u krokowego, zapalenie szyjki macicy, zapalenie przydatk\u00f3w wywo\u0142ane chlamydiami, rze\u017c\u0105czka, ki\u0142a wczesna), infekcji jelitowych, wrzod\u00f3w \u017co\u0142\u0105dka i jelit. dwunastnica.<\/p>\n<p>Dawkowanie i wskaz\u00f3wki<br \/>\nPrzyjmuj dok\u0142adnie zgodnie z zaleceniami i nie przerywaj leczenia, nawet je\u015bli czujesz si\u0119 dobrze, a objawy ust\u0105pi\u0142y bez zgody lekarza. Tabletki Zithromax nale\u017cy popi\u0107 du\u017c\u0105 szklank\u0105 wody. Aby przygotowa\u0107 p\u0142ynn\u0105 zawiesin\u0119, uformuj jedno opakowanie dawki, wymieszaj jedno opakowanie z 2 uncjami wody, wstrz\u0105\u015bnij i wypij na raz. Nie stosowa\u0107 zawiesiny, je\u015bli zosta\u0142a przygotowana ponad 12 godzin temu. Tabletki i zawiesin\u0119 mo\u017cna przyjmowa\u0107 z posi\u0142kiem lub bez, natomiast kapsu\u0142ki nale\u017cy przyjmowa\u0107 na czczo 2 godziny przed posi\u0142kiem lub po posi\u0142ku.<\/p>\n<p>\u015arodki ostro\u017cno\u015bci<br \/>\nNie ma dowod\u00f3w na to, \u017ce Zithromax wp\u0142ywa na nienarodzone dziecko lub przenika do mleka matki. Lek ten powinien by\u0107 stosowany u kobiet w ci\u0105\u017cy i karmi\u0105cych piersi\u0105 tylko wtedy, gdy spodziewana korzy\u015b\u0107 przewa\u017ca nad potencjalnym ryzykiem dla dziecka.<\/p>\n<p>Przeciwwskazania<br \/>\nNadwra\u017cliwo\u015b\u0107 na Zithromax i leki pokrewne, takie jak azytromycyna lub erytromycyna.<\/p>\n<p>Mo\u017cliwe dzia\u0142ania niepo\u017c\u0105dane<br \/>\nW\u015br\u00f3d dzia\u0142aniami niepo\u017c\u0105danymi mog\u0105 by\u0107 biegunka lub lu\u017ane stolce, nudno\u015bci, b\u00f3l brzucha, wymioty, nier\u00f3wne bicie serca, utrata apetytu, ciemne zabarwienie moczu, stolce w kolorze gliny, \u017c\u00f3\u0142taczka, gor\u0105czka, wysypka, zaczerwienienie sk\u00f3ry, b\u00f3l g\u0142owy. Nale\u017cy skontaktowa\u0107 si\u0119 z lekarzem i poinformowa\u0107 o takich objawach lub uzyska\u0107 natychmiastow\u0105 pomoc lekarsk\u0105.<\/p>\n<p>Interakcje lek\u00f3w<br \/>\nNie zaleca si\u0119 przyjmowania leku Zithromax z lekami zoboj\u0119tniaj\u0105cymi na bazie glinu lub magnezu, takimi jak Mylanta lub Maalox, poniewa\u017c zmniejszaj\u0105 one jego wch\u0142anianie w organizmie jelita.<\/p>\n<p>Pomini\u0119ta dawka<br \/>\nPrzypomnij sobie o pomini\u0119tej dawce. Je\u015bli zbli\u017ca si\u0119 czas kolejnego spo\u017cycia, po prostu pomi\u0144 go i wr\u00f3\u0107 do swojego harmonogramu.<\/p>\n<p>Przedawkowanie<br \/>\nObjawami przedawkowania mog\u0105 by\u0107 nudno\u015bci, wymioty, biegunka i dyskomfort \u017co\u0142\u0105dkowy. W takim przypadku nale\u017cy natychmiast zwr\u00f3ci\u0107 si\u0119 o pomoc lekarsk\u0105.<\/p>\n<p>Przechowywanie<br \/>\nPrzechowywa\u0107 w temperaturze pokojowej 15-25\u00b0C, z dala od \u015bwiat\u0142a i wilgoci, dzieci i zwierz\u0105t domowych. Nie przechowuj p\u0142ynu d\u0142u\u017cej ni\u017c 10 dni.<\/p>\n<p>Zastrze\u017cenie<br \/>\nPodajemy jedynie og\u00f3lne informacje na temat lek\u00f3w, kt\u00f3re nie obejmuj\u0105 wszystkich wskaz\u00f3wek, mo\u017cliwych interakcji lek\u00f3w ani \u015brodk\u00f3w ostro\u017cno\u015bci. Informacje zawarte na stronie nie mog\u0105 by\u0107 wykorzystywane do samodzielnego leczenia i autodiagnozy. Wszelkie szczeg\u00f3\u0142owe instrukcje dla konkretnego pacjenta nale\u017cy uzgodni\u0107 z doradc\u0105 ds. opieki zdrowotnej lub lekarzem prowadz\u0105cym dany przypadek. Zrzekamy si\u0119 wiarygodno\u015bci tych informacji i wszelkich b\u0142\u0119d\u00f3w, jakie mog\u0105 one zawiera\u0107. Nie ponosimy odpowiedzialno\u015bci za jakiekolwiek bezpo\u015brednie, po\u015brednie, specjalne lub inne po\u015brednie szkody powsta\u0142e w wyniku wykorzystania informacji zawartych na tej stronie, a tak\u017ce za konsekwencje samoleczenia.<\/p>\n","protected":false},"excerpt":{"rendered":"<p>Zithromax Generic to antybiotyk makrolidowy stosowany w leczeniu infekcji g\u00f3rnych i dolnych dr\u00f3g oddechowych, szczeg\u00f3lnie infekcji ucha i zapalenia p\u0142uc.<\/p>\n","protected":false},"featured_media":7161,"comment_status":"open","ping_status":"closed","template":"","meta":[],"product_brand":[],"product_cat":[309],"product_tag":[],"class_list":{"0":"post-7241","1":"product","2":"type-product","3":"status-publish","4":"has-post-thumbnail","6":"product_cat-antybiotyki-pl","7":"pa_active_substance-azithromycin","9":"first","10":"instock","11":"shipping-taxable","12":"product-type-variable"},"jetpack_sharing_enabled":true,"_links":{"self":[{"href":"https:\/\/pharmacy-content.com\/index.php?rest_route=\/wp\/v2\/product\/7241","targetHints":{"allow":["GET"]}}],"collection":[{"href":"https:\/\/pharmacy-content.com\/index.php?rest_route=\/wp\/v2\/product"}],"about":[{"href":"https:\/\/pharmacy-content.com\/index.php?rest_route=\/wp\/v2\/types\/product"}],"replies":[{"embeddable":true,"href":"https:\/\/pharmacy-content.com\/index.php?rest_route=%2Fwp%2Fv2%2Fcomments&post=7241"}],"wp:featuredmedia":[{"embeddable":true,"href":"https:\/\/pharmacy-content.com\/index.php?rest_route=\/wp\/v2\/media\/7161"}],"wp:attachment":[{"href":"https:\/\/pharmacy-content.com\/index.php?rest_route=%2Fwp%2Fv2%2Fmedia&parent=7241"}],"wp:term":[{"taxonomy":"product_brand","embeddable":true,"href":"https:\/\/pharmacy-content.com\/index.php?rest_route=%2Fwp%2Fv2%2Fproduct_brand&post=7241"},{"taxonomy":"product_cat","embeddable":true,"href":"https:\/\/pharmacy-content.com\/index.php?rest_route=%2Fwp%2Fv2%2Fproduct_cat&post=7241"},{"taxonomy":"product_tag","embeddable":true,"href":"https:\/\/pharmacy-content.com\/index.php?rest_route=%2Fwp%2Fv2%2Fproduct_tag&post=7241"}],"curies":[{"name":"wp","href":"https:\/\/api.w.org\/{rel}","templated":true}]}}