{"id":7305,"date":"2026-04-22T07:05:55","date_gmt":"2026-04-22T07:05:55","guid":{"rendered":""},"modified":"2026-04-22T07:06:00","modified_gmt":"2026-04-22T07:06:00","slug":"zithromax-10","status":"publish","type":"product","link":"https:\/\/pharmacy-content.com\/?product=zithromax-10&lang=cs","title":{"rendered":"Zithromax"},"content":{"rendered":"<p>B\u011b\u017en\u00e9 pou\u017eit\u00ed<br \/>\nZithromax je semisyntetick\u00e9 makrolidov\u00e9 antibiotikum chemicky p\u0159\u00edbuzn\u00e9 erythromycinu, kter\u00e9 je \u00fa\u010dinn\u00e9 proti v\u011bt\u0161in\u011b druh\u016f grampozitivn\u00edch a gramnegativn\u00edch mikroorganism\u016f, jako je rod Staphylococcus; S. aureus, S. pneumoniae, S. pyogenes, S. agalactiae, Haemophilus influenzae a parainfluenzae, Moraxela catarrhalis, Bacteroides fragilis, Escherichia coli, Bordetella spp., Borrelia burgdorferi, Haemophilus ducrenorromatisse, Ch. In vitro prok\u00e1zal aktivitu proti Legionella pneumophila, Mycoplasma pneumoniae hominis, Helicobacter pylori, Toxoplasma gondii, Ureaplasma urealyticum. Zithromax jako makrolidov\u00e9 antibiotikum inhibuje synt\u00e9zu bakteri\u00e1ln\u00edch protein\u016f a zabra\u0148uje r\u016fstu a mno\u017een\u00ed bakteri\u00ed. Pou\u017e\u00edv\u00e1 se k l\u00e9\u010db\u011b infekc\u00ed horn\u00edch a doln\u00edch cest d\u00fdchac\u00edch (tonzilitida, otitida, sinusitida, z\u00e1pal plic), urogenit\u00e1ln\u00edch infekc\u00ed (uretritida, prostatitida, cervicitida, adnexitida zp\u016fsoben\u00e1 chlamydiemi, kapavka, ran\u00e1 syfilis), st\u0159evn\u00edch infekc\u00ed, \u017ealude\u010dn\u00edch v\u0159ed\u016f a duodenum.<\/p>\n<p>D\u00e1vkov\u00e1n\u00ed a pokyny<br \/>\nBerte p\u0159esn\u011b tak, jak je p\u0159edeps\u00e1no, a nep\u0159eru\u0161ujte l\u00e9\u010dbu, i kdy\u017e se c\u00edt\u00edte dob\u0159e a va\u0161e p\u0159\u00edznaky se zlep\u0161ily, ani\u017e byste svolili od sv\u00e9ho l\u00e9ka\u0159e. Tablety Zithromaxu zapijte velkou sklenic\u00ed vody. Pro p\u0159\u00edpravu tekut\u00e9 suspenze utvo\u0159te jedno d\u00e1vkov\u00e9 balen\u00ed, sm\u00edchejte jeden s\u00e1\u010dek s 2 uncemi vody, prot\u0159epejte a vypijte najednou. Suspenzi nepou\u017e\u00edvejte, pokud byla p\u0159ipravena p\u0159ed v\u00edce ne\u017e 12 hodinami. Tablety a suspenze lze u\u017e\u00edvat s j\u00eddlem nebo bez j\u00eddla, zat\u00edmco tobolky je t\u0159eba u\u017e\u00edvat nala\u010dno 2 hodiny p\u0159ed j\u00eddlem nebo po j\u00eddle.<\/p>\n<p>Bezpe\u010dnostn\u00ed opat\u0159en\u00ed<br \/>\nNeexistuje \u017e\u00e1dn\u00fd d\u016fkaz, \u017ee Zithromax ovliv\u0148uje nenarozen\u00e9 d\u00edt\u011b nebo se vylu\u010duje do mate\u0159sk\u00e9ho ml\u00e9ka. Tento l\u00e9k by m\u011bl b\u00fdt pou\u017eit u t\u011bhotn\u00fdch a koj\u00edc\u00edch \u017een pouze v p\u0159\u00edpad\u011b, \u017ee o\u010dek\u00e1van\u00fd p\u0159\u00ednos p\u0159ev\u00e1\u017e\u00ed nad potenci\u00e1ln\u00edm rizikem pro d\u00edt\u011b.<\/p>\n<p>Kontraindikace<br \/>\nP\u0159ecitliv\u011blost na Zithromax a p\u0159\u00edbuzn\u00e9 l\u00e9ky, jako je azithromycin nebo erythromycin.<\/p>\n<p>Mo\u017en\u00e9 ne\u017e\u00e1douc\u00ed \u00fa\u010dinky<br \/>\nMezi ne\u017e\u00e1douc\u00edmi \u00fa\u010dinky mohou b\u00fdt pr\u016fjem nebo \u0159\u00eddk\u00e1 stolice, nevolnost, bolesti b\u0159icha, zvracen\u00ed, nepravideln\u00fd srde\u010dn\u00ed tep, ztr\u00e1ta chuti k j\u00eddlu, tmav\u00e1 mo\u010d, j\u00edlovit\u011b zbarven\u00e1 stolice, \u017eloutenka, hore\u010dka, vyr\u00e1\u017eka, \u010derven\u00e1 k\u016f\u017ee, bolest hlavy. M\u011bli byste zavolat sv\u00e9mu l\u00e9ka\u0159i a informovat o takov\u00fdch p\u0159\u00edznac\u00edch nebo okam\u017eit\u011b vyhledat l\u00e9ka\u0159skou pomoc.<\/p>\n<p>L\u00e9kov\u00e9 interakce<br \/>\nZithromax se nedoporu\u010duje u\u017e\u00edvat s antacidy na b\u00e1zi hlin\u00edku nebo ho\u0159\u010d\u00edku, jako jsou Mylanta nebo Maalox, proto\u017ee sni\u017euj\u00ed jeho absorpci v st\u0159eva.<\/p>\n<p>Vynechan\u00e1 d\u00e1vka<br \/>\nU\u017eijte vynechanou d\u00e1vku, jakmile si vzpomenete. Pokud je t\u00e9m\u011b\u0159 \u010das na dal\u0161\u00ed d\u00e1vku, jednodu\u0161e to p\u0159esko\u010dte a vra\u0165te se ke sv\u00e9mu rozvrhu.<\/p>\n<p>P\u0159ed\u00e1vkov\u00e1n\u00ed<br \/>\nP\u0159\u00edznaky p\u0159ed\u00e1vkov\u00e1n\u00ed se mohou objevit jako nevolnost, zvracen\u00ed, pr\u016fjem a \u017ealude\u010dn\u00ed pot\u00ed\u017ee. V takov\u00e9m p\u0159\u00edpad\u011b okam\u017eit\u011b vyhledejte l\u00e9ka\u0159skou pomoc.<\/p>\n<p>Skladujte<br \/>\nSkladujte p\u0159i pokojov\u00e9 teplot\u011b mezi 15-25 \u00b0C (59\u201377 \u00b0F), chra\u0148te p\u0159ed sv\u011btlem a vlhkost\u00ed, d\u011btmi a dom\u00e1c\u00edmi zv\u00ed\u0159aty. Neskladujte kapalinu d\u00e9le ne\u017e 10 dn\u00ed.<\/p>\n<p>Odm\u00edtnut\u00ed odpov\u011bdnosti<br \/>\nPoskytujeme pouze obecn\u00e9 informace o l\u00e9c\u00edch, kter\u00e9 nepokr\u00fdvaj\u00ed v\u0161echny pokyny, mo\u017en\u00e9 l\u00e9kov\u00e9 interakce nebo preventivn\u00ed opat\u0159en\u00ed. Informace na str\u00e1nce nelze pou\u017e\u00edt pro samol\u00e9\u010dbu a autodiagnostiku. Jak\u00e9koli specifick\u00e9 pokyny pro konkr\u00e9tn\u00edho pacienta by m\u011bly b\u00fdt dohodnuty se sv\u00fdm zdravotn\u00edm poradcem nebo l\u00e9ka\u0159em, kter\u00fd m\u00e1 na starosti dan\u00fd p\u0159\u00edpad. Odm\u00edt\u00e1me spolehlivost t\u011bchto informac\u00ed a jak\u00e9koli chyby, kter\u00e9 by mohly obsahovat. Nejsme zodpov\u011bdn\u00ed za \u017e\u00e1dn\u00e9 p\u0159\u00edm\u00e9, nep\u0159\u00edm\u00e9, zvl\u00e1\u0161tn\u00ed nebo jin\u00e9 nep\u0159\u00edm\u00e9 \u0161kody v d\u016fsledku jak\u00e9hokoli pou\u017eit\u00ed informac\u00ed na t\u011bchto str\u00e1nk\u00e1ch a tak\u00e9 za n\u00e1sledky samol\u00e9\u010dby.<\/p>\n","protected":false},"excerpt":{"rendered":"<p>Zithromax Generic je makrolidov\u00e9 antibiotikum k l\u00e9\u010db\u011b infekc\u00ed horn\u00edch a doln\u00edch cest d\u00fdchac\u00edch, zejm\u00e9na u\u0161n\u00edch infekc\u00ed, z\u00e1pal\u016f plic.<\/p>\n","protected":false},"featured_media":7161,"comment_status":"open","ping_status":"closed","template":"","meta":[],"product_brand":[],"product_cat":[321],"product_tag":[],"class_list":{"0":"post-7305","1":"product","2":"type-product","3":"status-publish","4":"has-post-thumbnail","6":"product_cat-antibiotika-cs","7":"pa_active_substance-azithromycin","9":"first","10":"instock","11":"shipping-taxable","12":"product-type-variable"},"jetpack_sharing_enabled":true,"_links":{"self":[{"href":"https:\/\/pharmacy-content.com\/index.php?rest_route=\/wp\/v2\/product\/7305","targetHints":{"allow":["GET"]}}],"collection":[{"href":"https:\/\/pharmacy-content.com\/index.php?rest_route=\/wp\/v2\/product"}],"about":[{"href":"https:\/\/pharmacy-content.com\/index.php?rest_route=\/wp\/v2\/types\/product"}],"replies":[{"embeddable":true,"href":"https:\/\/pharmacy-content.com\/index.php?rest_route=%2Fwp%2Fv2%2Fcomments&post=7305"}],"wp:featuredmedia":[{"embeddable":true,"href":"https:\/\/pharmacy-content.com\/index.php?rest_route=\/wp\/v2\/media\/7161"}],"wp:attachment":[{"href":"https:\/\/pharmacy-content.com\/index.php?rest_route=%2Fwp%2Fv2%2Fmedia&parent=7305"}],"wp:term":[{"taxonomy":"product_brand","embeddable":true,"href":"https:\/\/pharmacy-content.com\/index.php?rest_route=%2Fwp%2Fv2%2Fproduct_brand&post=7305"},{"taxonomy":"product_cat","embeddable":true,"href":"https:\/\/pharmacy-content.com\/index.php?rest_route=%2Fwp%2Fv2%2Fproduct_cat&post=7305"},{"taxonomy":"product_tag","embeddable":true,"href":"https:\/\/pharmacy-content.com\/index.php?rest_route=%2Fwp%2Fv2%2Fproduct_tag&post=7305"}],"curies":[{"name":"wp","href":"https:\/\/api.w.org\/{rel}","templated":true}]}}