{"id":7388,"date":"2026-04-22T07:06:12","date_gmt":"2026-04-22T07:06:12","guid":{"rendered":""},"modified":"2026-04-22T07:06:23","modified_gmt":"2026-04-22T07:06:23","slug":"lasix-7","status":"publish","type":"product","link":"https:\/\/pharmacy-content.com\/pt\/product\/lasix-7\/","title":{"rendered":"Lasix"},"content":{"rendered":"<p>Uso comum<br \/>\nA Lasixa \u00e9 um diur\u00e9tico de al\u00e7a que causa diurese r\u00e1pida e curta. Possui efeito natriur\u00e9tico e tamb\u00e9m diminui os n\u00edveis de Cl- no sangue, aumenta a excre\u00e7\u00e3o de K+, Ca2+, Mg2+. Penetrando em um t\u00fabulo renal no ramo ascendente espesso da al\u00e7a de Henle, bloqueia a reabsor\u00e7\u00e3o de Na+ e Cl-. Devido ao aumento da excre\u00e7\u00e3o de Na+, ocorre excre\u00e7\u00e3o secund\u00e1ria intensificada de \u00e1gua e tamb\u00e9m aumento da secre\u00e7\u00e3o de K+ na parte distal do t\u00fabulo renal. Simultaneamente, a excre\u00e7\u00e3o de Ca2+ e Mg2+ aumenta. A Lasixa \u00e9 utilizada no tratamento da s\u00edndrome edematosa em pacientes com insufici\u00eancia card\u00edaca cr\u00f4nica (graus II e III), cirrose, doen\u00e7as renais, insufici\u00eancia card\u00edaca aguda (edema pulmonar), edema cerebral, crise hipertensiva, hipertens\u00e3o arterial e outras.<br \/>\nPosologia e sentido<br \/>\nTome exatamente como foi prescrito pelo seu m\u00e9dico.<br \/>\nPrecau\u00e7\u00f5es<br \/>\nAntes de usar Lasixa, consulte seu m\u00e9dico se voc\u00ea sofre de doen\u00e7a renal, doen\u00e7a hep\u00e1tica, gota, l\u00fapus, diabetes ou alergia a sulfas. Evite ficar desidratado, pois a Lasixa faz voc\u00ea urinar com mais frequ\u00eancia. N\u00e3o pare de tomar o medicamento mesmo que se sinta bem, pois a hipertens\u00e3o geralmente n\u00e3o apresenta sintomas. Evite tomar o medicamento se estiver gr\u00e1vida ou amamentando.<br \/>\nContra-indica\u00e7\u00f5es<br \/>\nHipersensibilidade, insufici\u00eancia renal aguda com an\u00faria, insufici\u00eancia hep\u00e1tica grave, coma e pr\u00e9-coma hep\u00e1tico, estenose da uretra, glomerulonefrite aguda, obstru\u00e7\u00e3o do trato urin\u00e1rio, pr\u00e9-coma, coma hiperglic\u00eamico, gota, hipertens\u00e3o arterial hipotens\u00e3o, ataque card\u00edaco, pancreatite e outros.<br \/>\nPoss\u00edveis efeitos colaterais<br \/>\nContate seu m\u00e9dico para atendimento m\u00e9dico se tiver sinais de alergia ou qualquer uma das seguintes condi\u00e7\u00f5es: boca seca, sede, n\u00e1usea, v\u00f4mito; fraqueza, sonol\u00eancia, inquieta\u00e7\u00e3o ou tontura, batimentos card\u00edacos r\u00e1pidos ou irregulares, dores musculares, mic\u00e7\u00e3o menor que o normal ou aus\u00eancia de mic\u00e7\u00e3o, hematomas ou sangramentos f\u00e1ceis, erup\u00e7\u00e3o cut\u00e2nea com bolhas vermelhas, queda de cabelo.<br \/>\nIntera\u00e7\u00e3o medicamentosa<br \/>\nPodem ocorrer danos auditivos se A Lasixa \u00e9 administrada com antibi\u00f3ticos aminoglicos\u00eddeos (gentamicina e outros) ou Edecrin &#8211; outro diur\u00e9tico. O uso concomitante de Lasixa e aspirina pode causar n\u00edveis elevados de aspirina no sangue e toxicidade por aspirina. A Lasixa \u00e9 capaz de reduzir a excre\u00e7\u00e3o de l\u00edtio pelos rins. O Sucralfato (Carafate) reduz a a\u00e7\u00e3o da Lasixa. A ingest\u00e3o de Lasixa e Sucralfato deve ser separada por duas horas.<br \/>\nDose perdida<br \/>\nO medicamento \u00e0s vezes \u00e9 administrado para uso \u00fanico, portanto voc\u00ea n\u00e3o precisar\u00e1 de um esquema de dosagem. Se toma Lasixa regularmente e se esqueceu de tomar uma dose, tome-a assim que se lembrar. Ignore a dose esquecida se estiver quase na hora da pr\u00f3xima ingest\u00e3o. Retome sua programa\u00e7\u00e3o normal. N\u00e3o compense a dose esquecida tomando uma dose extra.<br \/>\nSobredosagem<br \/>\nEm caso de perda de apetite, zumbido nos ouvidos, fraqueza grave, tonturas, confus\u00e3o, vertigens ou desmaios, procure atendimento m\u00e9dico imediato.<br \/>\nArmazenamento<br \/>\nMantenha longe de crian\u00e7as \u00e0 temperatura ambiente em local seco e escuro.<br \/>\nIsen\u00e7\u00e3o de responsabilidade<br \/>\nFornecemos apenas informa\u00e7\u00f5es gerais sobre medicamentos que n\u00e3o cobrem todas as instru\u00e7\u00f5es, poss\u00edveis integra\u00e7\u00f5es de medicamentos ou precau\u00e7\u00f5es. As informa\u00e7\u00f5es do site n\u00e3o podem ser utilizadas para autotratamento e autodiagn\u00f3stico. Quaisquer instru\u00e7\u00f5es espec\u00edficas para um determinado paciente devem ser acordadas com o seu conselheiro de sa\u00fade ou m\u00e9dico respons\u00e1vel pelo caso. N\u00f3s nos isentamos da confiabilidade dessas informa\u00e7\u00f5es e dos erros que elas possam conter. N\u00e3o nos responsabilizamos por quaisquer danos diretos, indiretos, especiais ou outros danos indiretos resultantes de qualquer uso das informa\u00e7\u00f5es deste site e tamb\u00e9m pelas consequ\u00eancias do autotratamento.<\/p>\n","protected":false},"excerpt":{"rendered":"<p>Lasix Generic pertence a uma classe de diur\u00e9ticos, \u00e9 prescrito em pacientes com incha\u00e7o causado por insufici\u00eancia card\u00edaca congestiva.<\/p>\n","protected":false},"featured_media":7322,"comment_status":"open","ping_status":"closed","template":"","meta":[],"product_brand":[],"product_cat":[342],"product_tag":[],"class_list":{"0":"post-7388","1":"product","2":"type-product","3":"status-publish","4":"has-post-thumbnail","6":"product_cat-pressao-arterial-pt","7":"pa_active_substance-furosemide","9":"first","10":"instock","11":"shipping-taxable","12":"product-type-simple"},"jetpack_sharing_enabled":true,"_links":{"self":[{"href":"https:\/\/pharmacy-content.com\/wp-json\/wp\/v2\/product\/7388","targetHints":{"allow":["GET"]}}],"collection":[{"href":"https:\/\/pharmacy-content.com\/wp-json\/wp\/v2\/product"}],"about":[{"href":"https:\/\/pharmacy-content.com\/wp-json\/wp\/v2\/types\/product"}],"replies":[{"embeddable":true,"href":"https:\/\/pharmacy-content.com\/wp-json\/wp\/v2\/comments?post=7388"}],"wp:featuredmedia":[{"embeddable":true,"href":"https:\/\/pharmacy-content.com\/wp-json\/wp\/v2\/media\/7322"}],"wp:attachment":[{"href":"https:\/\/pharmacy-content.com\/wp-json\/wp\/v2\/media?parent=7388"}],"wp:term":[{"taxonomy":"product_brand","embeddable":true,"href":"https:\/\/pharmacy-content.com\/wp-json\/wp\/v2\/product_brand?post=7388"},{"taxonomy":"product_cat","embeddable":true,"href":"https:\/\/pharmacy-content.com\/wp-json\/wp\/v2\/product_cat?post=7388"},{"taxonomy":"product_tag","embeddable":true,"href":"https:\/\/pharmacy-content.com\/wp-json\/wp\/v2\/product_tag?post=7388"}],"curies":[{"name":"wp","href":"https:\/\/api.w.org\/{rel}","templated":true}]}}