{"id":7421,"date":"2026-04-22T07:06:18","date_gmt":"2026-04-22T07:06:18","guid":{"rendered":""},"modified":"2026-04-22T07:06:23","modified_gmt":"2026-04-22T07:06:23","slug":"lasix-10","status":"publish","type":"product","link":"https:\/\/pharmacy-content.com\/?product=lasix-10&lang=cs","title":{"rendered":"Lasix"},"content":{"rendered":"<p>B\u011b\u017en\u00e9 pou\u017eit\u00ed<br \/>\nLasixe je kli\u010dkov\u00e9 diuretikum zp\u016fsobuj\u00edc\u00ed rychlou a kr\u00e1tkou diur\u00e9zu. M\u00e1 natriuretick\u00fd \u00fa\u010dinek a tak\u00e9 sni\u017euje hladinu Cl- v krvi, zvy\u0161uje vylu\u010dov\u00e1n\u00ed K+, Ca2+, Mg2+. Pronik\u00e1n\u00edm do ren\u00e1ln\u00edho tubulu ve vzestupn\u00e9 tlust\u00e9 v\u011btvi Henleovy kli\u010dky blokuje reabsorpci Na+ a Cl-. Vlivem zv\u00fd\u0161en\u00e9ho vylu\u010dov\u00e1n\u00ed Na+ doch\u00e1z\u00ed k sekund\u00e1rn\u00edmu zes\u00edlen\u00e9mu vylu\u010dov\u00e1n\u00ed vody a tak\u00e9 ke zv\u00fd\u0161en\u00e9 sekreci K+ v dist\u00e1ln\u00ed \u010d\u00e1sti ren\u00e1ln\u00edho tubulu. Sou\u010dasn\u011b se zvy\u0161uje vylu\u010dov\u00e1n\u00ed Ca2+ a Mg2+. Lasixe se pou\u017e\u00edv\u00e1 k l\u00e9\u010db\u011b ed\u00e9mov\u00e9ho syndromu u pacient\u016f s chronick\u00fdm srde\u010dn\u00edm selh\u00e1n\u00edm (II. a III. stupe\u0148), cirh\u00f3zou, onemocn\u011bn\u00edm ledvin, akutn\u00edm srde\u010dn\u00edm selh\u00e1n\u00edm (plicn\u00ed ed\u00e9m), ed\u00e9mem mozku, hypertenzn\u00ed kriz\u00ed, arteri\u00e1ln\u00ed hypertenz\u00ed a dal\u0161\u00edmi.<br \/>\nD\u00e1vkov\u00e1n\u00ed a sm\u011br<br \/>\nBerte p\u0159esn\u011b tak, jak v\u00e1m p\u0159edepsal l\u00e9ka\u0159.<br \/>\nBezpe\u010dnostn\u00ed opat\u0159en\u00ed<br \/>\nP\u0159ed pou\u017eit\u00edm Lasixe se pora\u010fte se sv\u00fdm l\u00e9ka\u0159em, pokud trp\u00edte onemocn\u011bn\u00edm ledvin, jater, dnou, lupusem, cukrovkou nebo alergi\u00ed na sulfa l\u00e9ky. Vyhn\u011bte se dehydrataci, proto\u017ee Lasixe v\u00e1s nut\u00ed \u010dast\u011bji mo\u010dit. Nep\u0159est\u00e1vejte u\u017e\u00edvat l\u00e9k, i kdy\u017e se c\u00edt\u00edte dob\u0159e, proto\u017ee vysok\u00fd krevn\u00ed tlak \u010dasto nem\u00e1 \u017e\u00e1dn\u00e9 p\u0159\u00edznaky. Vyhn\u011bte se u\u017e\u00edv\u00e1n\u00ed l\u00e9ku, pokud jste t\u011bhotn\u00e1 nebo koj\u00edte.<br \/>\nKontraindikace<br \/>\nHypersenzitivita, akutn\u00ed selh\u00e1n\u00ed ledvin s anuri\u00ed, t\u011b\u017ek\u00e9 selh\u00e1n\u00ed jater, jatern\u00ed k\u00f3ma a prekoma, stenois uretry, akutn\u00ed glomerulonefritida, obstrukce mo\u010dov\u00fdch cest, prekoma, hyperglykemick\u00e9 k\u00f3ma, dna, arteri\u00e1ln\u00ed hypotenze, srde\u010dn\u00ed z\u00e1chvat, pankreatitida a dal\u0161\u00ed.<br \/>\nMo\u017en\u00fd vedlej\u0161\u00ed \u00fa\u010dinek<br \/>\nPo\u017e\u00e1dejte sv\u00e9ho l\u00e9ka\u0159e o l\u00e9ka\u0159skou pomoc, pokud m\u00e1te p\u0159\u00edznaky alergie nebo jak\u00e9koli n\u00e1sleduj\u00edc\u00ed stavy: sucho v \u00fastech, \u017e\u00edze\u0148, nevolnost, zvracen\u00ed; slabost, ospalost, neklid nebo to\u010den\u00ed hlavy, rychl\u00fd nebo nepravideln\u00fd srde\u010dn\u00ed tep, bolest sval\u016f, m\u00e9n\u011b ne\u017e obvykl\u00e9 mo\u010den\u00ed nebo absence mo\u010den\u00ed, snadn\u00e1 tvorba mod\u0159in nebo krv\u00e1cen\u00ed, \u010derven\u00e9 puch\u00fd\u0159ky na k\u016f\u017ei, vypad\u00e1v\u00e1n\u00ed vlas\u016f.<br \/>\nDrogov\u00e1 interakce<br \/>\nM\u016f\u017ee doj\u00edt k po\u0161kozen\u00ed sluchu, pokud Lasixe se pod\u00e1v\u00e1 s aminoglykosidov\u00fdmi antibiotiky (gentamicin a dal\u0161\u00ed) nebo Edecrinem \u2013 dal\u0161\u00edm diuretikem. Sou\u010dasn\u00e9 u\u017e\u00edv\u00e1n\u00ed Lasixe a aspirinu m\u016f\u017ee zp\u016fsobit vysok\u00e9 hladiny aspirinu v krvi a toxicitu aspirinu. Lasixe je schopen sn\u00ed\u017eit vylu\u010dov\u00e1n\u00ed lithia ledvinami. Sukralf\u00e1t (Carafate) sni\u017euje \u00fa\u010dinek Lasixe. Po\u017eit\u00ed Lasixe a Sucralfate by m\u011blo b\u00fdt odd\u011bleno dv\u011bma hodinami.<br \/>\nVynechan\u00e1 d\u00e1vka<br \/>\nL\u00e9k se n\u011bkdy pod\u00e1v\u00e1 na jedno pou\u017eit\u00ed, tak\u017ee nebudete pot\u0159ebovat d\u00e1vkovac\u00ed sch\u00e9ma. Pokud u\u017e\u00edv\u00e1te Lasixe pravideln\u011b a zapomn\u011bli jste si vz\u00edt d\u00e1vku, vezm\u011bte si ji, jakmile si vzpomenete. Vynechejte vynechanou d\u00e1vku, pokud je t\u00e9m\u011b\u0159 \u010das na dal\u0161\u00ed u\u017eit\u00ed. Obnovte sv\u016fj pravideln\u00fd rozvrh. Nekompenzujte vynechanou d\u00e1vku t\u00edm, \u017ee si vezmete jednu nav\u00edc.<br \/>\nP\u0159ed\u00e1vkov\u00e1n\u00ed<br \/>\nV p\u0159\u00edpad\u011b ztr\u00e1ty chuti k j\u00eddlu, zvon\u011bn\u00ed v u\u0161\u00edch, siln\u00e9 slabosti, z\u00e1vrat\u011b, zmatenosti, to\u010den\u00ed hlavy nebo mdloby vyhledejte okam\u017eitou l\u00e9ka\u0159skou pomoc.<br \/>\nUchov\u00e1vejte<br \/>\nUchov\u00e1vejte mimo d\u011bti p\u0159i pokojov\u00e9 teplot\u011b na such\u00e9m a tmav\u00e9m m\u00edst\u011b.<br \/>\nZ\u0159eknut\u00ed se odpov\u011bdnosti<br \/>\nPoskytujeme pouze obecn\u00e9 informace o l\u00e9c\u00edch, kter\u00e9 nepokr\u00fdvaj\u00ed v\u0161echny sm\u011bry, mo\u017en\u00e9 integrace l\u00e9k\u016f nebo preventivn\u00ed opat\u0159en\u00ed. Informace na m\u00edst\u011b nelze pou\u017e\u00edt pro samol\u00e9\u010dbu a autodiagnostiku. Jak\u00e9koli specifick\u00e9 pokyny pro konkr\u00e9tn\u00edho pacienta by m\u011bly b\u00fdt dohodnuty se sv\u00fdm zdravotn\u00edm poradcem nebo l\u00e9ka\u0159em, kter\u00fd m\u00e1 na starosti dan\u00fd p\u0159\u00edpad. Odm\u00edt\u00e1me spolehlivost t\u011bchto informac\u00ed a chyby, kter\u00e9 by mohly obsahovat. Nejsme zodpov\u011bdn\u00ed za \u017e\u00e1dn\u00e9 p\u0159\u00edm\u00e9, nep\u0159\u00edm\u00e9, zvl\u00e1\u0161tn\u00ed nebo jin\u00e9 nep\u0159\u00edm\u00e9 \u0161kody v d\u016fsledku jak\u00e9hokoli pou\u017eit\u00ed informac\u00ed na t\u011bchto str\u00e1nk\u00e1ch a tak\u00e9 za n\u00e1sledky samol\u00e9\u010dby.<\/p>\n","protected":false},"excerpt":{"rendered":"<p>Lasix Generic pat\u0159\u00ed do t\u0159\u00eddy diuretik, p\u0159edepisuje se pacient\u016fm s otoky zp\u016fsoben\u00fdmi m\u011bstnav\u00fdm srde\u010dn\u00edm selh\u00e1n\u00edm.<\/p>\n","protected":false},"featured_media":7322,"comment_status":"open","ping_status":"closed","template":"","meta":[],"product_brand":[],"product_cat":[351],"product_tag":[],"class_list":{"0":"post-7421","1":"product","2":"type-product","3":"status-publish","4":"has-post-thumbnail","6":"product_cat-krevni-tlak-cs","7":"pa_active_substance-furosemide","9":"first","10":"instock","11":"shipping-taxable","12":"product-type-simple"},"jetpack_sharing_enabled":true,"_links":{"self":[{"href":"https:\/\/pharmacy-content.com\/index.php?rest_route=\/wp\/v2\/product\/7421","targetHints":{"allow":["GET"]}}],"collection":[{"href":"https:\/\/pharmacy-content.com\/index.php?rest_route=\/wp\/v2\/product"}],"about":[{"href":"https:\/\/pharmacy-content.com\/index.php?rest_route=\/wp\/v2\/types\/product"}],"replies":[{"embeddable":true,"href":"https:\/\/pharmacy-content.com\/index.php?rest_route=%2Fwp%2Fv2%2Fcomments&post=7421"}],"wp:featuredmedia":[{"embeddable":true,"href":"https:\/\/pharmacy-content.com\/index.php?rest_route=\/wp\/v2\/media\/7322"}],"wp:attachment":[{"href":"https:\/\/pharmacy-content.com\/index.php?rest_route=%2Fwp%2Fv2%2Fmedia&parent=7421"}],"wp:term":[{"taxonomy":"product_brand","embeddable":true,"href":"https:\/\/pharmacy-content.com\/index.php?rest_route=%2Fwp%2Fv2%2Fproduct_brand&post=7421"},{"taxonomy":"product_cat","embeddable":true,"href":"https:\/\/pharmacy-content.com\/index.php?rest_route=%2Fwp%2Fv2%2Fproduct_cat&post=7421"},{"taxonomy":"product_tag","embeddable":true,"href":"https:\/\/pharmacy-content.com\/index.php?rest_route=%2Fwp%2Fv2%2Fproduct_tag&post=7421"}],"curies":[{"name":"wp","href":"https:\/\/api.w.org\/{rel}","templated":true}]}}